{"id":341,"date":"2019-05-27T21:13:08","date_gmt":"2019-05-27T19:13:08","guid":{"rendered":"https:\/\/www.webjuristen.se\/?post_type=product&#038;p=341"},"modified":"2024-07-11T10:08:50","modified_gmt":"2024-07-11T08:08:50","slug":"extern-kamin-till-badtunna","status":"publish","type":"product","link":"https:\/\/badtunnor.se\/en\/product\/extern-kamin-till-badtunna\/","title":{"rendered":"External heater for hot tub"},"content":{"rendered":"<p>&nbsp;<\/p>\n<p>&nbsp;<\/p>","protected":false},"excerpt":{"rendered":"<p>Heater to be placed outside the hot tub, as the advantage is that there will be a lot of space inside the hot tub. <span style=\"font-size: 16px; font-style: normal; font-weight: 400;\">Self-circulation without electricity. <\/span><span style=\"font-size: 16px;\">The hose goes from the bottom of the hot tub into the heater, heats up the water and is pushed out from the top into the hot tub again, creating self-circulation without electricity. <\/span><span style=\"font-size: 16px; font-style: normal; font-weight: 400;\">We have chosen to have the wood inlet on the top. This way, embers cannot fall out and ignite the surface underneath.<\/span><span style=\"font-size: 16px;\">\u00a0<\/span><\/p>","protected":false},"featured_media":342,"template":"","meta":{"site-sidebar-layout":"default","site-content-layout":"default","ast-site-content-layout":"default","site-content-style":"default","site-sidebar-style":"default","ast-global-header-display":"","ast-banner-title-visibility":"","ast-main-header-display":"","ast-hfb-above-header-display":"","ast-hfb-below-header-display":"","ast-hfb-mobile-header-display":"","site-post-title":"","ast-breadcrumbs-content":"","ast-featured-img":"","footer-sml-layout":"","ast-disable-related-posts":"","theme-transparent-header-meta":"default","adv-header-id-meta":"","stick-header-meta":"default","header-above-stick-meta":"","header-main-stick-meta":"","header-below-stick-meta":"","astra-migrate-meta-layouts":"default","ast-page-background-enabled":"default","ast-page-background-meta":{"desktop":{"background-color":"var(--ast-global-color-4)","background-image":"","background-repeat":"repeat","background-position":"center center","background-size":"auto","background-attachment":"scroll","background-type":"","background-media":"","overlay-type":"","overlay-color":"","overlay-opacity":"","overlay-gradient":""},"tablet":{"background-color":"","background-image":"","background-repeat":"repeat","background-position":"center center","background-size":"auto","background-attachment":"scroll","background-type":"","background-media":"","overlay-type":"","overlay-color":"","overlay-opacity":"","overlay-gradient":""},"mobile":{"background-color":"","background-image":"","background-repeat":"repeat","background-position":"center center","background-size":"auto","background-attachment":"scroll","background-type":"","background-media":"","overlay-type":"","overlay-color":"","overlay-opacity":"","overlay-gradient":""}},"ast-content-background-meta":{"desktop":{"background-color":"var(--ast-global-color-5)","background-image":"","background-repeat":"repeat","background-position":"center center","background-size":"auto","background-attachment":"scroll","background-type":"","background-media":"","overlay-type":"","overlay-color":"","overlay-opacity":"","overlay-gradient":""},"tablet":{"background-color":"var(--ast-global-color-5)","background-image":"","background-repeat":"repeat","background-position":"center center","background-size":"auto","background-attachment":"scroll","background-type":"","background-media":"","overlay-type":"","overlay-color":"","overlay-opacity":"","overlay-gradient":""},"mobile":{"background-color":"var(--ast-global-color-5)","background-image":"","background-repeat":"repeat","background-position":"center center","background-size":"auto","background-attachment":"scroll","background-type":"","background-media":"","overlay-type":"","overlay-color":"","overlay-opacity":"","overlay-gradient":""}}},"product_brand":[],"product_cat":[18],"product_tag":[],"class_list":{"0":"post-341","1":"product","2":"type-product","3":"status-publish","4":"has-post-thumbnail","6":"product_cat-tillbehor","7":"product_shipping_class-tillbehor-mellan","8":"desktop-align-center","9":"tablet-align-center","10":"mobile-align-center","11":"ast-product-gallery-layout-vertical-slider","12":"ast-product-gallery-with-no-image","13":"ast-product-tabs-layout-horizontal","15":"first","16":"instock","17":"taxable","18":"shipping-taxable","19":"purchasable","20":"product-type-simple"},"yoast_head":"<!-- This site is optimized with the Yoast SEO plugin v27.3 - https:\/\/yoast.com\/product\/yoast-seo-wordpress\/ -->\n<title>Extern kamin till badtunna | Sotarns Badtunnor<\/title>\n<meta name=\"description\" content=\"Kamin att ha utanf\u00f6r badtunnan. F\u00f6rdelen \u00e4r att det blir mycket plats i badtunnan.\u00a0L\u00e4s mer och k\u00f6p online p\u00e5 Sotarns Badtunnor!\" \/>\n<meta name=\"robots\" content=\"index, follow, max-snippet:-1, max-image-preview:large, max-video-preview:-1\" \/>\n<link rel=\"canonical\" href=\"https:\/\/badtunnor.se\/en\/product\/extern-kamin-till-badtunna\/\" \/>\n<meta property=\"og:locale\" content=\"en_US\" \/>\n<meta property=\"og:type\" content=\"article\" \/>\n<meta property=\"og:title\" content=\"Extern kamin till badtunna | Sotarns Badtunnor\" \/>\n<meta property=\"og:description\" content=\"Kamin att ha utanf\u00f6r badtunnan. F\u00f6rdelen \u00e4r att det blir mycket plats i badtunnan.\u00a0L\u00e4s mer och k\u00f6p online p\u00e5 Sotarns Badtunnor!\" \/>\n<meta property=\"og:url\" content=\"https:\/\/badtunnor.se\/en\/product\/extern-kamin-till-badtunna\/\" \/>\n<meta property=\"og:site_name\" content=\"Sotarns Badtunnor\" \/>\n<meta property=\"article:publisher\" content=\"https:\/\/www.facebook.com\/SotarnsBadtunnor\/\" \/>\n<meta property=\"article:modified_time\" content=\"2024-07-11T08:08:50+00:00\" \/>\n<meta property=\"og:image\" content=\"https:\/\/badtunnor.se\/wp-content\/uploads\/2019\/05\/F6986F44-8C19-40B9-8506-567AA319A488-1-e1558984517527.jpg\" \/>\n\t<meta property=\"og:image:width\" content=\"2024\" \/>\n\t<meta property=\"og:image:height\" content=\"1518\" \/>\n\t<meta property=\"og:image:type\" content=\"image\/jpeg\" \/>\n<meta name=\"twitter:card\" content=\"summary_large_image\" \/>\n<script type=\"application\/ld+json\" class=\"yoast-schema-graph\">{\"@context\":\"https:\\\/\\\/schema.org\",\"@graph\":[{\"@type\":\"WebPage\",\"@id\":\"https:\\\/\\\/badtunnor.se\\\/produkt\\\/extern-kamin-till-badtunna\\\/\",\"url\":\"https:\\\/\\\/badtunnor.se\\\/produkt\\\/extern-kamin-till-badtunna\\\/\",\"name\":\"Extern kamin till badtunna | Sotarns Badtunnor\",\"isPartOf\":{\"@id\":\"https:\\\/\\\/badtunnor.se\\\/#website\"},\"primaryImageOfPage\":{\"@id\":\"https:\\\/\\\/badtunnor.se\\\/produkt\\\/extern-kamin-till-badtunna\\\/#primaryimage\"},\"image\":{\"@id\":\"https:\\\/\\\/badtunnor.se\\\/produkt\\\/extern-kamin-till-badtunna\\\/#primaryimage\"},\"thumbnailUrl\":\"https:\\\/\\\/badtunnor.se\\\/wp-content\\\/uploads\\\/2019\\\/05\\\/F6986F44-8C19-40B9-8506-567AA319A488-1-e1558984517527.jpg\",\"datePublished\":\"2019-05-27T19:13:08+00:00\",\"dateModified\":\"2024-07-11T08:08:50+00:00\",\"description\":\"Kamin att ha utanf\u00f6r badtunnan. F\u00f6rdelen \u00e4r att det blir mycket plats i badtunnan.\u00a0L\u00e4s mer och k\u00f6p online p\u00e5 Sotarns Badtunnor!\",\"breadcrumb\":{\"@id\":\"https:\\\/\\\/badtunnor.se\\\/produkt\\\/extern-kamin-till-badtunna\\\/#breadcrumb\"},\"inLanguage\":\"en-US\",\"potentialAction\":[{\"@type\":\"ReadAction\",\"target\":[\"https:\\\/\\\/badtunnor.se\\\/produkt\\\/extern-kamin-till-badtunna\\\/\"]}]},{\"@type\":\"ImageObject\",\"inLanguage\":\"en-US\",\"@id\":\"https:\\\/\\\/badtunnor.se\\\/produkt\\\/extern-kamin-till-badtunna\\\/#primaryimage\",\"url\":\"https:\\\/\\\/badtunnor.se\\\/wp-content\\\/uploads\\\/2019\\\/05\\\/F6986F44-8C19-40B9-8506-567AA319A488-1-e1558984517527.jpg\",\"contentUrl\":\"https:\\\/\\\/badtunnor.se\\\/wp-content\\\/uploads\\\/2019\\\/05\\\/F6986F44-8C19-40B9-8506-567AA319A488-1-e1558984517527.jpg\",\"width\":2024,\"height\":1518},{\"@type\":\"BreadcrumbList\",\"@id\":\"https:\\\/\\\/badtunnor.se\\\/produkt\\\/extern-kamin-till-badtunna\\\/#breadcrumb\",\"itemListElement\":[{\"@type\":\"ListItem\",\"position\":1,\"name\":\"Hem\",\"item\":\"https:\\\/\\\/badtunnor.se\\\/\"},{\"@type\":\"ListItem\",\"position\":2,\"name\":\"Webbutik\",\"item\":\"https:\\\/\\\/badtunnor.se\\\/butik\\\/\"},{\"@type\":\"ListItem\",\"position\":3,\"name\":\"Extern kamin till badtunna\"}]},{\"@type\":\"WebSite\",\"@id\":\"https:\\\/\\\/badtunnor.se\\\/#website\",\"url\":\"https:\\\/\\\/badtunnor.se\\\/\",\"name\":\"Sotarns Badtunnor\",\"description\":\"Svensktillverkade Vedeldade Badtunnor\",\"publisher\":{\"@id\":\"https:\\\/\\\/badtunnor.se\\\/#organization\"},\"potentialAction\":[{\"@type\":\"SearchAction\",\"target\":{\"@type\":\"EntryPoint\",\"urlTemplate\":\"https:\\\/\\\/badtunnor.se\\\/?s={search_term_string}\"},\"query-input\":{\"@type\":\"PropertyValueSpecification\",\"valueRequired\":true,\"valueName\":\"search_term_string\"}}],\"inLanguage\":\"en-US\"},{\"@type\":\"Organization\",\"@id\":\"https:\\\/\\\/badtunnor.se\\\/#organization\",\"name\":\"Sotarns Badtunnor\",\"url\":\"https:\\\/\\\/badtunnor.se\\\/\",\"logo\":{\"@type\":\"ImageObject\",\"inLanguage\":\"en-US\",\"@id\":\"https:\\\/\\\/badtunnor.se\\\/#\\\/schema\\\/logo\\\/image\\\/\",\"url\":\"https:\\\/\\\/badtunnor.se\\\/wp-content\\\/uploads\\\/2022\\\/12\\\/sotarns_logo-morkgron-scaled.png\",\"contentUrl\":\"https:\\\/\\\/badtunnor.se\\\/wp-content\\\/uploads\\\/2022\\\/12\\\/sotarns_logo-morkgron-scaled.png\",\"width\":2560,\"height\":1260,\"caption\":\"Sotarns Badtunnor\"},\"image\":{\"@id\":\"https:\\\/\\\/badtunnor.se\\\/#\\\/schema\\\/logo\\\/image\\\/\"},\"sameAs\":[\"https:\\\/\\\/www.facebook.com\\\/SotarnsBadtunnor\\\/\"]}]}<\/script>\n<!-- \/ Yoast SEO plugin. -->","yoast_head_json":{"title":"Extern kamin till badtunna | Sotarns Badtunnor","description":"Kamin att ha utanf\u00f6r badtunnan. F\u00f6rdelen \u00e4r att det blir mycket plats i badtunnan.\u00a0L\u00e4s mer och k\u00f6p online p\u00e5 Sotarns Badtunnor!","robots":{"index":"index","follow":"follow","max-snippet":"max-snippet:-1","max-image-preview":"max-image-preview:large","max-video-preview":"max-video-preview:-1"},"canonical":"https:\/\/badtunnor.se\/en\/product\/extern-kamin-till-badtunna\/","og_locale":"en_US","og_type":"article","og_title":"Extern kamin till badtunna | Sotarns Badtunnor","og_description":"Kamin att ha utanf\u00f6r badtunnan. F\u00f6rdelen \u00e4r att det blir mycket plats i badtunnan.\u00a0L\u00e4s mer och k\u00f6p online p\u00e5 Sotarns Badtunnor!","og_url":"https:\/\/badtunnor.se\/en\/product\/extern-kamin-till-badtunna\/","og_site_name":"Sotarns Badtunnor","article_publisher":"https:\/\/www.facebook.com\/SotarnsBadtunnor\/","article_modified_time":"2024-07-11T08:08:50+00:00","og_image":[{"width":2024,"height":1518,"url":"https:\/\/badtunnor.se\/wp-content\/uploads\/2019\/05\/F6986F44-8C19-40B9-8506-567AA319A488-1-e1558984517527.jpg","type":"image\/jpeg"}],"twitter_card":"summary_large_image","schema":{"@context":"https:\/\/schema.org","@graph":[{"@type":"WebPage","@id":"https:\/\/badtunnor.se\/produkt\/extern-kamin-till-badtunna\/","url":"https:\/\/badtunnor.se\/produkt\/extern-kamin-till-badtunna\/","name":"Extern kamin till badtunna | Sotarns Badtunnor","isPartOf":{"@id":"https:\/\/badtunnor.se\/#website"},"primaryImageOfPage":{"@id":"https:\/\/badtunnor.se\/produkt\/extern-kamin-till-badtunna\/#primaryimage"},"image":{"@id":"https:\/\/badtunnor.se\/produkt\/extern-kamin-till-badtunna\/#primaryimage"},"thumbnailUrl":"https:\/\/badtunnor.se\/wp-content\/uploads\/2019\/05\/F6986F44-8C19-40B9-8506-567AA319A488-1-e1558984517527.jpg","datePublished":"2019-05-27T19:13:08+00:00","dateModified":"2024-07-11T08:08:50+00:00","description":"Kamin att ha utanf\u00f6r badtunnan. F\u00f6rdelen \u00e4r att det blir mycket plats i badtunnan.\u00a0L\u00e4s mer och k\u00f6p online p\u00e5 Sotarns Badtunnor!","breadcrumb":{"@id":"https:\/\/badtunnor.se\/produkt\/extern-kamin-till-badtunna\/#breadcrumb"},"inLanguage":"en-US","potentialAction":[{"@type":"ReadAction","target":["https:\/\/badtunnor.se\/produkt\/extern-kamin-till-badtunna\/"]}]},{"@type":"ImageObject","inLanguage":"en-US","@id":"https:\/\/badtunnor.se\/produkt\/extern-kamin-till-badtunna\/#primaryimage","url":"https:\/\/badtunnor.se\/wp-content\/uploads\/2019\/05\/F6986F44-8C19-40B9-8506-567AA319A488-1-e1558984517527.jpg","contentUrl":"https:\/\/badtunnor.se\/wp-content\/uploads\/2019\/05\/F6986F44-8C19-40B9-8506-567AA319A488-1-e1558984517527.jpg","width":2024,"height":1518},{"@type":"BreadcrumbList","@id":"https:\/\/badtunnor.se\/produkt\/extern-kamin-till-badtunna\/#breadcrumb","itemListElement":[{"@type":"ListItem","position":1,"name":"Hem","item":"https:\/\/badtunnor.se\/"},{"@type":"ListItem","position":2,"name":"Webbutik","item":"https:\/\/badtunnor.se\/butik\/"},{"@type":"ListItem","position":3,"name":"Extern kamin till badtunna"}]},{"@type":"WebSite","@id":"https:\/\/badtunnor.se\/#website","url":"https:\/\/badtunnor.se\/","name":"Sotarns Badtunnor","description":"Svensktillverkade Vedeldade Badtunnor","publisher":{"@id":"https:\/\/badtunnor.se\/#organization"},"potentialAction":[{"@type":"SearchAction","target":{"@type":"EntryPoint","urlTemplate":"https:\/\/badtunnor.se\/?s={search_term_string}"},"query-input":{"@type":"PropertyValueSpecification","valueRequired":true,"valueName":"search_term_string"}}],"inLanguage":"en-US"},{"@type":"Organization","@id":"https:\/\/badtunnor.se\/#organization","name":"Sotarns Badtunnor","url":"https:\/\/badtunnor.se\/","logo":{"@type":"ImageObject","inLanguage":"en-US","@id":"https:\/\/badtunnor.se\/#\/schema\/logo\/image\/","url":"https:\/\/badtunnor.se\/wp-content\/uploads\/2022\/12\/sotarns_logo-morkgron-scaled.png","contentUrl":"https:\/\/badtunnor.se\/wp-content\/uploads\/2022\/12\/sotarns_logo-morkgron-scaled.png","width":2560,"height":1260,"caption":"Sotarns Badtunnor"},"image":{"@id":"https:\/\/badtunnor.se\/#\/schema\/logo\/image\/"},"sameAs":["https:\/\/www.facebook.com\/SotarnsBadtunnor\/"]}]}},"_links":{"self":[{"href":"https:\/\/badtunnor.se\/en\/wp-json\/wp\/v2\/product\/341","targetHints":{"allow":["GET"]}}],"collection":[{"href":"https:\/\/badtunnor.se\/en\/wp-json\/wp\/v2\/product"}],"about":[{"href":"https:\/\/badtunnor.se\/en\/wp-json\/wp\/v2\/types\/product"}],"version-history":[{"count":1,"href":"https:\/\/badtunnor.se\/en\/wp-json\/wp\/v2\/product\/341\/revisions"}],"predecessor-version":[{"id":22521,"href":"https:\/\/badtunnor.se\/en\/wp-json\/wp\/v2\/product\/341\/revisions\/22521"}],"wp:featuredmedia":[{"embeddable":true,"href":"https:\/\/badtunnor.se\/en\/wp-json\/wp\/v2\/media\/342"}],"wp:attachment":[{"href":"https:\/\/badtunnor.se\/en\/wp-json\/wp\/v2\/media?parent=341"}],"wp:term":[{"taxonomy":"product_brand","embeddable":true,"href":"https:\/\/badtunnor.se\/en\/wp-json\/wp\/v2\/product_brand?post=341"},{"taxonomy":"product_cat","embeddable":true,"href":"https:\/\/badtunnor.se\/en\/wp-json\/wp\/v2\/product_cat?post=341"},{"taxonomy":"product_tag","embeddable":true,"href":"https:\/\/badtunnor.se\/en\/wp-json\/wp\/v2\/product_tag?post=341"}],"curies":[{"name":"wp","href":"https:\/\/api.w.org\/{rel}","templated":true}]}}