{"id":269,"date":"2019-05-21T22:48:42","date_gmt":"2019-05-21T20:48:42","guid":{"rendered":"https:\/\/www.webjuristen.se\/?post_type=product&#038;p=269"},"modified":"2026-04-15T12:18:38","modified_gmt":"2026-04-15T10:18:38","slug":"bakteriedodande-medel-klorfritt-1-liter","status":"publish","type":"product","link":"https:\/\/badtunnor.se\/en\/product\/bakteriedodande-medel-klorfritt-1-liter\/","title":{"rendered":"Bakteried\u00f6dande combi tabs"},"content":{"rendered":"","protected":false},"excerpt":{"rendered":"<p>Bakterie d\u00f6dande klorfria combitabletter.<\/p>\n<p><strong>OBS!!!\u00a0<\/strong> Vid bruk av combitabletterna ska en Pool Chlorine Dispenser anv\u00e4ndas f\u00f6r att undvika missf\u00e4rgning av badtunnan.<\/p>","protected":false},"featured_media":23371,"template":"","meta":{"site-sidebar-layout":"no-sidebar","site-content-layout":"page-builder","ast-site-content-layout":"full-width-container","site-content-style":"unboxed","site-sidebar-style":"unboxed","ast-global-header-display":"","ast-banner-title-visibility":"","ast-main-header-display":"","ast-hfb-above-header-display":"","ast-hfb-below-header-display":"","ast-hfb-mobile-header-display":"","site-post-title":"disabled","ast-breadcrumbs-content":"","ast-featured-img":"disabled","footer-sml-layout":"","ast-disable-related-posts":"","theme-transparent-header-meta":"default","adv-header-id-meta":"","stick-header-meta":"default","header-above-stick-meta":"","header-main-stick-meta":"","header-below-stick-meta":"","astra-migrate-meta-layouts":"set","ast-page-background-enabled":"default","ast-page-background-meta":{"desktop":{"background-color":"var(--ast-global-color-4)","background-image":"","background-repeat":"repeat","background-position":"center center","background-size":"auto","background-attachment":"scroll","background-type":"","background-media":"","overlay-type":"","overlay-color":"","overlay-opacity":"","overlay-gradient":""},"tablet":{"background-color":"","background-image":"","background-repeat":"repeat","background-position":"center center","background-size":"auto","background-attachment":"scroll","background-type":"","background-media":"","overlay-type":"","overlay-color":"","overlay-opacity":"","overlay-gradient":""},"mobile":{"background-color":"","background-image":"","background-repeat":"repeat","background-position":"center center","background-size":"auto","background-attachment":"scroll","background-type":"","background-media":"","overlay-type":"","overlay-color":"","overlay-opacity":"","overlay-gradient":""}},"ast-content-background-meta":{"desktop":{"background-color":"var(--ast-global-color-5)","background-image":"","background-repeat":"repeat","background-position":"center center","background-size":"auto","background-attachment":"scroll","background-type":"","background-media":"","overlay-type":"","overlay-color":"","overlay-opacity":"","overlay-gradient":""},"tablet":{"background-color":"var(--ast-global-color-5)","background-image":"","background-repeat":"repeat","background-position":"center center","background-size":"auto","background-attachment":"scroll","background-type":"","background-media":"","overlay-type":"","overlay-color":"","overlay-opacity":"","overlay-gradient":""},"mobile":{"background-color":"var(--ast-global-color-5)","background-image":"","background-repeat":"repeat","background-position":"center center","background-size":"auto","background-attachment":"scroll","background-type":"","background-media":"","overlay-type":"","overlay-color":"","overlay-opacity":"","overlay-gradient":""}}},"product_brand":[],"product_cat":[42],"product_tag":[],"class_list":{"0":"post-269","1":"product","2":"type-product","3":"status-publish","4":"has-post-thumbnail","6":"product_cat-forbrukning","7":"product_shipping_class-tillbehor","8":"desktop-align-center","9":"tablet-align-center","10":"mobile-align-center","11":"ast-product-gallery-layout-vertical-slider","12":"ast-product-gallery-with-no-image","13":"ast-product-tabs-layout-horizontal","15":"first","16":"instock","17":"taxable","18":"shipping-taxable","19":"purchasable","20":"product-type-simple"},"yoast_head":"<!-- This site is optimized with the Yoast SEO plugin v27.3 - https:\/\/yoast.com\/product\/yoast-seo-wordpress\/ -->\n<title>Tillbeh\u00f6r till badtunna Bakteried\u00f6dande tabs- Sotarns Badtunnor<\/title>\n<meta name=\"description\" content=\"Speciellt bakteried\u00f6dande klorfria combi tabs f\u00f6r badtunnor, bakteried\u00f6dande tabs som r\u00e4cker l\u00e4nge. Best\u00e4ll online idag!\" \/>\n<meta name=\"robots\" content=\"index, follow, max-snippet:-1, max-image-preview:large, max-video-preview:-1\" \/>\n<link rel=\"canonical\" href=\"https:\/\/badtunnor.se\/en\/product\/bakteriedodande-medel-klorfritt-1-liter\/\" \/>\n<meta property=\"og:locale\" content=\"en_US\" \/>\n<meta property=\"og:type\" content=\"article\" \/>\n<meta property=\"og:title\" content=\"Tillbeh\u00f6r till badtunna Bakteried\u00f6dande tabs- Sotarns Badtunnor\" \/>\n<meta property=\"og:description\" content=\"Speciellt bakteried\u00f6dande klorfria combi tabs f\u00f6r badtunnor, bakteried\u00f6dande tabs som r\u00e4cker l\u00e4nge. Best\u00e4ll online idag!\" \/>\n<meta property=\"og:url\" content=\"https:\/\/badtunnor.se\/en\/product\/bakteriedodande-medel-klorfritt-1-liter\/\" \/>\n<meta property=\"og:site_name\" content=\"Sotarns Badtunnor\" \/>\n<meta property=\"article:publisher\" content=\"https:\/\/www.facebook.com\/SotarnsBadtunnor\/\" \/>\n<meta property=\"article:modified_time\" content=\"2026-04-15T10:18:38+00:00\" \/>\n<meta property=\"og:image\" content=\"https:\/\/badtunnor.se\/wp-content\/uploads\/2024\/06\/DSC_2331-scaled.jpg\" \/>\n\t<meta property=\"og:image:width\" content=\"1920\" \/>\n\t<meta property=\"og:image:height\" content=\"2560\" \/>\n\t<meta property=\"og:image:type\" content=\"image\/jpeg\" \/>\n<meta name=\"twitter:card\" content=\"summary_large_image\" \/>\n<meta name=\"twitter:label1\" content=\"Est. reading time\" \/>\n\t<meta name=\"twitter:data1\" content=\"1 minute\" \/>\n<script type=\"application\/ld+json\" class=\"yoast-schema-graph\">{\"@context\":\"https:\\\/\\\/schema.org\",\"@graph\":[{\"@type\":\"WebPage\",\"@id\":\"https:\\\/\\\/badtunnor.se\\\/produkt\\\/bakteriedodande-medel-klorfritt-1-liter\\\/\",\"url\":\"https:\\\/\\\/badtunnor.se\\\/produkt\\\/bakteriedodande-medel-klorfritt-1-liter\\\/\",\"name\":\"Tillbeh\u00f6r till badtunna Bakteried\u00f6dande tabs- Sotarns Badtunnor\",\"isPartOf\":{\"@id\":\"https:\\\/\\\/badtunnor.se\\\/#website\"},\"primaryImageOfPage\":{\"@id\":\"https:\\\/\\\/badtunnor.se\\\/produkt\\\/bakteriedodande-medel-klorfritt-1-liter\\\/#primaryimage\"},\"image\":{\"@id\":\"https:\\\/\\\/badtunnor.se\\\/produkt\\\/bakteriedodande-medel-klorfritt-1-liter\\\/#primaryimage\"},\"thumbnailUrl\":\"https:\\\/\\\/badtunnor.se\\\/wp-content\\\/uploads\\\/2024\\\/06\\\/DSC_2331-scaled.jpg\",\"datePublished\":\"2019-05-21T20:48:42+00:00\",\"dateModified\":\"2026-04-15T10:18:38+00:00\",\"description\":\"Speciellt bakteried\u00f6dande klorfria combi tabs f\u00f6r badtunnor, bakteried\u00f6dande tabs som r\u00e4cker l\u00e4nge. Best\u00e4ll online idag!\",\"breadcrumb\":{\"@id\":\"https:\\\/\\\/badtunnor.se\\\/produkt\\\/bakteriedodande-medel-klorfritt-1-liter\\\/#breadcrumb\"},\"inLanguage\":\"en-US\",\"potentialAction\":[{\"@type\":\"ReadAction\",\"target\":[\"https:\\\/\\\/badtunnor.se\\\/produkt\\\/bakteriedodande-medel-klorfritt-1-liter\\\/\"]}]},{\"@type\":\"ImageObject\",\"inLanguage\":\"en-US\",\"@id\":\"https:\\\/\\\/badtunnor.se\\\/produkt\\\/bakteriedodande-medel-klorfritt-1-liter\\\/#primaryimage\",\"url\":\"https:\\\/\\\/badtunnor.se\\\/wp-content\\\/uploads\\\/2024\\\/06\\\/DSC_2331-scaled.jpg\",\"contentUrl\":\"https:\\\/\\\/badtunnor.se\\\/wp-content\\\/uploads\\\/2024\\\/06\\\/DSC_2331-scaled.jpg\",\"width\":1920,\"height\":2560},{\"@type\":\"BreadcrumbList\",\"@id\":\"https:\\\/\\\/badtunnor.se\\\/produkt\\\/bakteriedodande-medel-klorfritt-1-liter\\\/#breadcrumb\",\"itemListElement\":[{\"@type\":\"ListItem\",\"position\":1,\"name\":\"Hem\",\"item\":\"https:\\\/\\\/badtunnor.se\\\/\"},{\"@type\":\"ListItem\",\"position\":2,\"name\":\"Webbutik\",\"item\":\"https:\\\/\\\/badtunnor.se\\\/butik\\\/\"},{\"@type\":\"ListItem\",\"position\":3,\"name\":\"Bakteried\u00f6dande combi tabs\"}]},{\"@type\":\"WebSite\",\"@id\":\"https:\\\/\\\/badtunnor.se\\\/#website\",\"url\":\"https:\\\/\\\/badtunnor.se\\\/\",\"name\":\"Sotarns Badtunnor\",\"description\":\"Svensktillverkade Vedeldade Badtunnor\",\"publisher\":{\"@id\":\"https:\\\/\\\/badtunnor.se\\\/#organization\"},\"potentialAction\":[{\"@type\":\"SearchAction\",\"target\":{\"@type\":\"EntryPoint\",\"urlTemplate\":\"https:\\\/\\\/badtunnor.se\\\/?s={search_term_string}\"},\"query-input\":{\"@type\":\"PropertyValueSpecification\",\"valueRequired\":true,\"valueName\":\"search_term_string\"}}],\"inLanguage\":\"en-US\"},{\"@type\":\"Organization\",\"@id\":\"https:\\\/\\\/badtunnor.se\\\/#organization\",\"name\":\"Sotarns Badtunnor\",\"url\":\"https:\\\/\\\/badtunnor.se\\\/\",\"logo\":{\"@type\":\"ImageObject\",\"inLanguage\":\"en-US\",\"@id\":\"https:\\\/\\\/badtunnor.se\\\/#\\\/schema\\\/logo\\\/image\\\/\",\"url\":\"https:\\\/\\\/badtunnor.se\\\/wp-content\\\/uploads\\\/2022\\\/12\\\/sotarns_logo-morkgron-scaled.png\",\"contentUrl\":\"https:\\\/\\\/badtunnor.se\\\/wp-content\\\/uploads\\\/2022\\\/12\\\/sotarns_logo-morkgron-scaled.png\",\"width\":2560,\"height\":1260,\"caption\":\"Sotarns Badtunnor\"},\"image\":{\"@id\":\"https:\\\/\\\/badtunnor.se\\\/#\\\/schema\\\/logo\\\/image\\\/\"},\"sameAs\":[\"https:\\\/\\\/www.facebook.com\\\/SotarnsBadtunnor\\\/\"]}]}<\/script>\n<!-- \/ Yoast SEO plugin. -->","yoast_head_json":{"title":"Tillbeh\u00f6r till badtunna Bakteried\u00f6dande tabs- Sotarns Badtunnor","description":"Speciellt bakteried\u00f6dande klorfria combi tabs f\u00f6r badtunnor, bakteried\u00f6dande tabs som r\u00e4cker l\u00e4nge. Best\u00e4ll online idag!","robots":{"index":"index","follow":"follow","max-snippet":"max-snippet:-1","max-image-preview":"max-image-preview:large","max-video-preview":"max-video-preview:-1"},"canonical":"https:\/\/badtunnor.se\/en\/product\/bakteriedodande-medel-klorfritt-1-liter\/","og_locale":"en_US","og_type":"article","og_title":"Tillbeh\u00f6r till badtunna Bakteried\u00f6dande tabs- Sotarns Badtunnor","og_description":"Speciellt bakteried\u00f6dande klorfria combi tabs f\u00f6r badtunnor, bakteried\u00f6dande tabs som r\u00e4cker l\u00e4nge. Best\u00e4ll online idag!","og_url":"https:\/\/badtunnor.se\/en\/product\/bakteriedodande-medel-klorfritt-1-liter\/","og_site_name":"Sotarns Badtunnor","article_publisher":"https:\/\/www.facebook.com\/SotarnsBadtunnor\/","article_modified_time":"2026-04-15T10:18:38+00:00","og_image":[{"width":1920,"height":2560,"url":"https:\/\/badtunnor.se\/wp-content\/uploads\/2024\/06\/DSC_2331-scaled.jpg","type":"image\/jpeg"}],"twitter_card":"summary_large_image","twitter_misc":{"Est. reading time":"1 minute"},"schema":{"@context":"https:\/\/schema.org","@graph":[{"@type":"WebPage","@id":"https:\/\/badtunnor.se\/produkt\/bakteriedodande-medel-klorfritt-1-liter\/","url":"https:\/\/badtunnor.se\/produkt\/bakteriedodande-medel-klorfritt-1-liter\/","name":"Tillbeh\u00f6r till badtunna Bakteried\u00f6dande tabs- Sotarns Badtunnor","isPartOf":{"@id":"https:\/\/badtunnor.se\/#website"},"primaryImageOfPage":{"@id":"https:\/\/badtunnor.se\/produkt\/bakteriedodande-medel-klorfritt-1-liter\/#primaryimage"},"image":{"@id":"https:\/\/badtunnor.se\/produkt\/bakteriedodande-medel-klorfritt-1-liter\/#primaryimage"},"thumbnailUrl":"https:\/\/badtunnor.se\/wp-content\/uploads\/2024\/06\/DSC_2331-scaled.jpg","datePublished":"2019-05-21T20:48:42+00:00","dateModified":"2026-04-15T10:18:38+00:00","description":"Speciellt bakteried\u00f6dande klorfria combi tabs f\u00f6r badtunnor, bakteried\u00f6dande tabs som r\u00e4cker l\u00e4nge. Best\u00e4ll online idag!","breadcrumb":{"@id":"https:\/\/badtunnor.se\/produkt\/bakteriedodande-medel-klorfritt-1-liter\/#breadcrumb"},"inLanguage":"en-US","potentialAction":[{"@type":"ReadAction","target":["https:\/\/badtunnor.se\/produkt\/bakteriedodande-medel-klorfritt-1-liter\/"]}]},{"@type":"ImageObject","inLanguage":"en-US","@id":"https:\/\/badtunnor.se\/produkt\/bakteriedodande-medel-klorfritt-1-liter\/#primaryimage","url":"https:\/\/badtunnor.se\/wp-content\/uploads\/2024\/06\/DSC_2331-scaled.jpg","contentUrl":"https:\/\/badtunnor.se\/wp-content\/uploads\/2024\/06\/DSC_2331-scaled.jpg","width":1920,"height":2560},{"@type":"BreadcrumbList","@id":"https:\/\/badtunnor.se\/produkt\/bakteriedodande-medel-klorfritt-1-liter\/#breadcrumb","itemListElement":[{"@type":"ListItem","position":1,"name":"Hem","item":"https:\/\/badtunnor.se\/"},{"@type":"ListItem","position":2,"name":"Webbutik","item":"https:\/\/badtunnor.se\/butik\/"},{"@type":"ListItem","position":3,"name":"Bakteried\u00f6dande combi tabs"}]},{"@type":"WebSite","@id":"https:\/\/badtunnor.se\/#website","url":"https:\/\/badtunnor.se\/","name":"Sotarns Badtunnor","description":"Svensktillverkade Vedeldade Badtunnor","publisher":{"@id":"https:\/\/badtunnor.se\/#organization"},"potentialAction":[{"@type":"SearchAction","target":{"@type":"EntryPoint","urlTemplate":"https:\/\/badtunnor.se\/?s={search_term_string}"},"query-input":{"@type":"PropertyValueSpecification","valueRequired":true,"valueName":"search_term_string"}}],"inLanguage":"en-US"},{"@type":"Organization","@id":"https:\/\/badtunnor.se\/#organization","name":"Sotarns Badtunnor","url":"https:\/\/badtunnor.se\/","logo":{"@type":"ImageObject","inLanguage":"en-US","@id":"https:\/\/badtunnor.se\/#\/schema\/logo\/image\/","url":"https:\/\/badtunnor.se\/wp-content\/uploads\/2022\/12\/sotarns_logo-morkgron-scaled.png","contentUrl":"https:\/\/badtunnor.se\/wp-content\/uploads\/2022\/12\/sotarns_logo-morkgron-scaled.png","width":2560,"height":1260,"caption":"Sotarns Badtunnor"},"image":{"@id":"https:\/\/badtunnor.se\/#\/schema\/logo\/image\/"},"sameAs":["https:\/\/www.facebook.com\/SotarnsBadtunnor\/"]}]}},"_links":{"self":[{"href":"https:\/\/badtunnor.se\/en\/wp-json\/wp\/v2\/product\/269","targetHints":{"allow":["GET"]}}],"collection":[{"href":"https:\/\/badtunnor.se\/en\/wp-json\/wp\/v2\/product"}],"about":[{"href":"https:\/\/badtunnor.se\/en\/wp-json\/wp\/v2\/types\/product"}],"version-history":[{"count":4,"href":"https:\/\/badtunnor.se\/en\/wp-json\/wp\/v2\/product\/269\/revisions"}],"predecessor-version":[{"id":22709,"href":"https:\/\/badtunnor.se\/en\/wp-json\/wp\/v2\/product\/269\/revisions\/22709"}],"wp:featuredmedia":[{"embeddable":true,"href":"https:\/\/badtunnor.se\/en\/wp-json\/wp\/v2\/media\/23371"}],"wp:attachment":[{"href":"https:\/\/badtunnor.se\/en\/wp-json\/wp\/v2\/media?parent=269"}],"wp:term":[{"taxonomy":"product_brand","embeddable":true,"href":"https:\/\/badtunnor.se\/en\/wp-json\/wp\/v2\/product_brand?post=269"},{"taxonomy":"product_cat","embeddable":true,"href":"https:\/\/badtunnor.se\/en\/wp-json\/wp\/v2\/product_cat?post=269"},{"taxonomy":"product_tag","embeddable":true,"href":"https:\/\/badtunnor.se\/en\/wp-json\/wp\/v2\/product_tag?post=269"}],"curies":[{"name":"wp","href":"https:\/\/api.w.org\/{rel}","templated":true}]}}