{"id":241,"date":"2019-05-16T17:20:02","date_gmt":"2019-05-16T15:20:02","guid":{"rendered":"https:\/\/www.webjuristen.se\/?post_type=product&#038;p=241"},"modified":"2025-08-26T09:51:46","modified_gmt":"2025-08-26T07:51:46","slug":"mjukt-lock-till-badtunna","status":"publish","type":"product","link":"https:\/\/badtunnor.se\/en\/product\/mjukt-lock-till-badtunna\/","title":{"rendered":"Cover for hot tub"},"content":{"rendered":"","protected":false},"excerpt":{"rendered":"<p>A soft cover made of durable PVC. The same material used in truck tarpaulins. A cover is the best accessory for the hot tub. It provides faster heating and keeps the heat inside longer. The cover also protects against falling leaves and dirt. The cover is easily attached with rubber straps. An inset board creates a roof pitch under the cover. The cover is easy to handle by one person. The cover fits all tubs except External and Royal.<\/p>\n<p>&nbsp;<\/p>","protected":false},"featured_media":242,"template":"","meta":{"site-sidebar-layout":"default","site-content-layout":"default","ast-site-content-layout":"default","site-content-style":"default","site-sidebar-style":"default","ast-global-header-display":"","ast-banner-title-visibility":"","ast-main-header-display":"","ast-hfb-above-header-display":"","ast-hfb-below-header-display":"","ast-hfb-mobile-header-display":"","site-post-title":"","ast-breadcrumbs-content":"","ast-featured-img":"","footer-sml-layout":"","ast-disable-related-posts":"","theme-transparent-header-meta":"default","adv-header-id-meta":"","stick-header-meta":"default","header-above-stick-meta":"","header-main-stick-meta":"","header-below-stick-meta":"","astra-migrate-meta-layouts":"set","ast-page-background-enabled":"default","ast-page-background-meta":{"desktop":{"background-color":"var(--ast-global-color-4)","background-image":"","background-repeat":"repeat","background-position":"center center","background-size":"auto","background-attachment":"scroll","background-type":"","background-media":"","overlay-type":"","overlay-color":"","overlay-opacity":"","overlay-gradient":""},"tablet":{"background-color":"","background-image":"","background-repeat":"repeat","background-position":"center center","background-size":"auto","background-attachment":"scroll","background-type":"","background-media":"","overlay-type":"","overlay-color":"","overlay-opacity":"","overlay-gradient":""},"mobile":{"background-color":"","background-image":"","background-repeat":"repeat","background-position":"center center","background-size":"auto","background-attachment":"scroll","background-type":"","background-media":"","overlay-type":"","overlay-color":"","overlay-opacity":"","overlay-gradient":""}},"ast-content-background-meta":{"desktop":{"background-color":"var(--ast-global-color-5)","background-image":"","background-repeat":"repeat","background-position":"center center","background-size":"auto","background-attachment":"scroll","background-type":"","background-media":"","overlay-type":"","overlay-color":"","overlay-opacity":"","overlay-gradient":""},"tablet":{"background-color":"var(--ast-global-color-5)","background-image":"","background-repeat":"repeat","background-position":"center center","background-size":"auto","background-attachment":"scroll","background-type":"","background-media":"","overlay-type":"","overlay-color":"","overlay-opacity":"","overlay-gradient":""},"mobile":{"background-color":"var(--ast-global-color-5)","background-image":"","background-repeat":"repeat","background-position":"center center","background-size":"auto","background-attachment":"scroll","background-type":"","background-media":"","overlay-type":"","overlay-color":"","overlay-opacity":"","overlay-gradient":""}}},"product_brand":[],"product_cat":[18],"product_tag":[],"class_list":{"0":"post-241","1":"product","2":"type-product","3":"status-publish","4":"has-post-thumbnail","6":"product_cat-tillbehor","7":"product_shipping_class-frakt-350","8":"desktop-align-center","9":"tablet-align-center","10":"mobile-align-center","11":"ast-product-gallery-layout-vertical-slider","12":"ast-product-gallery-with-no-image","13":"ast-product-single-variable","14":"ast-product-tabs-layout-horizontal","16":"first","17":"instock","18":"taxable","19":"shipping-taxable","20":"purchasable","21":"product-type-variable"},"yoast_head":"<!-- This site is optimized with the Yoast SEO plugin v27.3 - https:\/\/yoast.com\/product\/yoast-seo-wordpress\/ -->\n<title>Mjukt lock i slitstark PVC till badtunna fr\u00e5n Sotarns badtunnor<\/title>\n<meta name=\"description\" content=\"Ett mjukt lock av slitstark PVC. Samma material som i lastbilskapell. Ett lock \u00e4r badtunnans b\u00e4sta tillbeh\u00f6r. Best\u00e4ll online fr\u00e5n Sotarns badtunnor!\" \/>\n<meta name=\"robots\" content=\"index, follow, max-snippet:-1, max-image-preview:large, max-video-preview:-1\" \/>\n<link rel=\"canonical\" href=\"https:\/\/badtunnor.se\/en\/product\/mjukt-lock-till-badtunna\/\" \/>\n<meta property=\"og:locale\" content=\"en_US\" \/>\n<meta property=\"og:type\" content=\"article\" \/>\n<meta property=\"og:title\" content=\"Mjukt lock i slitstark PVC till badtunna fr\u00e5n Sotarns badtunnor\" \/>\n<meta property=\"og:description\" content=\"Ett mjukt lock av slitstark PVC. Samma material som i lastbilskapell. Ett lock \u00e4r badtunnans b\u00e4sta tillbeh\u00f6r. Best\u00e4ll online fr\u00e5n Sotarns badtunnor!\" \/>\n<meta property=\"og:url\" content=\"https:\/\/badtunnor.se\/en\/product\/mjukt-lock-till-badtunna\/\" \/>\n<meta property=\"og:site_name\" content=\"Sotarns Badtunnor\" \/>\n<meta property=\"article:publisher\" content=\"https:\/\/www.facebook.com\/SotarnsBadtunnor\/\" \/>\n<meta property=\"article:modified_time\" content=\"2025-08-26T07:51:46+00:00\" \/>\n<meta property=\"og:image\" content=\"https:\/\/badtunnor.se\/wp-content\/uploads\/2019\/05\/lock.jpg\" \/>\n\t<meta property=\"og:image:width\" content=\"800\" \/>\n\t<meta property=\"og:image:height\" content=\"591\" \/>\n\t<meta property=\"og:image:type\" content=\"image\/jpeg\" \/>\n<meta name=\"twitter:card\" content=\"summary_large_image\" \/>\n<meta name=\"twitter:label1\" content=\"Est. reading time\" \/>\n\t<meta name=\"twitter:data1\" content=\"1 minute\" \/>\n<script type=\"application\/ld+json\" class=\"yoast-schema-graph\">{\"@context\":\"https:\\\/\\\/schema.org\",\"@graph\":[{\"@type\":\"WebPage\",\"@id\":\"https:\\\/\\\/badtunnor.se\\\/produkt\\\/mjukt-lock-till-badtunna\\\/\",\"url\":\"https:\\\/\\\/badtunnor.se\\\/produkt\\\/mjukt-lock-till-badtunna\\\/\",\"name\":\"Mjukt lock i slitstark PVC till badtunna fr\u00e5n Sotarns badtunnor\",\"isPartOf\":{\"@id\":\"https:\\\/\\\/badtunnor.se\\\/#website\"},\"primaryImageOfPage\":{\"@id\":\"https:\\\/\\\/badtunnor.se\\\/produkt\\\/mjukt-lock-till-badtunna\\\/#primaryimage\"},\"image\":{\"@id\":\"https:\\\/\\\/badtunnor.se\\\/produkt\\\/mjukt-lock-till-badtunna\\\/#primaryimage\"},\"thumbnailUrl\":\"https:\\\/\\\/badtunnor.se\\\/wp-content\\\/uploads\\\/2019\\\/05\\\/lock.jpg\",\"datePublished\":\"2019-05-16T15:20:02+00:00\",\"dateModified\":\"2025-08-26T07:51:46+00:00\",\"description\":\"Ett mjukt lock av slitstark PVC. Samma material som i lastbilskapell. Ett lock \u00e4r badtunnans b\u00e4sta tillbeh\u00f6r. Best\u00e4ll online fr\u00e5n Sotarns badtunnor!\",\"breadcrumb\":{\"@id\":\"https:\\\/\\\/badtunnor.se\\\/produkt\\\/mjukt-lock-till-badtunna\\\/#breadcrumb\"},\"inLanguage\":\"en-US\",\"potentialAction\":[{\"@type\":\"ReadAction\",\"target\":[\"https:\\\/\\\/badtunnor.se\\\/produkt\\\/mjukt-lock-till-badtunna\\\/\"]}]},{\"@type\":\"ImageObject\",\"inLanguage\":\"en-US\",\"@id\":\"https:\\\/\\\/badtunnor.se\\\/produkt\\\/mjukt-lock-till-badtunna\\\/#primaryimage\",\"url\":\"https:\\\/\\\/badtunnor.se\\\/wp-content\\\/uploads\\\/2019\\\/05\\\/lock.jpg\",\"contentUrl\":\"https:\\\/\\\/badtunnor.se\\\/wp-content\\\/uploads\\\/2019\\\/05\\\/lock.jpg\",\"width\":800,\"height\":591},{\"@type\":\"BreadcrumbList\",\"@id\":\"https:\\\/\\\/badtunnor.se\\\/produkt\\\/mjukt-lock-till-badtunna\\\/#breadcrumb\",\"itemListElement\":[{\"@type\":\"ListItem\",\"position\":1,\"name\":\"Hem\",\"item\":\"https:\\\/\\\/badtunnor.se\\\/\"},{\"@type\":\"ListItem\",\"position\":2,\"name\":\"Webbutik\",\"item\":\"https:\\\/\\\/badtunnor.se\\\/butik\\\/\"},{\"@type\":\"ListItem\",\"position\":3,\"name\":\"Lock till badtunna\"}]},{\"@type\":\"WebSite\",\"@id\":\"https:\\\/\\\/badtunnor.se\\\/#website\",\"url\":\"https:\\\/\\\/badtunnor.se\\\/\",\"name\":\"Sotarns Badtunnor\",\"description\":\"Svensktillverkade Vedeldade Badtunnor\",\"publisher\":{\"@id\":\"https:\\\/\\\/badtunnor.se\\\/#organization\"},\"potentialAction\":[{\"@type\":\"SearchAction\",\"target\":{\"@type\":\"EntryPoint\",\"urlTemplate\":\"https:\\\/\\\/badtunnor.se\\\/?s={search_term_string}\"},\"query-input\":{\"@type\":\"PropertyValueSpecification\",\"valueRequired\":true,\"valueName\":\"search_term_string\"}}],\"inLanguage\":\"en-US\"},{\"@type\":\"Organization\",\"@id\":\"https:\\\/\\\/badtunnor.se\\\/#organization\",\"name\":\"Sotarns Badtunnor\",\"url\":\"https:\\\/\\\/badtunnor.se\\\/\",\"logo\":{\"@type\":\"ImageObject\",\"inLanguage\":\"en-US\",\"@id\":\"https:\\\/\\\/badtunnor.se\\\/#\\\/schema\\\/logo\\\/image\\\/\",\"url\":\"https:\\\/\\\/badtunnor.se\\\/wp-content\\\/uploads\\\/2022\\\/12\\\/sotarns_logo-morkgron-scaled.png\",\"contentUrl\":\"https:\\\/\\\/badtunnor.se\\\/wp-content\\\/uploads\\\/2022\\\/12\\\/sotarns_logo-morkgron-scaled.png\",\"width\":2560,\"height\":1260,\"caption\":\"Sotarns Badtunnor\"},\"image\":{\"@id\":\"https:\\\/\\\/badtunnor.se\\\/#\\\/schema\\\/logo\\\/image\\\/\"},\"sameAs\":[\"https:\\\/\\\/www.facebook.com\\\/SotarnsBadtunnor\\\/\"]}]}<\/script>\n<!-- \/ Yoast SEO plugin. -->","yoast_head_json":{"title":"Mjukt lock i slitstark PVC till badtunna fr\u00e5n Sotarns badtunnor","description":"Ett mjukt lock av slitstark PVC. Samma material som i lastbilskapell. Ett lock \u00e4r badtunnans b\u00e4sta tillbeh\u00f6r. Best\u00e4ll online fr\u00e5n Sotarns badtunnor!","robots":{"index":"index","follow":"follow","max-snippet":"max-snippet:-1","max-image-preview":"max-image-preview:large","max-video-preview":"max-video-preview:-1"},"canonical":"https:\/\/badtunnor.se\/en\/product\/mjukt-lock-till-badtunna\/","og_locale":"en_US","og_type":"article","og_title":"Mjukt lock i slitstark PVC till badtunna fr\u00e5n Sotarns badtunnor","og_description":"Ett mjukt lock av slitstark PVC. Samma material som i lastbilskapell. Ett lock \u00e4r badtunnans b\u00e4sta tillbeh\u00f6r. Best\u00e4ll online fr\u00e5n Sotarns badtunnor!","og_url":"https:\/\/badtunnor.se\/en\/product\/mjukt-lock-till-badtunna\/","og_site_name":"Sotarns Badtunnor","article_publisher":"https:\/\/www.facebook.com\/SotarnsBadtunnor\/","article_modified_time":"2025-08-26T07:51:46+00:00","og_image":[{"width":800,"height":591,"url":"https:\/\/badtunnor.se\/wp-content\/uploads\/2019\/05\/lock.jpg","type":"image\/jpeg"}],"twitter_card":"summary_large_image","twitter_misc":{"Est. reading time":"1 minute"},"schema":{"@context":"https:\/\/schema.org","@graph":[{"@type":"WebPage","@id":"https:\/\/badtunnor.se\/produkt\/mjukt-lock-till-badtunna\/","url":"https:\/\/badtunnor.se\/produkt\/mjukt-lock-till-badtunna\/","name":"Mjukt lock i slitstark PVC till badtunna fr\u00e5n Sotarns badtunnor","isPartOf":{"@id":"https:\/\/badtunnor.se\/#website"},"primaryImageOfPage":{"@id":"https:\/\/badtunnor.se\/produkt\/mjukt-lock-till-badtunna\/#primaryimage"},"image":{"@id":"https:\/\/badtunnor.se\/produkt\/mjukt-lock-till-badtunna\/#primaryimage"},"thumbnailUrl":"https:\/\/badtunnor.se\/wp-content\/uploads\/2019\/05\/lock.jpg","datePublished":"2019-05-16T15:20:02+00:00","dateModified":"2025-08-26T07:51:46+00:00","description":"Ett mjukt lock av slitstark PVC. Samma material som i lastbilskapell. Ett lock \u00e4r badtunnans b\u00e4sta tillbeh\u00f6r. Best\u00e4ll online fr\u00e5n Sotarns badtunnor!","breadcrumb":{"@id":"https:\/\/badtunnor.se\/produkt\/mjukt-lock-till-badtunna\/#breadcrumb"},"inLanguage":"en-US","potentialAction":[{"@type":"ReadAction","target":["https:\/\/badtunnor.se\/produkt\/mjukt-lock-till-badtunna\/"]}]},{"@type":"ImageObject","inLanguage":"en-US","@id":"https:\/\/badtunnor.se\/produkt\/mjukt-lock-till-badtunna\/#primaryimage","url":"https:\/\/badtunnor.se\/wp-content\/uploads\/2019\/05\/lock.jpg","contentUrl":"https:\/\/badtunnor.se\/wp-content\/uploads\/2019\/05\/lock.jpg","width":800,"height":591},{"@type":"BreadcrumbList","@id":"https:\/\/badtunnor.se\/produkt\/mjukt-lock-till-badtunna\/#breadcrumb","itemListElement":[{"@type":"ListItem","position":1,"name":"Hem","item":"https:\/\/badtunnor.se\/"},{"@type":"ListItem","position":2,"name":"Webbutik","item":"https:\/\/badtunnor.se\/butik\/"},{"@type":"ListItem","position":3,"name":"Lock till badtunna"}]},{"@type":"WebSite","@id":"https:\/\/badtunnor.se\/#website","url":"https:\/\/badtunnor.se\/","name":"Sotarns Badtunnor","description":"Svensktillverkade Vedeldade Badtunnor","publisher":{"@id":"https:\/\/badtunnor.se\/#organization"},"potentialAction":[{"@type":"SearchAction","target":{"@type":"EntryPoint","urlTemplate":"https:\/\/badtunnor.se\/?s={search_term_string}"},"query-input":{"@type":"PropertyValueSpecification","valueRequired":true,"valueName":"search_term_string"}}],"inLanguage":"en-US"},{"@type":"Organization","@id":"https:\/\/badtunnor.se\/#organization","name":"Sotarns Badtunnor","url":"https:\/\/badtunnor.se\/","logo":{"@type":"ImageObject","inLanguage":"en-US","@id":"https:\/\/badtunnor.se\/#\/schema\/logo\/image\/","url":"https:\/\/badtunnor.se\/wp-content\/uploads\/2022\/12\/sotarns_logo-morkgron-scaled.png","contentUrl":"https:\/\/badtunnor.se\/wp-content\/uploads\/2022\/12\/sotarns_logo-morkgron-scaled.png","width":2560,"height":1260,"caption":"Sotarns Badtunnor"},"image":{"@id":"https:\/\/badtunnor.se\/#\/schema\/logo\/image\/"},"sameAs":["https:\/\/www.facebook.com\/SotarnsBadtunnor\/"]}]}},"_links":{"self":[{"href":"https:\/\/badtunnor.se\/en\/wp-json\/wp\/v2\/product\/241","targetHints":{"allow":["GET"]}}],"collection":[{"href":"https:\/\/badtunnor.se\/en\/wp-json\/wp\/v2\/product"}],"about":[{"href":"https:\/\/badtunnor.se\/en\/wp-json\/wp\/v2\/types\/product"}],"version-history":[{"count":2,"href":"https:\/\/badtunnor.se\/en\/wp-json\/wp\/v2\/product\/241\/revisions"}],"predecessor-version":[{"id":21779,"href":"https:\/\/badtunnor.se\/en\/wp-json\/wp\/v2\/product\/241\/revisions\/21779"}],"wp:featuredmedia":[{"embeddable":true,"href":"https:\/\/badtunnor.se\/en\/wp-json\/wp\/v2\/media\/242"}],"wp:attachment":[{"href":"https:\/\/badtunnor.se\/en\/wp-json\/wp\/v2\/media?parent=241"}],"wp:term":[{"taxonomy":"product_brand","embeddable":true,"href":"https:\/\/badtunnor.se\/en\/wp-json\/wp\/v2\/product_brand?post=241"},{"taxonomy":"product_cat","embeddable":true,"href":"https:\/\/badtunnor.se\/en\/wp-json\/wp\/v2\/product_cat?post=241"},{"taxonomy":"product_tag","embeddable":true,"href":"https:\/\/badtunnor.se\/en\/wp-json\/wp\/v2\/product_tag?post=241"}],"curies":[{"name":"wp","href":"https:\/\/api.w.org\/{rel}","templated":true}]}}