{"id":233,"date":"2019-05-13T22:00:25","date_gmt":"2019-05-13T20:00:25","guid":{"rendered":"https:\/\/www.webjuristen.se\/?post_type=product&#038;p=233"},"modified":"2022-11-11T08:49:21","modified_gmt":"2022-11-11T07:49:21","slug":"trappa-till-badtunna","status":"publish","type":"product","link":"https:\/\/badtunnor.se\/en\/product\/trappa-till-badtunna\/","title":{"rendered":"Wooden stairs"},"content":{"rendered":"","protected":false},"excerpt":{"rendered":"<p>The stairs are an accessory that makes it easy to get in and out of the hot tub. The stairs are made of strong 45 mm wood that provides stability you can rely on.<\/p>","protected":false},"featured_media":19183,"template":"","meta":{"site-sidebar-layout":"default","site-content-layout":"default","ast-site-content-layout":"default","site-content-style":"default","site-sidebar-style":"default","ast-global-header-display":"","ast-banner-title-visibility":"","ast-main-header-display":"","ast-hfb-above-header-display":"","ast-hfb-below-header-display":"","ast-hfb-mobile-header-display":"","site-post-title":"","ast-breadcrumbs-content":"","ast-featured-img":"","footer-sml-layout":"","ast-disable-related-posts":"","theme-transparent-header-meta":"default","adv-header-id-meta":"","stick-header-meta":"default","header-above-stick-meta":"","header-main-stick-meta":"","header-below-stick-meta":"","astra-migrate-meta-layouts":"default","ast-page-background-enabled":"default","ast-page-background-meta":{"desktop":{"background-color":"var(--ast-global-color-4)","background-image":"","background-repeat":"repeat","background-position":"center center","background-size":"auto","background-attachment":"scroll","background-type":"","background-media":"","overlay-type":"","overlay-color":"","overlay-opacity":"","overlay-gradient":""},"tablet":{"background-color":"","background-image":"","background-repeat":"repeat","background-position":"center center","background-size":"auto","background-attachment":"scroll","background-type":"","background-media":"","overlay-type":"","overlay-color":"","overlay-opacity":"","overlay-gradient":""},"mobile":{"background-color":"","background-image":"","background-repeat":"repeat","background-position":"center center","background-size":"auto","background-attachment":"scroll","background-type":"","background-media":"","overlay-type":"","overlay-color":"","overlay-opacity":"","overlay-gradient":""}},"ast-content-background-meta":{"desktop":{"background-color":"var(--ast-global-color-5)","background-image":"","background-repeat":"repeat","background-position":"center center","background-size":"auto","background-attachment":"scroll","background-type":"","background-media":"","overlay-type":"","overlay-color":"","overlay-opacity":"","overlay-gradient":""},"tablet":{"background-color":"var(--ast-global-color-5)","background-image":"","background-repeat":"repeat","background-position":"center center","background-size":"auto","background-attachment":"scroll","background-type":"","background-media":"","overlay-type":"","overlay-color":"","overlay-opacity":"","overlay-gradient":""},"mobile":{"background-color":"var(--ast-global-color-5)","background-image":"","background-repeat":"repeat","background-position":"center center","background-size":"auto","background-attachment":"scroll","background-type":"","background-media":"","overlay-type":"","overlay-color":"","overlay-opacity":"","overlay-gradient":""}}},"product_brand":[],"product_cat":[18],"product_tag":[],"class_list":{"0":"post-233","1":"product","2":"type-product","3":"status-publish","4":"has-post-thumbnail","6":"product_cat-tillbehor","7":"product_shipping_class-tillbehor-mellan","8":"desktop-align-center","9":"tablet-align-center","10":"mobile-align-center","11":"ast-product-gallery-layout-vertical-slider","12":"ast-product-gallery-with-no-image","13":"ast-product-tabs-layout-horizontal","15":"first","16":"instock","17":"taxable","18":"shipping-taxable","19":"purchasable","20":"product-type-simple"},"yoast_head":"<!-- This site is optimized with the Yoast SEO plugin v27.3 - https:\/\/yoast.com\/product\/yoast-seo-wordpress\/ -->\n<title>Tillbeh\u00f6r badtunnor - Trappa av kraftiga plankor - Sotarns Badtunnor<\/title>\n<meta name=\"description\" content=\"Mycket stabil och h\u00e5llbar trappa till din badtunna. Hopsatt med vagnsbult och syrafast skruv. Best\u00e4ll online idag hos Sotarns badtunnor!\" \/>\n<meta name=\"robots\" content=\"index, follow, max-snippet:-1, max-image-preview:large, max-video-preview:-1\" \/>\n<link rel=\"canonical\" href=\"https:\/\/badtunnor.se\/en\/product\/trappa-till-badtunna\/\" \/>\n<meta property=\"og:locale\" content=\"en_US\" \/>\n<meta property=\"og:type\" content=\"article\" \/>\n<meta property=\"og:title\" content=\"Tillbeh\u00f6r badtunnor - Trappa av kraftiga plankor - Sotarns Badtunnor\" \/>\n<meta property=\"og:description\" content=\"Mycket stabil och h\u00e5llbar trappa till din badtunna. Hopsatt med vagnsbult och syrafast skruv. Best\u00e4ll online idag hos Sotarns badtunnor!\" \/>\n<meta property=\"og:url\" content=\"https:\/\/badtunnor.se\/en\/product\/trappa-till-badtunna\/\" \/>\n<meta property=\"og:site_name\" content=\"Sotarns Badtunnor\" \/>\n<meta property=\"article:publisher\" content=\"https:\/\/www.facebook.com\/SotarnsBadtunnor\/\" \/>\n<meta property=\"article:modified_time\" content=\"2022-11-11T07:49:21+00:00\" \/>\n<meta property=\"og:image\" content=\"https:\/\/badtunnor.se\/wp-content\/uploads\/2019\/05\/trapp-cropped-3.jpg\" \/>\n\t<meta property=\"og:image:width\" content=\"650\" \/>\n\t<meta property=\"og:image:height\" content=\"650\" \/>\n\t<meta property=\"og:image:type\" content=\"image\/jpeg\" \/>\n<meta name=\"twitter:card\" content=\"summary_large_image\" \/>\n<script type=\"application\/ld+json\" class=\"yoast-schema-graph\">{\"@context\":\"https:\\\/\\\/schema.org\",\"@graph\":[{\"@type\":\"WebPage\",\"@id\":\"https:\\\/\\\/badtunnor.se\\\/produkt\\\/trappa-till-badtunna\\\/\",\"url\":\"https:\\\/\\\/badtunnor.se\\\/produkt\\\/trappa-till-badtunna\\\/\",\"name\":\"Tillbeh\u00f6r badtunnor - Trappa av kraftiga plankor - Sotarns Badtunnor\",\"isPartOf\":{\"@id\":\"https:\\\/\\\/badtunnor.se\\\/#website\"},\"primaryImageOfPage\":{\"@id\":\"https:\\\/\\\/badtunnor.se\\\/produkt\\\/trappa-till-badtunna\\\/#primaryimage\"},\"image\":{\"@id\":\"https:\\\/\\\/badtunnor.se\\\/produkt\\\/trappa-till-badtunna\\\/#primaryimage\"},\"thumbnailUrl\":\"https:\\\/\\\/badtunnor.se\\\/wp-content\\\/uploads\\\/2019\\\/05\\\/trapp-cropped-3.jpg\",\"datePublished\":\"2019-05-13T20:00:25+00:00\",\"dateModified\":\"2022-11-11T07:49:21+00:00\",\"description\":\"Mycket stabil och h\u00e5llbar trappa till din badtunna. Hopsatt med vagnsbult och syrafast skruv. Best\u00e4ll online idag hos Sotarns badtunnor!\",\"breadcrumb\":{\"@id\":\"https:\\\/\\\/badtunnor.se\\\/produkt\\\/trappa-till-badtunna\\\/#breadcrumb\"},\"inLanguage\":\"en-US\",\"potentialAction\":[{\"@type\":\"ReadAction\",\"target\":[\"https:\\\/\\\/badtunnor.se\\\/produkt\\\/trappa-till-badtunna\\\/\"]}]},{\"@type\":\"ImageObject\",\"inLanguage\":\"en-US\",\"@id\":\"https:\\\/\\\/badtunnor.se\\\/produkt\\\/trappa-till-badtunna\\\/#primaryimage\",\"url\":\"https:\\\/\\\/badtunnor.se\\\/wp-content\\\/uploads\\\/2019\\\/05\\\/trapp-cropped-3.jpg\",\"contentUrl\":\"https:\\\/\\\/badtunnor.se\\\/wp-content\\\/uploads\\\/2019\\\/05\\\/trapp-cropped-3.jpg\",\"width\":650,\"height\":650},{\"@type\":\"BreadcrumbList\",\"@id\":\"https:\\\/\\\/badtunnor.se\\\/produkt\\\/trappa-till-badtunna\\\/#breadcrumb\",\"itemListElement\":[{\"@type\":\"ListItem\",\"position\":1,\"name\":\"Hem\",\"item\":\"https:\\\/\\\/badtunnor.se\\\/\"},{\"@type\":\"ListItem\",\"position\":2,\"name\":\"Webbutik\",\"item\":\"https:\\\/\\\/badtunnor.se\\\/butik\\\/\"},{\"@type\":\"ListItem\",\"position\":3,\"name\":\"Trappa\"}]},{\"@type\":\"WebSite\",\"@id\":\"https:\\\/\\\/badtunnor.se\\\/#website\",\"url\":\"https:\\\/\\\/badtunnor.se\\\/\",\"name\":\"Sotarns Badtunnor\",\"description\":\"Svensktillverkade Vedeldade Badtunnor\",\"publisher\":{\"@id\":\"https:\\\/\\\/badtunnor.se\\\/#organization\"},\"potentialAction\":[{\"@type\":\"SearchAction\",\"target\":{\"@type\":\"EntryPoint\",\"urlTemplate\":\"https:\\\/\\\/badtunnor.se\\\/?s={search_term_string}\"},\"query-input\":{\"@type\":\"PropertyValueSpecification\",\"valueRequired\":true,\"valueName\":\"search_term_string\"}}],\"inLanguage\":\"en-US\"},{\"@type\":\"Organization\",\"@id\":\"https:\\\/\\\/badtunnor.se\\\/#organization\",\"name\":\"Sotarns Badtunnor\",\"url\":\"https:\\\/\\\/badtunnor.se\\\/\",\"logo\":{\"@type\":\"ImageObject\",\"inLanguage\":\"en-US\",\"@id\":\"https:\\\/\\\/badtunnor.se\\\/#\\\/schema\\\/logo\\\/image\\\/\",\"url\":\"https:\\\/\\\/badtunnor.se\\\/wp-content\\\/uploads\\\/2022\\\/12\\\/sotarns_logo-morkgron-scaled.png\",\"contentUrl\":\"https:\\\/\\\/badtunnor.se\\\/wp-content\\\/uploads\\\/2022\\\/12\\\/sotarns_logo-morkgron-scaled.png\",\"width\":2560,\"height\":1260,\"caption\":\"Sotarns Badtunnor\"},\"image\":{\"@id\":\"https:\\\/\\\/badtunnor.se\\\/#\\\/schema\\\/logo\\\/image\\\/\"},\"sameAs\":[\"https:\\\/\\\/www.facebook.com\\\/SotarnsBadtunnor\\\/\"]}]}<\/script>\n<!-- \/ Yoast SEO plugin. -->","yoast_head_json":{"title":"Tillbeh\u00f6r badtunnor - Trappa av kraftiga plankor - Sotarns Badtunnor","description":"Mycket stabil och h\u00e5llbar trappa till din badtunna. Hopsatt med vagnsbult och syrafast skruv. Best\u00e4ll online idag hos Sotarns badtunnor!","robots":{"index":"index","follow":"follow","max-snippet":"max-snippet:-1","max-image-preview":"max-image-preview:large","max-video-preview":"max-video-preview:-1"},"canonical":"https:\/\/badtunnor.se\/en\/product\/trappa-till-badtunna\/","og_locale":"en_US","og_type":"article","og_title":"Tillbeh\u00f6r badtunnor - Trappa av kraftiga plankor - Sotarns Badtunnor","og_description":"Mycket stabil och h\u00e5llbar trappa till din badtunna. Hopsatt med vagnsbult och syrafast skruv. Best\u00e4ll online idag hos Sotarns badtunnor!","og_url":"https:\/\/badtunnor.se\/en\/product\/trappa-till-badtunna\/","og_site_name":"Sotarns Badtunnor","article_publisher":"https:\/\/www.facebook.com\/SotarnsBadtunnor\/","article_modified_time":"2022-11-11T07:49:21+00:00","og_image":[{"width":650,"height":650,"url":"https:\/\/badtunnor.se\/wp-content\/uploads\/2019\/05\/trapp-cropped-3.jpg","type":"image\/jpeg"}],"twitter_card":"summary_large_image","schema":{"@context":"https:\/\/schema.org","@graph":[{"@type":"WebPage","@id":"https:\/\/badtunnor.se\/produkt\/trappa-till-badtunna\/","url":"https:\/\/badtunnor.se\/produkt\/trappa-till-badtunna\/","name":"Tillbeh\u00f6r badtunnor - Trappa av kraftiga plankor - Sotarns Badtunnor","isPartOf":{"@id":"https:\/\/badtunnor.se\/#website"},"primaryImageOfPage":{"@id":"https:\/\/badtunnor.se\/produkt\/trappa-till-badtunna\/#primaryimage"},"image":{"@id":"https:\/\/badtunnor.se\/produkt\/trappa-till-badtunna\/#primaryimage"},"thumbnailUrl":"https:\/\/badtunnor.se\/wp-content\/uploads\/2019\/05\/trapp-cropped-3.jpg","datePublished":"2019-05-13T20:00:25+00:00","dateModified":"2022-11-11T07:49:21+00:00","description":"Mycket stabil och h\u00e5llbar trappa till din badtunna. Hopsatt med vagnsbult och syrafast skruv. Best\u00e4ll online idag hos Sotarns badtunnor!","breadcrumb":{"@id":"https:\/\/badtunnor.se\/produkt\/trappa-till-badtunna\/#breadcrumb"},"inLanguage":"en-US","potentialAction":[{"@type":"ReadAction","target":["https:\/\/badtunnor.se\/produkt\/trappa-till-badtunna\/"]}]},{"@type":"ImageObject","inLanguage":"en-US","@id":"https:\/\/badtunnor.se\/produkt\/trappa-till-badtunna\/#primaryimage","url":"https:\/\/badtunnor.se\/wp-content\/uploads\/2019\/05\/trapp-cropped-3.jpg","contentUrl":"https:\/\/badtunnor.se\/wp-content\/uploads\/2019\/05\/trapp-cropped-3.jpg","width":650,"height":650},{"@type":"BreadcrumbList","@id":"https:\/\/badtunnor.se\/produkt\/trappa-till-badtunna\/#breadcrumb","itemListElement":[{"@type":"ListItem","position":1,"name":"Hem","item":"https:\/\/badtunnor.se\/"},{"@type":"ListItem","position":2,"name":"Webbutik","item":"https:\/\/badtunnor.se\/butik\/"},{"@type":"ListItem","position":3,"name":"Trappa"}]},{"@type":"WebSite","@id":"https:\/\/badtunnor.se\/#website","url":"https:\/\/badtunnor.se\/","name":"Sotarns Badtunnor","description":"Svensktillverkade Vedeldade Badtunnor","publisher":{"@id":"https:\/\/badtunnor.se\/#organization"},"potentialAction":[{"@type":"SearchAction","target":{"@type":"EntryPoint","urlTemplate":"https:\/\/badtunnor.se\/?s={search_term_string}"},"query-input":{"@type":"PropertyValueSpecification","valueRequired":true,"valueName":"search_term_string"}}],"inLanguage":"en-US"},{"@type":"Organization","@id":"https:\/\/badtunnor.se\/#organization","name":"Sotarns Badtunnor","url":"https:\/\/badtunnor.se\/","logo":{"@type":"ImageObject","inLanguage":"en-US","@id":"https:\/\/badtunnor.se\/#\/schema\/logo\/image\/","url":"https:\/\/badtunnor.se\/wp-content\/uploads\/2022\/12\/sotarns_logo-morkgron-scaled.png","contentUrl":"https:\/\/badtunnor.se\/wp-content\/uploads\/2022\/12\/sotarns_logo-morkgron-scaled.png","width":2560,"height":1260,"caption":"Sotarns Badtunnor"},"image":{"@id":"https:\/\/badtunnor.se\/#\/schema\/logo\/image\/"},"sameAs":["https:\/\/www.facebook.com\/SotarnsBadtunnor\/"]}]}},"_links":{"self":[{"href":"https:\/\/badtunnor.se\/en\/wp-json\/wp\/v2\/product\/233","targetHints":{"allow":["GET"]}}],"collection":[{"href":"https:\/\/badtunnor.se\/en\/wp-json\/wp\/v2\/product"}],"about":[{"href":"https:\/\/badtunnor.se\/en\/wp-json\/wp\/v2\/types\/product"}],"version-history":[{"count":0,"href":"https:\/\/badtunnor.se\/en\/wp-json\/wp\/v2\/product\/233\/revisions"}],"wp:featuredmedia":[{"embeddable":true,"href":"https:\/\/badtunnor.se\/en\/wp-json\/wp\/v2\/media\/19183"}],"wp:attachment":[{"href":"https:\/\/badtunnor.se\/en\/wp-json\/wp\/v2\/media?parent=233"}],"wp:term":[{"taxonomy":"product_brand","embeddable":true,"href":"https:\/\/badtunnor.se\/en\/wp-json\/wp\/v2\/product_brand?post=233"},{"taxonomy":"product_cat","embeddable":true,"href":"https:\/\/badtunnor.se\/en\/wp-json\/wp\/v2\/product_cat?post=233"},{"taxonomy":"product_tag","embeddable":true,"href":"https:\/\/badtunnor.se\/en\/wp-json\/wp\/v2\/product_tag?post=233"}],"curies":[{"name":"wp","href":"https:\/\/api.w.org\/{rel}","templated":true}]}}