{"id":22269,"date":"2023-08-31T15:53:26","date_gmt":"2023-08-31T13:53:26","guid":{"rendered":"http:\/\/badtunnor.se\/?post_type=product&#038;p=22269"},"modified":"2026-03-25T08:31:56","modified_gmt":"2026-03-25T07:31:56","slug":"badtunna-extern-varmekalla-1","status":"publish","type":"product","link":"https:\/\/badtunnor.se\/en\/product\/badtunna-extern-varmekalla-1\/","title":{"rendered":"Hot Tub with External Heater"},"content":{"rendered":"<h3>Choose between electric heater or high-efficiency stove<\/h3>\n<p>With more than 25 years of manufacturing experience in hot tubs, we know how important it is to have a fast and easy-to-maintain heater.<\/p>\n<p>After extensive testing, we have developed a wood-fired stove that we are satisfied with, which is manufactured in Sweden based on all the knowledge we have about wood-fired hot tubs. The stove is easy to light and easy to clean. It is of course water-jacketed all around. The water circulates through self-pressure when the stove gets hot and no electricity is needed. The stove and hot tub are drained by opening a ball valve. A hose connection is mounted on it. The included chimney is made of stainless steel sheet, and it is possible to buy spark protection and fire protection.<\/p>\n<p>If you instead prefer an electric-heated hot tub, you can choose between a heater with 2kW and 3kW power.<br \/>\nKeep in mind not to have too big of a heater so that the fuse holds. If you have a 10A fuse, you should choose a heater with 2kW power, and for a heater with 3kW power, at least 16A is required.<\/p>\n<div class=\"image-holder\"><a class=\"gallery cboxElement\" title=\"Toppmatad extern kamin.\" href=\"http:\/\/badtunnor.se\/wp-content\/uploads\/2017\/05\/images_extern_toppmatad-extern-kamin.JPG\"><img decoding=\"async\" class=\"size-full wp-image-404\" src=\"http:\/\/badtunnor.se\/wp-content\/uploads\/2018\/05\/images_extern_toppmatad-extern-kamin-s.jpg\" alt=\"\" width=\"250\" \/><\/a><\/div>\n<h3>Don't burn down the house<\/h3>\n<p>We have chosen a top-fed wood-burning stove. The advantage is that no embers or sparks can fall out. With a stove where the wood is loaded from the side, there is a risk of embers falling out. Usually, the hot tub is placed on a deck or similar. Embers that fall under the floor can cause a disaster that no one wants to be part of. Therefore, we think that our model of stove feels better to sell.<\/p>\n<h3>Real brass fittings<\/h3>\n<p>We have chosen to use high-quality brass fittings and ball valves that are pressure tested for the connection between the heater and the bathtub. They have virtually eternal durability. Our hoses are of the same type as reinforced radiator hoses, and they can withstand both heat and cold. We use stainless steel hose clamps. Our approach is that cheap fittings and hoses will cause problems for the customer in the future.<\/p>\n<div id='gallery-1' class='gallery galleryid-22269 gallery-columns-3 gallery-size-medium'><figure class='gallery-item'>\n\t\t\t<div class='gallery-icon landscape'>\n\t\t\t\t<a href='https:\/\/badtunnor.se\/en\/?attachment_id=82'><img fetchpriority=\"high\" decoding=\"async\" width=\"300\" height=\"295\" src=\"https:\/\/badtunnor.se\/wp-content\/uploads\/2019\/05\/IMG_0598-300x295.jpg\" class=\"attachment-medium size-medium\" alt=\"\" aria-describedby=\"gallery-1-82\" srcset=\"https:\/\/badtunnor.se\/wp-content\/uploads\/2019\/05\/IMG_0598-300x295.jpg 300w, https:\/\/badtunnor.se\/wp-content\/uploads\/2019\/05\/IMG_0598-768x754.jpg 768w, https:\/\/badtunnor.se\/wp-content\/uploads\/2019\/05\/IMG_0598-1024x1006.jpg 1024w, https:\/\/badtunnor.se\/wp-content\/uploads\/2019\/05\/IMG_0598-600x589.jpg 600w, https:\/\/badtunnor.se\/wp-content\/uploads\/2019\/05\/IMG_0598-e1556995368825.jpg 500w\" sizes=\"(max-width: 300px) 100vw, 300px\" \/><\/a>\n\t\t\t<\/div>\n\t\t\t\t<figcaption class='wp-caption-text gallery-caption' id='gallery-1-82'>\n\t\t\t\tWe dare to show the bottom of the bathtub in a picture. Some makes lack a real bottom.\n\t\t\t\t<\/figcaption><\/figure><figure class='gallery-item'>\n\t\t\t<div class='gallery-icon portrait'>\n\t\t\t\t<a href='https:\/\/badtunnor.se\/en\/?attachment_id=10134'><img decoding=\"async\" width=\"225\" height=\"300\" src=\"https:\/\/badtunnor.se\/wp-content\/uploads\/2019\/05\/bottenochsida-e1574452138113-225x300.jpg\" class=\"attachment-medium size-medium\" alt=\"\" aria-describedby=\"gallery-1-10134\" srcset=\"https:\/\/badtunnor.se\/wp-content\/uploads\/2019\/05\/bottenochsida-e1574452138113-225x300.jpg 225w, https:\/\/badtunnor.se\/wp-content\/uploads\/2019\/05\/bottenochsida-e1574452138113.jpg 300w\" sizes=\"(max-width: 225px) 100vw, 225px\" \/><\/a>\n\t\t\t<\/div>\n\t\t\t\t<figcaption class='wp-caption-text gallery-caption' id='gallery-1-10134'>\n\t\t\t\tInsert in a real wooden hot tub.\n\t\t\t\t<\/figcaption><\/figure><figure class='gallery-item'>\n\t\t\t<div class='gallery-icon landscape'>\n\t\t\t\t<a href='https:\/\/badtunnor.se\/en\/?attachment_id=10135'><img decoding=\"async\" width=\"300\" height=\"225\" src=\"https:\/\/badtunnor.se\/wp-content\/uploads\/2019\/05\/eldaexternkamin-300x225.jpg\" class=\"attachment-medium size-medium\" alt=\"\" aria-describedby=\"gallery-1-10135\" srcset=\"https:\/\/badtunnor.se\/wp-content\/uploads\/2019\/05\/eldaexternkamin-300x225.jpg 300w, https:\/\/badtunnor.se\/wp-content\/uploads\/2019\/05\/eldaexternkamin-768x576.jpg 768w, https:\/\/badtunnor.se\/wp-content\/uploads\/2019\/05\/eldaexternkamin-1024x768.jpg 1024w, https:\/\/badtunnor.se\/wp-content\/uploads\/2019\/05\/eldaexternkamin-600x450.jpg 600w, https:\/\/badtunnor.se\/wp-content\/uploads\/2019\/05\/eldaexternkamin-e1574452154610.jpg 400w\" sizes=\"(max-width: 300px) 100vw, 300px\" \/><\/a>\n\t\t\t<\/div>\n\t\t\t\t<figcaption class='wp-caption-text gallery-caption' id='gallery-1-10135'>\n\t\t\t\tHigh-efficiency heater\n\t\t\t\t<\/figcaption><\/figure>\n\t\t<\/div>\n\n<h3>Our insert is placed in a real wooden tub<\/h3>\n<p>The floor and walls of the wooden tub are 36 mm thick, which provides excellent insulation and no further insulation is needed. It also prevents rats and other pests from building nests in the underside of the tub. The bottom of the wooden tub is screwed onto three sturdy pressure-treated beams measuring 45x95 with 70 mm acid-resistant screws, making the tub ready to be placed. Tubs are also sold without a bottom, with side boards that are only 10 mm thick and simply screwed on. These may be cheap to produce and look nice, but are hardly durable or functional. For us, this is not an option. The bands around the tub are made of stainless steel, a very strong and proven construction that we have had for 22 years and over 15,000 tubs. Keep this in mind if you plan to keep your tub for maybe 30 years.<\/p>\n<h3>Insert made of HD-PE plastic<\/h3>\n<p>Our insert is made of the same material as our bestseller 1.8. This insert is also 1.8 meters in diameter and holds about 1,500 liters of water. There are benches around the tub, comfortably angled for the best seating comfort and easy to clean. Always ready to use. The production of the insert takes place in Sweden, and it is available in blue or dark gray.<\/p>\n<h3>Lid<\/h3>\n<p>We use the same hard cover for this model as for our luxury tub, the Royal.<\/p>\n<h3>Severe cold<\/h3>\n<p>If you plan to use the hot tub during the winter in very cold weather, it is important to drain all the water after use. Otherwise, the heater may freeze and break. During very cold weather, the water can also freeze in the heater while filling the tub. Trying to heat the tub in these conditions can result in damaging the heater. If you see this as a problem, we recommend our hot tub with a heater inside the tub. It heats up quickly and can withstand several decimeters of ice without any risk of damage. Some companies may not mention this or recommend electric heating. However, if the power goes out, the heater may freeze and break.<\/p>\n<h3>Assembly<\/h3>\n<p>When the tub arrives at the customer's home, everything needed for assembly is included in the delivery. The customer will need to install the hoses between the tub and the heater. This is the only thing needed, then it's just a matter of filling with water, starting the fire, and bathing.<\/p>\n<h3>Swedish manufacturing - 25 years of experience<\/h3>\n<p>At Sotarns Badtunnor, you will get a hot tub that is developed through 22 years of experience in hot tub manufacturing and over 15,000 produced hot tubs.<br \/>\nWe source all components from leading Swedish manufacturers and all assembly is done in Sweden.<\/p>\n<h4>Real wooden hot tub with bottom and walls in 36 mm Northern late-grown spruce.<\/h4>\n<p>With a real wooden hot tub around the insert, there is an air gap between the wood and the fiberglass which gives a \"thermos effect\", which means that the tub heats up faster and stays warm longer.<\/p>\n<p>Most importantly, we believe that the tub should have a proper bottom. This has many advantages because:<\/p>\n<ul>\n<li>This avoids ground cold and moisture from below<\/li>\n<li>Rats and vermin do not build nests in the bottom of the barrel<\/li>\n<li>The hot tub is ready to display and use<\/li>\n<\/ul>","protected":false},"excerpt":{"rendered":"<p>&nbsp;<\/p>\n<table>\n<thead>\n<tr>\n<th>Det h\u00e4r ing\u00e5r:<\/th>\n<th>Ordinarie pris<\/th>\n<th>H\u00f6st-pris<\/th>\n<\/tr>\n<\/thead>\n<tbody>\n<tr>\n<td>Hot Tub with External Heater<\/td>\n<td>26495:-<\/td>\n<td>26495:-<\/td>\n<\/tr>\n<tr>\n<td>H\u00e5rt lock<\/td>\n<td>5000:-<\/td>\n<td>\u00a0<span style=\"color: #ff0000;\">0:-<\/span><\/td>\n<\/tr>\n<tr>\n<td>Rf-v\u00e4rmeskydd<\/td>\n<td>1800:-<\/td>\n<td>\u00a0<span style=\"color: #ff0000;\">0:-<\/span><\/td>\n<\/tr>\n<tr>\n<td>Rf-r\u00f6r<\/td>\n<td>1200:-<\/td>\n<td><span style=\"color: #ff0000;\">\u00a00:-<\/span><\/td>\n<\/tr>\n<tr>\n<td>Rf-gnistskydd<\/td>\n<td>1000:-<\/td>\n<td><span style=\"color: #ff0000;\">0:-<\/span><\/td>\n<\/tr>\n<\/tbody>\n<\/table>\n<p><u>Du sparar 5500:-<\/u><\/p>\n<p>&nbsp;<\/p>\n<p style=\"color: red;\"><span style=\"font-size: 16px; color: #3a3a3a;\">Bathing in a hot tub is an intimate and pleasant way to socialize - many people end up sitting in the tub for several hours. Having a stove outside the hot tub provides more space inside the tub. The hot tub comfortably accommodates almost as many people as our large 2 m model. The difference is that it requires 500 liters less water. It is also possible to place the stove at a distance from the hot tub, which can be important if the hot tub is located close to a house. Of course, we want to offer the best hot tub and stove on the market.<\/span><\/p>\n<p>Simple - easy to maintain - elegant<\/p>\n<p>&nbsp;<\/p>\n<p>&nbsp;<\/p>\n<p><a href=\"http:\/\/badtunnor.se\/en\/skotselrad-badtunna-extern\/\">Care guide - Hot tub with external heater<\/a><\/p>","protected":false},"featured_media":22871,"template":"","meta":{"site-sidebar-layout":"default","site-content-layout":"default","ast-site-content-layout":"default","site-content-style":"default","site-sidebar-style":"default","ast-global-header-display":"","ast-banner-title-visibility":"","ast-main-header-display":"","ast-hfb-above-header-display":"","ast-hfb-below-header-display":"","ast-hfb-mobile-header-display":"","site-post-title":"","ast-breadcrumbs-content":"","ast-featured-img":"","footer-sml-layout":"","ast-disable-related-posts":"","theme-transparent-header-meta":"default","adv-header-id-meta":"","stick-header-meta":"default","header-above-stick-meta":"","header-main-stick-meta":"","header-below-stick-meta":"","astra-migrate-meta-layouts":"set","ast-page-background-enabled":"default","ast-page-background-meta":{"desktop":{"background-color":"var(--ast-global-color-4)","background-image":"","background-repeat":"repeat","background-position":"center center","background-size":"auto","background-attachment":"scroll","background-type":"","background-media":"","overlay-type":"","overlay-color":"","overlay-opacity":"","overlay-gradient":""},"tablet":{"background-color":"","background-image":"","background-repeat":"repeat","background-position":"center center","background-size":"auto","background-attachment":"scroll","background-type":"","background-media":"","overlay-type":"","overlay-color":"","overlay-opacity":"","overlay-gradient":""},"mobile":{"background-color":"","background-image":"","background-repeat":"repeat","background-position":"center center","background-size":"auto","background-attachment":"scroll","background-type":"","background-media":"","overlay-type":"","overlay-color":"","overlay-opacity":"","overlay-gradient":""}},"ast-content-background-meta":{"desktop":{"background-color":"var(--ast-global-color-5)","background-image":"","background-repeat":"repeat","background-position":"center center","background-size":"auto","background-attachment":"scroll","background-type":"","background-media":"","overlay-type":"","overlay-color":"","overlay-opacity":"","overlay-gradient":""},"tablet":{"background-color":"var(--ast-global-color-5)","background-image":"","background-repeat":"repeat","background-position":"center center","background-size":"auto","background-attachment":"scroll","background-type":"","background-media":"","overlay-type":"","overlay-color":"","overlay-opacity":"","overlay-gradient":""},"mobile":{"background-color":"var(--ast-global-color-5)","background-image":"","background-repeat":"repeat","background-position":"center center","background-size":"auto","background-attachment":"scroll","background-type":"","background-media":"","overlay-type":"","overlay-color":"","overlay-opacity":"","overlay-gradient":""}}},"product_brand":[],"product_cat":[17,65,86],"product_tag":[],"class_list":{"0":"post-22269","1":"product","2":"type-product","3":"status-publish","4":"has-post-thumbnail","6":"product_cat-badtunnor","7":"product_cat-kampanj","8":"product_cat-startsidan","9":"product_shipping_class-badtunna","10":"desktop-align-center","11":"tablet-align-center","12":"mobile-align-center","13":"ast-product-gallery-layout-vertical-slider","14":"ast-product-single-variable","15":"ast-product-tabs-layout-horizontal","17":"first","18":"instock","19":"sale","20":"taxable","21":"shipping-taxable","22":"purchasable","23":"product-type-variable","24":"has-default-attributes"},"yoast_head":"<!-- This site is optimized with the Yoast SEO plugin v27.3 - https:\/\/yoast.com\/product\/yoast-seo-wordpress\/ -->\n<title>Badtunna extern v\u00e4rmek\u00e4lla | Sotarns Badtunnor<\/title>\n<meta name=\"robots\" content=\"index, follow, max-snippet:-1, max-image-preview:large, max-video-preview:-1\" \/>\n<link rel=\"canonical\" href=\"https:\/\/badtunnor.se\/en\/product\/badtunna-extern-varmekalla-1\/\" \/>\n<meta property=\"og:locale\" content=\"en_US\" \/>\n<meta property=\"og:type\" content=\"article\" \/>\n<meta property=\"og:title\" content=\"Badtunna extern v\u00e4rmek\u00e4lla | Sotarns Badtunnor\" \/>\n<meta property=\"og:description\" content=\"&nbsp;    Det h\u00e4r ing\u00e5r: Ordinarie pris H\u00f6st-pris     Badtunna extern v\u00e4rmek\u00e4lla 26495:- 26495:-   H\u00e5rt lock 5000:- \u00a00:-   Rf-v\u00e4rmeskydd 1800:- \u00a00:-   Rf-r\u00f6r 1200:- \u00a00:-   Rf-gnistskydd 1000:- 0:-    Du sparar 5500:-  &nbsp; Att bada badtunna \u00e4r ett intimt och trevligt s\u00e4tt att umg\u00e5s \u2013 m\u00e5nga blir sittandes i flera timmar. Att ha kamin utanf\u00f6r badtunnan ger mer plats i tunnan. Badtunnan rymmer bekv\u00e4mt n\u00e4stan lika m\u00e5nga som i v\u00e5r stora modell 2 m. Skillnaden \u00e4r att det g\u00e5r \u00e5t 500 liter mindre vatten. Det g\u00e5r \u00e4ven att ha kaminen en bit fr\u00e5n badtunnan och det kan vara viktigt om badtunnan st\u00e5r n\u00e4ra ett hus. Sj\u00e4lvklart vill vi \u00e4ven h\u00e4r ha marknadens b\u00e4sta badtunna och kamin. Enkel \u2013 l\u00e4ttsk\u00f6tt - elegant    &nbsp;    &nbsp;  Sk\u00f6tselr\u00e5d badtunna Extern\" \/>\n<meta property=\"og:url\" content=\"https:\/\/badtunnor.se\/en\/product\/badtunna-extern-varmekalla-1\/\" \/>\n<meta property=\"og:site_name\" content=\"Sotarns Badtunnor\" \/>\n<meta property=\"article:publisher\" content=\"https:\/\/www.facebook.com\/SotarnsBadtunnor\/\" \/>\n<meta property=\"article:modified_time\" content=\"2026-03-25T07:31:56+00:00\" \/>\n<meta property=\"og:image\" content=\"https:\/\/badtunnor.se\/wp-content\/uploads\/2023\/08\/badtunna-extern-varmekalla-4.jpg\" \/>\n\t<meta property=\"og:image:width\" content=\"1125\" \/>\n\t<meta property=\"og:image:height\" content=\"1125\" \/>\n\t<meta property=\"og:image:type\" content=\"image\/jpeg\" \/>\n<meta name=\"twitter:card\" content=\"summary_large_image\" \/>\n<meta name=\"twitter:label1\" content=\"Est. reading time\" \/>\n\t<meta name=\"twitter:data1\" content=\"5 minutes\" \/>\n<script type=\"application\/ld+json\" class=\"yoast-schema-graph\">{\"@context\":\"https:\\\/\\\/schema.org\",\"@graph\":[{\"@type\":\"WebPage\",\"@id\":\"https:\\\/\\\/badtunnor.se\\\/produkt\\\/badtunna-extern-varmekalla-1\\\/\",\"url\":\"https:\\\/\\\/badtunnor.se\\\/produkt\\\/badtunna-extern-varmekalla-1\\\/\",\"name\":\"Badtunna extern v\u00e4rmek\u00e4lla | Sotarns Badtunnor\",\"isPartOf\":{\"@id\":\"https:\\\/\\\/badtunnor.se\\\/#website\"},\"primaryImageOfPage\":{\"@id\":\"https:\\\/\\\/badtunnor.se\\\/produkt\\\/badtunna-extern-varmekalla-1\\\/#primaryimage\"},\"image\":{\"@id\":\"https:\\\/\\\/badtunnor.se\\\/produkt\\\/badtunna-extern-varmekalla-1\\\/#primaryimage\"},\"thumbnailUrl\":\"https:\\\/\\\/badtunnor.se\\\/wp-content\\\/uploads\\\/2023\\\/08\\\/badtunna-extern-varmekalla-4.jpg\",\"datePublished\":\"2023-08-31T13:53:26+00:00\",\"dateModified\":\"2026-03-25T07:31:56+00:00\",\"breadcrumb\":{\"@id\":\"https:\\\/\\\/badtunnor.se\\\/produkt\\\/badtunna-extern-varmekalla-1\\\/#breadcrumb\"},\"inLanguage\":\"en-US\",\"potentialAction\":[{\"@type\":\"ReadAction\",\"target\":[\"https:\\\/\\\/badtunnor.se\\\/produkt\\\/badtunna-extern-varmekalla-1\\\/\"]}]},{\"@type\":\"ImageObject\",\"inLanguage\":\"en-US\",\"@id\":\"https:\\\/\\\/badtunnor.se\\\/produkt\\\/badtunna-extern-varmekalla-1\\\/#primaryimage\",\"url\":\"https:\\\/\\\/badtunnor.se\\\/wp-content\\\/uploads\\\/2023\\\/08\\\/badtunna-extern-varmekalla-4.jpg\",\"contentUrl\":\"https:\\\/\\\/badtunnor.se\\\/wp-content\\\/uploads\\\/2023\\\/08\\\/badtunna-extern-varmekalla-4.jpg\",\"width\":1125,\"height\":1125,\"caption\":\"Badtunna med extern v\u00e4rmek\u00e4lla - K\u00f6p online\"},{\"@type\":\"BreadcrumbList\",\"@id\":\"https:\\\/\\\/badtunnor.se\\\/produkt\\\/badtunna-extern-varmekalla-1\\\/#breadcrumb\",\"itemListElement\":[{\"@type\":\"ListItem\",\"position\":1,\"name\":\"Hem\",\"item\":\"https:\\\/\\\/badtunnor.se\\\/\"},{\"@type\":\"ListItem\",\"position\":2,\"name\":\"Webbutik\",\"item\":\"https:\\\/\\\/badtunnor.se\\\/butik\\\/\"},{\"@type\":\"ListItem\",\"position\":3,\"name\":\"Badtunna extern v\u00e4rmek\u00e4lla\"}]},{\"@type\":\"WebSite\",\"@id\":\"https:\\\/\\\/badtunnor.se\\\/#website\",\"url\":\"https:\\\/\\\/badtunnor.se\\\/\",\"name\":\"Sotarns Badtunnor\",\"description\":\"Svensktillverkade Vedeldade Badtunnor\",\"publisher\":{\"@id\":\"https:\\\/\\\/badtunnor.se\\\/#organization\"},\"potentialAction\":[{\"@type\":\"SearchAction\",\"target\":{\"@type\":\"EntryPoint\",\"urlTemplate\":\"https:\\\/\\\/badtunnor.se\\\/?s={search_term_string}\"},\"query-input\":{\"@type\":\"PropertyValueSpecification\",\"valueRequired\":true,\"valueName\":\"search_term_string\"}}],\"inLanguage\":\"en-US\"},{\"@type\":\"Organization\",\"@id\":\"https:\\\/\\\/badtunnor.se\\\/#organization\",\"name\":\"Sotarns Badtunnor\",\"url\":\"https:\\\/\\\/badtunnor.se\\\/\",\"logo\":{\"@type\":\"ImageObject\",\"inLanguage\":\"en-US\",\"@id\":\"https:\\\/\\\/badtunnor.se\\\/#\\\/schema\\\/logo\\\/image\\\/\",\"url\":\"https:\\\/\\\/badtunnor.se\\\/wp-content\\\/uploads\\\/2022\\\/12\\\/sotarns_logo-morkgron-scaled.png\",\"contentUrl\":\"https:\\\/\\\/badtunnor.se\\\/wp-content\\\/uploads\\\/2022\\\/12\\\/sotarns_logo-morkgron-scaled.png\",\"width\":2560,\"height\":1260,\"caption\":\"Sotarns Badtunnor\"},\"image\":{\"@id\":\"https:\\\/\\\/badtunnor.se\\\/#\\\/schema\\\/logo\\\/image\\\/\"},\"sameAs\":[\"https:\\\/\\\/www.facebook.com\\\/SotarnsBadtunnor\\\/\"]}]}<\/script>\n<!-- \/ Yoast SEO plugin. -->","yoast_head_json":{"title":"Badtunna extern v\u00e4rmek\u00e4lla | Sotarns Badtunnor","robots":{"index":"index","follow":"follow","max-snippet":"max-snippet:-1","max-image-preview":"max-image-preview:large","max-video-preview":"max-video-preview:-1"},"canonical":"https:\/\/badtunnor.se\/en\/product\/badtunna-extern-varmekalla-1\/","og_locale":"en_US","og_type":"article","og_title":"Badtunna extern v\u00e4rmek\u00e4lla | Sotarns Badtunnor","og_description":"&nbsp;    Det h\u00e4r ing\u00e5r: Ordinarie pris H\u00f6st-pris     Badtunna extern v\u00e4rmek\u00e4lla 26495:- 26495:-   H\u00e5rt lock 5000:- \u00a00:-   Rf-v\u00e4rmeskydd 1800:- \u00a00:-   Rf-r\u00f6r 1200:- \u00a00:-   Rf-gnistskydd 1000:- 0:-    Du sparar 5500:-  &nbsp; Att bada badtunna \u00e4r ett intimt och trevligt s\u00e4tt att umg\u00e5s \u2013 m\u00e5nga blir sittandes i flera timmar. Att ha kamin utanf\u00f6r badtunnan ger mer plats i tunnan. Badtunnan rymmer bekv\u00e4mt n\u00e4stan lika m\u00e5nga som i v\u00e5r stora modell 2 m. Skillnaden \u00e4r att det g\u00e5r \u00e5t 500 liter mindre vatten. Det g\u00e5r \u00e4ven att ha kaminen en bit fr\u00e5n badtunnan och det kan vara viktigt om badtunnan st\u00e5r n\u00e4ra ett hus. Sj\u00e4lvklart vill vi \u00e4ven h\u00e4r ha marknadens b\u00e4sta badtunna och kamin. Enkel \u2013 l\u00e4ttsk\u00f6tt - elegant    &nbsp;    &nbsp;  Sk\u00f6tselr\u00e5d badtunna Extern","og_url":"https:\/\/badtunnor.se\/en\/product\/badtunna-extern-varmekalla-1\/","og_site_name":"Sotarns Badtunnor","article_publisher":"https:\/\/www.facebook.com\/SotarnsBadtunnor\/","article_modified_time":"2026-03-25T07:31:56+00:00","og_image":[{"width":1125,"height":1125,"url":"https:\/\/badtunnor.se\/wp-content\/uploads\/2023\/08\/badtunna-extern-varmekalla-4.jpg","type":"image\/jpeg"}],"twitter_card":"summary_large_image","twitter_misc":{"Est. reading time":"5 minutes"},"schema":{"@context":"https:\/\/schema.org","@graph":[{"@type":"WebPage","@id":"https:\/\/badtunnor.se\/produkt\/badtunna-extern-varmekalla-1\/","url":"https:\/\/badtunnor.se\/produkt\/badtunna-extern-varmekalla-1\/","name":"Badtunna extern v\u00e4rmek\u00e4lla | Sotarns Badtunnor","isPartOf":{"@id":"https:\/\/badtunnor.se\/#website"},"primaryImageOfPage":{"@id":"https:\/\/badtunnor.se\/produkt\/badtunna-extern-varmekalla-1\/#primaryimage"},"image":{"@id":"https:\/\/badtunnor.se\/produkt\/badtunna-extern-varmekalla-1\/#primaryimage"},"thumbnailUrl":"https:\/\/badtunnor.se\/wp-content\/uploads\/2023\/08\/badtunna-extern-varmekalla-4.jpg","datePublished":"2023-08-31T13:53:26+00:00","dateModified":"2026-03-25T07:31:56+00:00","breadcrumb":{"@id":"https:\/\/badtunnor.se\/produkt\/badtunna-extern-varmekalla-1\/#breadcrumb"},"inLanguage":"en-US","potentialAction":[{"@type":"ReadAction","target":["https:\/\/badtunnor.se\/produkt\/badtunna-extern-varmekalla-1\/"]}]},{"@type":"ImageObject","inLanguage":"en-US","@id":"https:\/\/badtunnor.se\/produkt\/badtunna-extern-varmekalla-1\/#primaryimage","url":"https:\/\/badtunnor.se\/wp-content\/uploads\/2023\/08\/badtunna-extern-varmekalla-4.jpg","contentUrl":"https:\/\/badtunnor.se\/wp-content\/uploads\/2023\/08\/badtunna-extern-varmekalla-4.jpg","width":1125,"height":1125,"caption":"Badtunna med extern v\u00e4rmek\u00e4lla - K\u00f6p online"},{"@type":"BreadcrumbList","@id":"https:\/\/badtunnor.se\/produkt\/badtunna-extern-varmekalla-1\/#breadcrumb","itemListElement":[{"@type":"ListItem","position":1,"name":"Hem","item":"https:\/\/badtunnor.se\/"},{"@type":"ListItem","position":2,"name":"Webbutik","item":"https:\/\/badtunnor.se\/butik\/"},{"@type":"ListItem","position":3,"name":"Badtunna extern v\u00e4rmek\u00e4lla"}]},{"@type":"WebSite","@id":"https:\/\/badtunnor.se\/#website","url":"https:\/\/badtunnor.se\/","name":"Sotarns Badtunnor","description":"Svensktillverkade Vedeldade Badtunnor","publisher":{"@id":"https:\/\/badtunnor.se\/#organization"},"potentialAction":[{"@type":"SearchAction","target":{"@type":"EntryPoint","urlTemplate":"https:\/\/badtunnor.se\/?s={search_term_string}"},"query-input":{"@type":"PropertyValueSpecification","valueRequired":true,"valueName":"search_term_string"}}],"inLanguage":"en-US"},{"@type":"Organization","@id":"https:\/\/badtunnor.se\/#organization","name":"Sotarns Badtunnor","url":"https:\/\/badtunnor.se\/","logo":{"@type":"ImageObject","inLanguage":"en-US","@id":"https:\/\/badtunnor.se\/#\/schema\/logo\/image\/","url":"https:\/\/badtunnor.se\/wp-content\/uploads\/2022\/12\/sotarns_logo-morkgron-scaled.png","contentUrl":"https:\/\/badtunnor.se\/wp-content\/uploads\/2022\/12\/sotarns_logo-morkgron-scaled.png","width":2560,"height":1260,"caption":"Sotarns Badtunnor"},"image":{"@id":"https:\/\/badtunnor.se\/#\/schema\/logo\/image\/"},"sameAs":["https:\/\/www.facebook.com\/SotarnsBadtunnor\/"]}]}},"_links":{"self":[{"href":"https:\/\/badtunnor.se\/en\/wp-json\/wp\/v2\/product\/22269","targetHints":{"allow":["GET"]}}],"collection":[{"href":"https:\/\/badtunnor.se\/en\/wp-json\/wp\/v2\/product"}],"about":[{"href":"https:\/\/badtunnor.se\/en\/wp-json\/wp\/v2\/types\/product"}],"version-history":[{"count":26,"href":"https:\/\/badtunnor.se\/en\/wp-json\/wp\/v2\/product\/22269\/revisions"}],"predecessor-version":[{"id":23487,"href":"https:\/\/badtunnor.se\/en\/wp-json\/wp\/v2\/product\/22269\/revisions\/23487"}],"wp:featuredmedia":[{"embeddable":true,"href":"https:\/\/badtunnor.se\/en\/wp-json\/wp\/v2\/media\/22871"}],"wp:attachment":[{"href":"https:\/\/badtunnor.se\/en\/wp-json\/wp\/v2\/media?parent=22269"}],"wp:term":[{"taxonomy":"product_brand","embeddable":true,"href":"https:\/\/badtunnor.se\/en\/wp-json\/wp\/v2\/product_brand?post=22269"},{"taxonomy":"product_cat","embeddable":true,"href":"https:\/\/badtunnor.se\/en\/wp-json\/wp\/v2\/product_cat?post=22269"},{"taxonomy":"product_tag","embeddable":true,"href":"https:\/\/badtunnor.se\/en\/wp-json\/wp\/v2\/product_tag?post=22269"}],"curies":[{"name":"wp","href":"https:\/\/api.w.org\/{rel}","templated":true}]}}