{"id":21397,"date":"2022-12-15T08:51:07","date_gmt":"2022-12-15T07:51:07","guid":{"rendered":"http:\/\/badtunnor.se\/?post_type=product&#038;p=21397"},"modified":"2025-09-22T10:48:13","modified_gmt":"2025-09-22T08:48:13","slug":"badtunna-med-insats-18-m-mindre-defekt","status":"publish","type":"product","link":"https:\/\/badtunnor.se\/en\/product\/badtunna-med-insats-18-m-mindre-defekt\/","title":{"rendered":"Hot tub with insert 1.8 m - minor defect"},"content":{"rendered":"<div data-elementor-type=\"product-post\" data-elementor-id=\"21397\" class=\"elementor elementor-21397\" data-elementor-post-type=\"product\">\n\t\t\t\t\t\t<section class=\"elementor-section elementor-top-section elementor-element elementor-element-93961fb elementor-section-boxed elementor-section-height-default elementor-section-height-default\" data-id=\"93961fb\" data-element_type=\"section\" data-e-type=\"section\">\n\t\t\t\t\t\t<div class=\"elementor-container elementor-column-gap-default\">\n\t\t\t\t\t<div class=\"elementor-column elementor-col-100 elementor-top-column elementor-element elementor-element-32bb73c\" data-id=\"32bb73c\" data-element_type=\"column\" data-e-type=\"column\">\n\t\t\t<div class=\"elementor-widget-wrap elementor-element-populated\">\n\t\t\t\t\t\t<section class=\"elementor-section elementor-inner-section elementor-element elementor-element-3c43c73 elementor-section-content-middle elementor-section-boxed elementor-section-height-default elementor-section-height-default\" data-id=\"3c43c73\" data-element_type=\"section\" data-e-type=\"section\">\n\t\t\t\t\t\t<div class=\"elementor-container elementor-column-gap-wider\">\n\t\t\t\t\t<div class=\"elementor-column elementor-col-50 elementor-inner-column elementor-element elementor-element-4711b55\" data-id=\"4711b55\" data-element_type=\"column\" data-e-type=\"column\">\n\t\t\t<div class=\"elementor-widget-wrap elementor-element-populated\">\n\t\t\t\t\t\t<div class=\"elementor-element elementor-element-84245ea elementor-widget elementor-widget-text-editor\" data-id=\"84245ea\" data-element_type=\"widget\" data-e-type=\"widget\" data-widget_type=\"text-editor.default\">\n\t\t\t\t<div class=\"elementor-widget-container\">\n\t\t\t\t\t\t\t\t\t<h2>Product info:<\/h2><ul><li>Outer diameter of the hot tub: 1.87 m<\/li><li>Outer diameter with rim: 2.04 m<\/li><li>Inner diameter: 1.8 m<\/li><li>Height with rim and bottom logs: 0.95 m<\/li><li>Length of bottom log in the middle: 1.76 meters<\/li><li>Length of the side rails: 1.12 meters.<\/li><li>Distance between the logs: 0.66 m<\/li><li>Depth with rim: 0.82 m<\/li><li>Seat depth: 0.67 m<\/li><li>Bench height: 0.15 m<\/li><li>Weight: 180 kg<\/li><li>Water consumption: approximately 1,500 liters<\/li><\/ul><h4>\u00a0<\/h4>\t\t\t\t\t\t\t\t<\/div>\n\t\t\t\t<\/div>\n\t\t\t\t\t<\/div>\n\t\t<\/div>\n\t\t\t\t<div class=\"elementor-column elementor-col-50 elementor-inner-column elementor-element elementor-element-aee5c19\" data-id=\"aee5c19\" data-element_type=\"column\" data-e-type=\"column\">\n\t\t\t<div class=\"elementor-widget-wrap elementor-element-populated\">\n\t\t\t\t\t\t<div class=\"elementor-element elementor-element-bf27f3e elementor-widget elementor-widget-image\" data-id=\"bf27f3e\" data-element_type=\"widget\" data-e-type=\"widget\" data-widget_type=\"image.default\">\n\t\t\t\t<div class=\"elementor-widget-container\">\n\t\t\t\t\t\t\t\t\t\t\t\t\t\t\t<img fetchpriority=\"high\" decoding=\"async\" width=\"300\" height=\"206\" src=\"https:\/\/badtunnor.se\/wp-content\/uploads\/2019\/05\/images_badtunna-tra_badtunna-tra-1-6-matt-300x206-1.jpg\" class=\"attachment-large size-large wp-image-11022\" alt=\"\" \/>\t\t\t\t\t\t\t\t\t\t\t\t\t\t\t<\/div>\n\t\t\t\t<\/div>\n\t\t\t\t\t<\/div>\n\t\t<\/div>\n\t\t\t\t\t<\/div>\n\t\t<\/section>\n\t\t\t\t<section class=\"elementor-section elementor-inner-section elementor-element elementor-element-6fb5fba elementor-section-content-middle elementor-section-boxed elementor-section-height-default elementor-section-height-default\" data-id=\"6fb5fba\" data-element_type=\"section\" data-e-type=\"section\">\n\t\t\t\t\t\t<div class=\"elementor-container elementor-column-gap-wider\">\n\t\t\t\t\t<div class=\"elementor-column elementor-col-50 elementor-inner-column elementor-element elementor-element-b88d2b8\" data-id=\"b88d2b8\" data-element_type=\"column\" data-e-type=\"column\">\n\t\t\t<div class=\"elementor-widget-wrap elementor-element-populated\">\n\t\t\t\t\t\t<div class=\"elementor-element elementor-element-c877814 elementor-widget elementor-widget-image\" data-id=\"c877814\" data-element_type=\"widget\" data-e-type=\"widget\" data-widget_type=\"image.default\">\n\t\t\t\t<div class=\"elementor-widget-container\">\n\t\t\t\t\t\t\t\t\t\t\t\t\t\t\t<img decoding=\"async\" width=\"677\" height=\"676\" src=\"https:\/\/badtunnor.se\/wp-content\/uploads\/2019\/05\/images_nya-plastinsats_nya-badtunna-plast-inuti-1-8.jpg\" class=\"attachment-large size-large wp-image-416\" alt=\"\" srcset=\"https:\/\/badtunnor.se\/wp-content\/uploads\/2019\/05\/images_nya-plastinsats_nya-badtunna-plast-inuti-1-8.jpg 677w, https:\/\/badtunnor.se\/wp-content\/uploads\/2019\/05\/images_nya-plastinsats_nya-badtunna-plast-inuti-1-8-400x400.jpg 400w, https:\/\/badtunnor.se\/wp-content\/uploads\/2019\/05\/images_nya-plastinsats_nya-badtunna-plast-inuti-1-8-100x100.jpg 100w, https:\/\/badtunnor.se\/wp-content\/uploads\/2019\/05\/images_nya-plastinsats_nya-badtunna-plast-inuti-1-8-600x599.jpg 600w, https:\/\/badtunnor.se\/wp-content\/uploads\/2019\/05\/images_nya-plastinsats_nya-badtunna-plast-inuti-1-8-150x150.jpg 150w, https:\/\/badtunnor.se\/wp-content\/uploads\/2019\/05\/images_nya-plastinsats_nya-badtunna-plast-inuti-1-8-300x300.jpg 300w\" sizes=\"(max-width: 677px) 100vw, 677px\" \/>\t\t\t\t\t\t\t\t\t\t\t\t\t\t\t<\/div>\n\t\t\t\t<\/div>\n\t\t\t\t\t<\/div>\n\t\t<\/div>\n\t\t\t\t<div class=\"elementor-column elementor-col-50 elementor-inner-column elementor-element elementor-element-adbc147\" data-id=\"adbc147\" data-element_type=\"column\" data-e-type=\"column\">\n\t\t\t<div class=\"elementor-widget-wrap elementor-element-populated\">\n\t\t\t\t\t\t<div class=\"elementor-element elementor-element-d17d2a2 elementor-widget elementor-widget-text-editor\" data-id=\"d17d2a2\" data-element_type=\"widget\" data-e-type=\"widget\" data-widget_type=\"text-editor.default\">\n\t\t\t\t<div class=\"elementor-widget-container\">\n\t\t\t\t\t\t\t\t\t<h2>The insert<\/h2><p>Our bestseller plastic hot tub with a length of 1.8 meters has received a new type of HD-PE plastic liner. With the new liner, we can meet the demand for the hot tub without compromising on quality. Our new liner provides:<\/p><ul><li>Quicker production<\/li><li>Less inventory holding<\/li><li>More impact-resistant insert results in less transportation damage.<\/li><li>Less weight gives easier handling<\/li><li>Manufacturing in a factory provides cheaper shipping<\/li><li>Environmentally friendly<\/li><\/ul><div class=\"mceTemp\">\u00a0<\/div>\t\t\t\t\t\t\t\t<\/div>\n\t\t\t\t<\/div>\n\t\t\t\t\t<\/div>\n\t\t<\/div>\n\t\t\t\t\t<\/div>\n\t\t<\/section>\n\t\t\t\t<section class=\"elementor-section elementor-inner-section elementor-element elementor-element-f209b5c elementor-section-content-middle elementor-section-boxed elementor-section-height-default elementor-section-height-default\" data-id=\"f209b5c\" data-element_type=\"section\" data-e-type=\"section\">\n\t\t\t\t\t\t<div class=\"elementor-container elementor-column-gap-wider\">\n\t\t\t\t\t<div class=\"elementor-column elementor-col-50 elementor-inner-column elementor-element elementor-element-a6e2dd6\" data-id=\"a6e2dd6\" data-element_type=\"column\" data-e-type=\"column\">\n\t\t\t<div class=\"elementor-widget-wrap elementor-element-populated\">\n\t\t\t\t\t\t<div class=\"elementor-element elementor-element-9cc6f07 elementor-widget elementor-widget-text-editor\" data-id=\"9cc6f07\" data-element_type=\"widget\" data-e-type=\"widget\" data-widget_type=\"text-editor.default\">\n\t\t\t\t<div class=\"elementor-widget-container\">\n\t\t\t\t\t\t\t\t\t<div class=\"mceTemp\">&nbsp;<\/div>\n<h3 style=\"font-style: normal;\">Real wooden barrel with bottom and walls in 36 mm Northern late-grown spruce<\/h3>\n<p>With a proper wooden tub around the insert, there is an air gap between the wood and the insert that creates a \"thermos effect\" which makes the tub heat up faster and stay warm longer.<\/p>\n<p>We think the most important thing is that the hot tub has a real bottom. It has many advantages to:<\/p>\n<ul>\n<li>This avoids ground cold and moisture from below<\/li>\n<li>Rats and vermin do not build nests in the bottom of the barrel<\/li>\n<li>The hot tub is ready to display and use<\/li>\n<\/ul>\n<p><strong>Sotarns&nbsp; Badtunnor AB<\/strong><\/p>\t\t\t\t\t\t\t\t<\/div>\n\t\t\t\t<\/div>\n\t\t\t\t\t<\/div>\n\t\t<\/div>\n\t\t\t\t<div class=\"elementor-column elementor-col-50 elementor-inner-column elementor-element elementor-element-138f3bf\" data-id=\"138f3bf\" data-element_type=\"column\" data-e-type=\"column\">\n\t\t\t<div class=\"elementor-widget-wrap elementor-element-populated\">\n\t\t\t\t\t\t<div class=\"elementor-element elementor-element-045e43c elementor-widget elementor-widget-image\" data-id=\"045e43c\" data-element_type=\"widget\" data-e-type=\"widget\" data-widget_type=\"image.default\">\n\t\t\t\t<div class=\"elementor-widget-container\">\n\t\t\t\t\t\t\t\t\t\t\t\t\t\t\t<img decoding=\"async\" width=\"969\" height=\"1024\" src=\"https:\/\/badtunnor.se\/wp-content\/uploads\/2019\/05\/plast_2-969x1024.jpg\" class=\"attachment-large size-large wp-image-134\" alt=\"\" srcset=\"https:\/\/badtunnor.se\/wp-content\/uploads\/2019\/05\/plast_2-969x1024.jpg 969w, https:\/\/badtunnor.se\/wp-content\/uploads\/2019\/05\/plast_2-600x634.jpg 600w, https:\/\/badtunnor.se\/wp-content\/uploads\/2019\/05\/plast_2-284x300.jpg 284w, https:\/\/badtunnor.se\/wp-content\/uploads\/2019\/05\/plast_2-768x812.jpg 768w, https:\/\/badtunnor.se\/wp-content\/uploads\/2019\/05\/plast_2-e1557175574947.jpg 1024w\" sizes=\"(max-width: 969px) 100vw, 969px\" \/>\t\t\t\t\t\t\t\t\t\t\t\t\t\t\t<\/div>\n\t\t\t\t<\/div>\n\t\t\t\t\t<\/div>\n\t\t<\/div>\n\t\t\t\t\t<\/div>\n\t\t<\/section>\n\t\t\t\t\t<\/div>\n\t\t<\/div>\n\t\t\t\t\t<\/div>\n\t\t<\/section>\n\t\t\t\t<\/div>","protected":false},"excerpt":{"rendered":"<p>Hot tub with insert for the true pleasure-seeker - with a minor defect (see image). This type of hot tub requires minimal work, leaving plenty of time to truly enjoy the hot tub experience. The insert is placed in a real wooden tub, providing a beautiful appearance, and the hot tub is ready to use as soon as you have it delivered.<\/p>\n<p>With an insert, the hot tub is always ready to use, It uses less water, heats up faster, easy to maintain, easy to clean and much longer lasting.<\/p>\n<h2><\/h2>\n<h4>Fast heating, high combustion temperature and no smoke<\/h4>\n<p>Very important for a hot tub is that it must heat up quickly, otherwise it risks being left standing for no use. Our stove is made based on the knowledge available around modern wood burning. Our efficient stove is very popular with our customers and has a large part in us being so big in the market.<\/p>\n<p><span style=\"font-size: 16px;\"><br \/>\nThis product is available in a larger size 2.0 m: <\/span><br \/>\n<a style=\"font-size: 16px;\" href=\"http:\/\/badtunnor.se\/en\/product\/badtunna-med-insats-stor-eller-liten\/\">Link to Hot tub with insert 2.0<\/a><\/p>\n<p><span style=\"font-size: 16px;\">Click on the link below to see the Hot Tub Care Guide<\/span><br \/>\n<a href=\"http:\/\/badtunnor.se\/en\/skotselrad-badtunna-med-insats\/\">Hot tub with insert Care Guide<\/a><\/p>","protected":false},"featured_media":416,"template":"","meta":{"site-sidebar-layout":"default","site-content-layout":"default","ast-site-content-layout":"default","site-content-style":"default","site-sidebar-style":"default","ast-global-header-display":"","ast-banner-title-visibility":"","ast-main-header-display":"","ast-hfb-above-header-display":"","ast-hfb-below-header-display":"","ast-hfb-mobile-header-display":"","site-post-title":"","ast-breadcrumbs-content":"","ast-featured-img":"","footer-sml-layout":"","ast-disable-related-posts":"","theme-transparent-header-meta":"default","adv-header-id-meta":"","stick-header-meta":"default","header-above-stick-meta":"","header-main-stick-meta":"","header-below-stick-meta":"","astra-migrate-meta-layouts":"set","ast-page-background-enabled":"default","ast-page-background-meta":{"desktop":{"background-color":"var(--ast-global-color-4)","background-image":"","background-repeat":"repeat","background-position":"center center","background-size":"auto","background-attachment":"scroll","background-type":"","background-media":"","overlay-type":"","overlay-color":"","overlay-opacity":"","overlay-gradient":""},"tablet":{"background-color":"","background-image":"","background-repeat":"repeat","background-position":"center center","background-size":"auto","background-attachment":"scroll","background-type":"","background-media":"","overlay-type":"","overlay-color":"","overlay-opacity":"","overlay-gradient":""},"mobile":{"background-color":"","background-image":"","background-repeat":"repeat","background-position":"center center","background-size":"auto","background-attachment":"scroll","background-type":"","background-media":"","overlay-type":"","overlay-color":"","overlay-opacity":"","overlay-gradient":""}},"ast-content-background-meta":{"desktop":{"background-color":"var(--ast-global-color-5)","background-image":"","background-repeat":"repeat","background-position":"center center","background-size":"auto","background-attachment":"scroll","background-type":"","background-media":"","overlay-type":"","overlay-color":"","overlay-opacity":"","overlay-gradient":""},"tablet":{"background-color":"var(--ast-global-color-5)","background-image":"","background-repeat":"repeat","background-position":"center center","background-size":"auto","background-attachment":"scroll","background-type":"","background-media":"","overlay-type":"","overlay-color":"","overlay-opacity":"","overlay-gradient":""},"mobile":{"background-color":"var(--ast-global-color-5)","background-image":"","background-repeat":"repeat","background-position":"center center","background-size":"auto","background-attachment":"scroll","background-type":"","background-media":"","overlay-type":"","overlay-color":"","overlay-opacity":"","overlay-gradient":""}}},"product_brand":[],"product_cat":[55],"product_tag":[],"class_list":{"0":"post-21397","1":"product","2":"type-product","3":"status-publish","4":"has-post-thumbnail","6":"product_cat-outlet","7":"product_shipping_class-badtunna","8":"desktop-align-center","9":"tablet-align-center","10":"mobile-align-center","11":"ast-product-gallery-layout-vertical-slider","12":"ast-product-tabs-layout-horizontal","14":"first","15":"outofstock","16":"sale","17":"featured","18":"taxable","19":"shipping-taxable","20":"purchasable","21":"product-type-simple"},"yoast_head":"<!-- This site is optimized with the Yoast SEO plugin v27.3 - https:\/\/yoast.com\/product\/yoast-seo-wordpress\/ -->\n<title>Badtunna med insats 1,8 m - mindre defekt | Sotarns Badtunnor<\/title>\n<meta name=\"robots\" content=\"index, follow, max-snippet:-1, max-image-preview:large, max-video-preview:-1\" \/>\n<link rel=\"canonical\" href=\"https:\/\/badtunnor.se\/en\/product\/badtunna-med-insats-18-m-mindre-defekt\/\" \/>\n<meta property=\"og:locale\" content=\"en_US\" \/>\n<meta property=\"og:type\" content=\"article\" \/>\n<meta property=\"og:title\" content=\"Badtunna med insats 1,8 m - mindre defekt | Sotarns Badtunnor\" \/>\n<meta property=\"og:description\" content=\"Badtunna med insats f\u00f6r den verklige livsnjutaren - med en mindre defekt (se bild). Den h\u00e4r typen av badtunna kr\u00e4ver minimalt med arbete. Det blir tid \u00f6ver till att verkligen ha ett gott badliv. Insatsen \u00e4r placerad i en riktig tr\u00e4tunna. Det ger ett vackert utseende och badtunnan \u00e4r helt klar att anv\u00e4nda n\u00e4r du f\u00e5tt hem den.  Med insats \u00e4r badtunnan alltid klar att anv\u00e4nda, Det g\u00e5r \u00e5t mindre vatten, snabbare uppv\u00e4rmning, l\u00e4ttsk\u00f6tt, enkel att g\u00f6ra ren och mycket l\u00e4ngre h\u00e5llbarhet.  Snabb uppv\u00e4rmning, h\u00f6g f\u00f6rbr\u00e4nningstemperatur och ingen r\u00f6k Mycket viktigt f\u00f6r en badtunna \u00e4r att den m\u00e5ste bli varm snabbt, annars riskerar den att bli st\u00e5endes till ingen nytta. V\u00e5r kamin \u00e4r gjord utifr\u00e5n den kunskap som finns kring modern vedeldning. V\u00e5r effektiva kamin \u00e4r mycket omtyckt av v\u00e5ra kunder och har en stor del i att vi \u00e4r s\u00e5 stora p\u00e5 marknaden.   Denna produkt finns i en st\u00f6rre storlek 2,0 m:  L\u00e4nk till Badtunna med insats 2,0  Klicka p\u00e5 l\u00e4nken nedan f\u00f6r att ta del av sk\u00f6tselr\u00e5d Sk\u00f6tselr\u00e5d badtunna med insats\" \/>\n<meta property=\"og:url\" content=\"https:\/\/badtunnor.se\/en\/product\/badtunna-med-insats-18-m-mindre-defekt\/\" \/>\n<meta property=\"og:site_name\" content=\"Sotarns Badtunnor\" \/>\n<meta property=\"article:publisher\" content=\"https:\/\/www.facebook.com\/SotarnsBadtunnor\/\" \/>\n<meta property=\"article:modified_time\" content=\"2025-09-22T08:48:13+00:00\" \/>\n<meta property=\"og:image\" content=\"https:\/\/badtunnor.se\/wp-content\/uploads\/2019\/05\/images_nya-plastinsats_nya-badtunna-plast-inuti-1-8.jpg\" \/>\n\t<meta property=\"og:image:width\" content=\"677\" \/>\n\t<meta property=\"og:image:height\" content=\"676\" \/>\n\t<meta property=\"og:image:type\" content=\"image\/jpeg\" \/>\n<meta name=\"twitter:card\" content=\"summary_large_image\" \/>\n<meta name=\"twitter:label1\" content=\"Est. reading time\" \/>\n\t<meta name=\"twitter:data1\" content=\"2 minutes\" \/>\n<script type=\"application\/ld+json\" class=\"yoast-schema-graph\">{\"@context\":\"https:\\\/\\\/schema.org\",\"@graph\":[{\"@type\":\"WebPage\",\"@id\":\"https:\\\/\\\/badtunnor.se\\\/produkt\\\/badtunna-med-insats-18-m-mindre-defekt\\\/\",\"url\":\"https:\\\/\\\/badtunnor.se\\\/produkt\\\/badtunna-med-insats-18-m-mindre-defekt\\\/\",\"name\":\"Badtunna med insats 1,8 m - mindre defekt | Sotarns Badtunnor\",\"isPartOf\":{\"@id\":\"https:\\\/\\\/badtunnor.se\\\/#website\"},\"primaryImageOfPage\":{\"@id\":\"https:\\\/\\\/badtunnor.se\\\/produkt\\\/badtunna-med-insats-18-m-mindre-defekt\\\/#primaryimage\"},\"image\":{\"@id\":\"https:\\\/\\\/badtunnor.se\\\/produkt\\\/badtunna-med-insats-18-m-mindre-defekt\\\/#primaryimage\"},\"thumbnailUrl\":\"https:\\\/\\\/badtunnor.se\\\/wp-content\\\/uploads\\\/2019\\\/05\\\/images_nya-plastinsats_nya-badtunna-plast-inuti-1-8.jpg\",\"datePublished\":\"2022-12-15T07:51:07+00:00\",\"dateModified\":\"2025-09-22T08:48:13+00:00\",\"breadcrumb\":{\"@id\":\"https:\\\/\\\/badtunnor.se\\\/produkt\\\/badtunna-med-insats-18-m-mindre-defekt\\\/#breadcrumb\"},\"inLanguage\":\"en-US\",\"potentialAction\":[{\"@type\":\"ReadAction\",\"target\":[\"https:\\\/\\\/badtunnor.se\\\/produkt\\\/badtunna-med-insats-18-m-mindre-defekt\\\/\"]}]},{\"@type\":\"ImageObject\",\"inLanguage\":\"en-US\",\"@id\":\"https:\\\/\\\/badtunnor.se\\\/produkt\\\/badtunna-med-insats-18-m-mindre-defekt\\\/#primaryimage\",\"url\":\"https:\\\/\\\/badtunnor.se\\\/wp-content\\\/uploads\\\/2019\\\/05\\\/images_nya-plastinsats_nya-badtunna-plast-inuti-1-8.jpg\",\"contentUrl\":\"https:\\\/\\\/badtunnor.se\\\/wp-content\\\/uploads\\\/2019\\\/05\\\/images_nya-plastinsats_nya-badtunna-plast-inuti-1-8.jpg\",\"width\":677,\"height\":676},{\"@type\":\"BreadcrumbList\",\"@id\":\"https:\\\/\\\/badtunnor.se\\\/produkt\\\/badtunna-med-insats-18-m-mindre-defekt\\\/#breadcrumb\",\"itemListElement\":[{\"@type\":\"ListItem\",\"position\":1,\"name\":\"Hem\",\"item\":\"https:\\\/\\\/badtunnor.se\\\/\"},{\"@type\":\"ListItem\",\"position\":2,\"name\":\"Webbutik\",\"item\":\"https:\\\/\\\/badtunnor.se\\\/butik\\\/\"},{\"@type\":\"ListItem\",\"position\":3,\"name\":\"Badtunna med insats 1,8 m &#8211; mindre defekt\"}]},{\"@type\":\"WebSite\",\"@id\":\"https:\\\/\\\/badtunnor.se\\\/#website\",\"url\":\"https:\\\/\\\/badtunnor.se\\\/\",\"name\":\"Sotarns Badtunnor\",\"description\":\"Svensktillverkade Vedeldade Badtunnor\",\"publisher\":{\"@id\":\"https:\\\/\\\/badtunnor.se\\\/#organization\"},\"potentialAction\":[{\"@type\":\"SearchAction\",\"target\":{\"@type\":\"EntryPoint\",\"urlTemplate\":\"https:\\\/\\\/badtunnor.se\\\/?s={search_term_string}\"},\"query-input\":{\"@type\":\"PropertyValueSpecification\",\"valueRequired\":true,\"valueName\":\"search_term_string\"}}],\"inLanguage\":\"en-US\"},{\"@type\":\"Organization\",\"@id\":\"https:\\\/\\\/badtunnor.se\\\/#organization\",\"name\":\"Sotarns Badtunnor\",\"url\":\"https:\\\/\\\/badtunnor.se\\\/\",\"logo\":{\"@type\":\"ImageObject\",\"inLanguage\":\"en-US\",\"@id\":\"https:\\\/\\\/badtunnor.se\\\/#\\\/schema\\\/logo\\\/image\\\/\",\"url\":\"https:\\\/\\\/badtunnor.se\\\/wp-content\\\/uploads\\\/2022\\\/12\\\/sotarns_logo-morkgron-scaled.png\",\"contentUrl\":\"https:\\\/\\\/badtunnor.se\\\/wp-content\\\/uploads\\\/2022\\\/12\\\/sotarns_logo-morkgron-scaled.png\",\"width\":2560,\"height\":1260,\"caption\":\"Sotarns Badtunnor\"},\"image\":{\"@id\":\"https:\\\/\\\/badtunnor.se\\\/#\\\/schema\\\/logo\\\/image\\\/\"},\"sameAs\":[\"https:\\\/\\\/www.facebook.com\\\/SotarnsBadtunnor\\\/\"]}]}<\/script>\n<!-- \/ Yoast SEO plugin. -->","yoast_head_json":{"title":"Badtunna med insats 1,8 m - mindre defekt | Sotarns Badtunnor","robots":{"index":"index","follow":"follow","max-snippet":"max-snippet:-1","max-image-preview":"max-image-preview:large","max-video-preview":"max-video-preview:-1"},"canonical":"https:\/\/badtunnor.se\/en\/product\/badtunna-med-insats-18-m-mindre-defekt\/","og_locale":"en_US","og_type":"article","og_title":"Badtunna med insats 1,8 m - mindre defekt | Sotarns Badtunnor","og_description":"Badtunna med insats f\u00f6r den verklige livsnjutaren - med en mindre defekt (se bild). Den h\u00e4r typen av badtunna kr\u00e4ver minimalt med arbete. Det blir tid \u00f6ver till att verkligen ha ett gott badliv. Insatsen \u00e4r placerad i en riktig tr\u00e4tunna. Det ger ett vackert utseende och badtunnan \u00e4r helt klar att anv\u00e4nda n\u00e4r du f\u00e5tt hem den.  Med insats \u00e4r badtunnan alltid klar att anv\u00e4nda, Det g\u00e5r \u00e5t mindre vatten, snabbare uppv\u00e4rmning, l\u00e4ttsk\u00f6tt, enkel att g\u00f6ra ren och mycket l\u00e4ngre h\u00e5llbarhet.  Snabb uppv\u00e4rmning, h\u00f6g f\u00f6rbr\u00e4nningstemperatur och ingen r\u00f6k Mycket viktigt f\u00f6r en badtunna \u00e4r att den m\u00e5ste bli varm snabbt, annars riskerar den att bli st\u00e5endes till ingen nytta. V\u00e5r kamin \u00e4r gjord utifr\u00e5n den kunskap som finns kring modern vedeldning. V\u00e5r effektiva kamin \u00e4r mycket omtyckt av v\u00e5ra kunder och har en stor del i att vi \u00e4r s\u00e5 stora p\u00e5 marknaden.   Denna produkt finns i en st\u00f6rre storlek 2,0 m:  L\u00e4nk till Badtunna med insats 2,0  Klicka p\u00e5 l\u00e4nken nedan f\u00f6r att ta del av sk\u00f6tselr\u00e5d Sk\u00f6tselr\u00e5d badtunna med insats","og_url":"https:\/\/badtunnor.se\/en\/product\/badtunna-med-insats-18-m-mindre-defekt\/","og_site_name":"Sotarns Badtunnor","article_publisher":"https:\/\/www.facebook.com\/SotarnsBadtunnor\/","article_modified_time":"2025-09-22T08:48:13+00:00","og_image":[{"width":677,"height":676,"url":"https:\/\/badtunnor.se\/wp-content\/uploads\/2019\/05\/images_nya-plastinsats_nya-badtunna-plast-inuti-1-8.jpg","type":"image\/jpeg"}],"twitter_card":"summary_large_image","twitter_misc":{"Est. reading time":"2 minutes"},"schema":{"@context":"https:\/\/schema.org","@graph":[{"@type":"WebPage","@id":"https:\/\/badtunnor.se\/produkt\/badtunna-med-insats-18-m-mindre-defekt\/","url":"https:\/\/badtunnor.se\/produkt\/badtunna-med-insats-18-m-mindre-defekt\/","name":"Badtunna med insats 1,8 m - mindre defekt | Sotarns Badtunnor","isPartOf":{"@id":"https:\/\/badtunnor.se\/#website"},"primaryImageOfPage":{"@id":"https:\/\/badtunnor.se\/produkt\/badtunna-med-insats-18-m-mindre-defekt\/#primaryimage"},"image":{"@id":"https:\/\/badtunnor.se\/produkt\/badtunna-med-insats-18-m-mindre-defekt\/#primaryimage"},"thumbnailUrl":"https:\/\/badtunnor.se\/wp-content\/uploads\/2019\/05\/images_nya-plastinsats_nya-badtunna-plast-inuti-1-8.jpg","datePublished":"2022-12-15T07:51:07+00:00","dateModified":"2025-09-22T08:48:13+00:00","breadcrumb":{"@id":"https:\/\/badtunnor.se\/produkt\/badtunna-med-insats-18-m-mindre-defekt\/#breadcrumb"},"inLanguage":"en-US","potentialAction":[{"@type":"ReadAction","target":["https:\/\/badtunnor.se\/produkt\/badtunna-med-insats-18-m-mindre-defekt\/"]}]},{"@type":"ImageObject","inLanguage":"en-US","@id":"https:\/\/badtunnor.se\/produkt\/badtunna-med-insats-18-m-mindre-defekt\/#primaryimage","url":"https:\/\/badtunnor.se\/wp-content\/uploads\/2019\/05\/images_nya-plastinsats_nya-badtunna-plast-inuti-1-8.jpg","contentUrl":"https:\/\/badtunnor.se\/wp-content\/uploads\/2019\/05\/images_nya-plastinsats_nya-badtunna-plast-inuti-1-8.jpg","width":677,"height":676},{"@type":"BreadcrumbList","@id":"https:\/\/badtunnor.se\/produkt\/badtunna-med-insats-18-m-mindre-defekt\/#breadcrumb","itemListElement":[{"@type":"ListItem","position":1,"name":"Hem","item":"https:\/\/badtunnor.se\/"},{"@type":"ListItem","position":2,"name":"Webbutik","item":"https:\/\/badtunnor.se\/butik\/"},{"@type":"ListItem","position":3,"name":"Badtunna med insats 1,8 m &#8211; mindre defekt"}]},{"@type":"WebSite","@id":"https:\/\/badtunnor.se\/#website","url":"https:\/\/badtunnor.se\/","name":"Sotarns Badtunnor","description":"Svensktillverkade Vedeldade Badtunnor","publisher":{"@id":"https:\/\/badtunnor.se\/#organization"},"potentialAction":[{"@type":"SearchAction","target":{"@type":"EntryPoint","urlTemplate":"https:\/\/badtunnor.se\/?s={search_term_string}"},"query-input":{"@type":"PropertyValueSpecification","valueRequired":true,"valueName":"search_term_string"}}],"inLanguage":"en-US"},{"@type":"Organization","@id":"https:\/\/badtunnor.se\/#organization","name":"Sotarns Badtunnor","url":"https:\/\/badtunnor.se\/","logo":{"@type":"ImageObject","inLanguage":"en-US","@id":"https:\/\/badtunnor.se\/#\/schema\/logo\/image\/","url":"https:\/\/badtunnor.se\/wp-content\/uploads\/2022\/12\/sotarns_logo-morkgron-scaled.png","contentUrl":"https:\/\/badtunnor.se\/wp-content\/uploads\/2022\/12\/sotarns_logo-morkgron-scaled.png","width":2560,"height":1260,"caption":"Sotarns Badtunnor"},"image":{"@id":"https:\/\/badtunnor.se\/#\/schema\/logo\/image\/"},"sameAs":["https:\/\/www.facebook.com\/SotarnsBadtunnor\/"]}]}},"_links":{"self":[{"href":"https:\/\/badtunnor.se\/en\/wp-json\/wp\/v2\/product\/21397","targetHints":{"allow":["GET"]}}],"collection":[{"href":"https:\/\/badtunnor.se\/en\/wp-json\/wp\/v2\/product"}],"about":[{"href":"https:\/\/badtunnor.se\/en\/wp-json\/wp\/v2\/types\/product"}],"version-history":[{"count":1,"href":"https:\/\/badtunnor.se\/en\/wp-json\/wp\/v2\/product\/21397\/revisions"}],"predecessor-version":[{"id":21399,"href":"https:\/\/badtunnor.se\/en\/wp-json\/wp\/v2\/product\/21397\/revisions\/21399"}],"wp:featuredmedia":[{"embeddable":true,"href":"https:\/\/badtunnor.se\/en\/wp-json\/wp\/v2\/media\/416"}],"wp:attachment":[{"href":"https:\/\/badtunnor.se\/en\/wp-json\/wp\/v2\/media?parent=21397"}],"wp:term":[{"taxonomy":"product_brand","embeddable":true,"href":"https:\/\/badtunnor.se\/en\/wp-json\/wp\/v2\/product_brand?post=21397"},{"taxonomy":"product_cat","embeddable":true,"href":"https:\/\/badtunnor.se\/en\/wp-json\/wp\/v2\/product_cat?post=21397"},{"taxonomy":"product_tag","embeddable":true,"href":"https:\/\/badtunnor.se\/en\/wp-json\/wp\/v2\/product_tag?post=21397"}],"curies":[{"name":"wp","href":"https:\/\/api.w.org\/{rel}","templated":true}]}}