{"id":189,"date":"2019-05-09T22:01:46","date_gmt":"2019-05-09T20:01:46","guid":{"rendered":"https:\/\/www.webjuristen.se\/?post_type=product&#038;p=189"},"modified":"2024-03-21T14:08:05","modified_gmt":"2024-03-21T13:08:05","slug":"badtunna-tra","status":"publish","type":"product","link":"https:\/\/badtunnor.se\/en\/product\/badtunna-tra\/","title":{"rendered":"Wooden Hot Tub"},"content":{"rendered":"<div data-elementor-type=\"product-post\" data-elementor-id=\"189\" class=\"elementor elementor-189\" data-elementor-post-type=\"product\">\n\t\t\t\t\t\t<section class=\"elementor-section elementor-top-section elementor-element elementor-element-575daf38 elementor-section-boxed elementor-section-height-default elementor-section-height-default\" data-id=\"575daf38\" data-element_type=\"section\" data-e-type=\"section\">\n\t\t\t\t\t\t<div class=\"elementor-container elementor-column-gap-default\">\n\t\t\t\t\t<div class=\"elementor-column elementor-col-100 elementor-top-column elementor-element elementor-element-1457fca8\" data-id=\"1457fca8\" data-element_type=\"column\" data-e-type=\"column\">\n\t\t\t<div class=\"elementor-widget-wrap elementor-element-populated\">\n\t\t\t\t\t\t<div class=\"elementor-element elementor-element-22c63911 elementor-widget elementor-widget-text-editor\" data-id=\"22c63911\" data-element_type=\"widget\" data-e-type=\"widget\" data-widget_type=\"text-editor.default\">\n\t\t\t\t<div class=\"elementor-widget-container\">\n\t\t\t\t\t\t\t\t\t<div class=\"main-container\"><div class=\"main-grid\"><p><span style=\"font-size: 1.7em; font-weight: bold;\">HOT TUB MADE OF SPRUCE WOOD - THREE SIZES<\/span><\/p><article id=\"post-152\" class=\"post-152 page type-page status-publish hentry\"><div class=\"entry-content\"><h2>Wooden hot tub 1.6 meters in diameter.<\/h2><h4>17 500 SEK<\/h4><p>Our smallest wooden hot tub holds approximately 1,100 liters of water. It comfortably seats 4 people and can accommodate up to 6 people in a festive gathering. Due to practical reasons, it has benches only against the heater. The rim around the top of the hot tub is included. This hot tub is very suitable for smaller<span style=\"font-size: 16px;\"> groups. It has the same efficient heater as a large hot tub and is therefore very quick to heat up \u2013 about 1 hour. We have customers who have reached 38 degrees Celsius in less than an hour. Therefore, it requires very little planning before a bath.<\/span><\/p><p>Complete with stove, chimney and drain.<\/p><p><img fetchpriority=\"high\" decoding=\"async\" class=\"alignnone wp-image-11022 size-medium\" src=\"http:\/\/badtunnor.se\/wp-content\/uploads\/2019\/05\/images_badtunna-tra_badtunna-tra-1-6-matt-300x206-1-300x206.jpg\" alt=\"M\u00e5tt p\u00e5 badtunna i tr\u00e4 1,6 m\" width=\"300\" height=\"206\" \/><\/p><h4>Product info:<\/h4><ul><li>The outer diameter of the hot tub is 1.68 meters.<\/li><li>Outer diameter with rim: 1.73-1.82 m<\/li><li>Innerdiameter: 1,61 m<\/li><li>Height with rim and bottom logs: 0.95 m<\/li><li>Length of bottom log in the center: 1.58 m<\/li><li>Length of the side logs: 1.07 m.<\/li><li>Distance between the logs: 0.55 m<\/li><li>Depth with rim: 0.825 m<\/li><li>Seat depth: 0.70 m<\/li><li>Bench height: 0.125 m<\/li><li>Weight: 120 kg<\/li><li>Water consumption: approximately 1,100 liters<\/li><\/ul><h2>WOODEN HOT TUB 1.8 m in diameter<\/h2><h4>18 000 kr<\/h4><p>The hot tub has a diameter of 1.8 meters and can accommodate 6-8 people, making it suitable for one or two families. It can hold about 1,600 liters of water. Heating from tap water at 3 degrees to 38 degrees takes 1.5-2 hours. This hot tub has benches all around, and the seat height is comfortable, allowing you to stretch out your legs. A surround around the top of the hot tub is included.<\/p><p>Complete with stove, chimney and drain.<\/p><p><img decoding=\"async\" class=\"alignnone size-medium wp-image-11024\" src=\"http:\/\/badtunnor.se\/wp-content\/uploads\/2019\/05\/images_badtunna-tra_badtunna-tra-1-8-matt-300x206-1-300x206.jpg\" alt=\"\" width=\"300\" height=\"206\" \/><\/p><h4>Product info:<\/h4><ul><li>Outer diameter of the hot tub: 1.87 m<\/li><li>Outer diameter with rim: 1.89-1.98 m<\/li><li>Inner diameter: 1.80 meters<\/li><li>Height with rim and bottom logs: 0.95 m<\/li><li>Length of bottom log in the middle: 1.76 meters<\/li><li>Length of the side rails: 1.12 meters.<\/li><li>Distance between the logs: 0.66 m<\/li><li>Depth with rim: 0.825 m<\/li><li>Seat depth: 0.70 m<\/li><li>Bench height: 0.125 m<\/li><li>Weight: 140 kg<\/li><li>Water consumption: approximately 1,600 liters<\/li><\/ul><p>\u00a0<\/p><h2>WOODEN HOT TUB 2.0 m in diameter<\/h2><h4>18 500 kr<\/h4><p>This hot tub is suitable for larger groups and companies. It can accommodate 8-10 people and holds about 2,100 liters of water. Heating from tap water at 3 degrees to 38 degrees takes about 2\u00a0<span style=\"font-style: inherit; font-weight: inherit; color: var(--ast-global-color-8);\">-2.5 hours. The hot tub has benches all around, with a comfortable sitting height that allows you to stretch out your legs. A rim around the top of the hot tub is included.<\/span><\/p><p>Complete with stove, chimney and drain.<\/p><p><img decoding=\"async\" class=\"alignnone size-medium wp-image-11023\" src=\"http:\/\/badtunnor.se\/wp-content\/uploads\/2019\/05\/images_badtunna-tra_badtunna-tra-2-inuti-300x282-1-300x282.jpg\" alt=\"\" width=\"300\" height=\"282\" \/><img loading=\"lazy\" decoding=\"async\" class=\"alignnone size-medium wp-image-11025\" src=\"http:\/\/badtunnor.se\/wp-content\/uploads\/2019\/05\/images_badtunna-tra_badtunna-tra-2-matt-300x206-1-300x206.jpg\" alt=\"\" width=\"300\" height=\"206\" \/><\/p><h4>Product info:<\/h4><ul><li>Outer diameter of the hot tub: 2.01 m<\/li><li>Outer diameter with rim: 2.04-2.13 m<\/li><li>Inner diameter: 1.945 m<\/li><li>Height with rim and bottom logs: 0.95 m<\/li><li>Length of bottom log in the middle: 1.91 m<\/li><li>Length of the side logs: 1.29 m<\/li><li>Distance between the logs: 0.66 m<\/li><li>Depth with rim: 0.825 m<\/li><li>Seat depth: 0.70 m<\/li><li>Bench height: 0.125 m<\/li><li>Weight: 170 kg<\/li><li>Water consumption: approximately 2,100 liters<\/li><\/ul><\/div><\/article><aside class=\"sidebar\"><section id=\"sfp_page_plugin_widget-2\" class=\"widget widget_sfp_page_plugin_widget\"><div id=\"fb-root\" class=\"fb_reset\">\u00a0<\/div><\/section><\/aside><\/div><\/div>\t\t\t\t\t\t\t\t<\/div>\n\t\t\t\t<\/div>\n\t\t\t\t\t<\/div>\n\t\t<\/div>\n\t\t\t\t\t<\/div>\n\t\t<\/section>\n\t\t\t\t<\/div>","protected":false},"excerpt":{"rendered":"<h3><img loading=\"lazy\" decoding=\"async\" class=\"alignnone wp-image-136 size-full\" src=\"http:\/\/badtunnor.se\/wp-content\/uploads\/2019\/05\/tra-miljo-e1557174204789.jpg\" alt=\"\" width=\"600\" height=\"480\" srcset=\"https:\/\/badtunnor.se\/wp-content\/uploads\/2019\/05\/tra-miljo-e1557174204789.jpg 600w, https:\/\/badtunnor.se\/wp-content\/uploads\/2019\/05\/tra-miljo-e1557174204789-300x240.jpg 300w\" sizes=\"(max-width: 600px) 100vw, 600px\" \/><\/h3>\n<h3><strong>For those who want to have the natural wood feeling in the hot tub.<\/strong><\/h3>\n<p>have a rustic environment where nothing fits better than a pure wooden tub. The natural wood feeling is important to them. When taken care of properly, a wooden tub provides many delightful baths and is a beautiful decoration in the garden.<\/p>\n<p>The wooden tub is a solid craft made of 36 mm Norrland spruce. The hot tub has stainless steel bands and the bottom is screwed with 70 mm acid-resistant screws in pressure-treated rails.<\/p>\n<h3>Fast heating, high combustion temperature and no smoke<\/h3>\n<p>It is very important for a hot tub to heat up quickly, otherwise it risks standing idle. Our stove is made based on the knowledge that exists around modern wood burning. Our efficient stove is very popular with our customers and has a large part in why we are so big in the market. The same efficient stove is used in both our largest and smallest hot tub.<\/p>\n<p><a href=\"http:\/\/badtunnor.se\/en\/skotselrad-badtunna-i-tra\/\">Care guide - Wooden hot tub<\/a><\/p>","protected":false},"featured_media":221,"template":"","meta":{"site-sidebar-layout":"default","site-content-layout":"default","ast-site-content-layout":"default","site-content-style":"default","site-sidebar-style":"default","ast-global-header-display":"","ast-banner-title-visibility":"","ast-main-header-display":"","ast-hfb-above-header-display":"","ast-hfb-below-header-display":"","ast-hfb-mobile-header-display":"","site-post-title":"","ast-breadcrumbs-content":"","ast-featured-img":"","footer-sml-layout":"","ast-disable-related-posts":"","theme-transparent-header-meta":"default","adv-header-id-meta":"","stick-header-meta":"default","header-above-stick-meta":"","header-main-stick-meta":"","header-below-stick-meta":"","astra-migrate-meta-layouts":"default","ast-page-background-enabled":"default","ast-page-background-meta":{"desktop":{"background-color":"var(--ast-global-color-4)","background-image":"","background-repeat":"repeat","background-position":"center center","background-size":"auto","background-attachment":"scroll","background-type":"","background-media":"","overlay-type":"","overlay-color":"","overlay-opacity":"","overlay-gradient":""},"tablet":{"background-color":"","background-image":"","background-repeat":"repeat","background-position":"center center","background-size":"auto","background-attachment":"scroll","background-type":"","background-media":"","overlay-type":"","overlay-color":"","overlay-opacity":"","overlay-gradient":""},"mobile":{"background-color":"","background-image":"","background-repeat":"repeat","background-position":"center center","background-size":"auto","background-attachment":"scroll","background-type":"","background-media":"","overlay-type":"","overlay-color":"","overlay-opacity":"","overlay-gradient":""}},"ast-content-background-meta":{"desktop":{"background-color":"var(--ast-global-color-5)","background-image":"","background-repeat":"repeat","background-position":"center center","background-size":"auto","background-attachment":"scroll","background-type":"","background-media":"","overlay-type":"","overlay-color":"","overlay-opacity":"","overlay-gradient":""},"tablet":{"background-color":"var(--ast-global-color-5)","background-image":"","background-repeat":"repeat","background-position":"center center","background-size":"auto","background-attachment":"scroll","background-type":"","background-media":"","overlay-type":"","overlay-color":"","overlay-opacity":"","overlay-gradient":""},"mobile":{"background-color":"var(--ast-global-color-5)","background-image":"","background-repeat":"repeat","background-position":"center center","background-size":"auto","background-attachment":"scroll","background-type":"","background-media":"","overlay-type":"","overlay-color":"","overlay-opacity":"","overlay-gradient":""}}},"product_brand":[],"product_cat":[17],"product_tag":[],"class_list":{"0":"post-189","1":"product","2":"type-product","3":"status-publish","4":"has-post-thumbnail","6":"product_cat-badtunnor","7":"product_shipping_class-badtunna","8":"desktop-align-center","9":"tablet-align-center","10":"mobile-align-center","11":"ast-product-gallery-layout-vertical-slider","12":"ast-product-single-variable","13":"ast-product-tabs-layout-horizontal","15":"first","16":"instock","17":"featured","18":"taxable","19":"shipping-taxable","20":"purchasable","21":"product-type-variable","22":"has-default-attributes"},"yoast_head":"<!-- This site is optimized with the Yoast SEO plugin v27.3 - https:\/\/yoast.com\/product\/yoast-seo-wordpress\/ -->\n<title>Badtunna tr\u00e4 | Sotarns Badtunnor<\/title>\n<meta name=\"robots\" content=\"index, follow, max-snippet:-1, max-image-preview:large, max-video-preview:-1\" \/>\n<link rel=\"canonical\" href=\"https:\/\/badtunnor.se\/en\/product\/badtunna-tra\/\" \/>\n<meta property=\"og:locale\" content=\"en_US\" \/>\n<meta property=\"og:type\" content=\"article\" \/>\n<meta property=\"og:title\" content=\"Badtunna tr\u00e4 | Sotarns Badtunnor\" \/>\n<meta property=\"og:description\" content=\"F\u00f6r de som vill ha den naturliga tr\u00e4k\u00e4nslan i badtunnan Badat i tr\u00e4tunnor har m\u00e4nniskor gjort i urminnes tider. Vissa av v\u00e5ra kunder har en rustik milj\u00f6 d\u00e4r inget kan passa b\u00e4ttre \u00e4n en ren tr\u00e4tunna. Den naturliga tr\u00e4k\u00e4nslan \u00e4r viktig f\u00f6r dem. R\u00e4tt sk\u00f6tt ger en tr\u00e4badtunna m\u00e5nga h\u00e4rliga bad och \u00e4r en vacker prydnad i tr\u00e4dg\u00e5rden.  Tr\u00e4tunnan \u00e4r ett gediget hantverk av 36 mm norrl\u00e4ndsk gran. Badtunnan har rostfria band och botten \u00e4r fastskruvad med 70 mm syrafast skruv i tryckimpregnerade reglar.   Snabb uppv\u00e4rmning, h\u00f6g f\u00f6rbr\u00e4nningstemperatur och ingen r\u00f6k Mycket viktigt f\u00f6r en badtunna \u00e4r att den m\u00e5ste bli varm snabbt, annars riskerar den att bli st\u00e5endes till ingen nytta. V\u00e5r kamin \u00e4r gjord utifr\u00e5n den kunskap som finns kring modern vedeldning. V\u00e5r effektiva kamin \u00e4r mycket omtyckt av v\u00e5ra kunder och har en stor del i att vi \u00e4r s\u00e5 stora p\u00e5 marknaden. Samma effektiva kamin i st\u00f6rsta och minsta badtunnan.  Sk\u00f6tselr\u00e5d badtunna i tr\u00e4\" \/>\n<meta property=\"og:url\" content=\"https:\/\/badtunnor.se\/en\/product\/badtunna-tra\/\" \/>\n<meta property=\"og:site_name\" content=\"Sotarns Badtunnor\" \/>\n<meta property=\"article:publisher\" content=\"https:\/\/www.facebook.com\/SotarnsBadtunnor\/\" \/>\n<meta property=\"article:modified_time\" content=\"2024-03-21T13:08:05+00:00\" \/>\n<meta property=\"og:image\" content=\"https:\/\/badtunnor.se\/wp-content\/uploads\/2019\/05\/Bild-1-e1557778654965.jpg\" \/>\n\t<meta property=\"og:image:width\" content=\"1024\" \/>\n\t<meta property=\"og:image:height\" content=\"1055\" \/>\n\t<meta property=\"og:image:type\" content=\"image\/jpeg\" \/>\n<meta name=\"twitter:card\" content=\"summary_large_image\" \/>\n<meta name=\"twitter:label1\" content=\"Est. reading time\" \/>\n\t<meta name=\"twitter:data1\" content=\"3 minutes\" \/>\n<script type=\"application\/ld+json\" class=\"yoast-schema-graph\">{\"@context\":\"https:\\\/\\\/schema.org\",\"@graph\":[{\"@type\":\"WebPage\",\"@id\":\"https:\\\/\\\/badtunnor.se\\\/produkt\\\/badtunna-tra\\\/\",\"url\":\"https:\\\/\\\/badtunnor.se\\\/produkt\\\/badtunna-tra\\\/\",\"name\":\"Badtunna tr\u00e4 | Sotarns Badtunnor\",\"isPartOf\":{\"@id\":\"https:\\\/\\\/badtunnor.se\\\/#website\"},\"primaryImageOfPage\":{\"@id\":\"https:\\\/\\\/badtunnor.se\\\/produkt\\\/badtunna-tra\\\/#primaryimage\"},\"image\":{\"@id\":\"https:\\\/\\\/badtunnor.se\\\/produkt\\\/badtunna-tra\\\/#primaryimage\"},\"thumbnailUrl\":\"https:\\\/\\\/badtunnor.se\\\/wp-content\\\/uploads\\\/2019\\\/05\\\/Bild-1-e1557778654965.jpg\",\"datePublished\":\"2019-05-09T20:01:46+00:00\",\"dateModified\":\"2024-03-21T13:08:05+00:00\",\"breadcrumb\":{\"@id\":\"https:\\\/\\\/badtunnor.se\\\/produkt\\\/badtunna-tra\\\/#breadcrumb\"},\"inLanguage\":\"en-US\",\"potentialAction\":[{\"@type\":\"ReadAction\",\"target\":[\"https:\\\/\\\/badtunnor.se\\\/produkt\\\/badtunna-tra\\\/\"]}]},{\"@type\":\"ImageObject\",\"inLanguage\":\"en-US\",\"@id\":\"https:\\\/\\\/badtunnor.se\\\/produkt\\\/badtunna-tra\\\/#primaryimage\",\"url\":\"https:\\\/\\\/badtunnor.se\\\/wp-content\\\/uploads\\\/2019\\\/05\\\/Bild-1-e1557778654965.jpg\",\"contentUrl\":\"https:\\\/\\\/badtunnor.se\\\/wp-content\\\/uploads\\\/2019\\\/05\\\/Bild-1-e1557778654965.jpg\",\"width\":1024,\"height\":1055},{\"@type\":\"BreadcrumbList\",\"@id\":\"https:\\\/\\\/badtunnor.se\\\/produkt\\\/badtunna-tra\\\/#breadcrumb\",\"itemListElement\":[{\"@type\":\"ListItem\",\"position\":1,\"name\":\"Hem\",\"item\":\"https:\\\/\\\/badtunnor.se\\\/\"},{\"@type\":\"ListItem\",\"position\":2,\"name\":\"Webbutik\",\"item\":\"https:\\\/\\\/badtunnor.se\\\/butik\\\/\"},{\"@type\":\"ListItem\",\"position\":3,\"name\":\"Badtunna tr\u00e4\"}]},{\"@type\":\"WebSite\",\"@id\":\"https:\\\/\\\/badtunnor.se\\\/#website\",\"url\":\"https:\\\/\\\/badtunnor.se\\\/\",\"name\":\"Sotarns Badtunnor\",\"description\":\"Svensktillverkade Vedeldade Badtunnor\",\"publisher\":{\"@id\":\"https:\\\/\\\/badtunnor.se\\\/#organization\"},\"potentialAction\":[{\"@type\":\"SearchAction\",\"target\":{\"@type\":\"EntryPoint\",\"urlTemplate\":\"https:\\\/\\\/badtunnor.se\\\/?s={search_term_string}\"},\"query-input\":{\"@type\":\"PropertyValueSpecification\",\"valueRequired\":true,\"valueName\":\"search_term_string\"}}],\"inLanguage\":\"en-US\"},{\"@type\":\"Organization\",\"@id\":\"https:\\\/\\\/badtunnor.se\\\/#organization\",\"name\":\"Sotarns Badtunnor\",\"url\":\"https:\\\/\\\/badtunnor.se\\\/\",\"logo\":{\"@type\":\"ImageObject\",\"inLanguage\":\"en-US\",\"@id\":\"https:\\\/\\\/badtunnor.se\\\/#\\\/schema\\\/logo\\\/image\\\/\",\"url\":\"https:\\\/\\\/badtunnor.se\\\/wp-content\\\/uploads\\\/2022\\\/12\\\/sotarns_logo-morkgron-scaled.png\",\"contentUrl\":\"https:\\\/\\\/badtunnor.se\\\/wp-content\\\/uploads\\\/2022\\\/12\\\/sotarns_logo-morkgron-scaled.png\",\"width\":2560,\"height\":1260,\"caption\":\"Sotarns Badtunnor\"},\"image\":{\"@id\":\"https:\\\/\\\/badtunnor.se\\\/#\\\/schema\\\/logo\\\/image\\\/\"},\"sameAs\":[\"https:\\\/\\\/www.facebook.com\\\/SotarnsBadtunnor\\\/\"]}]}<\/script>\n<!-- \/ Yoast SEO plugin. -->","yoast_head_json":{"title":"Badtunna tr\u00e4 | Sotarns Badtunnor","robots":{"index":"index","follow":"follow","max-snippet":"max-snippet:-1","max-image-preview":"max-image-preview:large","max-video-preview":"max-video-preview:-1"},"canonical":"https:\/\/badtunnor.se\/en\/product\/badtunna-tra\/","og_locale":"en_US","og_type":"article","og_title":"Badtunna tr\u00e4 | Sotarns Badtunnor","og_description":"F\u00f6r de som vill ha den naturliga tr\u00e4k\u00e4nslan i badtunnan Badat i tr\u00e4tunnor har m\u00e4nniskor gjort i urminnes tider. Vissa av v\u00e5ra kunder har en rustik milj\u00f6 d\u00e4r inget kan passa b\u00e4ttre \u00e4n en ren tr\u00e4tunna. Den naturliga tr\u00e4k\u00e4nslan \u00e4r viktig f\u00f6r dem. R\u00e4tt sk\u00f6tt ger en tr\u00e4badtunna m\u00e5nga h\u00e4rliga bad och \u00e4r en vacker prydnad i tr\u00e4dg\u00e5rden.  Tr\u00e4tunnan \u00e4r ett gediget hantverk av 36 mm norrl\u00e4ndsk gran. Badtunnan har rostfria band och botten \u00e4r fastskruvad med 70 mm syrafast skruv i tryckimpregnerade reglar.   Snabb uppv\u00e4rmning, h\u00f6g f\u00f6rbr\u00e4nningstemperatur och ingen r\u00f6k Mycket viktigt f\u00f6r en badtunna \u00e4r att den m\u00e5ste bli varm snabbt, annars riskerar den att bli st\u00e5endes till ingen nytta. V\u00e5r kamin \u00e4r gjord utifr\u00e5n den kunskap som finns kring modern vedeldning. V\u00e5r effektiva kamin \u00e4r mycket omtyckt av v\u00e5ra kunder och har en stor del i att vi \u00e4r s\u00e5 stora p\u00e5 marknaden. Samma effektiva kamin i st\u00f6rsta och minsta badtunnan.  Sk\u00f6tselr\u00e5d badtunna i tr\u00e4","og_url":"https:\/\/badtunnor.se\/en\/product\/badtunna-tra\/","og_site_name":"Sotarns Badtunnor","article_publisher":"https:\/\/www.facebook.com\/SotarnsBadtunnor\/","article_modified_time":"2024-03-21T13:08:05+00:00","og_image":[{"width":1024,"height":1055,"url":"https:\/\/badtunnor.se\/wp-content\/uploads\/2019\/05\/Bild-1-e1557778654965.jpg","type":"image\/jpeg"}],"twitter_card":"summary_large_image","twitter_misc":{"Est. reading time":"3 minutes"},"schema":{"@context":"https:\/\/schema.org","@graph":[{"@type":"WebPage","@id":"https:\/\/badtunnor.se\/produkt\/badtunna-tra\/","url":"https:\/\/badtunnor.se\/produkt\/badtunna-tra\/","name":"Badtunna tr\u00e4 | Sotarns Badtunnor","isPartOf":{"@id":"https:\/\/badtunnor.se\/#website"},"primaryImageOfPage":{"@id":"https:\/\/badtunnor.se\/produkt\/badtunna-tra\/#primaryimage"},"image":{"@id":"https:\/\/badtunnor.se\/produkt\/badtunna-tra\/#primaryimage"},"thumbnailUrl":"https:\/\/badtunnor.se\/wp-content\/uploads\/2019\/05\/Bild-1-e1557778654965.jpg","datePublished":"2019-05-09T20:01:46+00:00","dateModified":"2024-03-21T13:08:05+00:00","breadcrumb":{"@id":"https:\/\/badtunnor.se\/produkt\/badtunna-tra\/#breadcrumb"},"inLanguage":"en-US","potentialAction":[{"@type":"ReadAction","target":["https:\/\/badtunnor.se\/produkt\/badtunna-tra\/"]}]},{"@type":"ImageObject","inLanguage":"en-US","@id":"https:\/\/badtunnor.se\/produkt\/badtunna-tra\/#primaryimage","url":"https:\/\/badtunnor.se\/wp-content\/uploads\/2019\/05\/Bild-1-e1557778654965.jpg","contentUrl":"https:\/\/badtunnor.se\/wp-content\/uploads\/2019\/05\/Bild-1-e1557778654965.jpg","width":1024,"height":1055},{"@type":"BreadcrumbList","@id":"https:\/\/badtunnor.se\/produkt\/badtunna-tra\/#breadcrumb","itemListElement":[{"@type":"ListItem","position":1,"name":"Hem","item":"https:\/\/badtunnor.se\/"},{"@type":"ListItem","position":2,"name":"Webbutik","item":"https:\/\/badtunnor.se\/butik\/"},{"@type":"ListItem","position":3,"name":"Badtunna tr\u00e4"}]},{"@type":"WebSite","@id":"https:\/\/badtunnor.se\/#website","url":"https:\/\/badtunnor.se\/","name":"Sotarns Badtunnor","description":"Svensktillverkade Vedeldade Badtunnor","publisher":{"@id":"https:\/\/badtunnor.se\/#organization"},"potentialAction":[{"@type":"SearchAction","target":{"@type":"EntryPoint","urlTemplate":"https:\/\/badtunnor.se\/?s={search_term_string}"},"query-input":{"@type":"PropertyValueSpecification","valueRequired":true,"valueName":"search_term_string"}}],"inLanguage":"en-US"},{"@type":"Organization","@id":"https:\/\/badtunnor.se\/#organization","name":"Sotarns Badtunnor","url":"https:\/\/badtunnor.se\/","logo":{"@type":"ImageObject","inLanguage":"en-US","@id":"https:\/\/badtunnor.se\/#\/schema\/logo\/image\/","url":"https:\/\/badtunnor.se\/wp-content\/uploads\/2022\/12\/sotarns_logo-morkgron-scaled.png","contentUrl":"https:\/\/badtunnor.se\/wp-content\/uploads\/2022\/12\/sotarns_logo-morkgron-scaled.png","width":2560,"height":1260,"caption":"Sotarns Badtunnor"},"image":{"@id":"https:\/\/badtunnor.se\/#\/schema\/logo\/image\/"},"sameAs":["https:\/\/www.facebook.com\/SotarnsBadtunnor\/"]}]}},"_links":{"self":[{"href":"https:\/\/badtunnor.se\/en\/wp-json\/wp\/v2\/product\/189","targetHints":{"allow":["GET"]}}],"collection":[{"href":"https:\/\/badtunnor.se\/en\/wp-json\/wp\/v2\/product"}],"about":[{"href":"https:\/\/badtunnor.se\/en\/wp-json\/wp\/v2\/types\/product"}],"version-history":[{"count":5,"href":"https:\/\/badtunnor.se\/en\/wp-json\/wp\/v2\/product\/189\/revisions"}],"predecessor-version":[{"id":22523,"href":"https:\/\/badtunnor.se\/en\/wp-json\/wp\/v2\/product\/189\/revisions\/22523"}],"wp:featuredmedia":[{"embeddable":true,"href":"https:\/\/badtunnor.se\/en\/wp-json\/wp\/v2\/media\/221"}],"wp:attachment":[{"href":"https:\/\/badtunnor.se\/en\/wp-json\/wp\/v2\/media?parent=189"}],"wp:term":[{"taxonomy":"product_brand","embeddable":true,"href":"https:\/\/badtunnor.se\/en\/wp-json\/wp\/v2\/product_brand?post=189"},{"taxonomy":"product_cat","embeddable":true,"href":"https:\/\/badtunnor.se\/en\/wp-json\/wp\/v2\/product_cat?post=189"},{"taxonomy":"product_tag","embeddable":true,"href":"https:\/\/badtunnor.se\/en\/wp-json\/wp\/v2\/product_tag?post=189"}],"curies":[{"name":"wp","href":"https:\/\/api.w.org\/{rel}","templated":true}]}}