{"id":17742,"date":"2021-03-18T14:01:07","date_gmt":"2021-03-18T13:01:07","guid":{"rendered":"http:\/\/badtunnor.local\/?post_type=product&#038;p=17742"},"modified":"2026-01-08T13:36:43","modified_gmt":"2026-01-08T12:36:43","slug":"undervattens-dammsugare","status":"publish","type":"product","link":"https:\/\/badtunnor.se\/en\/product\/undervattens-dammsugare\/","title":{"rendered":"Underwater vacuum cleaner"},"content":{"rendered":"","protected":false},"excerpt":{"rendered":"<p><strong>It doesn't get much easier to spot clean the hot tub. The electric battery produces a vacuum that sucks up dirt.<\/strong><\/p>\n<p>All-in-one lightweight tool for spot cleaning the hot tub quickly and easily. With batteries that produce a strong vacuum that sucks up dirt, sand, and gravel. The dirt is collected in a filter container that is easy to empty.<\/p>","protected":false},"featured_media":19184,"template":"","meta":{"site-sidebar-layout":"default","site-content-layout":"default","ast-site-content-layout":"default","site-content-style":"default","site-sidebar-style":"default","ast-global-header-display":"","ast-banner-title-visibility":"","ast-main-header-display":"","ast-hfb-above-header-display":"","ast-hfb-below-header-display":"","ast-hfb-mobile-header-display":"","site-post-title":"","ast-breadcrumbs-content":"","ast-featured-img":"","footer-sml-layout":"","ast-disable-related-posts":"","theme-transparent-header-meta":"default","adv-header-id-meta":"","stick-header-meta":"default","header-above-stick-meta":"","header-main-stick-meta":"","header-below-stick-meta":"","astra-migrate-meta-layouts":"set","ast-page-background-enabled":"default","ast-page-background-meta":{"desktop":{"background-color":"var(--ast-global-color-4)","background-image":"","background-repeat":"repeat","background-position":"center center","background-size":"auto","background-attachment":"scroll","background-type":"","background-media":"","overlay-type":"","overlay-color":"","overlay-opacity":"","overlay-gradient":""},"tablet":{"background-color":"","background-image":"","background-repeat":"repeat","background-position":"center center","background-size":"auto","background-attachment":"scroll","background-type":"","background-media":"","overlay-type":"","overlay-color":"","overlay-opacity":"","overlay-gradient":""},"mobile":{"background-color":"","background-image":"","background-repeat":"repeat","background-position":"center center","background-size":"auto","background-attachment":"scroll","background-type":"","background-media":"","overlay-type":"","overlay-color":"","overlay-opacity":"","overlay-gradient":""}},"ast-content-background-meta":{"desktop":{"background-color":"var(--ast-global-color-5)","background-image":"","background-repeat":"repeat","background-position":"center center","background-size":"auto","background-attachment":"scroll","background-type":"","background-media":"","overlay-type":"","overlay-color":"","overlay-opacity":"","overlay-gradient":""},"tablet":{"background-color":"var(--ast-global-color-5)","background-image":"","background-repeat":"repeat","background-position":"center center","background-size":"auto","background-attachment":"scroll","background-type":"","background-media":"","overlay-type":"","overlay-color":"","overlay-opacity":"","overlay-gradient":""},"mobile":{"background-color":"var(--ast-global-color-5)","background-image":"","background-repeat":"repeat","background-position":"center center","background-size":"auto","background-attachment":"scroll","background-type":"","background-media":"","overlay-type":"","overlay-color":"","overlay-opacity":"","overlay-gradient":""}}},"product_brand":[],"product_cat":[18],"product_tag":[],"class_list":{"0":"post-17742","1":"product","2":"type-product","3":"status-publish","4":"has-post-thumbnail","6":"product_cat-tillbehor","7":"product_shipping_class-frakt-350","8":"desktop-align-center","9":"tablet-align-center","10":"mobile-align-center","11":"ast-product-gallery-layout-vertical-slider","12":"ast-product-gallery-with-no-image","13":"ast-product-tabs-layout-horizontal","15":"first","16":"instock","17":"taxable","18":"shipping-taxable","19":"purchasable","20":"product-type-simple"},"yoast_head":"<!-- This site is optimized with the Yoast SEO plugin v27.3 - https:\/\/yoast.com\/product\/yoast-seo-wordpress\/ -->\n<title>Undervattens-dammsugare | Sotarns Badtunnor<\/title>\n<meta name=\"robots\" content=\"index, follow, max-snippet:-1, max-image-preview:large, max-video-preview:-1\" \/>\n<link rel=\"canonical\" href=\"https:\/\/badtunnor.se\/en\/product\/undervattens-dammsugare\/\" \/>\n<meta property=\"og:locale\" content=\"en_US\" \/>\n<meta property=\"og:type\" content=\"article\" \/>\n<meta property=\"og:title\" content=\"Undervattens-dammsugare | Sotarns Badtunnor\" \/>\n<meta property=\"og:description\" content=\"Det blir inte mycket l\u00e4ttare att punktreng\u00f6ra badtunnan. Det elektriska batteriet producerar ett vakuum som suger upp smutsen.  Allt-i-ett l\u00e4ttviktsverktyg f\u00f6r punktreng\u00f6ring av badtunnan snabbt och enkelt. Med batterier som producerar ett starkt vakuum som g\u00f6r att smuts, sand och grus sugs upp. Smutsen samlas i en filterbeh\u00e5llare som \u00e4r enkel att t\u00f6mma.\" \/>\n<meta property=\"og:url\" content=\"https:\/\/badtunnor.se\/en\/product\/undervattens-dammsugare\/\" \/>\n<meta property=\"og:site_name\" content=\"Sotarns Badtunnor\" \/>\n<meta property=\"article:publisher\" content=\"https:\/\/www.facebook.com\/SotarnsBadtunnor\/\" \/>\n<meta property=\"article:modified_time\" content=\"2026-01-08T12:36:43+00:00\" \/>\n<meta property=\"og:image\" content=\"https:\/\/badtunnor.se\/wp-content\/uploads\/2021\/03\/Auto-Spa-Pool-Vacuum-Cleaner-cropped.jpg\" \/>\n\t<meta property=\"og:image:width\" content=\"850\" \/>\n\t<meta property=\"og:image:height\" content=\"850\" \/>\n\t<meta property=\"og:image:type\" content=\"image\/jpeg\" \/>\n<meta name=\"twitter:card\" content=\"summary_large_image\" \/>\n<script type=\"application\/ld+json\" class=\"yoast-schema-graph\">{\"@context\":\"https:\\\/\\\/schema.org\",\"@graph\":[{\"@type\":\"WebPage\",\"@id\":\"https:\\\/\\\/badtunnor.se\\\/produkt\\\/undervattens-dammsugare\\\/\",\"url\":\"https:\\\/\\\/badtunnor.se\\\/produkt\\\/undervattens-dammsugare\\\/\",\"name\":\"Undervattens-dammsugare | Sotarns Badtunnor\",\"isPartOf\":{\"@id\":\"https:\\\/\\\/badtunnor.se\\\/#website\"},\"primaryImageOfPage\":{\"@id\":\"https:\\\/\\\/badtunnor.se\\\/produkt\\\/undervattens-dammsugare\\\/#primaryimage\"},\"image\":{\"@id\":\"https:\\\/\\\/badtunnor.se\\\/produkt\\\/undervattens-dammsugare\\\/#primaryimage\"},\"thumbnailUrl\":\"https:\\\/\\\/badtunnor.se\\\/wp-content\\\/uploads\\\/2021\\\/03\\\/Auto-Spa-Pool-Vacuum-Cleaner-cropped.jpg\",\"datePublished\":\"2021-03-18T13:01:07+00:00\",\"dateModified\":\"2026-01-08T12:36:43+00:00\",\"breadcrumb\":{\"@id\":\"https:\\\/\\\/badtunnor.se\\\/produkt\\\/undervattens-dammsugare\\\/#breadcrumb\"},\"inLanguage\":\"en-US\",\"potentialAction\":[{\"@type\":\"ReadAction\",\"target\":[\"https:\\\/\\\/badtunnor.se\\\/produkt\\\/undervattens-dammsugare\\\/\"]}]},{\"@type\":\"ImageObject\",\"inLanguage\":\"en-US\",\"@id\":\"https:\\\/\\\/badtunnor.se\\\/produkt\\\/undervattens-dammsugare\\\/#primaryimage\",\"url\":\"https:\\\/\\\/badtunnor.se\\\/wp-content\\\/uploads\\\/2021\\\/03\\\/Auto-Spa-Pool-Vacuum-Cleaner-cropped.jpg\",\"contentUrl\":\"https:\\\/\\\/badtunnor.se\\\/wp-content\\\/uploads\\\/2021\\\/03\\\/Auto-Spa-Pool-Vacuum-Cleaner-cropped.jpg\",\"width\":850,\"height\":850,\"caption\":\"Undervattensdammsugare\"},{\"@type\":\"BreadcrumbList\",\"@id\":\"https:\\\/\\\/badtunnor.se\\\/produkt\\\/undervattens-dammsugare\\\/#breadcrumb\",\"itemListElement\":[{\"@type\":\"ListItem\",\"position\":1,\"name\":\"Hem\",\"item\":\"https:\\\/\\\/badtunnor.se\\\/\"},{\"@type\":\"ListItem\",\"position\":2,\"name\":\"Webbutik\",\"item\":\"https:\\\/\\\/badtunnor.se\\\/butik\\\/\"},{\"@type\":\"ListItem\",\"position\":3,\"name\":\"Undervattens-dammsugare\"}]},{\"@type\":\"WebSite\",\"@id\":\"https:\\\/\\\/badtunnor.se\\\/#website\",\"url\":\"https:\\\/\\\/badtunnor.se\\\/\",\"name\":\"Sotarns Badtunnor\",\"description\":\"Svensktillverkade Vedeldade Badtunnor\",\"publisher\":{\"@id\":\"https:\\\/\\\/badtunnor.se\\\/#organization\"},\"potentialAction\":[{\"@type\":\"SearchAction\",\"target\":{\"@type\":\"EntryPoint\",\"urlTemplate\":\"https:\\\/\\\/badtunnor.se\\\/?s={search_term_string}\"},\"query-input\":{\"@type\":\"PropertyValueSpecification\",\"valueRequired\":true,\"valueName\":\"search_term_string\"}}],\"inLanguage\":\"en-US\"},{\"@type\":\"Organization\",\"@id\":\"https:\\\/\\\/badtunnor.se\\\/#organization\",\"name\":\"Sotarns Badtunnor\",\"url\":\"https:\\\/\\\/badtunnor.se\\\/\",\"logo\":{\"@type\":\"ImageObject\",\"inLanguage\":\"en-US\",\"@id\":\"https:\\\/\\\/badtunnor.se\\\/#\\\/schema\\\/logo\\\/image\\\/\",\"url\":\"https:\\\/\\\/badtunnor.se\\\/wp-content\\\/uploads\\\/2022\\\/12\\\/sotarns_logo-morkgron-scaled.png\",\"contentUrl\":\"https:\\\/\\\/badtunnor.se\\\/wp-content\\\/uploads\\\/2022\\\/12\\\/sotarns_logo-morkgron-scaled.png\",\"width\":2560,\"height\":1260,\"caption\":\"Sotarns Badtunnor\"},\"image\":{\"@id\":\"https:\\\/\\\/badtunnor.se\\\/#\\\/schema\\\/logo\\\/image\\\/\"},\"sameAs\":[\"https:\\\/\\\/www.facebook.com\\\/SotarnsBadtunnor\\\/\"]}]}<\/script>\n<!-- \/ Yoast SEO plugin. -->","yoast_head_json":{"title":"Undervattens-dammsugare | Sotarns Badtunnor","robots":{"index":"index","follow":"follow","max-snippet":"max-snippet:-1","max-image-preview":"max-image-preview:large","max-video-preview":"max-video-preview:-1"},"canonical":"https:\/\/badtunnor.se\/en\/product\/undervattens-dammsugare\/","og_locale":"en_US","og_type":"article","og_title":"Undervattens-dammsugare | Sotarns Badtunnor","og_description":"Det blir inte mycket l\u00e4ttare att punktreng\u00f6ra badtunnan. Det elektriska batteriet producerar ett vakuum som suger upp smutsen.  Allt-i-ett l\u00e4ttviktsverktyg f\u00f6r punktreng\u00f6ring av badtunnan snabbt och enkelt. Med batterier som producerar ett starkt vakuum som g\u00f6r att smuts, sand och grus sugs upp. Smutsen samlas i en filterbeh\u00e5llare som \u00e4r enkel att t\u00f6mma.","og_url":"https:\/\/badtunnor.se\/en\/product\/undervattens-dammsugare\/","og_site_name":"Sotarns Badtunnor","article_publisher":"https:\/\/www.facebook.com\/SotarnsBadtunnor\/","article_modified_time":"2026-01-08T12:36:43+00:00","og_image":[{"width":850,"height":850,"url":"https:\/\/badtunnor.se\/wp-content\/uploads\/2021\/03\/Auto-Spa-Pool-Vacuum-Cleaner-cropped.jpg","type":"image\/jpeg"}],"twitter_card":"summary_large_image","schema":{"@context":"https:\/\/schema.org","@graph":[{"@type":"WebPage","@id":"https:\/\/badtunnor.se\/produkt\/undervattens-dammsugare\/","url":"https:\/\/badtunnor.se\/produkt\/undervattens-dammsugare\/","name":"Undervattens-dammsugare | Sotarns Badtunnor","isPartOf":{"@id":"https:\/\/badtunnor.se\/#website"},"primaryImageOfPage":{"@id":"https:\/\/badtunnor.se\/produkt\/undervattens-dammsugare\/#primaryimage"},"image":{"@id":"https:\/\/badtunnor.se\/produkt\/undervattens-dammsugare\/#primaryimage"},"thumbnailUrl":"https:\/\/badtunnor.se\/wp-content\/uploads\/2021\/03\/Auto-Spa-Pool-Vacuum-Cleaner-cropped.jpg","datePublished":"2021-03-18T13:01:07+00:00","dateModified":"2026-01-08T12:36:43+00:00","breadcrumb":{"@id":"https:\/\/badtunnor.se\/produkt\/undervattens-dammsugare\/#breadcrumb"},"inLanguage":"en-US","potentialAction":[{"@type":"ReadAction","target":["https:\/\/badtunnor.se\/produkt\/undervattens-dammsugare\/"]}]},{"@type":"ImageObject","inLanguage":"en-US","@id":"https:\/\/badtunnor.se\/produkt\/undervattens-dammsugare\/#primaryimage","url":"https:\/\/badtunnor.se\/wp-content\/uploads\/2021\/03\/Auto-Spa-Pool-Vacuum-Cleaner-cropped.jpg","contentUrl":"https:\/\/badtunnor.se\/wp-content\/uploads\/2021\/03\/Auto-Spa-Pool-Vacuum-Cleaner-cropped.jpg","width":850,"height":850,"caption":"Undervattensdammsugare"},{"@type":"BreadcrumbList","@id":"https:\/\/badtunnor.se\/produkt\/undervattens-dammsugare\/#breadcrumb","itemListElement":[{"@type":"ListItem","position":1,"name":"Hem","item":"https:\/\/badtunnor.se\/"},{"@type":"ListItem","position":2,"name":"Webbutik","item":"https:\/\/badtunnor.se\/butik\/"},{"@type":"ListItem","position":3,"name":"Undervattens-dammsugare"}]},{"@type":"WebSite","@id":"https:\/\/badtunnor.se\/#website","url":"https:\/\/badtunnor.se\/","name":"Sotarns Badtunnor","description":"Svensktillverkade Vedeldade Badtunnor","publisher":{"@id":"https:\/\/badtunnor.se\/#organization"},"potentialAction":[{"@type":"SearchAction","target":{"@type":"EntryPoint","urlTemplate":"https:\/\/badtunnor.se\/?s={search_term_string}"},"query-input":{"@type":"PropertyValueSpecification","valueRequired":true,"valueName":"search_term_string"}}],"inLanguage":"en-US"},{"@type":"Organization","@id":"https:\/\/badtunnor.se\/#organization","name":"Sotarns Badtunnor","url":"https:\/\/badtunnor.se\/","logo":{"@type":"ImageObject","inLanguage":"en-US","@id":"https:\/\/badtunnor.se\/#\/schema\/logo\/image\/","url":"https:\/\/badtunnor.se\/wp-content\/uploads\/2022\/12\/sotarns_logo-morkgron-scaled.png","contentUrl":"https:\/\/badtunnor.se\/wp-content\/uploads\/2022\/12\/sotarns_logo-morkgron-scaled.png","width":2560,"height":1260,"caption":"Sotarns Badtunnor"},"image":{"@id":"https:\/\/badtunnor.se\/#\/schema\/logo\/image\/"},"sameAs":["https:\/\/www.facebook.com\/SotarnsBadtunnor\/"]}]}},"_links":{"self":[{"href":"https:\/\/badtunnor.se\/en\/wp-json\/wp\/v2\/product\/17742","targetHints":{"allow":["GET"]}}],"collection":[{"href":"https:\/\/badtunnor.se\/en\/wp-json\/wp\/v2\/product"}],"about":[{"href":"https:\/\/badtunnor.se\/en\/wp-json\/wp\/v2\/types\/product"}],"version-history":[{"count":1,"href":"https:\/\/badtunnor.se\/en\/wp-json\/wp\/v2\/product\/17742\/revisions"}],"predecessor-version":[{"id":21300,"href":"https:\/\/badtunnor.se\/en\/wp-json\/wp\/v2\/product\/17742\/revisions\/21300"}],"wp:featuredmedia":[{"embeddable":true,"href":"https:\/\/badtunnor.se\/en\/wp-json\/wp\/v2\/media\/19184"}],"wp:attachment":[{"href":"https:\/\/badtunnor.se\/en\/wp-json\/wp\/v2\/media?parent=17742"}],"wp:term":[{"taxonomy":"product_brand","embeddable":true,"href":"https:\/\/badtunnor.se\/en\/wp-json\/wp\/v2\/product_brand?post=17742"},{"taxonomy":"product_cat","embeddable":true,"href":"https:\/\/badtunnor.se\/en\/wp-json\/wp\/v2\/product_cat?post=17742"},{"taxonomy":"product_tag","embeddable":true,"href":"https:\/\/badtunnor.se\/en\/wp-json\/wp\/v2\/product_tag?post=17742"}],"curies":[{"name":"wp","href":"https:\/\/api.w.org\/{rel}","templated":true}]}}