{"id":10913,"date":"2019-12-21T13:37:22","date_gmt":"2019-12-21T12:37:22","guid":{"rendered":"http:\/\/badtunnor.local\/?post_type=product&#038;p=10913"},"modified":"2023-11-01T13:02:34","modified_gmt":"2023-11-01T12:02:34","slug":"filterballs-for-externt-reningsverk","status":"publish","type":"product","link":"https:\/\/badtunnor.se\/en\/product\/filterballs-for-externt-reningsverk\/","title":{"rendered":"Filter balls for external purification plant"},"content":{"rendered":"","protected":false},"excerpt":{"rendered":"<p>As filter material, Filterballs can be advantageously used in our external purification plant.<\/p>\n<p>Filterballs: Have a high filtering capacity (down to 1 micron). Filterballs are water-saving compared to sand since continuous washing of sand is not required. Instead, it is enough to wash the Filterballs in the washing machine (without soap) or by hand when the season is over. Compared to other filter materials, Filterballs provide a minimum of water resistance, resulting in higher water flow. This means that the filtration system can circulate all pool water faster, resulting in lower energy consumption.<\/p>","protected":false},"featured_media":10914,"template":"","meta":{"site-sidebar-layout":"default","site-content-layout":"default","ast-site-content-layout":"default","site-content-style":"default","site-sidebar-style":"default","ast-global-header-display":"","ast-banner-title-visibility":"","ast-main-header-display":"","ast-hfb-above-header-display":"","ast-hfb-below-header-display":"","ast-hfb-mobile-header-display":"","site-post-title":"","ast-breadcrumbs-content":"","ast-featured-img":"","footer-sml-layout":"","ast-disable-related-posts":"","theme-transparent-header-meta":"default","adv-header-id-meta":"","stick-header-meta":"default","header-above-stick-meta":"","header-main-stick-meta":"","header-below-stick-meta":"","astra-migrate-meta-layouts":"default","ast-page-background-enabled":"default","ast-page-background-meta":{"desktop":{"background-color":"var(--ast-global-color-4)","background-image":"","background-repeat":"repeat","background-position":"center center","background-size":"auto","background-attachment":"scroll","background-type":"","background-media":"","overlay-type":"","overlay-color":"","overlay-opacity":"","overlay-gradient":""},"tablet":{"background-color":"","background-image":"","background-repeat":"repeat","background-position":"center center","background-size":"auto","background-attachment":"scroll","background-type":"","background-media":"","overlay-type":"","overlay-color":"","overlay-opacity":"","overlay-gradient":""},"mobile":{"background-color":"","background-image":"","background-repeat":"repeat","background-position":"center center","background-size":"auto","background-attachment":"scroll","background-type":"","background-media":"","overlay-type":"","overlay-color":"","overlay-opacity":"","overlay-gradient":""}},"ast-content-background-meta":{"desktop":{"background-color":"var(--ast-global-color-5)","background-image":"","background-repeat":"repeat","background-position":"center center","background-size":"auto","background-attachment":"scroll","background-type":"","background-media":"","overlay-type":"","overlay-color":"","overlay-opacity":"","overlay-gradient":""},"tablet":{"background-color":"var(--ast-global-color-5)","background-image":"","background-repeat":"repeat","background-position":"center center","background-size":"auto","background-attachment":"scroll","background-type":"","background-media":"","overlay-type":"","overlay-color":"","overlay-opacity":"","overlay-gradient":""},"mobile":{"background-color":"var(--ast-global-color-5)","background-image":"","background-repeat":"repeat","background-position":"center center","background-size":"auto","background-attachment":"scroll","background-type":"","background-media":"","overlay-type":"","overlay-color":"","overlay-opacity":"","overlay-gradient":""}}},"product_brand":[],"product_cat":[42],"product_tag":[],"class_list":{"0":"post-10913","1":"product","2":"type-product","3":"status-publish","4":"has-post-thumbnail","6":"product_cat-forbrukning","7":"product_shipping_class-tillbehor","8":"desktop-align-center","9":"tablet-align-center","10":"mobile-align-center","11":"ast-product-gallery-layout-vertical-slider","12":"ast-product-gallery-with-no-image","13":"ast-product-tabs-layout-horizontal","15":"first","16":"instock","17":"taxable","18":"shipping-taxable","19":"purchasable","20":"product-type-simple"},"yoast_head":"<!-- This site is optimized with the Yoast SEO plugin v27.3 - https:\/\/yoast.com\/product\/yoast-seo-wordpress\/ -->\n<title>Filterballs f\u00f6r externt reningsverk | Sotarns Badtunnor<\/title>\n<meta name=\"robots\" content=\"index, follow, max-snippet:-1, max-image-preview:large, max-video-preview:-1\" \/>\n<link rel=\"canonical\" href=\"https:\/\/badtunnor.se\/en\/product\/filterballs-for-externt-reningsverk\/\" \/>\n<meta property=\"og:locale\" content=\"en_US\" \/>\n<meta property=\"og:type\" content=\"article\" \/>\n<meta property=\"og:title\" content=\"Filterballs f\u00f6r externt reningsverk | Sotarns Badtunnor\" \/>\n<meta property=\"og:description\" content=\"Som filtermaterial kan man med f\u00f6rdel anv\u00e4nda Filterballs i v\u00e5rt externa reningsverk.  Filterballs: Har en h\u00f6g filtreringskapacitet (ned till 1 micron). \u00e4r Filterballs vattensparande, j\u00e4mf\u00f6rt med sand eftersom man inte beh\u00f6ver genomf\u00f6ra kontinuerlig tv\u00e4ttning av sanden. Ist\u00e4llet r\u00e4cker det att du tv\u00e4ttar Filterballs i tv\u00e4ttmaskinen (utan tv\u00e5l), eller f\u00f6r hand, n\u00e4r s\u00e4songen \u00e4r \u00f6ver. J\u00e4mf\u00f6rt med andra filtermaterial ger Filterballs ett minimum av vattenmotst\u00e5nd, vilket resulterar i ett h\u00f6gre vattenfl\u00f6de. Detta inneb\u00e4r att filtersystemet kan cirkulera allt poolvatten snabbare, vilket i sin tur inneb\u00e4r l\u00e4gre energif\u00f6rbrukning.\" \/>\n<meta property=\"og:url\" content=\"https:\/\/badtunnor.se\/en\/product\/filterballs-for-externt-reningsverk\/\" \/>\n<meta property=\"og:site_name\" content=\"Sotarns Badtunnor\" \/>\n<meta property=\"article:publisher\" content=\"https:\/\/www.facebook.com\/SotarnsBadtunnor\/\" \/>\n<meta property=\"article:modified_time\" content=\"2023-11-01T12:02:34+00:00\" \/>\n<meta property=\"og:image\" content=\"https:\/\/badtunnor.se\/wp-content\/uploads\/2019\/12\/filterballs-e1576931688420.jpg\" \/>\n\t<meta property=\"og:image:width\" content=\"600\" \/>\n\t<meta property=\"og:image:height\" content=\"600\" \/>\n\t<meta property=\"og:image:type\" content=\"image\/jpeg\" \/>\n<meta name=\"twitter:card\" content=\"summary_large_image\" \/>\n<script type=\"application\/ld+json\" class=\"yoast-schema-graph\">{\"@context\":\"https:\\\/\\\/schema.org\",\"@graph\":[{\"@type\":\"WebPage\",\"@id\":\"https:\\\/\\\/badtunnor.se\\\/produkt\\\/filterballs-for-externt-reningsverk\\\/\",\"url\":\"https:\\\/\\\/badtunnor.se\\\/produkt\\\/filterballs-for-externt-reningsverk\\\/\",\"name\":\"Filterballs f\u00f6r externt reningsverk | Sotarns Badtunnor\",\"isPartOf\":{\"@id\":\"https:\\\/\\\/badtunnor.se\\\/#website\"},\"primaryImageOfPage\":{\"@id\":\"https:\\\/\\\/badtunnor.se\\\/produkt\\\/filterballs-for-externt-reningsverk\\\/#primaryimage\"},\"image\":{\"@id\":\"https:\\\/\\\/badtunnor.se\\\/produkt\\\/filterballs-for-externt-reningsverk\\\/#primaryimage\"},\"thumbnailUrl\":\"https:\\\/\\\/badtunnor.se\\\/wp-content\\\/uploads\\\/2019\\\/12\\\/filterballs-e1576931688420.jpg\",\"datePublished\":\"2019-12-21T12:37:22+00:00\",\"dateModified\":\"2023-11-01T12:02:34+00:00\",\"breadcrumb\":{\"@id\":\"https:\\\/\\\/badtunnor.se\\\/produkt\\\/filterballs-for-externt-reningsverk\\\/#breadcrumb\"},\"inLanguage\":\"en-US\",\"potentialAction\":[{\"@type\":\"ReadAction\",\"target\":[\"https:\\\/\\\/badtunnor.se\\\/produkt\\\/filterballs-for-externt-reningsverk\\\/\"]}]},{\"@type\":\"ImageObject\",\"inLanguage\":\"en-US\",\"@id\":\"https:\\\/\\\/badtunnor.se\\\/produkt\\\/filterballs-for-externt-reningsverk\\\/#primaryimage\",\"url\":\"https:\\\/\\\/badtunnor.se\\\/wp-content\\\/uploads\\\/2019\\\/12\\\/filterballs-e1576931688420.jpg\",\"contentUrl\":\"https:\\\/\\\/badtunnor.se\\\/wp-content\\\/uploads\\\/2019\\\/12\\\/filterballs-e1576931688420.jpg\",\"width\":600,\"height\":600},{\"@type\":\"BreadcrumbList\",\"@id\":\"https:\\\/\\\/badtunnor.se\\\/produkt\\\/filterballs-for-externt-reningsverk\\\/#breadcrumb\",\"itemListElement\":[{\"@type\":\"ListItem\",\"position\":1,\"name\":\"Hem\",\"item\":\"https:\\\/\\\/badtunnor.se\\\/\"},{\"@type\":\"ListItem\",\"position\":2,\"name\":\"Webbutik\",\"item\":\"https:\\\/\\\/badtunnor.se\\\/butik\\\/\"},{\"@type\":\"ListItem\",\"position\":3,\"name\":\"Filterballs f\u00f6r externt reningsverk\"}]},{\"@type\":\"WebSite\",\"@id\":\"https:\\\/\\\/badtunnor.se\\\/#website\",\"url\":\"https:\\\/\\\/badtunnor.se\\\/\",\"name\":\"Sotarns Badtunnor\",\"description\":\"Svensktillverkade Vedeldade Badtunnor\",\"publisher\":{\"@id\":\"https:\\\/\\\/badtunnor.se\\\/#organization\"},\"potentialAction\":[{\"@type\":\"SearchAction\",\"target\":{\"@type\":\"EntryPoint\",\"urlTemplate\":\"https:\\\/\\\/badtunnor.se\\\/?s={search_term_string}\"},\"query-input\":{\"@type\":\"PropertyValueSpecification\",\"valueRequired\":true,\"valueName\":\"search_term_string\"}}],\"inLanguage\":\"en-US\"},{\"@type\":\"Organization\",\"@id\":\"https:\\\/\\\/badtunnor.se\\\/#organization\",\"name\":\"Sotarns Badtunnor\",\"url\":\"https:\\\/\\\/badtunnor.se\\\/\",\"logo\":{\"@type\":\"ImageObject\",\"inLanguage\":\"en-US\",\"@id\":\"https:\\\/\\\/badtunnor.se\\\/#\\\/schema\\\/logo\\\/image\\\/\",\"url\":\"https:\\\/\\\/badtunnor.se\\\/wp-content\\\/uploads\\\/2022\\\/12\\\/sotarns_logo-morkgron-scaled.png\",\"contentUrl\":\"https:\\\/\\\/badtunnor.se\\\/wp-content\\\/uploads\\\/2022\\\/12\\\/sotarns_logo-morkgron-scaled.png\",\"width\":2560,\"height\":1260,\"caption\":\"Sotarns Badtunnor\"},\"image\":{\"@id\":\"https:\\\/\\\/badtunnor.se\\\/#\\\/schema\\\/logo\\\/image\\\/\"},\"sameAs\":[\"https:\\\/\\\/www.facebook.com\\\/SotarnsBadtunnor\\\/\"]}]}<\/script>\n<!-- \/ Yoast SEO plugin. -->","yoast_head_json":{"title":"Filterballs f\u00f6r externt reningsverk | Sotarns Badtunnor","robots":{"index":"index","follow":"follow","max-snippet":"max-snippet:-1","max-image-preview":"max-image-preview:large","max-video-preview":"max-video-preview:-1"},"canonical":"https:\/\/badtunnor.se\/en\/product\/filterballs-for-externt-reningsverk\/","og_locale":"en_US","og_type":"article","og_title":"Filterballs f\u00f6r externt reningsverk | Sotarns Badtunnor","og_description":"Som filtermaterial kan man med f\u00f6rdel anv\u00e4nda Filterballs i v\u00e5rt externa reningsverk.  Filterballs: Har en h\u00f6g filtreringskapacitet (ned till 1 micron). \u00e4r Filterballs vattensparande, j\u00e4mf\u00f6rt med sand eftersom man inte beh\u00f6ver genomf\u00f6ra kontinuerlig tv\u00e4ttning av sanden. Ist\u00e4llet r\u00e4cker det att du tv\u00e4ttar Filterballs i tv\u00e4ttmaskinen (utan tv\u00e5l), eller f\u00f6r hand, n\u00e4r s\u00e4songen \u00e4r \u00f6ver. J\u00e4mf\u00f6rt med andra filtermaterial ger Filterballs ett minimum av vattenmotst\u00e5nd, vilket resulterar i ett h\u00f6gre vattenfl\u00f6de. Detta inneb\u00e4r att filtersystemet kan cirkulera allt poolvatten snabbare, vilket i sin tur inneb\u00e4r l\u00e4gre energif\u00f6rbrukning.","og_url":"https:\/\/badtunnor.se\/en\/product\/filterballs-for-externt-reningsverk\/","og_site_name":"Sotarns Badtunnor","article_publisher":"https:\/\/www.facebook.com\/SotarnsBadtunnor\/","article_modified_time":"2023-11-01T12:02:34+00:00","og_image":[{"width":600,"height":600,"url":"https:\/\/badtunnor.se\/wp-content\/uploads\/2019\/12\/filterballs-e1576931688420.jpg","type":"image\/jpeg"}],"twitter_card":"summary_large_image","schema":{"@context":"https:\/\/schema.org","@graph":[{"@type":"WebPage","@id":"https:\/\/badtunnor.se\/produkt\/filterballs-for-externt-reningsverk\/","url":"https:\/\/badtunnor.se\/produkt\/filterballs-for-externt-reningsverk\/","name":"Filterballs f\u00f6r externt reningsverk | Sotarns Badtunnor","isPartOf":{"@id":"https:\/\/badtunnor.se\/#website"},"primaryImageOfPage":{"@id":"https:\/\/badtunnor.se\/produkt\/filterballs-for-externt-reningsverk\/#primaryimage"},"image":{"@id":"https:\/\/badtunnor.se\/produkt\/filterballs-for-externt-reningsverk\/#primaryimage"},"thumbnailUrl":"https:\/\/badtunnor.se\/wp-content\/uploads\/2019\/12\/filterballs-e1576931688420.jpg","datePublished":"2019-12-21T12:37:22+00:00","dateModified":"2023-11-01T12:02:34+00:00","breadcrumb":{"@id":"https:\/\/badtunnor.se\/produkt\/filterballs-for-externt-reningsverk\/#breadcrumb"},"inLanguage":"en-US","potentialAction":[{"@type":"ReadAction","target":["https:\/\/badtunnor.se\/produkt\/filterballs-for-externt-reningsverk\/"]}]},{"@type":"ImageObject","inLanguage":"en-US","@id":"https:\/\/badtunnor.se\/produkt\/filterballs-for-externt-reningsverk\/#primaryimage","url":"https:\/\/badtunnor.se\/wp-content\/uploads\/2019\/12\/filterballs-e1576931688420.jpg","contentUrl":"https:\/\/badtunnor.se\/wp-content\/uploads\/2019\/12\/filterballs-e1576931688420.jpg","width":600,"height":600},{"@type":"BreadcrumbList","@id":"https:\/\/badtunnor.se\/produkt\/filterballs-for-externt-reningsverk\/#breadcrumb","itemListElement":[{"@type":"ListItem","position":1,"name":"Hem","item":"https:\/\/badtunnor.se\/"},{"@type":"ListItem","position":2,"name":"Webbutik","item":"https:\/\/badtunnor.se\/butik\/"},{"@type":"ListItem","position":3,"name":"Filterballs f\u00f6r externt reningsverk"}]},{"@type":"WebSite","@id":"https:\/\/badtunnor.se\/#website","url":"https:\/\/badtunnor.se\/","name":"Sotarns Badtunnor","description":"Svensktillverkade Vedeldade Badtunnor","publisher":{"@id":"https:\/\/badtunnor.se\/#organization"},"potentialAction":[{"@type":"SearchAction","target":{"@type":"EntryPoint","urlTemplate":"https:\/\/badtunnor.se\/?s={search_term_string}"},"query-input":{"@type":"PropertyValueSpecification","valueRequired":true,"valueName":"search_term_string"}}],"inLanguage":"en-US"},{"@type":"Organization","@id":"https:\/\/badtunnor.se\/#organization","name":"Sotarns Badtunnor","url":"https:\/\/badtunnor.se\/","logo":{"@type":"ImageObject","inLanguage":"en-US","@id":"https:\/\/badtunnor.se\/#\/schema\/logo\/image\/","url":"https:\/\/badtunnor.se\/wp-content\/uploads\/2022\/12\/sotarns_logo-morkgron-scaled.png","contentUrl":"https:\/\/badtunnor.se\/wp-content\/uploads\/2022\/12\/sotarns_logo-morkgron-scaled.png","width":2560,"height":1260,"caption":"Sotarns Badtunnor"},"image":{"@id":"https:\/\/badtunnor.se\/#\/schema\/logo\/image\/"},"sameAs":["https:\/\/www.facebook.com\/SotarnsBadtunnor\/"]}]}},"_links":{"self":[{"href":"https:\/\/badtunnor.se\/en\/wp-json\/wp\/v2\/product\/10913","targetHints":{"allow":["GET"]}}],"collection":[{"href":"https:\/\/badtunnor.se\/en\/wp-json\/wp\/v2\/product"}],"about":[{"href":"https:\/\/badtunnor.se\/en\/wp-json\/wp\/v2\/types\/product"}],"version-history":[{"count":1,"href":"https:\/\/badtunnor.se\/en\/wp-json\/wp\/v2\/product\/10913\/revisions"}],"predecessor-version":[{"id":22345,"href":"https:\/\/badtunnor.se\/en\/wp-json\/wp\/v2\/product\/10913\/revisions\/22345"}],"wp:featuredmedia":[{"embeddable":true,"href":"https:\/\/badtunnor.se\/en\/wp-json\/wp\/v2\/media\/10914"}],"wp:attachment":[{"href":"https:\/\/badtunnor.se\/en\/wp-json\/wp\/v2\/media?parent=10913"}],"wp:term":[{"taxonomy":"product_brand","embeddable":true,"href":"https:\/\/badtunnor.se\/en\/wp-json\/wp\/v2\/product_brand?post=10913"},{"taxonomy":"product_cat","embeddable":true,"href":"https:\/\/badtunnor.se\/en\/wp-json\/wp\/v2\/product_cat?post=10913"},{"taxonomy":"product_tag","embeddable":true,"href":"https:\/\/badtunnor.se\/en\/wp-json\/wp\/v2\/product_tag?post=10913"}],"curies":[{"name":"wp","href":"https:\/\/api.w.org\/{rel}","templated":true}]}}