{"id":10910,"date":"2019-12-21T12:55:24","date_gmt":"2019-12-21T11:55:24","guid":{"rendered":"http:\/\/badtunnor.local\/?post_type=product&#038;p=10910"},"modified":"2022-11-21T13:32:59","modified_gmt":"2022-11-21T12:32:59","slug":"extern-elvarmare-2-kw","status":"publish","type":"product","link":"https:\/\/badtunnor.se\/en\/product\/extern-elvarmare-2-kw\/","title":{"rendered":"External electric heater 2 kW"},"content":{"rendered":"<p>The water heater is equipped with a simple adjustable thermostat ranging from 0 to 45 degrees Celsius and a flow switch.<br \/>\nThe switch ensures that the water heater automatically turns off when the circulation from the pump stops. 50.<br \/>\nmm glued joint on the inlet and outlet. Heating power: 2000 W. 10 Amp. 230V\/50-60 Hz.<br \/>\nThe heater should be installed by a professional installer who is qualified to perform hydrotherapeutic<br \/>\ninstallations.<\/p>\n<h5>Specifications<\/h5>\n<ul>\n<li>Power; 2 kW.<\/li>\n<li>oltage; AC 220-240 V, 50\/60 Hz.<\/li>\n<li>Amperage; 10<\/li>\n<li>Maximum pressure; IP45.<\/li>\n<li>MPa; 0.035<\/li>\n<li>Classification; IP45<\/li>\n<li>Heating of 1000 L; +0.7 \u00baC per hour<\/li>\n<\/ul>","protected":false},"excerpt":{"rendered":"<h4>(MASH 138 SEK\/month, 24 months)<\/h4>\n<p>Recommended for use as frost protection and supplementary heating in hot tubs. The heater requires a circulation pump or an external purification system with a circulation pump.<\/p>\n<p>The heater has a built-in \"flow switch\" contact that stops the water heater if the water flow is suddenly interrupted.<\/p>\n<p>The heater should be placed in a dry and covered area. Remember to insulate when using it outdoors. In a hot tub with a capacity of 1,000 liters, the water is heated approximately 0.7 degrees per hour, assuming that the pool is covered with a lid. (Measured at ambient temperatures between +2 and -5 degrees Celsius).<\/p>","protected":false},"featured_media":19179,"template":"","meta":{"site-sidebar-layout":"default","site-content-layout":"default","ast-site-content-layout":"default","site-content-style":"default","site-sidebar-style":"default","ast-global-header-display":"","ast-banner-title-visibility":"","ast-main-header-display":"","ast-hfb-above-header-display":"","ast-hfb-below-header-display":"","ast-hfb-mobile-header-display":"","site-post-title":"","ast-breadcrumbs-content":"","ast-featured-img":"","footer-sml-layout":"","ast-disable-related-posts":"","theme-transparent-header-meta":"default","adv-header-id-meta":"","stick-header-meta":"default","header-above-stick-meta":"","header-main-stick-meta":"","header-below-stick-meta":"","astra-migrate-meta-layouts":"default","ast-page-background-enabled":"default","ast-page-background-meta":{"desktop":{"background-color":"var(--ast-global-color-4)","background-image":"","background-repeat":"repeat","background-position":"center center","background-size":"auto","background-attachment":"scroll","background-type":"","background-media":"","overlay-type":"","overlay-color":"","overlay-opacity":"","overlay-gradient":""},"tablet":{"background-color":"","background-image":"","background-repeat":"repeat","background-position":"center center","background-size":"auto","background-attachment":"scroll","background-type":"","background-media":"","overlay-type":"","overlay-color":"","overlay-opacity":"","overlay-gradient":""},"mobile":{"background-color":"","background-image":"","background-repeat":"repeat","background-position":"center center","background-size":"auto","background-attachment":"scroll","background-type":"","background-media":"","overlay-type":"","overlay-color":"","overlay-opacity":"","overlay-gradient":""}},"ast-content-background-meta":{"desktop":{"background-color":"var(--ast-global-color-5)","background-image":"","background-repeat":"repeat","background-position":"center center","background-size":"auto","background-attachment":"scroll","background-type":"","background-media":"","overlay-type":"","overlay-color":"","overlay-opacity":"","overlay-gradient":""},"tablet":{"background-color":"var(--ast-global-color-5)","background-image":"","background-repeat":"repeat","background-position":"center center","background-size":"auto","background-attachment":"scroll","background-type":"","background-media":"","overlay-type":"","overlay-color":"","overlay-opacity":"","overlay-gradient":""},"mobile":{"background-color":"var(--ast-global-color-5)","background-image":"","background-repeat":"repeat","background-position":"center center","background-size":"auto","background-attachment":"scroll","background-type":"","background-media":"","overlay-type":"","overlay-color":"","overlay-opacity":"","overlay-gradient":""}}},"product_brand":[],"product_cat":[18],"product_tag":[],"class_list":{"0":"post-10910","1":"product","2":"type-product","3":"status-publish","4":"has-post-thumbnail","6":"product_cat-tillbehor","7":"product_shipping_class-frakt-350","8":"desktop-align-center","9":"tablet-align-center","10":"mobile-align-center","11":"ast-product-gallery-layout-vertical-slider","12":"ast-product-gallery-with-no-image","13":"ast-product-tabs-layout-horizontal","15":"first","16":"instock","17":"taxable","18":"shipping-taxable","19":"purchasable","20":"product-type-simple"},"yoast_head":"<!-- This site is optimized with the Yoast SEO plugin v27.3 - https:\/\/yoast.com\/product\/yoast-seo-wordpress\/ -->\n<title>Extern elv\u00e4rmare 2 kW | Sotarns Badtunnor<\/title>\n<meta name=\"robots\" content=\"index, follow, max-snippet:-1, max-image-preview:large, max-video-preview:-1\" \/>\n<link rel=\"canonical\" href=\"https:\/\/badtunnor.se\/en\/product\/extern-elvarmare-2-kw\/\" \/>\n<meta property=\"og:locale\" content=\"en_US\" \/>\n<meta property=\"og:type\" content=\"article\" \/>\n<meta property=\"og:title\" content=\"Extern elv\u00e4rmare 2 kW | Sotarns Badtunnor\" \/>\n<meta property=\"og:description\" content=\"(MASH 138:-\/m\u00e5nad, 24 m\u00e5nader) Rekommenderas f\u00f6r anv\u00e4ndning som frostvakt och kompletterande v\u00e4rmek\u00e4lla i badtunnor. V\u00e4rmaren kr\u00e4ver cirkulationspump eller externt reningsverk med cirkulationspump.  V\u00e4rmaren har inbyggd &quot;flow-switch&quot;-kontakt som stoppar vattenv\u00e4rmaren om vattengenomstr\u00f6mningen pl\u00f6tsligt avbryts.  V\u00e4rmaren placeras torrt och \u00f6vert\u00e4ckt. Kom ih\u00e5g att isolera vid anv\u00e4ndning utomhus. I en badtunna med 1.000 liter v\u00e4rms vattnet upp ca. 0,7 grader per timma, under f\u00f6ruts\u00e4ttning att bass\u00e4ngen \u00e4r \u00f6vert\u00e4ckt med lock. (M\u00e4tt vid omgivande temperatur p\u00e5 mellan +2 och -5 grader).\" \/>\n<meta property=\"og:url\" content=\"https:\/\/badtunnor.se\/en\/product\/extern-elvarmare-2-kw\/\" \/>\n<meta property=\"og:site_name\" content=\"Sotarns Badtunnor\" \/>\n<meta property=\"article:publisher\" content=\"https:\/\/www.facebook.com\/SotarnsBadtunnor\/\" \/>\n<meta property=\"article:modified_time\" content=\"2022-11-21T12:32:59+00:00\" \/>\n<meta property=\"og:image\" content=\"https:\/\/badtunnor.se\/wp-content\/uploads\/2019\/12\/IM-1055-poolvarmer-el-2kW-300-1-cropped.jpg\" \/>\n\t<meta property=\"og:image:width\" content=\"1200\" \/>\n\t<meta property=\"og:image:height\" content=\"1200\" \/>\n\t<meta property=\"og:image:type\" content=\"image\/jpeg\" \/>\n<meta name=\"twitter:card\" content=\"summary_large_image\" \/>\n<meta name=\"twitter:label1\" content=\"Est. reading time\" \/>\n\t<meta name=\"twitter:data1\" content=\"1 minute\" \/>\n<script type=\"application\/ld+json\" class=\"yoast-schema-graph\">{\"@context\":\"https:\\\/\\\/schema.org\",\"@graph\":[{\"@type\":\"WebPage\",\"@id\":\"https:\\\/\\\/badtunnor.se\\\/produkt\\\/extern-elvarmare-2-kw\\\/\",\"url\":\"https:\\\/\\\/badtunnor.se\\\/produkt\\\/extern-elvarmare-2-kw\\\/\",\"name\":\"Extern elv\u00e4rmare 2 kW | Sotarns Badtunnor\",\"isPartOf\":{\"@id\":\"https:\\\/\\\/badtunnor.se\\\/#website\"},\"primaryImageOfPage\":{\"@id\":\"https:\\\/\\\/badtunnor.se\\\/produkt\\\/extern-elvarmare-2-kw\\\/#primaryimage\"},\"image\":{\"@id\":\"https:\\\/\\\/badtunnor.se\\\/produkt\\\/extern-elvarmare-2-kw\\\/#primaryimage\"},\"thumbnailUrl\":\"https:\\\/\\\/badtunnor.se\\\/wp-content\\\/uploads\\\/2019\\\/12\\\/IM-1055-poolvarmer-el-2kW-300-1-cropped.jpg\",\"datePublished\":\"2019-12-21T11:55:24+00:00\",\"dateModified\":\"2022-11-21T12:32:59+00:00\",\"breadcrumb\":{\"@id\":\"https:\\\/\\\/badtunnor.se\\\/produkt\\\/extern-elvarmare-2-kw\\\/#breadcrumb\"},\"inLanguage\":\"en-US\",\"potentialAction\":[{\"@type\":\"ReadAction\",\"target\":[\"https:\\\/\\\/badtunnor.se\\\/produkt\\\/extern-elvarmare-2-kw\\\/\"]}]},{\"@type\":\"ImageObject\",\"inLanguage\":\"en-US\",\"@id\":\"https:\\\/\\\/badtunnor.se\\\/produkt\\\/extern-elvarmare-2-kw\\\/#primaryimage\",\"url\":\"https:\\\/\\\/badtunnor.se\\\/wp-content\\\/uploads\\\/2019\\\/12\\\/IM-1055-poolvarmer-el-2kW-300-1-cropped.jpg\",\"contentUrl\":\"https:\\\/\\\/badtunnor.se\\\/wp-content\\\/uploads\\\/2019\\\/12\\\/IM-1055-poolvarmer-el-2kW-300-1-cropped.jpg\",\"width\":1200,\"height\":1200},{\"@type\":\"BreadcrumbList\",\"@id\":\"https:\\\/\\\/badtunnor.se\\\/produkt\\\/extern-elvarmare-2-kw\\\/#breadcrumb\",\"itemListElement\":[{\"@type\":\"ListItem\",\"position\":1,\"name\":\"Hem\",\"item\":\"https:\\\/\\\/badtunnor.se\\\/\"},{\"@type\":\"ListItem\",\"position\":2,\"name\":\"Webbutik\",\"item\":\"https:\\\/\\\/badtunnor.se\\\/butik\\\/\"},{\"@type\":\"ListItem\",\"position\":3,\"name\":\"Extern elv\u00e4rmare 2 kW\"}]},{\"@type\":\"WebSite\",\"@id\":\"https:\\\/\\\/badtunnor.se\\\/#website\",\"url\":\"https:\\\/\\\/badtunnor.se\\\/\",\"name\":\"Sotarns Badtunnor\",\"description\":\"Svensktillverkade Vedeldade Badtunnor\",\"publisher\":{\"@id\":\"https:\\\/\\\/badtunnor.se\\\/#organization\"},\"potentialAction\":[{\"@type\":\"SearchAction\",\"target\":{\"@type\":\"EntryPoint\",\"urlTemplate\":\"https:\\\/\\\/badtunnor.se\\\/?s={search_term_string}\"},\"query-input\":{\"@type\":\"PropertyValueSpecification\",\"valueRequired\":true,\"valueName\":\"search_term_string\"}}],\"inLanguage\":\"en-US\"},{\"@type\":\"Organization\",\"@id\":\"https:\\\/\\\/badtunnor.se\\\/#organization\",\"name\":\"Sotarns Badtunnor\",\"url\":\"https:\\\/\\\/badtunnor.se\\\/\",\"logo\":{\"@type\":\"ImageObject\",\"inLanguage\":\"en-US\",\"@id\":\"https:\\\/\\\/badtunnor.se\\\/#\\\/schema\\\/logo\\\/image\\\/\",\"url\":\"https:\\\/\\\/badtunnor.se\\\/wp-content\\\/uploads\\\/2022\\\/12\\\/sotarns_logo-morkgron-scaled.png\",\"contentUrl\":\"https:\\\/\\\/badtunnor.se\\\/wp-content\\\/uploads\\\/2022\\\/12\\\/sotarns_logo-morkgron-scaled.png\",\"width\":2560,\"height\":1260,\"caption\":\"Sotarns Badtunnor\"},\"image\":{\"@id\":\"https:\\\/\\\/badtunnor.se\\\/#\\\/schema\\\/logo\\\/image\\\/\"},\"sameAs\":[\"https:\\\/\\\/www.facebook.com\\\/SotarnsBadtunnor\\\/\"]}]}<\/script>\n<!-- \/ Yoast SEO plugin. -->","yoast_head_json":{"title":"Extern elv\u00e4rmare 2 kW | Sotarns Badtunnor","robots":{"index":"index","follow":"follow","max-snippet":"max-snippet:-1","max-image-preview":"max-image-preview:large","max-video-preview":"max-video-preview:-1"},"canonical":"https:\/\/badtunnor.se\/en\/product\/extern-elvarmare-2-kw\/","og_locale":"en_US","og_type":"article","og_title":"Extern elv\u00e4rmare 2 kW | Sotarns Badtunnor","og_description":"(MASH 138:-\/m\u00e5nad, 24 m\u00e5nader) Rekommenderas f\u00f6r anv\u00e4ndning som frostvakt och kompletterande v\u00e4rmek\u00e4lla i badtunnor. V\u00e4rmaren kr\u00e4ver cirkulationspump eller externt reningsverk med cirkulationspump.  V\u00e4rmaren har inbyggd \"flow-switch\"-kontakt som stoppar vattenv\u00e4rmaren om vattengenomstr\u00f6mningen pl\u00f6tsligt avbryts.  V\u00e4rmaren placeras torrt och \u00f6vert\u00e4ckt. Kom ih\u00e5g att isolera vid anv\u00e4ndning utomhus. I en badtunna med 1.000 liter v\u00e4rms vattnet upp ca. 0,7 grader per timma, under f\u00f6ruts\u00e4ttning att bass\u00e4ngen \u00e4r \u00f6vert\u00e4ckt med lock. (M\u00e4tt vid omgivande temperatur p\u00e5 mellan +2 och -5 grader).","og_url":"https:\/\/badtunnor.se\/en\/product\/extern-elvarmare-2-kw\/","og_site_name":"Sotarns Badtunnor","article_publisher":"https:\/\/www.facebook.com\/SotarnsBadtunnor\/","article_modified_time":"2022-11-21T12:32:59+00:00","og_image":[{"width":1200,"height":1200,"url":"https:\/\/badtunnor.se\/wp-content\/uploads\/2019\/12\/IM-1055-poolvarmer-el-2kW-300-1-cropped.jpg","type":"image\/jpeg"}],"twitter_card":"summary_large_image","twitter_misc":{"Est. reading time":"1 minute"},"schema":{"@context":"https:\/\/schema.org","@graph":[{"@type":"WebPage","@id":"https:\/\/badtunnor.se\/produkt\/extern-elvarmare-2-kw\/","url":"https:\/\/badtunnor.se\/produkt\/extern-elvarmare-2-kw\/","name":"Extern elv\u00e4rmare 2 kW | Sotarns Badtunnor","isPartOf":{"@id":"https:\/\/badtunnor.se\/#website"},"primaryImageOfPage":{"@id":"https:\/\/badtunnor.se\/produkt\/extern-elvarmare-2-kw\/#primaryimage"},"image":{"@id":"https:\/\/badtunnor.se\/produkt\/extern-elvarmare-2-kw\/#primaryimage"},"thumbnailUrl":"https:\/\/badtunnor.se\/wp-content\/uploads\/2019\/12\/IM-1055-poolvarmer-el-2kW-300-1-cropped.jpg","datePublished":"2019-12-21T11:55:24+00:00","dateModified":"2022-11-21T12:32:59+00:00","breadcrumb":{"@id":"https:\/\/badtunnor.se\/produkt\/extern-elvarmare-2-kw\/#breadcrumb"},"inLanguage":"en-US","potentialAction":[{"@type":"ReadAction","target":["https:\/\/badtunnor.se\/produkt\/extern-elvarmare-2-kw\/"]}]},{"@type":"ImageObject","inLanguage":"en-US","@id":"https:\/\/badtunnor.se\/produkt\/extern-elvarmare-2-kw\/#primaryimage","url":"https:\/\/badtunnor.se\/wp-content\/uploads\/2019\/12\/IM-1055-poolvarmer-el-2kW-300-1-cropped.jpg","contentUrl":"https:\/\/badtunnor.se\/wp-content\/uploads\/2019\/12\/IM-1055-poolvarmer-el-2kW-300-1-cropped.jpg","width":1200,"height":1200},{"@type":"BreadcrumbList","@id":"https:\/\/badtunnor.se\/produkt\/extern-elvarmare-2-kw\/#breadcrumb","itemListElement":[{"@type":"ListItem","position":1,"name":"Hem","item":"https:\/\/badtunnor.se\/"},{"@type":"ListItem","position":2,"name":"Webbutik","item":"https:\/\/badtunnor.se\/butik\/"},{"@type":"ListItem","position":3,"name":"Extern elv\u00e4rmare 2 kW"}]},{"@type":"WebSite","@id":"https:\/\/badtunnor.se\/#website","url":"https:\/\/badtunnor.se\/","name":"Sotarns Badtunnor","description":"Svensktillverkade Vedeldade Badtunnor","publisher":{"@id":"https:\/\/badtunnor.se\/#organization"},"potentialAction":[{"@type":"SearchAction","target":{"@type":"EntryPoint","urlTemplate":"https:\/\/badtunnor.se\/?s={search_term_string}"},"query-input":{"@type":"PropertyValueSpecification","valueRequired":true,"valueName":"search_term_string"}}],"inLanguage":"en-US"},{"@type":"Organization","@id":"https:\/\/badtunnor.se\/#organization","name":"Sotarns Badtunnor","url":"https:\/\/badtunnor.se\/","logo":{"@type":"ImageObject","inLanguage":"en-US","@id":"https:\/\/badtunnor.se\/#\/schema\/logo\/image\/","url":"https:\/\/badtunnor.se\/wp-content\/uploads\/2022\/12\/sotarns_logo-morkgron-scaled.png","contentUrl":"https:\/\/badtunnor.se\/wp-content\/uploads\/2022\/12\/sotarns_logo-morkgron-scaled.png","width":2560,"height":1260,"caption":"Sotarns Badtunnor"},"image":{"@id":"https:\/\/badtunnor.se\/#\/schema\/logo\/image\/"},"sameAs":["https:\/\/www.facebook.com\/SotarnsBadtunnor\/"]}]}},"_links":{"self":[{"href":"https:\/\/badtunnor.se\/en\/wp-json\/wp\/v2\/product\/10910","targetHints":{"allow":["GET"]}}],"collection":[{"href":"https:\/\/badtunnor.se\/en\/wp-json\/wp\/v2\/product"}],"about":[{"href":"https:\/\/badtunnor.se\/en\/wp-json\/wp\/v2\/types\/product"}],"version-history":[{"count":0,"href":"https:\/\/badtunnor.se\/en\/wp-json\/wp\/v2\/product\/10910\/revisions"}],"wp:featuredmedia":[{"embeddable":true,"href":"https:\/\/badtunnor.se\/en\/wp-json\/wp\/v2\/media\/19179"}],"wp:attachment":[{"href":"https:\/\/badtunnor.se\/en\/wp-json\/wp\/v2\/media?parent=10910"}],"wp:term":[{"taxonomy":"product_brand","embeddable":true,"href":"https:\/\/badtunnor.se\/en\/wp-json\/wp\/v2\/product_brand?post=10910"},{"taxonomy":"product_cat","embeddable":true,"href":"https:\/\/badtunnor.se\/en\/wp-json\/wp\/v2\/product_cat?post=10910"},{"taxonomy":"product_tag","embeddable":true,"href":"https:\/\/badtunnor.se\/en\/wp-json\/wp\/v2\/product_tag?post=10910"}],"curies":[{"name":"wp","href":"https:\/\/api.w.org\/{rel}","templated":true}]}}