{"id":8354,"date":"2019-09-10T18:40:55","date_gmt":"2019-09-10T16:40:55","guid":{"rendered":"http:\/\/badtunnor.local\/?page_id=8354"},"modified":"2022-11-15T14:40:36","modified_gmt":"2022-11-15T13:40:36","slug":"jamforelse-med-andra-tunnor","status":"publish","type":"page","link":"https:\/\/badtunnor.se\/en\/jamforelse-med-andra-tunnor\/","title":{"rendered":"J\u00e4mf\u00f6relse med andra tunnor"},"content":{"rendered":"<div data-elementor-type=\"wp-post\" data-elementor-id=\"8354\" class=\"elementor elementor-8354\" data-elementor-post-type=\"page\">\n\t\t\t\t\t\t<section class=\"elementor-section elementor-top-section elementor-element elementor-element-08d037a elementor-section-boxed elementor-section-height-default elementor-section-height-default\" data-id=\"08d037a\" data-element_type=\"section\" data-e-type=\"section\">\n\t\t\t\t\t\t<div class=\"elementor-container elementor-column-gap-wider\">\n\t\t\t\t\t<div class=\"elementor-column elementor-col-100 elementor-top-column elementor-element elementor-element-20301d2\" data-id=\"20301d2\" data-element_type=\"column\" data-e-type=\"column\">\n\t\t\t<div class=\"elementor-widget-wrap elementor-element-populated\">\n\t\t\t\t\t\t<div class=\"elementor-element elementor-element-b9f7692 elementor-widget elementor-widget-image\" data-id=\"b9f7692\" data-element_type=\"widget\" data-e-type=\"widget\" data-widget_type=\"image.default\">\n\t\t\t\t<div class=\"elementor-widget-container\">\n\t\t\t\t\t\t\t\t\t\t\t\t\t\t\t<img fetchpriority=\"high\" decoding=\"async\" width=\"1024\" height=\"487\" src=\"https:\/\/badtunnor.se\/wp-content\/uploads\/2019\/09\/jmfrbotten-1024x487.jpg\" class=\"attachment-large size-large wp-image-8351\" alt=\"\" srcset=\"https:\/\/badtunnor.se\/wp-content\/uploads\/2019\/09\/jmfrbotten-1024x487.jpg 1024w, https:\/\/badtunnor.se\/wp-content\/uploads\/2019\/09\/jmfrbotten-600x285.jpg 600w, https:\/\/badtunnor.se\/wp-content\/uploads\/2019\/09\/jmfrbotten-300x143.jpg 300w, https:\/\/badtunnor.se\/wp-content\/uploads\/2019\/09\/jmfrbotten-768x365.jpg 768w, https:\/\/badtunnor.se\/wp-content\/uploads\/2019\/09\/jmfrbotten.jpg 1776w\" sizes=\"(max-width: 1024px) 100vw, 1024px\" \/>\t\t\t\t\t\t\t\t\t\t\t\t\t\t\t<\/div>\n\t\t\t\t<\/div>\n\t\t\t\t\t<\/div>\n\t\t<\/div>\n\t\t\t\t\t<\/div>\n\t\t<\/section>\n\t\t\t\t<section class=\"elementor-section elementor-top-section elementor-element elementor-element-76cb8f2 elementor-section-boxed elementor-section-height-default elementor-section-height-default\" data-id=\"76cb8f2\" data-element_type=\"section\" data-e-type=\"section\">\n\t\t\t\t\t\t<div class=\"elementor-container elementor-column-gap-wider\">\n\t\t\t\t\t<div class=\"elementor-column elementor-col-100 elementor-top-column elementor-element elementor-element-46c1cf7\" data-id=\"46c1cf7\" data-element_type=\"column\" data-e-type=\"column\">\n\t\t\t<div class=\"elementor-widget-wrap elementor-element-populated\">\n\t\t\t\t\t\t<section class=\"elementor-section elementor-inner-section elementor-element elementor-element-cc8c082 elementor-section-boxed elementor-section-height-default elementor-section-height-default\" data-id=\"cc8c082\" data-element_type=\"section\" data-e-type=\"section\">\n\t\t\t\t\t\t<div class=\"elementor-container elementor-column-gap-default\">\n\t\t\t\t\t<div class=\"elementor-column elementor-col-100 elementor-inner-column elementor-element elementor-element-e8083d8\" data-id=\"e8083d8\" data-element_type=\"column\" data-e-type=\"column\">\n\t\t\t<div class=\"elementor-widget-wrap elementor-element-populated\">\n\t\t\t\t\t\t<div class=\"elementor-element elementor-element-6b0d60b elementor-widget__width-initial elementor-widget elementor-widget-text-editor\" data-id=\"6b0d60b\" data-element_type=\"widget\" data-e-type=\"widget\" data-widget_type=\"text-editor.default\">\n\t\t\t\t<div class=\"elementor-widget-container\">\n\t\t\t\t\t\t\t\t\t<p>Vi har alltid tillverkat v\u00e5ra badtunnor en riktig tr\u00e4botten 36 mm och v\u00e4ggar av samma tjocklek.<\/p><p>M\u00e5nga badtunnor p\u00e5 marknaden saknar helt tr\u00e4botten. Detta \u00e4r n\u00e5got som s\u00e4llan tas upp eller visas p\u00e5 bild. \u00c4ven vissa dyrare badtunnor saknar tr\u00e4botten.<\/p><p>Det \u00e4r klart att det blir billigare att tillverka badtunnor utan tr\u00e4botten och med tunna sidobr\u00e4dor.<\/p><p>Vi anser att det \u00e4r m\u00e5nga f\u00f6rdelar med en rej\u00e4l tr\u00e4botten.<\/p><ul><li>Slipper markkyla<\/li><li>H\u00e5ller v\u00e4rmen l\u00e4ngre. Termoseffekt<\/li><li>Snabbare uppv\u00e4rmning<\/li><li>Stabil konstruktion<\/li><li>Slipper r\u00e5ttor, ormar och getingar under badtunnan<\/li><\/ul><div>\u00a0N\u00e4r du j\u00e4mf\u00f6r olika badtunnor beg\u00e4r alltid att f\u00e5 ta del av hur badtunnan \u00e4r konstruerad p\u00e5 undersidan. H\u00e4r f\u00e5r du kanske den viktigaste informationen om vilken kvalit\u00e9 badtunnan har.<\/div><div>\u00a0<\/div><div>Se \u00e4ven v\u00e5r j\u00e4mf\u00f6relse mellan v\u00e5r badtunna Royal och v\u00e5r enklare badtunna Litauen\u00a0 <a href=\"http:\/\/badtunnor.se\/en\/badtunna-litauen\/\">L\u00e4s mer<\/a><\/div>\t\t\t\t\t\t\t\t<\/div>\n\t\t\t\t<\/div>\n\t\t\t\t\t<\/div>\n\t\t<\/div>\n\t\t\t\t\t<\/div>\n\t\t<\/section>\n\t\t\t\t\t<\/div>\n\t\t<\/div>\n\t\t\t\t\t<\/div>\n\t\t<\/section>\n\t\t\t\t<\/div>","protected":false},"excerpt":{"rendered":"<p>Vi har alltid tillverkat v\u00e5ra badtunnor en riktig tr\u00e4botten 36 mm och v\u00e4ggar av samma tjocklek. M\u00e5nga badtunnor p\u00e5 marknaden saknar helt tr\u00e4botten. Detta \u00e4r n\u00e5got som s\u00e4llan tas upp eller visas p\u00e5 bild. \u00c4ven vissa dyrare badtunnor saknar tr\u00e4botten. Det \u00e4r klart att det blir billigare att tillverka badtunnor utan tr\u00e4botten och med tunna [&hellip;]<\/p>\n","protected":false},"author":2,"featured_media":19393,"parent":0,"menu_order":0,"comment_status":"closed","ping_status":"closed","template":"","meta":{"site-sidebar-layout":"no-sidebar","site-content-layout":"page-builder","ast-site-content-layout":"default","site-content-style":"default","site-sidebar-style":"default","ast-global-header-display":"","ast-banner-title-visibility":"","ast-main-header-display":"","ast-hfb-above-header-display":"","ast-hfb-below-header-display":"","ast-hfb-mobile-header-display":"","site-post-title":"disabled","ast-breadcrumbs-content":"","ast-featured-img":"disabled","footer-sml-layout":"","ast-disable-related-posts":"","theme-transparent-header-meta":"default","adv-header-id-meta":"","stick-header-meta":"default","header-above-stick-meta":"","header-main-stick-meta":"","header-below-stick-meta":"","astra-migrate-meta-layouts":"default","ast-page-background-enabled":"default","ast-page-background-meta":{"desktop":{"background-color":"var(--ast-global-color-4)","background-image":"","background-repeat":"repeat","background-position":"center center","background-size":"auto","background-attachment":"scroll","background-type":"","background-media":"","overlay-type":"","overlay-color":"","overlay-opacity":"","overlay-gradient":""},"tablet":{"background-color":"","background-image":"","background-repeat":"repeat","background-position":"center center","background-size":"auto","background-attachment":"scroll","background-type":"","background-media":"","overlay-type":"","overlay-color":"","overlay-opacity":"","overlay-gradient":""},"mobile":{"background-color":"","background-image":"","background-repeat":"repeat","background-position":"center center","background-size":"auto","background-attachment":"scroll","background-type":"","background-media":"","overlay-type":"","overlay-color":"","overlay-opacity":"","overlay-gradient":""}},"ast-content-background-meta":{"desktop":{"background-color":"var(--ast-global-color-5)","background-image":"","background-repeat":"repeat","background-position":"center center","background-size":"auto","background-attachment":"scroll","background-type":"","background-media":"","overlay-type":"","overlay-color":"","overlay-opacity":"","overlay-gradient":""},"tablet":{"background-color":"var(--ast-global-color-5)","background-image":"","background-repeat":"repeat","background-position":"center center","background-size":"auto","background-attachment":"scroll","background-type":"","background-media":"","overlay-type":"","overlay-color":"","overlay-opacity":"","overlay-gradient":""},"mobile":{"background-color":"var(--ast-global-color-5)","background-image":"","background-repeat":"repeat","background-position":"center center","background-size":"auto","background-attachment":"scroll","background-type":"","background-media":"","overlay-type":"","overlay-color":"","overlay-opacity":"","overlay-gradient":""}},"footnotes":""},"class_list":["post-8354","page","type-page","status-publish","has-post-thumbnail","hentry"],"yoast_head":"<!-- This site is optimized with the Yoast SEO plugin v27.3 - https:\/\/yoast.com\/product\/yoast-seo-wordpress\/ -->\n<title>J\u00e4mf\u00f6relse med andra tunnor | Sotarns Badtunnor<\/title>\n<meta name=\"robots\" content=\"index, follow, max-snippet:-1, max-image-preview:large, max-video-preview:-1\" \/>\n<link rel=\"canonical\" href=\"https:\/\/badtunnor.se\/en\/jamforelse-med-andra-tunnor\/\" \/>\n<meta property=\"og:locale\" content=\"en_US\" \/>\n<meta property=\"og:type\" content=\"article\" \/>\n<meta property=\"og:title\" content=\"J\u00e4mf\u00f6relse med andra tunnor | Sotarns Badtunnor\" \/>\n<meta property=\"og:description\" content=\"Vi har alltid tillverkat v\u00e5ra badtunnor en riktig tr\u00e4botten 36 mm och v\u00e4ggar av samma tjocklek. M\u00e5nga badtunnor p\u00e5 marknaden saknar helt tr\u00e4botten. Detta \u00e4r n\u00e5got som s\u00e4llan tas upp eller visas p\u00e5 bild. \u00c4ven vissa dyrare badtunnor saknar tr\u00e4botten. Det \u00e4r klart att det blir billigare att tillverka badtunnor utan tr\u00e4botten och med tunna [&hellip;]\" \/>\n<meta property=\"og:url\" content=\"https:\/\/badtunnor.se\/en\/jamforelse-med-andra-tunnor\/\" \/>\n<meta property=\"og:site_name\" content=\"Sotarns Badtunnor\" \/>\n<meta property=\"article:publisher\" content=\"https:\/\/www.facebook.com\/SotarnsBadtunnor\/\" \/>\n<meta property=\"article:modified_time\" content=\"2022-11-15T13:40:36+00:00\" \/>\n<meta property=\"og:image\" content=\"https:\/\/badtunnor.se\/wp-content\/uploads\/2022\/11\/zyro-image-2-scaled.jpg\" \/>\n\t<meta property=\"og:image:width\" content=\"2560\" \/>\n\t<meta property=\"og:image:height\" content=\"1922\" \/>\n\t<meta property=\"og:image:type\" content=\"image\/jpeg\" \/>\n<meta name=\"twitter:card\" content=\"summary_large_image\" \/>\n<meta name=\"twitter:label1\" content=\"Est. reading time\" \/>\n\t<meta name=\"twitter:data1\" content=\"1 minute\" \/>\n<script type=\"application\/ld+json\" class=\"yoast-schema-graph\">{\"@context\":\"https:\\\/\\\/schema.org\",\"@graph\":[{\"@type\":\"WebPage\",\"@id\":\"https:\\\/\\\/badtunnor.se\\\/jamforelse-med-andra-tunnor\\\/\",\"url\":\"https:\\\/\\\/badtunnor.se\\\/jamforelse-med-andra-tunnor\\\/\",\"name\":\"J\u00e4mf\u00f6relse med andra tunnor | Sotarns Badtunnor\",\"isPartOf\":{\"@id\":\"https:\\\/\\\/badtunnor.se\\\/#website\"},\"primaryImageOfPage\":{\"@id\":\"https:\\\/\\\/badtunnor.se\\\/jamforelse-med-andra-tunnor\\\/#primaryimage\"},\"image\":{\"@id\":\"https:\\\/\\\/badtunnor.se\\\/jamforelse-med-andra-tunnor\\\/#primaryimage\"},\"thumbnailUrl\":\"https:\\\/\\\/badtunnor.se\\\/wp-content\\\/uploads\\\/2022\\\/11\\\/zyro-image-2-scaled.jpg\",\"datePublished\":\"2019-09-10T16:40:55+00:00\",\"dateModified\":\"2022-11-15T13:40:36+00:00\",\"breadcrumb\":{\"@id\":\"https:\\\/\\\/badtunnor.se\\\/jamforelse-med-andra-tunnor\\\/#breadcrumb\"},\"inLanguage\":\"en-US\",\"potentialAction\":[{\"@type\":\"ReadAction\",\"target\":[\"https:\\\/\\\/badtunnor.se\\\/jamforelse-med-andra-tunnor\\\/\"]}]},{\"@type\":\"ImageObject\",\"inLanguage\":\"en-US\",\"@id\":\"https:\\\/\\\/badtunnor.se\\\/jamforelse-med-andra-tunnor\\\/#primaryimage\",\"url\":\"https:\\\/\\\/badtunnor.se\\\/wp-content\\\/uploads\\\/2022\\\/11\\\/zyro-image-2-scaled.jpg\",\"contentUrl\":\"https:\\\/\\\/badtunnor.se\\\/wp-content\\\/uploads\\\/2022\\\/11\\\/zyro-image-2-scaled.jpg\",\"width\":2560,\"height\":1922},{\"@type\":\"BreadcrumbList\",\"@id\":\"https:\\\/\\\/badtunnor.se\\\/jamforelse-med-andra-tunnor\\\/#breadcrumb\",\"itemListElement\":[{\"@type\":\"ListItem\",\"position\":1,\"name\":\"Hem\",\"item\":\"https:\\\/\\\/badtunnor.se\\\/\"},{\"@type\":\"ListItem\",\"position\":2,\"name\":\"J\u00e4mf\u00f6relse med andra tunnor\"}]},{\"@type\":\"WebSite\",\"@id\":\"https:\\\/\\\/badtunnor.se\\\/#website\",\"url\":\"https:\\\/\\\/badtunnor.se\\\/\",\"name\":\"Sotarns Badtunnor\",\"description\":\"Svensktillverkade Vedeldade Badtunnor\",\"publisher\":{\"@id\":\"https:\\\/\\\/badtunnor.se\\\/#organization\"},\"potentialAction\":[{\"@type\":\"SearchAction\",\"target\":{\"@type\":\"EntryPoint\",\"urlTemplate\":\"https:\\\/\\\/badtunnor.se\\\/?s={search_term_string}\"},\"query-input\":{\"@type\":\"PropertyValueSpecification\",\"valueRequired\":true,\"valueName\":\"search_term_string\"}}],\"inLanguage\":\"en-US\"},{\"@type\":\"Organization\",\"@id\":\"https:\\\/\\\/badtunnor.se\\\/#organization\",\"name\":\"Sotarns Badtunnor\",\"url\":\"https:\\\/\\\/badtunnor.se\\\/\",\"logo\":{\"@type\":\"ImageObject\",\"inLanguage\":\"en-US\",\"@id\":\"https:\\\/\\\/badtunnor.se\\\/#\\\/schema\\\/logo\\\/image\\\/\",\"url\":\"https:\\\/\\\/badtunnor.se\\\/wp-content\\\/uploads\\\/2022\\\/12\\\/sotarns_logo-morkgron-scaled.png\",\"contentUrl\":\"https:\\\/\\\/badtunnor.se\\\/wp-content\\\/uploads\\\/2022\\\/12\\\/sotarns_logo-morkgron-scaled.png\",\"width\":2560,\"height\":1260,\"caption\":\"Sotarns Badtunnor\"},\"image\":{\"@id\":\"https:\\\/\\\/badtunnor.se\\\/#\\\/schema\\\/logo\\\/image\\\/\"},\"sameAs\":[\"https:\\\/\\\/www.facebook.com\\\/SotarnsBadtunnor\\\/\"]}]}<\/script>\n<!-- \/ Yoast SEO plugin. -->","yoast_head_json":{"title":"J\u00e4mf\u00f6relse med andra tunnor | Sotarns Badtunnor","robots":{"index":"index","follow":"follow","max-snippet":"max-snippet:-1","max-image-preview":"max-image-preview:large","max-video-preview":"max-video-preview:-1"},"canonical":"https:\/\/badtunnor.se\/en\/jamforelse-med-andra-tunnor\/","og_locale":"en_US","og_type":"article","og_title":"J\u00e4mf\u00f6relse med andra tunnor | Sotarns Badtunnor","og_description":"Vi har alltid tillverkat v\u00e5ra badtunnor en riktig tr\u00e4botten 36 mm och v\u00e4ggar av samma tjocklek. M\u00e5nga badtunnor p\u00e5 marknaden saknar helt tr\u00e4botten. Detta \u00e4r n\u00e5got som s\u00e4llan tas upp eller visas p\u00e5 bild. \u00c4ven vissa dyrare badtunnor saknar tr\u00e4botten. Det \u00e4r klart att det blir billigare att tillverka badtunnor utan tr\u00e4botten och med tunna [&hellip;]","og_url":"https:\/\/badtunnor.se\/en\/jamforelse-med-andra-tunnor\/","og_site_name":"Sotarns Badtunnor","article_publisher":"https:\/\/www.facebook.com\/SotarnsBadtunnor\/","article_modified_time":"2022-11-15T13:40:36+00:00","og_image":[{"width":2560,"height":1922,"url":"https:\/\/badtunnor.se\/wp-content\/uploads\/2022\/11\/zyro-image-2-scaled.jpg","type":"image\/jpeg"}],"twitter_card":"summary_large_image","twitter_misc":{"Est. reading time":"1 minute"},"schema":{"@context":"https:\/\/schema.org","@graph":[{"@type":"WebPage","@id":"https:\/\/badtunnor.se\/jamforelse-med-andra-tunnor\/","url":"https:\/\/badtunnor.se\/jamforelse-med-andra-tunnor\/","name":"J\u00e4mf\u00f6relse med andra tunnor | Sotarns Badtunnor","isPartOf":{"@id":"https:\/\/badtunnor.se\/#website"},"primaryImageOfPage":{"@id":"https:\/\/badtunnor.se\/jamforelse-med-andra-tunnor\/#primaryimage"},"image":{"@id":"https:\/\/badtunnor.se\/jamforelse-med-andra-tunnor\/#primaryimage"},"thumbnailUrl":"https:\/\/badtunnor.se\/wp-content\/uploads\/2022\/11\/zyro-image-2-scaled.jpg","datePublished":"2019-09-10T16:40:55+00:00","dateModified":"2022-11-15T13:40:36+00:00","breadcrumb":{"@id":"https:\/\/badtunnor.se\/jamforelse-med-andra-tunnor\/#breadcrumb"},"inLanguage":"en-US","potentialAction":[{"@type":"ReadAction","target":["https:\/\/badtunnor.se\/jamforelse-med-andra-tunnor\/"]}]},{"@type":"ImageObject","inLanguage":"en-US","@id":"https:\/\/badtunnor.se\/jamforelse-med-andra-tunnor\/#primaryimage","url":"https:\/\/badtunnor.se\/wp-content\/uploads\/2022\/11\/zyro-image-2-scaled.jpg","contentUrl":"https:\/\/badtunnor.se\/wp-content\/uploads\/2022\/11\/zyro-image-2-scaled.jpg","width":2560,"height":1922},{"@type":"BreadcrumbList","@id":"https:\/\/badtunnor.se\/jamforelse-med-andra-tunnor\/#breadcrumb","itemListElement":[{"@type":"ListItem","position":1,"name":"Hem","item":"https:\/\/badtunnor.se\/"},{"@type":"ListItem","position":2,"name":"J\u00e4mf\u00f6relse med andra tunnor"}]},{"@type":"WebSite","@id":"https:\/\/badtunnor.se\/#website","url":"https:\/\/badtunnor.se\/","name":"Sotarns Badtunnor","description":"Svensktillverkade Vedeldade Badtunnor","publisher":{"@id":"https:\/\/badtunnor.se\/#organization"},"potentialAction":[{"@type":"SearchAction","target":{"@type":"EntryPoint","urlTemplate":"https:\/\/badtunnor.se\/?s={search_term_string}"},"query-input":{"@type":"PropertyValueSpecification","valueRequired":true,"valueName":"search_term_string"}}],"inLanguage":"en-US"},{"@type":"Organization","@id":"https:\/\/badtunnor.se\/#organization","name":"Sotarns Badtunnor","url":"https:\/\/badtunnor.se\/","logo":{"@type":"ImageObject","inLanguage":"en-US","@id":"https:\/\/badtunnor.se\/#\/schema\/logo\/image\/","url":"https:\/\/badtunnor.se\/wp-content\/uploads\/2022\/12\/sotarns_logo-morkgron-scaled.png","contentUrl":"https:\/\/badtunnor.se\/wp-content\/uploads\/2022\/12\/sotarns_logo-morkgron-scaled.png","width":2560,"height":1260,"caption":"Sotarns Badtunnor"},"image":{"@id":"https:\/\/badtunnor.se\/#\/schema\/logo\/image\/"},"sameAs":["https:\/\/www.facebook.com\/SotarnsBadtunnor\/"]}]}},"_links":{"self":[{"href":"https:\/\/badtunnor.se\/en\/wp-json\/wp\/v2\/pages\/8354","targetHints":{"allow":["GET"]}}],"collection":[{"href":"https:\/\/badtunnor.se\/en\/wp-json\/wp\/v2\/pages"}],"about":[{"href":"https:\/\/badtunnor.se\/en\/wp-json\/wp\/v2\/types\/page"}],"author":[{"embeddable":true,"href":"https:\/\/badtunnor.se\/en\/wp-json\/wp\/v2\/users\/2"}],"replies":[{"embeddable":true,"href":"https:\/\/badtunnor.se\/en\/wp-json\/wp\/v2\/comments?post=8354"}],"version-history":[{"count":0,"href":"https:\/\/badtunnor.se\/en\/wp-json\/wp\/v2\/pages\/8354\/revisions"}],"wp:featuredmedia":[{"embeddable":true,"href":"https:\/\/badtunnor.se\/en\/wp-json\/wp\/v2\/media\/19393"}],"wp:attachment":[{"href":"https:\/\/badtunnor.se\/en\/wp-json\/wp\/v2\/media?parent=8354"}],"curies":[{"name":"wp","href":"https:\/\/api.w.org\/{rel}","templated":true}]}}