{"id":398,"date":"2019-06-10T22:58:48","date_gmt":"2019-06-10T20:58:48","guid":{"rendered":"https:\/\/www.webjuristen.se\/?page_id=398"},"modified":"2024-10-02T08:45:15","modified_gmt":"2024-10-02T06:45:15","slug":"outlet","status":"publish","type":"page","link":"https:\/\/badtunnor.se\/en\/outlet\/","title":{"rendered":"Outlet"},"content":{"rendered":"<div data-elementor-type=\"wp-post\" data-elementor-id=\"398\" class=\"elementor elementor-398\" data-elementor-post-type=\"page\">\n\t\t\t\t\t\t<section class=\"elementor-section elementor-top-section elementor-element elementor-element-a3ba9b1 elementor-section-boxed elementor-section-height-default elementor-section-height-default\" data-id=\"a3ba9b1\" data-element_type=\"section\" data-e-type=\"section\">\n\t\t\t\t\t\t<div class=\"elementor-container elementor-column-gap-default\">\n\t\t\t\t\t<div class=\"elementor-column elementor-col-100 elementor-top-column elementor-element elementor-element-7d80d2e\" data-id=\"7d80d2e\" data-element_type=\"column\" data-e-type=\"column\">\n\t\t\t<div class=\"elementor-widget-wrap elementor-element-populated\">\n\t\t\t\t\t\t<section class=\"elementor-section elementor-inner-section elementor-element elementor-element-c883d22 elementor-section-boxed elementor-section-height-default elementor-section-height-default\" data-id=\"c883d22\" data-element_type=\"section\" data-e-type=\"section\">\n\t\t\t\t\t\t<div class=\"elementor-container elementor-column-gap-default\">\n\t\t\t\t\t<div class=\"elementor-column elementor-col-100 elementor-inner-column elementor-element elementor-element-2bb5b20\" data-id=\"2bb5b20\" data-element_type=\"column\" data-e-type=\"column\">\n\t\t\t<div class=\"elementor-widget-wrap elementor-element-populated\">\n\t\t\t\t\t\t<div class=\"elementor-element elementor-element-1349909 elementor-widget elementor-widget-text-editor\" data-id=\"1349909\" data-element_type=\"widget\" data-e-type=\"widget\" data-widget_type=\"text-editor.default\">\n\t\t\t\t<div class=\"elementor-widget-container\">\n\t\t\t\t\t\t\t\t\t<h2>Welcome to our Outlet<\/h2>\n<p>Here, you'll find our products that, for various reasons, don't meet our rigorous quality standards. They may have discolorations, unevenness, transport damage, or scratches. Previously, these products were sold in the vicinity of the factory, but now we can offer this opportunity throughout Sweden.<\/p>\n<p>Dessa produkter M\u00c5STE best\u00e4llas per telefon 0935 &#8211; 410 00 s\u00e5 att skadorna tydligt kan beskrivas och \u00f6verenskommelser kan tas.<\/p>\n<h4>Badtunna 1,8 m&nbsp; bl\u00e5&nbsp; 19 900 kr<\/h4>\n<h4>(23 500kr)<span style=\"font-size: 15px;\"><br><\/span><span style=\"font-size: 15px;\"><a href=\"http:\/\/badtunnor.se\/en\/product\/badtunna-med-insats\/\">l\u00e4nk till produkten i originalskick<\/a><\/span><\/h4>\n<h4><span style=\"font-size: 15px;\">Antal med med defekten: 1st. Defekt: gjut skada p\u00e5 insidan mycket liten skada.&nbsp;<\/span><\/h4>\n<div><span style=\"font-size: 15px;\">&nbsp;<\/span><\/div>\n<div>\n<h4 style=\"font-size: 1.33333rem; font-style: normal;\">Badtunna Royal Guld Bl\u00e5<\/h4>\n<div>&nbsp;<\/div>\n<div>Antal med defekt&nbsp; 1 st<\/div>\n<div>Defekt: Repa i gelcoaten skada p\u00e5 sarg&nbsp;<\/div>\n<h4 style=\"font-size: 1.33333rem; font-style: normal;\">med h\u00e5rt lock (36 500kr)<\/h4>\n<p style=\"font-size: 1.33333rem; font-style: normal;\"><span style=\"font-size: 15px;\"><a href=\"http:\/\/badtunnor.se\/en\/product\/badtunna-royal\/\">l\u00e4nk till produkten i originalskick<\/a><\/span><\/p>\n<h4>Extern tunna bl\u00e5 20 900 kr (28 400 kr)<\/h4>\n<p>Med H\u00e5rt lock p\u00e5 k\u00f6pet.<\/p>\n<p><a href=\"http:\/\/badtunnor.se\/en\/product\/badtunna-extern-kamin\/\">l\u00e4nk till produkten i originalskick<\/a><\/p>\n<p>Antal med med defekten: 2<br>defekt: repa p\u00e5 sargen p\u00e5 insatsen.&nbsp;<\/p>\n<h4>Badtunna 1,8 m\u00f6rkgr\u00e5 19 900 kr (23 500 kr)&nbsp;<\/h4>\n<p><a href=\"http:\/\/badtunnor.se\/en\/product\/badtunna-extern-kamin\/\">l\u00e4nk till produkten i originalskick<\/a><\/p>\n<p>Antal med med defekten: 0 st<br>defekt: oj\u00e4mn sarg p\u00e5 insatsen.&nbsp;<\/p>\n<\/div>\n<h4>Badtunna Royal silver gr\u00e5<\/h4>\n<p>Antal med defekt:&nbsp; 0<\/p>\n<p>repa i gelcoten 1 cm&nbsp; syns n\u00e4stan inte f\u00f6r ett vanligt \u00f6ga<\/p>\n<div>&nbsp;med h\u00e5rt lock 31900 kr&nbsp;<\/div>\t\t\t\t\t\t\t\t<\/div>\n\t\t\t\t<\/div>\n\t\t\t\t<div class=\"elementor-element elementor-element-8345586 elementor-widget elementor-widget-text-editor\" data-id=\"8345586\" data-element_type=\"widget\" data-e-type=\"widget\" data-widget_type=\"text-editor.default\">\n\t\t\t\t<div class=\"elementor-widget-container\">\n\t\t\t\t\t\t\t\t\t<h2>&nbsp;<\/h2>\n<div>\n<h4 style=\"font-size: 1.33333rem; font-style: normal;\">Badtunna Royal Guld gr\u00e5<\/h4>\n<div>&nbsp;<\/div>\n<div>Antal med defekt&nbsp; 0 st<\/div>\n<div>Defekt: Repa i gelcoaten skada p\u00e5 sarg&nbsp;<\/div>\n<h4 style=\"font-size: 1.33333rem; font-style: normal;\">med h\u00e5rt lock (35 900kr)<\/h4>\n<p style=\"font-size: 1.33333rem; font-style: normal;\"><span style=\"font-size: 15px;\"><a href=\"http:\/\/badtunnor.se\/en\/product\/badtunna-royal\/\">l\u00e4nk till produkten i originalskick<\/a><\/span><\/p>\n<h4>Extern tunna Gr\u00e5 20 900&nbsp; kr (28 400 kr)&nbsp;<\/h4>\n<p>Med H\u00e5rt lock p\u00e5 k\u00f6pet.<\/p>\n<p><a href=\"http:\/\/badtunnor.se\/en\/product\/badtunna-extern-kamin\/\">l\u00e4nk till produkten i originalskick<\/a><\/p>\n<p>Antal med med defekten: 0 st<br>defekt: oj\u00e4mn sarg p\u00e5 insatsen.&nbsp;<\/p>\n<\/div>\n<h4>&nbsp;<\/h4>\n<div>&nbsp;<\/div>\t\t\t\t\t\t\t\t<\/div>\n\t\t\t\t<\/div>\n\t\t\t\t\t<\/div>\n\t\t<\/div>\n\t\t\t\t\t<\/div>\n\t\t<\/section>\n\t\t\t\t\t<\/div>\n\t\t<\/div>\n\t\t\t\t\t<\/div>\n\t\t<\/section>\n\t\t\t\t<\/div>","protected":false},"excerpt":{"rendered":"<p>V\u00e4lkommen till v\u00e5r Outlet H\u00e4r finner du v\u00e5ra produkter som av olika sk\u00e4l inte fyller v\u00e5ra rigor\u00f6sa kvalitetskrav. Det kan vara produkter med missf\u00e4rgningar, oj\u00e4mnheter, transportskador eller skavningar. Tidigare har dessa produkter s\u00e5lts i n\u00e4romr\u00e5det kring fabriken men nu kan vi erbjuda denna m\u00f6jlighet i hela Sverige. Dessa produkter M\u00c5STE best\u00e4llas per telefon 0935 &#8211; [&hellip;]<\/p>\n","protected":false},"author":2,"featured_media":0,"parent":0,"menu_order":0,"comment_status":"closed","ping_status":"closed","template":"","meta":{"site-sidebar-layout":"no-sidebar","site-content-layout":"page-builder","ast-site-content-layout":"full-width-container","site-content-style":"unboxed","site-sidebar-style":"unboxed","ast-global-header-display":"","ast-banner-title-visibility":"","ast-main-header-display":"","ast-hfb-above-header-display":"","ast-hfb-below-header-display":"","ast-hfb-mobile-header-display":"","site-post-title":"disabled","ast-breadcrumbs-content":"","ast-featured-img":"disabled","footer-sml-layout":"","ast-disable-related-posts":"","theme-transparent-header-meta":"default","adv-header-id-meta":"","stick-header-meta":"default","header-above-stick-meta":"","header-main-stick-meta":"","header-below-stick-meta":"","astra-migrate-meta-layouts":"set","ast-page-background-enabled":"default","ast-page-background-meta":{"desktop":{"background-color":"var(--ast-global-color-4)","background-image":"","background-repeat":"repeat","background-position":"center center","background-size":"auto","background-attachment":"scroll","background-type":"","background-media":"","overlay-type":"","overlay-color":"","overlay-opacity":"","overlay-gradient":""},"tablet":{"background-color":"","background-image":"","background-repeat":"repeat","background-position":"center center","background-size":"auto","background-attachment":"scroll","background-type":"","background-media":"","overlay-type":"","overlay-color":"","overlay-opacity":"","overlay-gradient":""},"mobile":{"background-color":"","background-image":"","background-repeat":"repeat","background-position":"center center","background-size":"auto","background-attachment":"scroll","background-type":"","background-media":"","overlay-type":"","overlay-color":"","overlay-opacity":"","overlay-gradient":""}},"ast-content-background-meta":{"desktop":{"background-color":"var(--ast-global-color-5)","background-image":"","background-repeat":"repeat","background-position":"center center","background-size":"auto","background-attachment":"scroll","background-type":"","background-media":"","overlay-type":"","overlay-color":"","overlay-opacity":"","overlay-gradient":""},"tablet":{"background-color":"var(--ast-global-color-5)","background-image":"","background-repeat":"repeat","background-position":"center center","background-size":"auto","background-attachment":"scroll","background-type":"","background-media":"","overlay-type":"","overlay-color":"","overlay-opacity":"","overlay-gradient":""},"mobile":{"background-color":"var(--ast-global-color-5)","background-image":"","background-repeat":"repeat","background-position":"center center","background-size":"auto","background-attachment":"scroll","background-type":"","background-media":"","overlay-type":"","overlay-color":"","overlay-opacity":"","overlay-gradient":""}},"footnotes":""},"class_list":["post-398","page","type-page","status-publish","hentry"],"yoast_head":"<!-- This site is optimized with the Yoast SEO plugin v27.3 - https:\/\/yoast.com\/product\/yoast-seo-wordpress\/ -->\n<title>Outlet | Sotarns Badtunnor<\/title>\n<meta name=\"robots\" content=\"index, follow, max-snippet:-1, max-image-preview:large, max-video-preview:-1\" \/>\n<link rel=\"canonical\" href=\"https:\/\/badtunnor.se\/en\/outlet\/\" \/>\n<meta property=\"og:locale\" content=\"en_US\" \/>\n<meta property=\"og:type\" content=\"article\" \/>\n<meta property=\"og:title\" content=\"Outlet | Sotarns Badtunnor\" \/>\n<meta property=\"og:description\" content=\"V\u00e4lkommen till v\u00e5r Outlet H\u00e4r finner du v\u00e5ra produkter som av olika sk\u00e4l inte fyller v\u00e5ra rigor\u00f6sa kvalitetskrav. Det kan vara produkter med missf\u00e4rgningar, oj\u00e4mnheter, transportskador eller skavningar. Tidigare har dessa produkter s\u00e5lts i n\u00e4romr\u00e5det kring fabriken men nu kan vi erbjuda denna m\u00f6jlighet i hela Sverige. Dessa produkter M\u00c5STE best\u00e4llas per telefon 0935 &#8211; [&hellip;]\" \/>\n<meta property=\"og:url\" content=\"https:\/\/badtunnor.se\/en\/outlet\/\" \/>\n<meta property=\"og:site_name\" content=\"Sotarns Badtunnor\" \/>\n<meta property=\"article:publisher\" content=\"https:\/\/www.facebook.com\/SotarnsBadtunnor\/\" \/>\n<meta property=\"article:modified_time\" content=\"2024-10-02T06:45:15+00:00\" \/>\n<meta property=\"og:image\" content=\"https:\/\/badtunnor.se\/wp-content\/uploads\/2022\/11\/Sotarns-Badtunnor_48.jpg\" \/>\n\t<meta property=\"og:image:width\" content=\"2000\" \/>\n\t<meta property=\"og:image:height\" content=\"1331\" \/>\n\t<meta property=\"og:image:type\" content=\"image\/jpeg\" \/>\n<meta name=\"twitter:card\" content=\"summary_large_image\" \/>\n<meta name=\"twitter:label1\" content=\"Est. reading time\" \/>\n\t<meta name=\"twitter:data1\" content=\"1 minute\" \/>\n<script type=\"application\/ld+json\" class=\"yoast-schema-graph\">{\"@context\":\"https:\\\/\\\/schema.org\",\"@graph\":[{\"@type\":\"WebPage\",\"@id\":\"https:\\\/\\\/badtunnor.se\\\/outlet\\\/\",\"url\":\"https:\\\/\\\/badtunnor.se\\\/outlet\\\/\",\"name\":\"Outlet | Sotarns Badtunnor\",\"isPartOf\":{\"@id\":\"https:\\\/\\\/badtunnor.se\\\/#website\"},\"datePublished\":\"2019-06-10T20:58:48+00:00\",\"dateModified\":\"2024-10-02T06:45:15+00:00\",\"breadcrumb\":{\"@id\":\"https:\\\/\\\/badtunnor.se\\\/outlet\\\/#breadcrumb\"},\"inLanguage\":\"en-US\",\"potentialAction\":[{\"@type\":\"ReadAction\",\"target\":[\"https:\\\/\\\/badtunnor.se\\\/outlet\\\/\"]}]},{\"@type\":\"BreadcrumbList\",\"@id\":\"https:\\\/\\\/badtunnor.se\\\/outlet\\\/#breadcrumb\",\"itemListElement\":[{\"@type\":\"ListItem\",\"position\":1,\"name\":\"Hem\",\"item\":\"https:\\\/\\\/badtunnor.se\\\/\"},{\"@type\":\"ListItem\",\"position\":2,\"name\":\"Outlet\"}]},{\"@type\":\"WebSite\",\"@id\":\"https:\\\/\\\/badtunnor.se\\\/#website\",\"url\":\"https:\\\/\\\/badtunnor.se\\\/\",\"name\":\"Sotarns Badtunnor\",\"description\":\"Svensktillverkade Vedeldade Badtunnor\",\"publisher\":{\"@id\":\"https:\\\/\\\/badtunnor.se\\\/#organization\"},\"potentialAction\":[{\"@type\":\"SearchAction\",\"target\":{\"@type\":\"EntryPoint\",\"urlTemplate\":\"https:\\\/\\\/badtunnor.se\\\/?s={search_term_string}\"},\"query-input\":{\"@type\":\"PropertyValueSpecification\",\"valueRequired\":true,\"valueName\":\"search_term_string\"}}],\"inLanguage\":\"en-US\"},{\"@type\":\"Organization\",\"@id\":\"https:\\\/\\\/badtunnor.se\\\/#organization\",\"name\":\"Sotarns Badtunnor\",\"url\":\"https:\\\/\\\/badtunnor.se\\\/\",\"logo\":{\"@type\":\"ImageObject\",\"inLanguage\":\"en-US\",\"@id\":\"https:\\\/\\\/badtunnor.se\\\/#\\\/schema\\\/logo\\\/image\\\/\",\"url\":\"https:\\\/\\\/badtunnor.se\\\/wp-content\\\/uploads\\\/2022\\\/12\\\/sotarns_logo-morkgron-scaled.png\",\"contentUrl\":\"https:\\\/\\\/badtunnor.se\\\/wp-content\\\/uploads\\\/2022\\\/12\\\/sotarns_logo-morkgron-scaled.png\",\"width\":2560,\"height\":1260,\"caption\":\"Sotarns Badtunnor\"},\"image\":{\"@id\":\"https:\\\/\\\/badtunnor.se\\\/#\\\/schema\\\/logo\\\/image\\\/\"},\"sameAs\":[\"https:\\\/\\\/www.facebook.com\\\/SotarnsBadtunnor\\\/\"]}]}<\/script>\n<!-- \/ Yoast SEO plugin. -->","yoast_head_json":{"title":"Outlet | Sotarns Badtunnor","robots":{"index":"index","follow":"follow","max-snippet":"max-snippet:-1","max-image-preview":"max-image-preview:large","max-video-preview":"max-video-preview:-1"},"canonical":"https:\/\/badtunnor.se\/en\/outlet\/","og_locale":"en_US","og_type":"article","og_title":"Outlet | Sotarns Badtunnor","og_description":"V\u00e4lkommen till v\u00e5r Outlet H\u00e4r finner du v\u00e5ra produkter som av olika sk\u00e4l inte fyller v\u00e5ra rigor\u00f6sa kvalitetskrav. Det kan vara produkter med missf\u00e4rgningar, oj\u00e4mnheter, transportskador eller skavningar. Tidigare har dessa produkter s\u00e5lts i n\u00e4romr\u00e5det kring fabriken men nu kan vi erbjuda denna m\u00f6jlighet i hela Sverige. Dessa produkter M\u00c5STE best\u00e4llas per telefon 0935 &#8211; [&hellip;]","og_url":"https:\/\/badtunnor.se\/en\/outlet\/","og_site_name":"Sotarns Badtunnor","article_publisher":"https:\/\/www.facebook.com\/SotarnsBadtunnor\/","article_modified_time":"2024-10-02T06:45:15+00:00","og_image":[{"width":2000,"height":1331,"url":"https:\/\/badtunnor.se\/wp-content\/uploads\/2022\/11\/Sotarns-Badtunnor_48.jpg","type":"image\/jpeg"}],"twitter_card":"summary_large_image","twitter_misc":{"Est. reading time":"1 minute"},"schema":{"@context":"https:\/\/schema.org","@graph":[{"@type":"WebPage","@id":"https:\/\/badtunnor.se\/outlet\/","url":"https:\/\/badtunnor.se\/outlet\/","name":"Outlet | Sotarns Badtunnor","isPartOf":{"@id":"https:\/\/badtunnor.se\/#website"},"datePublished":"2019-06-10T20:58:48+00:00","dateModified":"2024-10-02T06:45:15+00:00","breadcrumb":{"@id":"https:\/\/badtunnor.se\/outlet\/#breadcrumb"},"inLanguage":"en-US","potentialAction":[{"@type":"ReadAction","target":["https:\/\/badtunnor.se\/outlet\/"]}]},{"@type":"BreadcrumbList","@id":"https:\/\/badtunnor.se\/outlet\/#breadcrumb","itemListElement":[{"@type":"ListItem","position":1,"name":"Hem","item":"https:\/\/badtunnor.se\/"},{"@type":"ListItem","position":2,"name":"Outlet"}]},{"@type":"WebSite","@id":"https:\/\/badtunnor.se\/#website","url":"https:\/\/badtunnor.se\/","name":"Sotarns Badtunnor","description":"Svensktillverkade Vedeldade Badtunnor","publisher":{"@id":"https:\/\/badtunnor.se\/#organization"},"potentialAction":[{"@type":"SearchAction","target":{"@type":"EntryPoint","urlTemplate":"https:\/\/badtunnor.se\/?s={search_term_string}"},"query-input":{"@type":"PropertyValueSpecification","valueRequired":true,"valueName":"search_term_string"}}],"inLanguage":"en-US"},{"@type":"Organization","@id":"https:\/\/badtunnor.se\/#organization","name":"Sotarns Badtunnor","url":"https:\/\/badtunnor.se\/","logo":{"@type":"ImageObject","inLanguage":"en-US","@id":"https:\/\/badtunnor.se\/#\/schema\/logo\/image\/","url":"https:\/\/badtunnor.se\/wp-content\/uploads\/2022\/12\/sotarns_logo-morkgron-scaled.png","contentUrl":"https:\/\/badtunnor.se\/wp-content\/uploads\/2022\/12\/sotarns_logo-morkgron-scaled.png","width":2560,"height":1260,"caption":"Sotarns Badtunnor"},"image":{"@id":"https:\/\/badtunnor.se\/#\/schema\/logo\/image\/"},"sameAs":["https:\/\/www.facebook.com\/SotarnsBadtunnor\/"]}]}},"_links":{"self":[{"href":"https:\/\/badtunnor.se\/en\/wp-json\/wp\/v2\/pages\/398","targetHints":{"allow":["GET"]}}],"collection":[{"href":"https:\/\/badtunnor.se\/en\/wp-json\/wp\/v2\/pages"}],"about":[{"href":"https:\/\/badtunnor.se\/en\/wp-json\/wp\/v2\/types\/page"}],"author":[{"embeddable":true,"href":"https:\/\/badtunnor.se\/en\/wp-json\/wp\/v2\/users\/2"}],"replies":[{"embeddable":true,"href":"https:\/\/badtunnor.se\/en\/wp-json\/wp\/v2\/comments?post=398"}],"version-history":[{"count":8,"href":"https:\/\/badtunnor.se\/en\/wp-json\/wp\/v2\/pages\/398\/revisions"}],"predecessor-version":[{"id":22918,"href":"https:\/\/badtunnor.se\/en\/wp-json\/wp\/v2\/pages\/398\/revisions\/22918"}],"wp:attachment":[{"href":"https:\/\/badtunnor.se\/en\/wp-json\/wp\/v2\/media?parent=398"}],"curies":[{"name":"wp","href":"https:\/\/api.w.org\/{rel}","templated":true}]}}