{"id":386,"date":"2019-06-10T21:38:07","date_gmt":"2019-06-10T19:38:07","guid":{"rendered":"https:\/\/www.webjuristen.se\/?page_id=386"},"modified":"2024-09-17T15:34:44","modified_gmt":"2024-09-17T13:34:44","slug":"kopa-badtunna","status":"publish","type":"page","link":"https:\/\/badtunnor.se\/en\/kopa-badtunna\/","title":{"rendered":"K\u00f6pa badtunna &#8211; T\u00e4nk p\u00e5 detta f\u00f6rst"},"content":{"rendered":"<div data-elementor-type=\"wp-post\" data-elementor-id=\"386\" class=\"elementor elementor-386\" data-elementor-post-type=\"page\">\n\t\t\t\t\t\t<section class=\"elementor-section elementor-top-section elementor-element elementor-element-a7d15b6 elementor-section-boxed elementor-section-height-default elementor-section-height-default\" data-id=\"a7d15b6\" data-element_type=\"section\" data-e-type=\"section\">\n\t\t\t\t\t\t<div class=\"elementor-container elementor-column-gap-default\">\n\t\t\t\t\t<div class=\"elementor-column elementor-col-100 elementor-top-column elementor-element elementor-element-d5c655f\" data-id=\"d5c655f\" data-element_type=\"column\" data-e-type=\"column\">\n\t\t\t<div class=\"elementor-widget-wrap elementor-element-populated\">\n\t\t\t\t\t\t<div class=\"elementor-element elementor-element-b832db9 elementor-widget elementor-widget-text-editor\" data-id=\"b832db9\" data-element_type=\"widget\" data-e-type=\"widget\" data-widget_type=\"text-editor.default\">\n\t\t\t\t<div class=\"elementor-widget-container\">\n\t\t\t\t\t\t\t\t\t<h3>Badtunnan ska vara klar att anv\u00e4nda<\/h3>\n<p>N\u00e4r du best\u00e4mt dig f\u00f6r att k\u00f6pa badtunna vill du f\u00f6rst\u00e5s ha en som \u00e4r klar att anv\u00e4nda utan en massa eget byggande. Vi s\u00e4ljer alltid f\u00e4rdigmonterade badtunnor.<\/p>\n<h3>Badtunnan ska bli varm snabbt<\/h3>\n<p>Det finns massor av olika kaminer men med vissa tar det en hel dag f\u00f6r att f\u00e5 vattnet varmt. Vi har vetenskapligt tagit fram en&nbsp;effektiv kamin till badtunna&nbsp;som tar lite ved och ger snabb uppv\u00e4rmning. Med 3 gradigt kranvatten tar det sommartid 1,5 \u2013 2 tim att n\u00e5 38 grader och vintertid med 20 minus det dubbla. Snabbare med bra ved och bra \u201deldare\u201d. Vid j\u00e4mf\u00f6relse med andra kaminer: kontrollera vid vilken vattentemperatur de b\u00f6rjar och vilken garanti du har f\u00f6r att den tid de angett st\u00e4mmer.<\/p>\n<h3>BADTUNNAN SKA VARA L\u00c4TTSK\u00d6TT<\/h3>\n<p>En badtunna m\u00e5ste vara l\u00e4ttsk\u00f6tt, annars blir den inte anv\u00e4nd.<\/p>\n<h3>EN BADTUNNA TILL R\u00c4TT PRIS<\/h3>\n<p>Det g\u00e5r att bygga billiga badtunnor om man struntar i kvalit\u00e9n och \u00e4r n\u00f6jd med att badtunnan h\u00e5ller 3 \u20134 \u00e5r. Vi har lyckats n\u00e5 ett l\u00e5gt pris med h\u00f6gsta kvalitet eftersom vi tillverkar v\u00e4ldigt m\u00e5nga tunnor. Modern teknologi, och stora serier ger h\u00f6g tillverkningskapacitet.<br>V\u00e5r stora fraktvolym ger ett&nbsp;l\u00e5gt pris&nbsp;f\u00f6r f\u00e4rdig badtunna hem till d\u00f6rr.<\/p>\n<h3>BETALNINGSALTERNATIV<\/h3>\n<p>N\u00e4r du k\u00f6per badtunna eller tillbeh\u00f6r har du f\u00f6ljande betalningsalternativ<\/p>\n<ul>\n<li>Vi tar fortfarande kontanter<\/li>\n<li>Swish<\/li>\n<li>Avbetalning via Wasa kredit<\/li>\n<li>Faktura fr\u00e5n oss att betala f\u00f6re leverans.<\/li>\n<\/ul>\n<h3>OMG\u00c5ENDE LEVERANS AV DIN BADTUNNA DIREKT HEM TILL D\u00d6RREN<\/h3>\n<p>Vi har alltid badtunnor i lager f\u00f6r omg\u00e5ende leverans. Vi s\u00e4nder med fraktbolaget Schenker. Ca 7-10 dagar efter att du best\u00e4llt har du badtunnan hemk\u00f6rd till \u201dd\u00f6rr\u201d (m\u00e5ste g\u00e5 att n\u00e5 med en lastbil) Det g\u00e5r \u00e4ven att h\u00e4mta i<span style=\"font-style: inherit; font-weight: inherit; background-color: var(--ast-global-color-5); color: var(--ast-global-color-8);\">&nbsp;fabriken i V\u00e4nn\u00e4s.<\/span><\/p>\n<h3>BADTUNNA AV BEPR\u00d6VAD MODELL<\/h3>\n<p>Vissa utger sig f\u00f6r att vara experter efter att ha gjort 5-10 badtunnor. Vi har tillverkat \u00f6ver 14 000 badtunnor. Vi har byggt badtunnor i 20 \u00e5r s\u00e5 vi har l\u00e5ng erfarenhet och mycket kunskap.<\/p>\n<h3>V\u00c4LGJORD BADTUNNA<\/h3>\n<p>V\u00e5ra medarbetare \u00e4r stolta \u00f6ver sitt arbete, de vet att den badtunna de byggt skall gl\u00e4dja kunden i 10 \u2013 15 \u00e5r. Vi anv\u00e4nder bara de b\u00e4sta komponenter som v\u00e5r&nbsp;plastinsats av vakuuminjicerad glasfiber&nbsp;som \u00e4r starkare och mer h\u00e5llbar \u00e4n vanlig glasfiber. Vi \u00e4r i stort sett helt befriade fr\u00e5n problem med v\u00e5ra badtunnor. Av allt vi s\u00e4ljer \u00e4r \u00f6ver 50% p\u00e5 rekommendation av n\u00f6jda kunder. H\u00f6g kvalitet \u00e4r gratis marknadsf\u00f6ring.<\/p>\n<h3>BADTUNNA MED L\u00c5NG LIVSL\u00c4NGD<\/h3>\n<p>En badtunna skall h\u00e5lla i ca 10 \u00e5r f\u00f6r badtunna i tr\u00e4 och med plastinsats ca 25 \u00e5r. N\u00e4r du v\u00e4ljer leverant\u00f6r: fr\u00e5ga hur gammal deras f\u00f6rsta badtunna \u00e4r och hur den m\u00e5r i dag. Det l\u00f6nar sig att k\u00f6pa en badtunna av riktigt bra kvalit\u00e9 som h\u00e5ller betydligt l\u00e4ngre \u00e4n billiga badtunnor.<\/p>\n<h3>F\u00c5 HJ\u00c4LP MED DIN BADTUNNA OM DU BEH\u00d6VER DET<\/h3>\n<p>Vi s\u00e4ljer inte genom \u00e5terf\u00f6rs\u00e4ljare. Hos oss f\u00e5r du alltid prata med n\u00e5gon som verkligen kan allt om badtunnor. Det g\u00f6r att vi kan f\u00f6rklara och hj\u00e4lpa dig till att sk\u00f6ta och anv\u00e4nda din badtunna r\u00e4tt. Har du fler fr\u00e5gor eller om problem skulle uppst\u00e5 finns vi alltid beredda att proffsigt hj\u00e4lpa d<\/p>\t\t\t\t\t\t\t\t<\/div>\n\t\t\t\t<\/div>\n\t\t\t\t\t<\/div>\n\t\t<\/div>\n\t\t\t\t\t<\/div>\n\t\t<\/section>\n\t\t\t\t<\/div>","protected":false},"excerpt":{"rendered":"<p>Badtunnan ska vara klar att anv\u00e4nda N\u00e4r du best\u00e4mt dig f\u00f6r att k\u00f6pa badtunna vill du f\u00f6rst\u00e5s ha en som \u00e4r klar att anv\u00e4nda utan en massa eget byggande. Vi s\u00e4ljer alltid f\u00e4rdigmonterade badtunnor. Badtunnan ska bli varm snabbt Det finns massor av olika kaminer men med vissa tar det en hel dag f\u00f6r att [&hellip;]<\/p>\n","protected":false},"author":2,"featured_media":22849,"parent":0,"menu_order":0,"comment_status":"closed","ping_status":"closed","template":"","meta":{"site-sidebar-layout":"no-sidebar","site-content-layout":"page-builder","ast-site-content-layout":"full-width-container","site-content-style":"unboxed","site-sidebar-style":"unboxed","ast-global-header-display":"","ast-banner-title-visibility":"","ast-main-header-display":"","ast-hfb-above-header-display":"","ast-hfb-below-header-display":"","ast-hfb-mobile-header-display":"","site-post-title":"disabled","ast-breadcrumbs-content":"","ast-featured-img":"disabled","footer-sml-layout":"","ast-disable-related-posts":"","theme-transparent-header-meta":"default","adv-header-id-meta":"18597","stick-header-meta":"default","header-above-stick-meta":"","header-main-stick-meta":"","header-below-stick-meta":"","astra-migrate-meta-layouts":"set","ast-page-background-enabled":"default","ast-page-background-meta":{"desktop":{"background-color":"var(--ast-global-color-4)","background-image":"","background-repeat":"repeat","background-position":"center center","background-size":"auto","background-attachment":"scroll","background-type":"","background-media":"","overlay-type":"","overlay-color":"","overlay-opacity":"","overlay-gradient":""},"tablet":{"background-color":"","background-image":"","background-repeat":"repeat","background-position":"center center","background-size":"auto","background-attachment":"scroll","background-type":"","background-media":"","overlay-type":"","overlay-color":"","overlay-opacity":"","overlay-gradient":""},"mobile":{"background-color":"","background-image":"","background-repeat":"repeat","background-position":"center center","background-size":"auto","background-attachment":"scroll","background-type":"","background-media":"","overlay-type":"","overlay-color":"","overlay-opacity":"","overlay-gradient":""}},"ast-content-background-meta":{"desktop":{"background-color":"var(--ast-global-color-5)","background-image":"","background-repeat":"repeat","background-position":"center center","background-size":"auto","background-attachment":"scroll","background-type":"","background-media":"","overlay-type":"","overlay-color":"","overlay-opacity":"","overlay-gradient":""},"tablet":{"background-color":"var(--ast-global-color-5)","background-image":"","background-repeat":"repeat","background-position":"center center","background-size":"auto","background-attachment":"scroll","background-type":"","background-media":"","overlay-type":"","overlay-color":"","overlay-opacity":"","overlay-gradient":""},"mobile":{"background-color":"var(--ast-global-color-5)","background-image":"","background-repeat":"repeat","background-position":"center center","background-size":"auto","background-attachment":"scroll","background-type":"","background-media":"","overlay-type":"","overlay-color":"","overlay-opacity":"","overlay-gradient":""}},"footnotes":""},"class_list":["post-386","page","type-page","status-publish","has-post-thumbnail","hentry"],"yoast_head":"<!-- This site is optimized with the Yoast SEO plugin v27.3 - https:\/\/yoast.com\/product\/yoast-seo-wordpress\/ -->\n<title>K\u00f6pa badtunna - T\u00e4nk p\u00e5 detta f\u00f6rst | Viktigt att t\u00e4nka p\u00e5 | Sotarns Badtunnor | Sedan 1997<\/title>\n<meta name=\"description\" content=\"Funderar du p\u00e5 att k\u00f6pa badtunna? Den ska vara klar att anv\u00e4nda, snabbt bli varm och vara l\u00e4ttsk\u00f6tt. Vi s\u00e4ljer alltid f\u00e4rdigmonterade badtunnor med omg\u00e5ende leverans.\" \/>\n<meta name=\"robots\" content=\"index, follow, max-snippet:-1, max-image-preview:large, max-video-preview:-1\" \/>\n<link rel=\"canonical\" href=\"https:\/\/badtunnor.se\/en\/kopa-badtunna\/\" \/>\n<meta property=\"og:locale\" content=\"en_US\" \/>\n<meta property=\"og:type\" content=\"article\" \/>\n<meta property=\"og:title\" content=\"K\u00f6pa badtunna - T\u00e4nk p\u00e5 detta f\u00f6rst | Viktigt att t\u00e4nka p\u00e5 | Sotarns Badtunnor | Sedan 1997\" \/>\n<meta property=\"og:description\" content=\"Funderar du p\u00e5 att k\u00f6pa badtunna? Den ska vara klar att anv\u00e4nda, snabbt bli varm och vara l\u00e4ttsk\u00f6tt. Vi s\u00e4ljer alltid f\u00e4rdigmonterade badtunnor med omg\u00e5ende leverans.\" \/>\n<meta property=\"og:url\" content=\"https:\/\/badtunnor.se\/en\/kopa-badtunna\/\" \/>\n<meta property=\"og:site_name\" content=\"Sotarns Badtunnor\" \/>\n<meta property=\"article:publisher\" content=\"https:\/\/www.facebook.com\/SotarnsBadtunnor\/\" \/>\n<meta property=\"article:modified_time\" content=\"2024-09-17T13:34:44+00:00\" \/>\n<meta property=\"og:image\" content=\"https:\/\/badtunnor.se\/wp-content\/uploads\/2024\/09\/bc-badtunna-att-tanka-pa.jpg\" \/>\n\t<meta property=\"og:image:width\" content=\"1920\" \/>\n\t<meta property=\"og:image:height\" content=\"1080\" \/>\n\t<meta property=\"og:image:type\" content=\"image\/jpeg\" \/>\n<meta name=\"twitter:card\" content=\"summary_large_image\" \/>\n<meta name=\"twitter:label1\" content=\"Est. reading time\" \/>\n\t<meta name=\"twitter:data1\" content=\"3 minutes\" \/>\n<script type=\"application\/ld+json\" class=\"yoast-schema-graph\">{\"@context\":\"https:\\\/\\\/schema.org\",\"@graph\":[{\"@type\":\"WebPage\",\"@id\":\"https:\\\/\\\/badtunnor.se\\\/kopa-badtunna\\\/\",\"url\":\"https:\\\/\\\/badtunnor.se\\\/kopa-badtunna\\\/\",\"name\":\"K\u00f6pa badtunna - T\u00e4nk p\u00e5 detta f\u00f6rst | Viktigt att t\u00e4nka p\u00e5 | Sotarns Badtunnor | Sedan 1997\",\"isPartOf\":{\"@id\":\"https:\\\/\\\/badtunnor.se\\\/#website\"},\"primaryImageOfPage\":{\"@id\":\"https:\\\/\\\/badtunnor.se\\\/kopa-badtunna\\\/#primaryimage\"},\"image\":{\"@id\":\"https:\\\/\\\/badtunnor.se\\\/kopa-badtunna\\\/#primaryimage\"},\"thumbnailUrl\":\"https:\\\/\\\/badtunnor.se\\\/wp-content\\\/uploads\\\/2024\\\/09\\\/bc-badtunna-att-tanka-pa.jpg\",\"datePublished\":\"2019-06-10T19:38:07+00:00\",\"dateModified\":\"2024-09-17T13:34:44+00:00\",\"description\":\"Funderar du p\u00e5 att k\u00f6pa badtunna? Den ska vara klar att anv\u00e4nda, snabbt bli varm och vara l\u00e4ttsk\u00f6tt. Vi s\u00e4ljer alltid f\u00e4rdigmonterade badtunnor med omg\u00e5ende leverans.\",\"breadcrumb\":{\"@id\":\"https:\\\/\\\/badtunnor.se\\\/kopa-badtunna\\\/#breadcrumb\"},\"inLanguage\":\"en-US\",\"potentialAction\":[{\"@type\":\"ReadAction\",\"target\":[\"https:\\\/\\\/badtunnor.se\\\/kopa-badtunna\\\/\"]}]},{\"@type\":\"ImageObject\",\"inLanguage\":\"en-US\",\"@id\":\"https:\\\/\\\/badtunnor.se\\\/kopa-badtunna\\\/#primaryimage\",\"url\":\"https:\\\/\\\/badtunnor.se\\\/wp-content\\\/uploads\\\/2024\\\/09\\\/bc-badtunna-att-tanka-pa.jpg\",\"contentUrl\":\"https:\\\/\\\/badtunnor.se\\\/wp-content\\\/uploads\\\/2024\\\/09\\\/bc-badtunna-att-tanka-pa.jpg\",\"width\":1920,\"height\":1080,\"caption\":\"Att t\u00e4nka p\u00e5 innan man k\u00f6per badtunna\"},{\"@type\":\"BreadcrumbList\",\"@id\":\"https:\\\/\\\/badtunnor.se\\\/kopa-badtunna\\\/#breadcrumb\",\"itemListElement\":[{\"@type\":\"ListItem\",\"position\":1,\"name\":\"Hem\",\"item\":\"https:\\\/\\\/badtunnor.se\\\/\"},{\"@type\":\"ListItem\",\"position\":2,\"name\":\"K\u00f6pa badtunna &#8211; T\u00e4nk p\u00e5 detta f\u00f6rst\"}]},{\"@type\":\"WebSite\",\"@id\":\"https:\\\/\\\/badtunnor.se\\\/#website\",\"url\":\"https:\\\/\\\/badtunnor.se\\\/\",\"name\":\"Sotarns Badtunnor\",\"description\":\"Svensktillverkade Vedeldade Badtunnor\",\"publisher\":{\"@id\":\"https:\\\/\\\/badtunnor.se\\\/#organization\"},\"potentialAction\":[{\"@type\":\"SearchAction\",\"target\":{\"@type\":\"EntryPoint\",\"urlTemplate\":\"https:\\\/\\\/badtunnor.se\\\/?s={search_term_string}\"},\"query-input\":{\"@type\":\"PropertyValueSpecification\",\"valueRequired\":true,\"valueName\":\"search_term_string\"}}],\"inLanguage\":\"en-US\"},{\"@type\":\"Organization\",\"@id\":\"https:\\\/\\\/badtunnor.se\\\/#organization\",\"name\":\"Sotarns Badtunnor\",\"url\":\"https:\\\/\\\/badtunnor.se\\\/\",\"logo\":{\"@type\":\"ImageObject\",\"inLanguage\":\"en-US\",\"@id\":\"https:\\\/\\\/badtunnor.se\\\/#\\\/schema\\\/logo\\\/image\\\/\",\"url\":\"https:\\\/\\\/badtunnor.se\\\/wp-content\\\/uploads\\\/2022\\\/12\\\/sotarns_logo-morkgron-scaled.png\",\"contentUrl\":\"https:\\\/\\\/badtunnor.se\\\/wp-content\\\/uploads\\\/2022\\\/12\\\/sotarns_logo-morkgron-scaled.png\",\"width\":2560,\"height\":1260,\"caption\":\"Sotarns Badtunnor\"},\"image\":{\"@id\":\"https:\\\/\\\/badtunnor.se\\\/#\\\/schema\\\/logo\\\/image\\\/\"},\"sameAs\":[\"https:\\\/\\\/www.facebook.com\\\/SotarnsBadtunnor\\\/\"]}]}<\/script>\n<!-- \/ Yoast SEO plugin. -->","yoast_head_json":{"title":"K\u00f6pa badtunna - T\u00e4nk p\u00e5 detta f\u00f6rst | Viktigt att t\u00e4nka p\u00e5 | Sotarns Badtunnor | Sedan 1997","description":"Funderar du p\u00e5 att k\u00f6pa badtunna? Den ska vara klar att anv\u00e4nda, snabbt bli varm och vara l\u00e4ttsk\u00f6tt. Vi s\u00e4ljer alltid f\u00e4rdigmonterade badtunnor med omg\u00e5ende leverans.","robots":{"index":"index","follow":"follow","max-snippet":"max-snippet:-1","max-image-preview":"max-image-preview:large","max-video-preview":"max-video-preview:-1"},"canonical":"https:\/\/badtunnor.se\/en\/kopa-badtunna\/","og_locale":"en_US","og_type":"article","og_title":"K\u00f6pa badtunna - T\u00e4nk p\u00e5 detta f\u00f6rst | Viktigt att t\u00e4nka p\u00e5 | Sotarns Badtunnor | Sedan 1997","og_description":"Funderar du p\u00e5 att k\u00f6pa badtunna? Den ska vara klar att anv\u00e4nda, snabbt bli varm och vara l\u00e4ttsk\u00f6tt. Vi s\u00e4ljer alltid f\u00e4rdigmonterade badtunnor med omg\u00e5ende leverans.","og_url":"https:\/\/badtunnor.se\/en\/kopa-badtunna\/","og_site_name":"Sotarns Badtunnor","article_publisher":"https:\/\/www.facebook.com\/SotarnsBadtunnor\/","article_modified_time":"2024-09-17T13:34:44+00:00","og_image":[{"width":1920,"height":1080,"url":"https:\/\/badtunnor.se\/wp-content\/uploads\/2024\/09\/bc-badtunna-att-tanka-pa.jpg","type":"image\/jpeg"}],"twitter_card":"summary_large_image","twitter_misc":{"Est. reading time":"3 minutes"},"schema":{"@context":"https:\/\/schema.org","@graph":[{"@type":"WebPage","@id":"https:\/\/badtunnor.se\/kopa-badtunna\/","url":"https:\/\/badtunnor.se\/kopa-badtunna\/","name":"K\u00f6pa badtunna - T\u00e4nk p\u00e5 detta f\u00f6rst | Viktigt att t\u00e4nka p\u00e5 | Sotarns Badtunnor | Sedan 1997","isPartOf":{"@id":"https:\/\/badtunnor.se\/#website"},"primaryImageOfPage":{"@id":"https:\/\/badtunnor.se\/kopa-badtunna\/#primaryimage"},"image":{"@id":"https:\/\/badtunnor.se\/kopa-badtunna\/#primaryimage"},"thumbnailUrl":"https:\/\/badtunnor.se\/wp-content\/uploads\/2024\/09\/bc-badtunna-att-tanka-pa.jpg","datePublished":"2019-06-10T19:38:07+00:00","dateModified":"2024-09-17T13:34:44+00:00","description":"Funderar du p\u00e5 att k\u00f6pa badtunna? Den ska vara klar att anv\u00e4nda, snabbt bli varm och vara l\u00e4ttsk\u00f6tt. Vi s\u00e4ljer alltid f\u00e4rdigmonterade badtunnor med omg\u00e5ende leverans.","breadcrumb":{"@id":"https:\/\/badtunnor.se\/kopa-badtunna\/#breadcrumb"},"inLanguage":"en-US","potentialAction":[{"@type":"ReadAction","target":["https:\/\/badtunnor.se\/kopa-badtunna\/"]}]},{"@type":"ImageObject","inLanguage":"en-US","@id":"https:\/\/badtunnor.se\/kopa-badtunna\/#primaryimage","url":"https:\/\/badtunnor.se\/wp-content\/uploads\/2024\/09\/bc-badtunna-att-tanka-pa.jpg","contentUrl":"https:\/\/badtunnor.se\/wp-content\/uploads\/2024\/09\/bc-badtunna-att-tanka-pa.jpg","width":1920,"height":1080,"caption":"Att t\u00e4nka p\u00e5 innan man k\u00f6per badtunna"},{"@type":"BreadcrumbList","@id":"https:\/\/badtunnor.se\/kopa-badtunna\/#breadcrumb","itemListElement":[{"@type":"ListItem","position":1,"name":"Hem","item":"https:\/\/badtunnor.se\/"},{"@type":"ListItem","position":2,"name":"K\u00f6pa badtunna &#8211; T\u00e4nk p\u00e5 detta f\u00f6rst"}]},{"@type":"WebSite","@id":"https:\/\/badtunnor.se\/#website","url":"https:\/\/badtunnor.se\/","name":"Sotarns Badtunnor","description":"Svensktillverkade Vedeldade Badtunnor","publisher":{"@id":"https:\/\/badtunnor.se\/#organization"},"potentialAction":[{"@type":"SearchAction","target":{"@type":"EntryPoint","urlTemplate":"https:\/\/badtunnor.se\/?s={search_term_string}"},"query-input":{"@type":"PropertyValueSpecification","valueRequired":true,"valueName":"search_term_string"}}],"inLanguage":"en-US"},{"@type":"Organization","@id":"https:\/\/badtunnor.se\/#organization","name":"Sotarns Badtunnor","url":"https:\/\/badtunnor.se\/","logo":{"@type":"ImageObject","inLanguage":"en-US","@id":"https:\/\/badtunnor.se\/#\/schema\/logo\/image\/","url":"https:\/\/badtunnor.se\/wp-content\/uploads\/2022\/12\/sotarns_logo-morkgron-scaled.png","contentUrl":"https:\/\/badtunnor.se\/wp-content\/uploads\/2022\/12\/sotarns_logo-morkgron-scaled.png","width":2560,"height":1260,"caption":"Sotarns Badtunnor"},"image":{"@id":"https:\/\/badtunnor.se\/#\/schema\/logo\/image\/"},"sameAs":["https:\/\/www.facebook.com\/SotarnsBadtunnor\/"]}]}},"_links":{"self":[{"href":"https:\/\/badtunnor.se\/en\/wp-json\/wp\/v2\/pages\/386","targetHints":{"allow":["GET"]}}],"collection":[{"href":"https:\/\/badtunnor.se\/en\/wp-json\/wp\/v2\/pages"}],"about":[{"href":"https:\/\/badtunnor.se\/en\/wp-json\/wp\/v2\/types\/page"}],"author":[{"embeddable":true,"href":"https:\/\/badtunnor.se\/en\/wp-json\/wp\/v2\/users\/2"}],"replies":[{"embeddable":true,"href":"https:\/\/badtunnor.se\/en\/wp-json\/wp\/v2\/comments?post=386"}],"version-history":[{"count":16,"href":"https:\/\/badtunnor.se\/en\/wp-json\/wp\/v2\/pages\/386\/revisions"}],"predecessor-version":[{"id":22850,"href":"https:\/\/badtunnor.se\/en\/wp-json\/wp\/v2\/pages\/386\/revisions\/22850"}],"wp:featuredmedia":[{"embeddable":true,"href":"https:\/\/badtunnor.se\/en\/wp-json\/wp\/v2\/media\/22849"}],"wp:attachment":[{"href":"https:\/\/badtunnor.se\/en\/wp-json\/wp\/v2\/media?parent=386"}],"curies":[{"name":"wp","href":"https:\/\/api.w.org\/{rel}","templated":true}]}}