{"id":382,"date":"2019-06-10T21:23:45","date_gmt":"2019-06-10T19:23:45","guid":{"rendered":"https:\/\/www.webjuristen.se\/?page_id=382"},"modified":"2022-11-15T09:52:36","modified_gmt":"2022-11-15T08:52:36","slug":"skotselrad-badtunna-extern","status":"publish","type":"page","link":"https:\/\/badtunnor.se\/en\/skotselrad-badtunna-extern\/","title":{"rendered":"Sk\u00f6tselr\u00e5d Badtunna Extern"},"content":{"rendered":"<div data-elementor-type=\"wp-post\" data-elementor-id=\"382\" class=\"elementor elementor-382\" data-elementor-post-type=\"page\">\n\t\t\t\t\t\t<section class=\"elementor-section elementor-top-section elementor-element elementor-element-880f0e7 elementor-section-boxed elementor-section-height-default elementor-section-height-default\" data-id=\"880f0e7\" data-element_type=\"section\" data-e-type=\"section\">\n\t\t\t\t\t\t<div class=\"elementor-container elementor-column-gap-wider\">\n\t\t\t\t\t<div class=\"elementor-column elementor-col-100 elementor-top-column elementor-element elementor-element-59765f8\" data-id=\"59765f8\" data-element_type=\"column\" data-e-type=\"column\">\n\t\t\t<div class=\"elementor-widget-wrap elementor-element-populated\">\n\t\t\t\t\t\t<div class=\"elementor-element elementor-element-3ab57fd elementor-widget elementor-widget-text-editor\" data-id=\"3ab57fd\" data-element_type=\"widget\" data-e-type=\"widget\" data-widget_type=\"text-editor.default\">\n\t\t\t\t<div class=\"elementor-widget-container\">\n\t\t\t\t\t\t\t\t\t<p><a href=\"http:\/\/badtunnor.se\/wp-content\/uploads\/2019\/06\/Sk%C3%B6tselr%C3%A5d-extern-kamin.pdf\">PDF Sk\u00f6tselr\u00e5d Badtunna Extern<\/a><\/p><h3>Sk\u00f6tselr\u00e5d Badtunna extern kamin<\/h3><ul><li><span style=\"font-weight: 400;\">Lyft eller b\u00e4r inte badtunnan i plastdelen, den sitter bara fast i avloppet. Lyft och b\u00e4r i tr\u00e4delen, den \u00e4r mycket stark. Den f\u00e5r inte rullas.\u00a0<\/span><\/li><li><span style=\"font-weight: 400;\">Badtunnan levereras utan att kamin och slangar \u00e4r monterade. Montera den l\u00e5nga slangen p\u00e5 utloppet under tunnan. Den skall till kaminens undre intag. Den korta slangen \u00e4r den \u00f6vre p\u00e5 tunnan och kaminen. Skruva fast slangarna med medf\u00f6ljande rostfria slangkl\u00e4mmor.\u00a0<\/span><\/li><li><span style=\"font-weight: 400;\">St\u00e4ll tunnan p\u00e5 stenplattor, trallgolv plankor eller likande. Viktigt \u00e4r att luft kommer in under tunnan.\u00a0<\/span><\/li><li><span style=\"font-weight: 400;\">Behandla g\u00e4rna tunnan med tr\u00e4olja eller liknade.\u00a0<\/span><\/li><li><span style=\"font-weight: 400;\">St\u00e4ll kaminen p\u00e5 br\u00e4dreglar eller allra b\u00e4st frigolitblock\/markisolering. D\u00e5 kyls kaminen inte av marken.\u00a0<\/span><\/li><li><span style=\"font-weight: 400;\">Viktigt \u00e4r att kaminens avlopp \u00e4r under tunnans bottenniv\u00e5 eftersom vattnet fr\u00e5n tunnan och kaminen t\u00f6ms genom kaminen. Det g\u00e5r att ansluta en slang med 25 mm diameter p\u00e5 avloppet.\u00a0<\/span><\/li><li><span style=\"font-weight: 400;\">S\u00e4tt ihop skorstenen. Nedre delen \u00e4r helt sl\u00e4t. Den skall tr\u00e4s \u00f6ver r\u00f6ret som kommer upp fr\u00e5n kaminen.\u00a0<\/span><\/li><li><span style=\"font-weight: 400;\">N\u00e4r tunnan skall anv\u00e4ndas fyll den med vatten minst 10 cm ovanf\u00f6r det \u00f6vre inloppet p\u00e5 tunnan. D\u00e5 \u00e4r \u00e4ven kaminen fylld med vatten. Elda aldrig innan denna vattenniv\u00e5 \u00e4r n\u00e5dd, f\u00f6r d\u00e5 brinner kaminen s\u00f6nder. Denna skada t\u00e4cks inte av garantin.\u00a0<\/span><\/li><li><span style=\"font-weight: 400;\">G\u00f6r upp eld i kaminen, torr och finhuggen ved t\u00e4nder l\u00e4tt och v\u00e4rmer b\u00e4st. Gran ger mycket gnistor och \u00e4r ol\u00e4mpligt om ni har tunnan n\u00e4ra hus.\u00a0<\/span><\/li><li><span style=\"font-weight: 400;\">Draget regleras genom att \u00f6ppna luckan d\u00e4r veden l\u00e4ggs ner. Skjut den mot skorstenen. Ett bra regel \u00e4r att \u00f6ppna s\u00e5 mycket att det slutar ryka. Ryker det inte \u00e4r f\u00f6rbr\u00e4nningen bra.\u00a0<\/span><\/li><li><span style=\"font-weight: 400;\">38 grader \u00e4r en l\u00e4mplig badtemperatur. Uppv\u00e4rmningen g\u00e5r alltid snabbare med lock p\u00e5 badtunnan.\u00a0<\/span><\/li><li><span style=\"font-weight: 400;\">OBS SKORSTENEN BLIR MYCKET VARM UNDER ELDNING.\u00a0<\/span><\/li><li><span style=\"font-weight: 400;\">N\u00e4r ni badat f\u00e4rdigt m\u00e5ste ni v\u00e4nta med att tappa ur vattnet tills kaminen \u00e4r helt utbrunnen och kall. Annars riskerar kaminen att g\u00e5 s\u00f6nder.\u00a0<\/span><\/li><li><span style=\"font-weight: 400;\">Spola ur badtunnan med en tr\u00e4dg\u00e5rdsslang. Vid behov tills\u00e4tt lite reng\u00f6ringsmedel och borsta tunnan. Spola ut kaminen genom att f\u00f6ra in vattenslangen i tunnans \u00f6vre h\u00e5l. K\u00f6r in slangen s\u00e5 l\u00e5ngt det g\u00e5r, d\u00e5 sk\u00f6ljs smuts ut ur kaminen.\u00a0<\/span><\/li><li><span style=\"font-weight: 400;\">Skall ni ha vattnet flera dagar anv\u00e4nd bakteried\u00f6dande medel. Skall ni ha det \u00e4nnu l\u00e4ngre anv\u00e4nd reningsverk. Det kan \u00e4ven vara bra att tills\u00e4tta bakteried\u00f6dande medel f\u00f6r att f\u00e5 rent i kaminen.\u00a0<\/span><\/li><\/ul><p><span style=\"font-weight: 400;\">Vi rekommenderar och s\u00e4ljer BIOCOOL POOLDESINFEKTION.\u00a0<\/span><\/p><p><span style=\"font-weight: 400;\">VARNING! KAMINEN FRYSER S\u00d6NDER OM NI L\u00c4MNAR DEN MED VATTEN I P\u00c5 VINTERN VID STR\u00c4NG KYLA. VID STR\u00c4NG KYLA KAN \u00c4VEN KAMINEN FRYSA INNAN MAN F\u00c5TT R\u00c4TT NIV\u00c5 F\u00d6R ELDNING. DENNA TYP AV SKADA T\u00c4CKER INTE GARANTIN.<\/span><\/p>\t\t\t\t\t\t\t\t<\/div>\n\t\t\t\t<\/div>\n\t\t\t\t\t<\/div>\n\t\t<\/div>\n\t\t\t\t\t<\/div>\n\t\t<\/section>\n\t\t\t\t<\/div>","protected":false},"excerpt":{"rendered":"<p>PDF Sk\u00f6tselr\u00e5d Badtunna Extern Sk\u00f6tselr\u00e5d Badtunna extern kamin Lyft eller b\u00e4r inte badtunnan i plastdelen, den sitter bara fast i avloppet. Lyft och b\u00e4r i tr\u00e4delen, den \u00e4r mycket stark. Den f\u00e5r inte rullas.\u00a0 Badtunnan levereras utan att kamin och slangar \u00e4r monterade. Montera den l\u00e5nga slangen p\u00e5 utloppet under tunnan. Den skall till kaminens [&hellip;]<\/p>\n","protected":false},"author":2,"featured_media":0,"parent":0,"menu_order":0,"comment_status":"closed","ping_status":"closed","template":"","meta":{"site-sidebar-layout":"no-sidebar","site-content-layout":"page-builder","ast-site-content-layout":"default","site-content-style":"default","site-sidebar-style":"default","ast-global-header-display":"","ast-banner-title-visibility":"","ast-main-header-display":"","ast-hfb-above-header-display":"","ast-hfb-below-header-display":"","ast-hfb-mobile-header-display":"","site-post-title":"disabled","ast-breadcrumbs-content":"","ast-featured-img":"disabled","footer-sml-layout":"","ast-disable-related-posts":"","theme-transparent-header-meta":"default","adv-header-id-meta":"","stick-header-meta":"","header-above-stick-meta":"","header-main-stick-meta":"","header-below-stick-meta":"","astra-migrate-meta-layouts":"default","ast-page-background-enabled":"default","ast-page-background-meta":{"desktop":{"background-color":"var(--ast-global-color-4)","background-image":"","background-repeat":"repeat","background-position":"center center","background-size":"auto","background-attachment":"scroll","background-type":"","background-media":"","overlay-type":"","overlay-color":"","overlay-opacity":"","overlay-gradient":""},"tablet":{"background-color":"","background-image":"","background-repeat":"repeat","background-position":"center center","background-size":"auto","background-attachment":"scroll","background-type":"","background-media":"","overlay-type":"","overlay-color":"","overlay-opacity":"","overlay-gradient":""},"mobile":{"background-color":"","background-image":"","background-repeat":"repeat","background-position":"center center","background-size":"auto","background-attachment":"scroll","background-type":"","background-media":"","overlay-type":"","overlay-color":"","overlay-opacity":"","overlay-gradient":""}},"ast-content-background-meta":{"desktop":{"background-color":"var(--ast-global-color-5)","background-image":"","background-repeat":"repeat","background-position":"center center","background-size":"auto","background-attachment":"scroll","background-type":"","background-media":"","overlay-type":"","overlay-color":"","overlay-opacity":"","overlay-gradient":""},"tablet":{"background-color":"var(--ast-global-color-5)","background-image":"","background-repeat":"repeat","background-position":"center center","background-size":"auto","background-attachment":"scroll","background-type":"","background-media":"","overlay-type":"","overlay-color":"","overlay-opacity":"","overlay-gradient":""},"mobile":{"background-color":"var(--ast-global-color-5)","background-image":"","background-repeat":"repeat","background-position":"center center","background-size":"auto","background-attachment":"scroll","background-type":"","background-media":"","overlay-type":"","overlay-color":"","overlay-opacity":"","overlay-gradient":""}},"footnotes":""},"class_list":["post-382","page","type-page","status-publish","hentry"],"yoast_head":"<!-- This site is optimized with the Yoast SEO plugin v27.3 - https:\/\/yoast.com\/product\/yoast-seo-wordpress\/ -->\n<title>Sk\u00f6tselr\u00e5d Badtunna Extern | Sotarns Badtunnor<\/title>\n<meta name=\"robots\" content=\"index, follow, max-snippet:-1, max-image-preview:large, max-video-preview:-1\" \/>\n<link rel=\"canonical\" href=\"https:\/\/badtunnor.se\/en\/skotselrad-badtunna-extern\/\" \/>\n<meta property=\"og:locale\" content=\"en_US\" \/>\n<meta property=\"og:type\" content=\"article\" \/>\n<meta property=\"og:title\" content=\"Sk\u00f6tselr\u00e5d Badtunna Extern | Sotarns Badtunnor\" \/>\n<meta property=\"og:description\" content=\"PDF Sk\u00f6tselr\u00e5d Badtunna Extern Sk\u00f6tselr\u00e5d Badtunna extern kamin Lyft eller b\u00e4r inte badtunnan i plastdelen, den sitter bara fast i avloppet. Lyft och b\u00e4r i tr\u00e4delen, den \u00e4r mycket stark. Den f\u00e5r inte rullas.\u00a0 Badtunnan levereras utan att kamin och slangar \u00e4r monterade. Montera den l\u00e5nga slangen p\u00e5 utloppet under tunnan. Den skall till kaminens [&hellip;]\" \/>\n<meta property=\"og:url\" content=\"https:\/\/badtunnor.se\/en\/skotselrad-badtunna-extern\/\" \/>\n<meta property=\"og:site_name\" content=\"Sotarns Badtunnor\" \/>\n<meta property=\"article:publisher\" content=\"https:\/\/www.facebook.com\/SotarnsBadtunnor\/\" \/>\n<meta property=\"article:modified_time\" content=\"2022-11-15T08:52:36+00:00\" \/>\n<meta property=\"og:image\" content=\"https:\/\/badtunnor.se\/wp-content\/uploads\/2022\/11\/Sotarns-Badtunnor_48.jpg\" \/>\n\t<meta property=\"og:image:width\" content=\"2000\" \/>\n\t<meta property=\"og:image:height\" content=\"1331\" \/>\n\t<meta property=\"og:image:type\" content=\"image\/jpeg\" \/>\n<meta name=\"twitter:card\" content=\"summary_large_image\" \/>\n<meta name=\"twitter:label1\" content=\"Est. reading time\" \/>\n\t<meta name=\"twitter:data1\" content=\"3 minutes\" \/>\n<script type=\"application\/ld+json\" class=\"yoast-schema-graph\">{\"@context\":\"https:\\\/\\\/schema.org\",\"@graph\":[{\"@type\":\"WebPage\",\"@id\":\"https:\\\/\\\/badtunnor.se\\\/skotselrad-badtunna-extern\\\/\",\"url\":\"https:\\\/\\\/badtunnor.se\\\/skotselrad-badtunna-extern\\\/\",\"name\":\"Sk\u00f6tselr\u00e5d Badtunna Extern | Sotarns Badtunnor\",\"isPartOf\":{\"@id\":\"https:\\\/\\\/badtunnor.se\\\/#website\"},\"datePublished\":\"2019-06-10T19:23:45+00:00\",\"dateModified\":\"2022-11-15T08:52:36+00:00\",\"breadcrumb\":{\"@id\":\"https:\\\/\\\/badtunnor.se\\\/skotselrad-badtunna-extern\\\/#breadcrumb\"},\"inLanguage\":\"en-US\",\"potentialAction\":[{\"@type\":\"ReadAction\",\"target\":[\"https:\\\/\\\/badtunnor.se\\\/skotselrad-badtunna-extern\\\/\"]}]},{\"@type\":\"BreadcrumbList\",\"@id\":\"https:\\\/\\\/badtunnor.se\\\/skotselrad-badtunna-extern\\\/#breadcrumb\",\"itemListElement\":[{\"@type\":\"ListItem\",\"position\":1,\"name\":\"Hem\",\"item\":\"https:\\\/\\\/badtunnor.se\\\/\"},{\"@type\":\"ListItem\",\"position\":2,\"name\":\"Sk\u00f6tselr\u00e5d Badtunna Extern\"}]},{\"@type\":\"WebSite\",\"@id\":\"https:\\\/\\\/badtunnor.se\\\/#website\",\"url\":\"https:\\\/\\\/badtunnor.se\\\/\",\"name\":\"Sotarns Badtunnor\",\"description\":\"Svensktillverkade Vedeldade Badtunnor\",\"publisher\":{\"@id\":\"https:\\\/\\\/badtunnor.se\\\/#organization\"},\"potentialAction\":[{\"@type\":\"SearchAction\",\"target\":{\"@type\":\"EntryPoint\",\"urlTemplate\":\"https:\\\/\\\/badtunnor.se\\\/?s={search_term_string}\"},\"query-input\":{\"@type\":\"PropertyValueSpecification\",\"valueRequired\":true,\"valueName\":\"search_term_string\"}}],\"inLanguage\":\"en-US\"},{\"@type\":\"Organization\",\"@id\":\"https:\\\/\\\/badtunnor.se\\\/#organization\",\"name\":\"Sotarns Badtunnor\",\"url\":\"https:\\\/\\\/badtunnor.se\\\/\",\"logo\":{\"@type\":\"ImageObject\",\"inLanguage\":\"en-US\",\"@id\":\"https:\\\/\\\/badtunnor.se\\\/#\\\/schema\\\/logo\\\/image\\\/\",\"url\":\"https:\\\/\\\/badtunnor.se\\\/wp-content\\\/uploads\\\/2022\\\/12\\\/sotarns_logo-morkgron-scaled.png\",\"contentUrl\":\"https:\\\/\\\/badtunnor.se\\\/wp-content\\\/uploads\\\/2022\\\/12\\\/sotarns_logo-morkgron-scaled.png\",\"width\":2560,\"height\":1260,\"caption\":\"Sotarns Badtunnor\"},\"image\":{\"@id\":\"https:\\\/\\\/badtunnor.se\\\/#\\\/schema\\\/logo\\\/image\\\/\"},\"sameAs\":[\"https:\\\/\\\/www.facebook.com\\\/SotarnsBadtunnor\\\/\"]}]}<\/script>\n<!-- \/ Yoast SEO plugin. -->","yoast_head_json":{"title":"Sk\u00f6tselr\u00e5d Badtunna Extern | Sotarns Badtunnor","robots":{"index":"index","follow":"follow","max-snippet":"max-snippet:-1","max-image-preview":"max-image-preview:large","max-video-preview":"max-video-preview:-1"},"canonical":"https:\/\/badtunnor.se\/en\/skotselrad-badtunna-extern\/","og_locale":"en_US","og_type":"article","og_title":"Sk\u00f6tselr\u00e5d Badtunna Extern | Sotarns Badtunnor","og_description":"PDF Sk\u00f6tselr\u00e5d Badtunna Extern Sk\u00f6tselr\u00e5d Badtunna extern kamin Lyft eller b\u00e4r inte badtunnan i plastdelen, den sitter bara fast i avloppet. Lyft och b\u00e4r i tr\u00e4delen, den \u00e4r mycket stark. Den f\u00e5r inte rullas.\u00a0 Badtunnan levereras utan att kamin och slangar \u00e4r monterade. Montera den l\u00e5nga slangen p\u00e5 utloppet under tunnan. Den skall till kaminens [&hellip;]","og_url":"https:\/\/badtunnor.se\/en\/skotselrad-badtunna-extern\/","og_site_name":"Sotarns Badtunnor","article_publisher":"https:\/\/www.facebook.com\/SotarnsBadtunnor\/","article_modified_time":"2022-11-15T08:52:36+00:00","og_image":[{"width":2000,"height":1331,"url":"https:\/\/badtunnor.se\/wp-content\/uploads\/2022\/11\/Sotarns-Badtunnor_48.jpg","type":"image\/jpeg"}],"twitter_card":"summary_large_image","twitter_misc":{"Est. reading time":"3 minutes"},"schema":{"@context":"https:\/\/schema.org","@graph":[{"@type":"WebPage","@id":"https:\/\/badtunnor.se\/skotselrad-badtunna-extern\/","url":"https:\/\/badtunnor.se\/skotselrad-badtunna-extern\/","name":"Sk\u00f6tselr\u00e5d Badtunna Extern | Sotarns Badtunnor","isPartOf":{"@id":"https:\/\/badtunnor.se\/#website"},"datePublished":"2019-06-10T19:23:45+00:00","dateModified":"2022-11-15T08:52:36+00:00","breadcrumb":{"@id":"https:\/\/badtunnor.se\/skotselrad-badtunna-extern\/#breadcrumb"},"inLanguage":"en-US","potentialAction":[{"@type":"ReadAction","target":["https:\/\/badtunnor.se\/skotselrad-badtunna-extern\/"]}]},{"@type":"BreadcrumbList","@id":"https:\/\/badtunnor.se\/skotselrad-badtunna-extern\/#breadcrumb","itemListElement":[{"@type":"ListItem","position":1,"name":"Hem","item":"https:\/\/badtunnor.se\/"},{"@type":"ListItem","position":2,"name":"Sk\u00f6tselr\u00e5d Badtunna Extern"}]},{"@type":"WebSite","@id":"https:\/\/badtunnor.se\/#website","url":"https:\/\/badtunnor.se\/","name":"Sotarns Badtunnor","description":"Svensktillverkade Vedeldade Badtunnor","publisher":{"@id":"https:\/\/badtunnor.se\/#organization"},"potentialAction":[{"@type":"SearchAction","target":{"@type":"EntryPoint","urlTemplate":"https:\/\/badtunnor.se\/?s={search_term_string}"},"query-input":{"@type":"PropertyValueSpecification","valueRequired":true,"valueName":"search_term_string"}}],"inLanguage":"en-US"},{"@type":"Organization","@id":"https:\/\/badtunnor.se\/#organization","name":"Sotarns Badtunnor","url":"https:\/\/badtunnor.se\/","logo":{"@type":"ImageObject","inLanguage":"en-US","@id":"https:\/\/badtunnor.se\/#\/schema\/logo\/image\/","url":"https:\/\/badtunnor.se\/wp-content\/uploads\/2022\/12\/sotarns_logo-morkgron-scaled.png","contentUrl":"https:\/\/badtunnor.se\/wp-content\/uploads\/2022\/12\/sotarns_logo-morkgron-scaled.png","width":2560,"height":1260,"caption":"Sotarns Badtunnor"},"image":{"@id":"https:\/\/badtunnor.se\/#\/schema\/logo\/image\/"},"sameAs":["https:\/\/www.facebook.com\/SotarnsBadtunnor\/"]}]}},"_links":{"self":[{"href":"https:\/\/badtunnor.se\/en\/wp-json\/wp\/v2\/pages\/382","targetHints":{"allow":["GET"]}}],"collection":[{"href":"https:\/\/badtunnor.se\/en\/wp-json\/wp\/v2\/pages"}],"about":[{"href":"https:\/\/badtunnor.se\/en\/wp-json\/wp\/v2\/types\/page"}],"author":[{"embeddable":true,"href":"https:\/\/badtunnor.se\/en\/wp-json\/wp\/v2\/users\/2"}],"replies":[{"embeddable":true,"href":"https:\/\/badtunnor.se\/en\/wp-json\/wp\/v2\/comments?post=382"}],"version-history":[{"count":0,"href":"https:\/\/badtunnor.se\/en\/wp-json\/wp\/v2\/pages\/382\/revisions"}],"wp:attachment":[{"href":"https:\/\/badtunnor.se\/en\/wp-json\/wp\/v2\/media?parent=382"}],"curies":[{"name":"wp","href":"https:\/\/api.w.org\/{rel}","templated":true}]}}