{"id":379,"date":"2019-06-10T21:18:54","date_gmt":"2019-06-10T19:18:54","guid":{"rendered":"https:\/\/www.webjuristen.se\/?page_id=379"},"modified":"2023-02-28T09:50:21","modified_gmt":"2023-02-28T08:50:21","slug":"skotselrad-badtunna-royal","status":"publish","type":"page","link":"https:\/\/badtunnor.se\/en\/skotselrad-badtunna-royal\/","title":{"rendered":"Sk\u00f6tselr\u00e5d Badtunna Royal"},"content":{"rendered":"<div data-elementor-type=\"wp-post\" data-elementor-id=\"379\" class=\"elementor elementor-379\" data-elementor-post-type=\"page\">\n\t\t\t\t\t\t<section class=\"elementor-section elementor-top-section elementor-element elementor-element-cee6f8f elementor-section-boxed elementor-section-height-default elementor-section-height-default\" data-id=\"cee6f8f\" data-element_type=\"section\" data-e-type=\"section\">\n\t\t\t\t\t\t<div class=\"elementor-container elementor-column-gap-wider\">\n\t\t\t\t\t<div class=\"elementor-column elementor-col-100 elementor-top-column elementor-element elementor-element-769cd11\" data-id=\"769cd11\" data-element_type=\"column\" data-e-type=\"column\">\n\t\t\t<div class=\"elementor-widget-wrap elementor-element-populated\">\n\t\t\t\t\t\t<div class=\"elementor-element elementor-element-b1361a1 elementor-widget elementor-widget-text-editor\" data-id=\"b1361a1\" data-element_type=\"widget\" data-e-type=\"widget\" data-widget_type=\"text-editor.default\">\n\t\t\t\t<div class=\"elementor-widget-container\">\n\t\t\t\t\t\t\t\t\t<p>PDF <a href=\"http:\/\/badtunnor.se\/wp-content\/uploads\/2019\/06\/Sk\u00f6tselr\u00e5dRoyal.pdf\">Sk\u00f6tselr\u00e5d Badtunna Royal\u00a0<\/a><\/p><h3>Sk\u00f6tselr\u00e5d Badtunna Royal<\/h3><ul><li dir=\"ltr\" style=\"line-height: 1.38;\"><span style=\"font-size: 11.5pt; background-color: transparent; font-weight: 400; font-style: normal; font-variant-numeric: normal; font-variant-east-asian: normal; white-space: pre-wrap;\">Lyft eller b\u00e4r inte badtunnan i glasfiberdelen, den sitter bara fast i avloppet. Lyft och b\u00e4r i tr\u00e4delen, den \u00e4r mycket stark.\u00a0 Den f\u00e5r inte rullas.\u00a0<\/span><\/li><li dir=\"ltr\" style=\"line-height: 1.38;\"><span style=\"font-size: 11.5pt; background-color: transparent; font-weight: 400; font-style: normal; font-variant-numeric: normal; font-variant-east-asian: normal; white-space: pre-wrap;\">St\u00e4ll badtunnan p\u00e5 altangolv, trallgolv, stenplattor eller liknade.\u00a0<\/span><\/li><li dir=\"ltr\" style=\"line-height: 1.38;\"><span style=\"font-size: 11.5pt; background-color: transparent; font-weight: 400; font-style: normal; font-variant-numeric: normal; font-variant-east-asian: normal; white-space: pre-wrap;\">Viktigt \u00e4r att det kommer in luft under tunnan. Annars blir det fukt, m\u00f6gel och svamp. Detta f\u00f6rkortar livsl\u00e4ngden p\u00e5 badtunnan.\u00a0<\/span><\/li><li dir=\"ltr\" style=\"line-height: 1.38;\"><span style=\"font-size: 11.5pt; background-color: transparent; font-weight: 400; font-style: normal; font-variant-numeric: normal; font-variant-east-asian: normal; white-space: pre-wrap;\">Tr\u00e4delen oljas, laseras eller liknande. Den blir snygg och h\u00e5ller l\u00e4ngre.\u00a0<\/span><\/li><li dir=\"ltr\" style=\"line-height: 1.38;\"><span style=\"font-size: 11.5pt; background-color: transparent; font-weight: 400; font-style: normal; font-variant-numeric: normal; font-variant-east-asian: normal; white-space: pre-wrap;\">Glasfiberinsatsen kan behandlas med b\u00e5t- eller bilvax om den blivit repig och f\u00f6rlorat sin lyster.\u00a0<\/span><\/li><li dir=\"ltr\" style=\"line-height: 1.38;\"><span style=\"font-size: 11.5pt; background-color: transparent; font-weight: 400; font-style: normal; font-variant-numeric: normal; font-variant-east-asian: normal; white-space: pre-wrap;\">Sargen kan f\u00e5 sm\u00e5 f\u00e4rgsprickor om man sitter p\u00e5 den, s\u00e5 undvik det.\u00a0<\/span><\/li><li dir=\"ltr\" style=\"line-height: 1.38;\"><span style=\"font-size: 11.5pt; background-color: transparent; font-weight: 400; font-style: normal; font-variant-numeric: normal; font-variant-east-asian: normal; white-space: pre-wrap;\">Fyll vatten s\u00e5 det n\u00e5r minst 10 cm ovanf\u00f6r det \u00f6vre inloppet fr\u00e5n kaminen. B\u00f6rjar man elda tidigare kan kaminen brinna s\u00f6nder. Denna typ av skada ers\u00e4tts inte. Viktigt \u00e4r att bottenpluggen sitter s\u00e5 h\u00e5rt att den inte lossnar och tunnan t\u00f6ms under uppv\u00e4rmning eller bad.\u00a0<\/span><\/li><li dir=\"ltr\" style=\"line-height: 1.38;\"><span style=\"font-size: 11.5pt; background-color: transparent; font-weight: 400; font-style: normal; font-variant-numeric: normal; font-variant-east-asian: normal; white-space: pre-wrap;\">Vid minusgrader kan kaminen frysa s\u00f6der om vattnet l\u00e4mnas en l\u00e4ngre tid. Denna typ av skada omfattas inte av garantin.\u00a0<\/span><\/li><li dir=\"ltr\" style=\"line-height: 1.38;\"><span style=\"font-size: 11.5pt; background-color: transparent; font-weight: 400; font-style: normal; font-variant-numeric: normal; font-variant-east-asian: normal; white-space: pre-wrap;\">Draget regleras med att dra ut askl\u00e5dan. Bra f\u00f6rbr\u00e4nning sker n\u00e4r det inte kommer r\u00f6k ur skorstenen.\u00a0<\/span><\/li><li dir=\"ltr\" style=\"line-height: 1.38;\"><span style=\"font-size: 11.5pt; background-color: transparent; font-weight: 400; font-style: normal; font-variant-numeric: normal; font-variant-east-asian: normal; white-space: pre-wrap;\">L\u00e4mplig badtemperatur \u00e4r 38 grader. Vattnet v\u00e4rms fortare med locket p\u00e5.<\/span><\/li><li dir=\"ltr\" style=\"line-height: 1.38;\"><span style=\"font-size: 11.5pt; background-color: transparent; font-weight: 400; font-style: normal; font-variant-numeric: normal; font-variant-east-asian: normal; white-space: pre-wrap;\">VARNING! R\u00f6kr\u00f6ret blir mycket varmt under eldning.<\/span><\/li><\/ul><h1 dir=\"ltr\" style=\"line-height: 1.38; margin-top: 0pt; margin-bottom: 18pt;\"><span style=\"font-size: 11.5pt; background-color: transparent; font-weight: 400; font-style: normal; font-variant-numeric: normal; font-variant-east-asian: normal; white-space: pre-wrap;\">F\u00d6RSTA ELDNINGEN I ROYAL KAMINEN<\/span><\/h1><p dir=\"ltr\" style=\"line-height: 1.38; margin-top: 0pt; margin-bottom: 18pt;\"><span style=\"font-size: 11.5pt; background-color: transparent; font-weight: 400; font-style: normal; font-variant-numeric: normal; font-variant-east-asian: normal; white-space: pre-wrap;\">F\u00f6rsta g\u00e5ngen ni eldar i er nya Royalbadunna, kan det bildas mycket kondens i kaminen. Detta \u00e4r helt normalt och brukar bara m\u00e4rkas f\u00f6rsta eldningen. Det bildas n\u00e4r stor m\u00e4ngd luft passerar genom kaminen. Det blir d\u00e5 kondens mot den kalla kaminv\u00e4ggen. Det kan bli s\u00e5 mycket som 1 dl. Detta kan ibland rinna ut som smutsigt vatten vid askluckan och smutsa ner. Ha g\u00e4rna en trasa eller torkpapper i beredskap. Det kan \u00e4ven f\u00f6rhindras om f\u00f6rsta eldningen \u00e4r utan askl\u00e5da, d\u00e5 dunstar vattnet bort. Spola ur badtunnan med en tr\u00e4dg\u00e5rdsslang. Vid behov tills\u00e4tt lite reng\u00f6ringsmedel och borsta tunnan. Spola ur kaminen genom att f\u00f6ra in vattenslangen i tunnans \u00f6vre h\u00e5l. K\u00f6r in slangen s\u00e5 l\u00e5ngt det g\u00e5r och spola rikligt, d\u00e5 sk\u00f6ljs smuts ut ur kaminen.\u00a0<\/span><\/p><p dir=\"ltr\" style=\"line-height: 1.38; margin-top: 0pt; margin-bottom: 18pt;\"><span style=\"font-size: 11.5pt; background-color: transparent; font-weight: 400; font-style: normal; font-variant-numeric: normal; font-variant-east-asian: normal; white-space: pre-wrap;\">Skall ni ha vattnet flera dagar anv\u00e4nd bakteried\u00f6dande medel. Skall ni ha det \u00e4nnu l\u00e4ngre anv\u00e4nd reningsverk. Det kan \u00e4ven vara bra att tills\u00e4tta bakteried\u00f6dande medel f\u00f6r att f\u00e5 rent i kaminen. Klor \u00e4r inte l\u00e4mpligt vid s\u00e5 h\u00f6ga vattentemperaturer som en badtunna har. Kloret dunstar bort utan att d\u00f6da bakterier.\u00a0<\/span><\/p><p dir=\"ltr\" style=\"line-height: 1.38; margin-top: 0pt; margin-bottom: 18pt;\"><span style=\"font-size: 11.5pt; background-color: transparent; font-weight: 400; font-style: normal; font-variant-numeric: normal; font-variant-east-asian: normal; white-space: pre-wrap;\">Vi rekommenderar och s\u00e4ljer BIOCOOL POOLDESINFEKTION.<\/span><\/p><div><span style=\"font-size: 11.5pt; background-color: transparent; font-weight: 400; font-style: normal; font-variant-numeric: normal; font-variant-east-asian: normal; white-space: pre-wrap;\">\u00a0<\/span><\/div>\t\t\t\t\t\t\t\t<\/div>\n\t\t\t\t<\/div>\n\t\t\t\t\t<\/div>\n\t\t<\/div>\n\t\t\t\t\t<\/div>\n\t\t<\/section>\n\t\t\t\t<\/div>","protected":false},"excerpt":{"rendered":"<p>PDF Sk\u00f6tselr\u00e5d Badtunna Royal\u00a0 Sk\u00f6tselr\u00e5d Badtunna Royal Lyft eller b\u00e4r inte badtunnan i glasfiberdelen, den sitter bara fast i avloppet. Lyft och b\u00e4r i tr\u00e4delen, den \u00e4r mycket stark.\u00a0 Den f\u00e5r inte rullas.\u00a0 St\u00e4ll badtunnan p\u00e5 altangolv, trallgolv, stenplattor eller liknade.\u00a0 Viktigt \u00e4r att det kommer in luft under tunnan. Annars blir det fukt, m\u00f6gel [&hellip;]<\/p>\n","protected":false},"author":2,"featured_media":0,"parent":0,"menu_order":0,"comment_status":"closed","ping_status":"closed","template":"","meta":{"site-sidebar-layout":"no-sidebar","site-content-layout":"page-builder","ast-site-content-layout":"default","site-content-style":"default","site-sidebar-style":"default","ast-global-header-display":"","ast-banner-title-visibility":"","ast-main-header-display":"","ast-hfb-above-header-display":"","ast-hfb-below-header-display":"","ast-hfb-mobile-header-display":"","site-post-title":"disabled","ast-breadcrumbs-content":"","ast-featured-img":"disabled","footer-sml-layout":"","ast-disable-related-posts":"","theme-transparent-header-meta":"default","adv-header-id-meta":"","stick-header-meta":"","header-above-stick-meta":"","header-main-stick-meta":"","header-below-stick-meta":"","astra-migrate-meta-layouts":"default","ast-page-background-enabled":"default","ast-page-background-meta":{"desktop":{"background-color":"var(--ast-global-color-4)","background-image":"","background-repeat":"repeat","background-position":"center center","background-size":"auto","background-attachment":"scroll","background-type":"","background-media":"","overlay-type":"","overlay-color":"","overlay-opacity":"","overlay-gradient":""},"tablet":{"background-color":"","background-image":"","background-repeat":"repeat","background-position":"center center","background-size":"auto","background-attachment":"scroll","background-type":"","background-media":"","overlay-type":"","overlay-color":"","overlay-opacity":"","overlay-gradient":""},"mobile":{"background-color":"","background-image":"","background-repeat":"repeat","background-position":"center center","background-size":"auto","background-attachment":"scroll","background-type":"","background-media":"","overlay-type":"","overlay-color":"","overlay-opacity":"","overlay-gradient":""}},"ast-content-background-meta":{"desktop":{"background-color":"var(--ast-global-color-5)","background-image":"","background-repeat":"repeat","background-position":"center center","background-size":"auto","background-attachment":"scroll","background-type":"","background-media":"","overlay-type":"","overlay-color":"","overlay-opacity":"","overlay-gradient":""},"tablet":{"background-color":"var(--ast-global-color-5)","background-image":"","background-repeat":"repeat","background-position":"center center","background-size":"auto","background-attachment":"scroll","background-type":"","background-media":"","overlay-type":"","overlay-color":"","overlay-opacity":"","overlay-gradient":""},"mobile":{"background-color":"var(--ast-global-color-5)","background-image":"","background-repeat":"repeat","background-position":"center center","background-size":"auto","background-attachment":"scroll","background-type":"","background-media":"","overlay-type":"","overlay-color":"","overlay-opacity":"","overlay-gradient":""}},"footnotes":""},"class_list":["post-379","page","type-page","status-publish","hentry"],"yoast_head":"<!-- This site is optimized with the Yoast SEO plugin v27.3 - https:\/\/yoast.com\/product\/yoast-seo-wordpress\/ -->\n<title>Sk\u00f6tselr\u00e5d Badtunna Royal | Sotarns Badtunnor<\/title>\n<meta name=\"robots\" content=\"index, follow, max-snippet:-1, max-image-preview:large, max-video-preview:-1\" \/>\n<link rel=\"canonical\" href=\"https:\/\/badtunnor.se\/en\/skotselrad-badtunna-royal\/\" \/>\n<meta property=\"og:locale\" content=\"en_US\" \/>\n<meta property=\"og:type\" content=\"article\" \/>\n<meta property=\"og:title\" content=\"Sk\u00f6tselr\u00e5d Badtunna Royal | Sotarns Badtunnor\" \/>\n<meta property=\"og:description\" content=\"PDF Sk\u00f6tselr\u00e5d Badtunna Royal\u00a0 Sk\u00f6tselr\u00e5d Badtunna Royal Lyft eller b\u00e4r inte badtunnan i glasfiberdelen, den sitter bara fast i avloppet. Lyft och b\u00e4r i tr\u00e4delen, den \u00e4r mycket stark.\u00a0 Den f\u00e5r inte rullas.\u00a0 St\u00e4ll badtunnan p\u00e5 altangolv, trallgolv, stenplattor eller liknade.\u00a0 Viktigt \u00e4r att det kommer in luft under tunnan. Annars blir det fukt, m\u00f6gel [&hellip;]\" \/>\n<meta property=\"og:url\" content=\"https:\/\/badtunnor.se\/en\/skotselrad-badtunna-royal\/\" \/>\n<meta property=\"og:site_name\" content=\"Sotarns Badtunnor\" \/>\n<meta property=\"article:publisher\" content=\"https:\/\/www.facebook.com\/SotarnsBadtunnor\/\" \/>\n<meta property=\"article:modified_time\" content=\"2023-02-28T08:50:21+00:00\" \/>\n<meta property=\"og:image\" content=\"https:\/\/badtunnor.se\/wp-content\/uploads\/2022\/11\/Sotarns-Badtunnor_48.jpg\" \/>\n\t<meta property=\"og:image:width\" content=\"2000\" \/>\n\t<meta property=\"og:image:height\" content=\"1331\" \/>\n\t<meta property=\"og:image:type\" content=\"image\/jpeg\" \/>\n<meta name=\"twitter:card\" content=\"summary_large_image\" \/>\n<meta name=\"twitter:label1\" content=\"Est. reading time\" \/>\n\t<meta name=\"twitter:data1\" content=\"2 minutes\" \/>\n<script type=\"application\/ld+json\" class=\"yoast-schema-graph\">{\"@context\":\"https:\\\/\\\/schema.org\",\"@graph\":[{\"@type\":\"WebPage\",\"@id\":\"https:\\\/\\\/badtunnor.se\\\/skotselrad-badtunna-royal\\\/\",\"url\":\"https:\\\/\\\/badtunnor.se\\\/skotselrad-badtunna-royal\\\/\",\"name\":\"Sk\u00f6tselr\u00e5d Badtunna Royal | Sotarns Badtunnor\",\"isPartOf\":{\"@id\":\"https:\\\/\\\/badtunnor.se\\\/#website\"},\"datePublished\":\"2019-06-10T19:18:54+00:00\",\"dateModified\":\"2023-02-28T08:50:21+00:00\",\"breadcrumb\":{\"@id\":\"https:\\\/\\\/badtunnor.se\\\/skotselrad-badtunna-royal\\\/#breadcrumb\"},\"inLanguage\":\"en-US\",\"potentialAction\":[{\"@type\":\"ReadAction\",\"target\":[\"https:\\\/\\\/badtunnor.se\\\/skotselrad-badtunna-royal\\\/\"]}]},{\"@type\":\"BreadcrumbList\",\"@id\":\"https:\\\/\\\/badtunnor.se\\\/skotselrad-badtunna-royal\\\/#breadcrumb\",\"itemListElement\":[{\"@type\":\"ListItem\",\"position\":1,\"name\":\"Hem\",\"item\":\"https:\\\/\\\/badtunnor.se\\\/\"},{\"@type\":\"ListItem\",\"position\":2,\"name\":\"Sk\u00f6tselr\u00e5d Badtunna Royal\"}]},{\"@type\":\"WebSite\",\"@id\":\"https:\\\/\\\/badtunnor.se\\\/#website\",\"url\":\"https:\\\/\\\/badtunnor.se\\\/\",\"name\":\"Sotarns Badtunnor\",\"description\":\"Svensktillverkade Vedeldade Badtunnor\",\"publisher\":{\"@id\":\"https:\\\/\\\/badtunnor.se\\\/#organization\"},\"potentialAction\":[{\"@type\":\"SearchAction\",\"target\":{\"@type\":\"EntryPoint\",\"urlTemplate\":\"https:\\\/\\\/badtunnor.se\\\/?s={search_term_string}\"},\"query-input\":{\"@type\":\"PropertyValueSpecification\",\"valueRequired\":true,\"valueName\":\"search_term_string\"}}],\"inLanguage\":\"en-US\"},{\"@type\":\"Organization\",\"@id\":\"https:\\\/\\\/badtunnor.se\\\/#organization\",\"name\":\"Sotarns Badtunnor\",\"url\":\"https:\\\/\\\/badtunnor.se\\\/\",\"logo\":{\"@type\":\"ImageObject\",\"inLanguage\":\"en-US\",\"@id\":\"https:\\\/\\\/badtunnor.se\\\/#\\\/schema\\\/logo\\\/image\\\/\",\"url\":\"https:\\\/\\\/badtunnor.se\\\/wp-content\\\/uploads\\\/2022\\\/12\\\/sotarns_logo-morkgron-scaled.png\",\"contentUrl\":\"https:\\\/\\\/badtunnor.se\\\/wp-content\\\/uploads\\\/2022\\\/12\\\/sotarns_logo-morkgron-scaled.png\",\"width\":2560,\"height\":1260,\"caption\":\"Sotarns Badtunnor\"},\"image\":{\"@id\":\"https:\\\/\\\/badtunnor.se\\\/#\\\/schema\\\/logo\\\/image\\\/\"},\"sameAs\":[\"https:\\\/\\\/www.facebook.com\\\/SotarnsBadtunnor\\\/\"]}]}<\/script>\n<!-- \/ Yoast SEO plugin. -->","yoast_head_json":{"title":"Sk\u00f6tselr\u00e5d Badtunna Royal | Sotarns Badtunnor","robots":{"index":"index","follow":"follow","max-snippet":"max-snippet:-1","max-image-preview":"max-image-preview:large","max-video-preview":"max-video-preview:-1"},"canonical":"https:\/\/badtunnor.se\/en\/skotselrad-badtunna-royal\/","og_locale":"en_US","og_type":"article","og_title":"Sk\u00f6tselr\u00e5d Badtunna Royal | Sotarns Badtunnor","og_description":"PDF Sk\u00f6tselr\u00e5d Badtunna Royal\u00a0 Sk\u00f6tselr\u00e5d Badtunna Royal Lyft eller b\u00e4r inte badtunnan i glasfiberdelen, den sitter bara fast i avloppet. Lyft och b\u00e4r i tr\u00e4delen, den \u00e4r mycket stark.\u00a0 Den f\u00e5r inte rullas.\u00a0 St\u00e4ll badtunnan p\u00e5 altangolv, trallgolv, stenplattor eller liknade.\u00a0 Viktigt \u00e4r att det kommer in luft under tunnan. Annars blir det fukt, m\u00f6gel [&hellip;]","og_url":"https:\/\/badtunnor.se\/en\/skotselrad-badtunna-royal\/","og_site_name":"Sotarns Badtunnor","article_publisher":"https:\/\/www.facebook.com\/SotarnsBadtunnor\/","article_modified_time":"2023-02-28T08:50:21+00:00","og_image":[{"width":2000,"height":1331,"url":"https:\/\/badtunnor.se\/wp-content\/uploads\/2022\/11\/Sotarns-Badtunnor_48.jpg","type":"image\/jpeg"}],"twitter_card":"summary_large_image","twitter_misc":{"Est. reading time":"2 minutes"},"schema":{"@context":"https:\/\/schema.org","@graph":[{"@type":"WebPage","@id":"https:\/\/badtunnor.se\/skotselrad-badtunna-royal\/","url":"https:\/\/badtunnor.se\/skotselrad-badtunna-royal\/","name":"Sk\u00f6tselr\u00e5d Badtunna Royal | Sotarns Badtunnor","isPartOf":{"@id":"https:\/\/badtunnor.se\/#website"},"datePublished":"2019-06-10T19:18:54+00:00","dateModified":"2023-02-28T08:50:21+00:00","breadcrumb":{"@id":"https:\/\/badtunnor.se\/skotselrad-badtunna-royal\/#breadcrumb"},"inLanguage":"en-US","potentialAction":[{"@type":"ReadAction","target":["https:\/\/badtunnor.se\/skotselrad-badtunna-royal\/"]}]},{"@type":"BreadcrumbList","@id":"https:\/\/badtunnor.se\/skotselrad-badtunna-royal\/#breadcrumb","itemListElement":[{"@type":"ListItem","position":1,"name":"Hem","item":"https:\/\/badtunnor.se\/"},{"@type":"ListItem","position":2,"name":"Sk\u00f6tselr\u00e5d Badtunna Royal"}]},{"@type":"WebSite","@id":"https:\/\/badtunnor.se\/#website","url":"https:\/\/badtunnor.se\/","name":"Sotarns Badtunnor","description":"Svensktillverkade Vedeldade Badtunnor","publisher":{"@id":"https:\/\/badtunnor.se\/#organization"},"potentialAction":[{"@type":"SearchAction","target":{"@type":"EntryPoint","urlTemplate":"https:\/\/badtunnor.se\/?s={search_term_string}"},"query-input":{"@type":"PropertyValueSpecification","valueRequired":true,"valueName":"search_term_string"}}],"inLanguage":"en-US"},{"@type":"Organization","@id":"https:\/\/badtunnor.se\/#organization","name":"Sotarns Badtunnor","url":"https:\/\/badtunnor.se\/","logo":{"@type":"ImageObject","inLanguage":"en-US","@id":"https:\/\/badtunnor.se\/#\/schema\/logo\/image\/","url":"https:\/\/badtunnor.se\/wp-content\/uploads\/2022\/12\/sotarns_logo-morkgron-scaled.png","contentUrl":"https:\/\/badtunnor.se\/wp-content\/uploads\/2022\/12\/sotarns_logo-morkgron-scaled.png","width":2560,"height":1260,"caption":"Sotarns Badtunnor"},"image":{"@id":"https:\/\/badtunnor.se\/#\/schema\/logo\/image\/"},"sameAs":["https:\/\/www.facebook.com\/SotarnsBadtunnor\/"]}]}},"_links":{"self":[{"href":"https:\/\/badtunnor.se\/en\/wp-json\/wp\/v2\/pages\/379","targetHints":{"allow":["GET"]}}],"collection":[{"href":"https:\/\/badtunnor.se\/en\/wp-json\/wp\/v2\/pages"}],"about":[{"href":"https:\/\/badtunnor.se\/en\/wp-json\/wp\/v2\/types\/page"}],"author":[{"embeddable":true,"href":"https:\/\/badtunnor.se\/en\/wp-json\/wp\/v2\/users\/2"}],"replies":[{"embeddable":true,"href":"https:\/\/badtunnor.se\/en\/wp-json\/wp\/v2\/comments?post=379"}],"version-history":[{"count":6,"href":"https:\/\/badtunnor.se\/en\/wp-json\/wp\/v2\/pages\/379\/revisions"}],"predecessor-version":[{"id":21759,"href":"https:\/\/badtunnor.se\/en\/wp-json\/wp\/v2\/pages\/379\/revisions\/21759"}],"wp:attachment":[{"href":"https:\/\/badtunnor.se\/en\/wp-json\/wp\/v2\/media?parent=379"}],"curies":[{"name":"wp","href":"https:\/\/api.w.org\/{rel}","templated":true}]}}