{"id":20733,"date":"2022-11-22T12:22:57","date_gmt":"2022-11-22T11:22:57","guid":{"rendered":"https:\/\/sotarnsbadtunnor.chillimedia.site\/?page_id=20733"},"modified":"2024-09-17T14:37:12","modified_gmt":"2024-09-17T12:37:12","slug":"kundservice","status":"publish","type":"page","link":"https:\/\/badtunnor.se\/en\/kundservice\/","title":{"rendered":"Customer Service"},"content":{"rendered":"<div data-elementor-type=\"wp-post\" data-elementor-id=\"20733\" class=\"elementor elementor-20733\" data-elementor-post-type=\"page\">\n\t\t\t\t\t\t<section class=\"elementor-section elementor-top-section elementor-element elementor-element-3a4201b elementor-section-full_width elementor-section-height-default elementor-section-height-default\" data-id=\"3a4201b\" data-element_type=\"section\" data-e-type=\"section\">\n\t\t\t\t\t\t<div class=\"elementor-container elementor-column-gap-no\">\n\t\t\t\t\t<div class=\"elementor-column elementor-col-100 elementor-top-column elementor-element elementor-element-ec48f46\" data-id=\"ec48f46\" data-element_type=\"column\" data-e-type=\"column\">\n\t\t\t<div class=\"elementor-widget-wrap elementor-element-populated\">\n\t\t\t\t\t\t<section class=\"elementor-section elementor-inner-section elementor-element elementor-element-4408a44 elementor-section-content-middle elementor-reverse-mobile elementor-section-boxed elementor-section-height-default elementor-section-height-default\" data-id=\"4408a44\" data-element_type=\"section\" data-e-type=\"section\" data-settings=\"{&quot;background_background&quot;:&quot;classic&quot;}\">\n\t\t\t\t\t\t<div class=\"elementor-container elementor-column-gap-wider\">\n\t\t\t\t\t<div class=\"elementor-column elementor-col-50 elementor-inner-column elementor-element elementor-element-a581b0a\" data-id=\"a581b0a\" data-element_type=\"column\" data-e-type=\"column\">\n\t\t\t<div class=\"elementor-widget-wrap elementor-element-populated\">\n\t\t\t\t\t\t<div class=\"elementor-element elementor-element-85ae6e3 elementor-widget elementor-widget-text-editor\" data-id=\"85ae6e3\" data-element_type=\"widget\" data-e-type=\"widget\" data-widget_type=\"text-editor.default\">\n\t\t\t\t<div class=\"elementor-widget-container\">\n\t\t\t\t\t\t\t\t\t<h2>Personalized Service<\/h2><p>Not everything is best done through a computer. We still believe in human contact.<\/p><p>We prefer to talk to our customers. Therefore, we have always called back those who have placed an order. This way you get personal contact with us. You get the \"right\" product and become a happier customer. You can order on our website or call us at <a href=\"tel:+4693541000\">070-354 10 14<\/a><\/p><p>Do you have any questions or need assistance? Call us or send us a message at <a class=\"emailLinkConversion\" href=\"mailto:info@badtunnor.se\">info@badtunnor.se<\/a><\/p>\t\t\t\t\t\t\t\t<\/div>\n\t\t\t\t<\/div>\n\t\t\t\t\t<\/div>\n\t\t<\/div>\n\t\t\t\t<div class=\"elementor-column elementor-col-50 elementor-inner-column elementor-element elementor-element-01a215c\" data-id=\"01a215c\" data-element_type=\"column\" data-e-type=\"column\">\n\t\t\t<div class=\"elementor-widget-wrap elementor-element-populated\">\n\t\t\t\t\t\t<div class=\"elementor-element elementor-element-d8fbc0b aspect-ratio elementor-widget elementor-widget-image\" data-id=\"d8fbc0b\" data-element_type=\"widget\" data-e-type=\"widget\" data-widget_type=\"image.default\">\n\t\t\t\t<div class=\"elementor-widget-container\">\n\t\t\t\t\t\t\t\t\t\t\t\t\t\t\t<img fetchpriority=\"high\" decoding=\"async\" width=\"1024\" height=\"681\" src=\"https:\/\/badtunnor.se\/wp-content\/uploads\/2022\/11\/Sotarns-Badtunnor_03-1024x681.jpg\" class=\"attachment-large size-large wp-image-21089\" alt=\"\" srcset=\"https:\/\/badtunnor.se\/wp-content\/uploads\/2022\/11\/Sotarns-Badtunnor_03-1024x681.jpg 1024w, https:\/\/badtunnor.se\/wp-content\/uploads\/2022\/11\/Sotarns-Badtunnor_03-300x200.jpg 300w, https:\/\/badtunnor.se\/wp-content\/uploads\/2022\/11\/Sotarns-Badtunnor_03-768x511.jpg 768w, https:\/\/badtunnor.se\/wp-content\/uploads\/2022\/11\/Sotarns-Badtunnor_03-1536x1022.jpg 1536w, https:\/\/badtunnor.se\/wp-content\/uploads\/2022\/11\/Sotarns-Badtunnor_03-600x399.jpg 600w, https:\/\/badtunnor.se\/wp-content\/uploads\/2022\/11\/Sotarns-Badtunnor_03.jpg 2000w\" sizes=\"(max-width: 1024px) 100vw, 1024px\" \/>\t\t\t\t\t\t\t\t\t\t\t\t\t\t\t<\/div>\n\t\t\t\t<\/div>\n\t\t\t\t\t<\/div>\n\t\t<\/div>\n\t\t\t\t\t<\/div>\n\t\t<\/section>\n\t\t\t\t<section class=\"elementor-section elementor-inner-section elementor-element elementor-element-8bb954d elementor-section-content-middle elementor-section-boxed elementor-section-height-default elementor-section-height-default\" data-id=\"8bb954d\" data-element_type=\"section\" data-e-type=\"section\" data-settings=\"{&quot;background_background&quot;:&quot;classic&quot;}\">\n\t\t\t\t\t\t<div class=\"elementor-container elementor-column-gap-wider\">\n\t\t\t\t\t<div class=\"elementor-column elementor-col-50 elementor-inner-column elementor-element elementor-element-527cb4b\" data-id=\"527cb4b\" data-element_type=\"column\" data-e-type=\"column\">\n\t\t\t<div class=\"elementor-widget-wrap elementor-element-populated\">\n\t\t\t\t\t\t<div class=\"elementor-element elementor-element-5861948 aspect-ratio elementor-widget elementor-widget-image\" data-id=\"5861948\" data-element_type=\"widget\" data-e-type=\"widget\" data-widget_type=\"image.default\">\n\t\t\t\t<div class=\"elementor-widget-container\">\n\t\t\t\t\t\t\t\t\t\t\t\t\t\t\t<img decoding=\"async\" width=\"1024\" height=\"683\" src=\"https:\/\/badtunnor.se\/wp-content\/uploads\/2022\/11\/fragor-och-svar-1024x683.jpg\" class=\"attachment-large size-large wp-image-19514\" alt=\"\" srcset=\"https:\/\/badtunnor.se\/wp-content\/uploads\/2022\/11\/fragor-och-svar-1024x683.jpg 1024w, https:\/\/badtunnor.se\/wp-content\/uploads\/2022\/11\/fragor-och-svar-300x200.jpg 300w, https:\/\/badtunnor.se\/wp-content\/uploads\/2022\/11\/fragor-och-svar-768x512.jpg 768w, https:\/\/badtunnor.se\/wp-content\/uploads\/2022\/11\/fragor-och-svar-1536x1024.jpg 1536w, https:\/\/badtunnor.se\/wp-content\/uploads\/2022\/11\/fragor-och-svar-2048x1366.jpg 2048w, https:\/\/badtunnor.se\/wp-content\/uploads\/2022\/11\/fragor-och-svar-600x400.jpg 600w\" sizes=\"(max-width: 1024px) 100vw, 1024px\" \/>\t\t\t\t\t\t\t\t\t\t\t\t\t\t\t<\/div>\n\t\t\t\t<\/div>\n\t\t\t\t\t<\/div>\n\t\t<\/div>\n\t\t\t\t<div class=\"elementor-column elementor-col-50 elementor-inner-column elementor-element elementor-element-4270021\" data-id=\"4270021\" data-element_type=\"column\" data-e-type=\"column\">\n\t\t\t<div class=\"elementor-widget-wrap elementor-element-populated\">\n\t\t\t\t\t\t<div class=\"elementor-element elementor-element-48db070 elementor-widget elementor-widget-text-editor\" data-id=\"48db070\" data-element_type=\"widget\" data-e-type=\"widget\" data-widget_type=\"text-editor.default\">\n\t\t\t\t<div class=\"elementor-widget-container\">\n\t\t\t\t\t\t\t\t\t<h2>Frequently Asked Questions<\/h2><p>We are happy to share our many years of knowledge when it comes to hot tubs. Therefore, we have compiled common questions and answers so that you can easily and quickly get answers to your questions.<\/p>\t\t\t\t\t\t\t\t<\/div>\n\t\t\t\t<\/div>\n\t\t\t\t<div class=\"elementor-element elementor-element-f4dde18 elementor-widget elementor-widget-button\" data-id=\"f4dde18\" data-element_type=\"widget\" data-e-type=\"widget\" data-widget_type=\"button.default\">\n\t\t\t\t<div class=\"elementor-widget-container\">\n\t\t\t\t\t\t\t\t\t<div class=\"elementor-button-wrapper\">\n\t\t\t\t\t<a class=\"elementor-button elementor-button-link elementor-size-sm\" href=\"http:\/\/badtunnor.se\/en\/fragor-och-svar\/\">\n\t\t\t\t\t\t<span class=\"elementor-button-content-wrapper\">\n\t\t\t\t\t\t\t\t\t<span class=\"elementor-button-text\">Go to FAQs<\/span>\n\t\t\t\t\t<\/span>\n\t\t\t\t\t<\/a>\n\t\t\t\t<\/div>\n\t\t\t\t\t\t\t\t<\/div>\n\t\t\t\t<\/div>\n\t\t\t\t\t<\/div>\n\t\t<\/div>\n\t\t\t\t\t<\/div>\n\t\t<\/section>\n\t\t\t\t<section class=\"elementor-section elementor-inner-section elementor-element elementor-element-aabcfe8 elementor-section-content-middle elementor-reverse-mobile elementor-section-boxed elementor-section-height-default elementor-section-height-default\" data-id=\"aabcfe8\" data-element_type=\"section\" data-e-type=\"section\" data-settings=\"{&quot;background_background&quot;:&quot;classic&quot;}\">\n\t\t\t\t\t\t<div class=\"elementor-container elementor-column-gap-wider\">\n\t\t\t\t\t<div class=\"elementor-column elementor-col-100 elementor-inner-column elementor-element elementor-element-8733d05\" data-id=\"8733d05\" data-element_type=\"column\" data-e-type=\"column\">\n\t\t\t<div class=\"elementor-widget-wrap elementor-element-populated\">\n\t\t\t\t\t\t<div class=\"elementor-element elementor-element-731ffcd elementor-widget elementor-widget-heading\" data-id=\"731ffcd\" data-element_type=\"widget\" data-e-type=\"widget\" data-widget_type=\"heading.default\">\n\t\t\t\t<div class=\"elementor-widget-container\">\n\t\t\t\t\t<h3 class=\"elementor-heading-title elementor-size-default\">Additional Links<\/h3>\t\t\t\t<\/div>\n\t\t\t\t<\/div>\n\t\t\t\t<div class=\"elementor-element elementor-element-589ba77 elementor-widget__width-auto elementor-widget elementor-widget-text-editor\" data-id=\"589ba77\" data-element_type=\"widget\" data-e-type=\"widget\" data-widget_type=\"text-editor.default\">\n\t\t\t\t<div class=\"elementor-widget-container\">\n\t\t\t\t\t\t\t\t\t<p><a href=\"http:\/\/badtunnor.se\/en\/allmanna-villkor\/\">Terms and Conditions<\/a><br \/><a href=\"http:\/\/badtunnor.se\/en\/skotselrad\/\">Hot Tub Care Guide<\/a><br \/><a href=\"http:\/\/badtunnor.se\/en\/kontakta-oss\/\">Contact Us<\/a><\/p>\t\t\t\t\t\t\t\t<\/div>\n\t\t\t\t<\/div>\n\t\t\t\t\t<\/div>\n\t\t<\/div>\n\t\t\t\t\t<\/div>\n\t\t<\/section>\n\t\t\t\t\t<\/div>\n\t\t<\/div>\n\t\t\t\t\t<\/div>\n\t\t<\/section>\n\t\t\t\t<\/div>","protected":false},"excerpt":{"rendered":"<p>Personlig Service Allt \u00e4r inte b\u00e4st via en dator. Vi tror fortfarande p\u00e5 m\u00e4nsklig kontakt. Vi vill g\u00e4rna prata med kunden. Vi har d\u00e4rf\u00f6r alltid ringt upp de som best\u00e4llt. P\u00e5 s\u00e5 vis f\u00e5r ni personlig kontakt med oss. Ni f\u00e5r \u201dr\u00e4tt\u201d vara och blir en n\u00f6jdare kund. Ni kan best\u00e4lla p\u00e5 hemsidan eller ringa [&hellip;]<\/p>\n","protected":false},"author":6,"featured_media":22846,"parent":0,"menu_order":0,"comment_status":"closed","ping_status":"closed","template":"","meta":{"site-sidebar-layout":"no-sidebar","site-content-layout":"page-builder","ast-site-content-layout":"default","site-content-style":"default","site-sidebar-style":"default","ast-global-header-display":"","ast-banner-title-visibility":"","ast-main-header-display":"","ast-hfb-above-header-display":"","ast-hfb-below-header-display":"","ast-hfb-mobile-header-display":"","site-post-title":"disabled","ast-breadcrumbs-content":"","ast-featured-img":"disabled","footer-sml-layout":"","ast-disable-related-posts":"","theme-transparent-header-meta":"default","adv-header-id-meta":"18597","stick-header-meta":"default","header-above-stick-meta":"","header-main-stick-meta":"","header-below-stick-meta":"","astra-migrate-meta-layouts":"default","ast-page-background-enabled":"default","ast-page-background-meta":{"desktop":{"background-color":"var(--ast-global-color-4)","background-image":"","background-repeat":"repeat","background-position":"center center","background-size":"auto","background-attachment":"scroll","background-type":"","background-media":"","overlay-type":"","overlay-color":"","overlay-opacity":"","overlay-gradient":""},"tablet":{"background-color":"","background-image":"","background-repeat":"repeat","background-position":"center center","background-size":"auto","background-attachment":"scroll","background-type":"","background-media":"","overlay-type":"","overlay-color":"","overlay-opacity":"","overlay-gradient":""},"mobile":{"background-color":"","background-image":"","background-repeat":"repeat","background-position":"center center","background-size":"auto","background-attachment":"scroll","background-type":"","background-media":"","overlay-type":"","overlay-color":"","overlay-opacity":"","overlay-gradient":""}},"ast-content-background-meta":{"desktop":{"background-color":"var(--ast-global-color-5)","background-image":"","background-repeat":"repeat","background-position":"center center","background-size":"auto","background-attachment":"scroll","background-type":"","background-media":"","overlay-type":"","overlay-color":"","overlay-opacity":"","overlay-gradient":""},"tablet":{"background-color":"var(--ast-global-color-5)","background-image":"","background-repeat":"repeat","background-position":"center center","background-size":"auto","background-attachment":"scroll","background-type":"","background-media":"","overlay-type":"","overlay-color":"","overlay-opacity":"","overlay-gradient":""},"mobile":{"background-color":"var(--ast-global-color-5)","background-image":"","background-repeat":"repeat","background-position":"center center","background-size":"auto","background-attachment":"scroll","background-type":"","background-media":"","overlay-type":"","overlay-color":"","overlay-opacity":"","overlay-gradient":""}},"footnotes":""},"class_list":["post-20733","page","type-page","status-publish","has-post-thumbnail","hentry"],"yoast_head":"<!-- This site is optimized with the Yoast SEO plugin v27.3 - https:\/\/yoast.com\/product\/yoast-seo-wordpress\/ -->\n<title>Kundservice | Sotarns Badtunnor<\/title>\n<meta name=\"robots\" content=\"index, follow, max-snippet:-1, max-image-preview:large, max-video-preview:-1\" \/>\n<link rel=\"canonical\" href=\"https:\/\/badtunnor.se\/en\/kundservice\/\" \/>\n<meta property=\"og:locale\" content=\"en_US\" \/>\n<meta property=\"og:type\" content=\"article\" \/>\n<meta property=\"og:title\" content=\"Kundservice | Sotarns Badtunnor\" \/>\n<meta property=\"og:description\" content=\"Personlig Service Allt \u00e4r inte b\u00e4st via en dator. Vi tror fortfarande p\u00e5 m\u00e4nsklig kontakt. Vi vill g\u00e4rna prata med kunden. Vi har d\u00e4rf\u00f6r alltid ringt upp de som best\u00e4llt. P\u00e5 s\u00e5 vis f\u00e5r ni personlig kontakt med oss. Ni f\u00e5r \u201dr\u00e4tt\u201d vara och blir en n\u00f6jdare kund. Ni kan best\u00e4lla p\u00e5 hemsidan eller ringa [&hellip;]\" \/>\n<meta property=\"og:url\" content=\"https:\/\/badtunnor.se\/en\/kundservice\/\" \/>\n<meta property=\"og:site_name\" content=\"Sotarns Badtunnor\" \/>\n<meta property=\"article:publisher\" content=\"https:\/\/www.facebook.com\/SotarnsBadtunnor\/\" \/>\n<meta property=\"article:modified_time\" content=\"2024-09-17T12:37:12+00:00\" \/>\n<meta property=\"og:image\" content=\"https:\/\/badtunnor.se\/wp-content\/uploads\/2024\/09\/bc-badtunnor-kundservice.jpg\" \/>\n\t<meta property=\"og:image:width\" content=\"1920\" \/>\n\t<meta property=\"og:image:height\" content=\"1080\" \/>\n\t<meta property=\"og:image:type\" content=\"image\/jpeg\" \/>\n<meta name=\"twitter:card\" content=\"summary_large_image\" \/>\n<meta name=\"twitter:label1\" content=\"Est. reading time\" \/>\n\t<meta name=\"twitter:data1\" content=\"2 minutes\" \/>\n<script type=\"application\/ld+json\" class=\"yoast-schema-graph\">{\"@context\":\"https:\\\/\\\/schema.org\",\"@graph\":[{\"@type\":\"WebPage\",\"@id\":\"https:\\\/\\\/badtunnor.se\\\/kundservice\\\/\",\"url\":\"https:\\\/\\\/badtunnor.se\\\/kundservice\\\/\",\"name\":\"Kundservice | Sotarns Badtunnor\",\"isPartOf\":{\"@id\":\"https:\\\/\\\/badtunnor.se\\\/#website\"},\"primaryImageOfPage\":{\"@id\":\"https:\\\/\\\/badtunnor.se\\\/kundservice\\\/#primaryimage\"},\"image\":{\"@id\":\"https:\\\/\\\/badtunnor.se\\\/kundservice\\\/#primaryimage\"},\"thumbnailUrl\":\"https:\\\/\\\/badtunnor.se\\\/wp-content\\\/uploads\\\/2024\\\/09\\\/bc-badtunnor-kundservice.jpg\",\"datePublished\":\"2022-11-22T11:22:57+00:00\",\"dateModified\":\"2024-09-17T12:37:12+00:00\",\"breadcrumb\":{\"@id\":\"https:\\\/\\\/badtunnor.se\\\/kundservice\\\/#breadcrumb\"},\"inLanguage\":\"en-US\",\"potentialAction\":[{\"@type\":\"ReadAction\",\"target\":[\"https:\\\/\\\/badtunnor.se\\\/kundservice\\\/\"]}]},{\"@type\":\"ImageObject\",\"inLanguage\":\"en-US\",\"@id\":\"https:\\\/\\\/badtunnor.se\\\/kundservice\\\/#primaryimage\",\"url\":\"https:\\\/\\\/badtunnor.se\\\/wp-content\\\/uploads\\\/2024\\\/09\\\/bc-badtunnor-kundservice.jpg\",\"contentUrl\":\"https:\\\/\\\/badtunnor.se\\\/wp-content\\\/uploads\\\/2024\\\/09\\\/bc-badtunnor-kundservice.jpg\",\"width\":1920,\"height\":1080,\"caption\":\"Kundservice f\u00f6r k\u00f6p av badtunnor\"},{\"@type\":\"BreadcrumbList\",\"@id\":\"https:\\\/\\\/badtunnor.se\\\/kundservice\\\/#breadcrumb\",\"itemListElement\":[{\"@type\":\"ListItem\",\"position\":1,\"name\":\"Hem\",\"item\":\"https:\\\/\\\/badtunnor.se\\\/\"},{\"@type\":\"ListItem\",\"position\":2,\"name\":\"Kundservice\"}]},{\"@type\":\"WebSite\",\"@id\":\"https:\\\/\\\/badtunnor.se\\\/#website\",\"url\":\"https:\\\/\\\/badtunnor.se\\\/\",\"name\":\"Sotarns Badtunnor\",\"description\":\"Svensktillverkade Vedeldade Badtunnor\",\"publisher\":{\"@id\":\"https:\\\/\\\/badtunnor.se\\\/#organization\"},\"potentialAction\":[{\"@type\":\"SearchAction\",\"target\":{\"@type\":\"EntryPoint\",\"urlTemplate\":\"https:\\\/\\\/badtunnor.se\\\/?s={search_term_string}\"},\"query-input\":{\"@type\":\"PropertyValueSpecification\",\"valueRequired\":true,\"valueName\":\"search_term_string\"}}],\"inLanguage\":\"en-US\"},{\"@type\":\"Organization\",\"@id\":\"https:\\\/\\\/badtunnor.se\\\/#organization\",\"name\":\"Sotarns Badtunnor\",\"url\":\"https:\\\/\\\/badtunnor.se\\\/\",\"logo\":{\"@type\":\"ImageObject\",\"inLanguage\":\"en-US\",\"@id\":\"https:\\\/\\\/badtunnor.se\\\/#\\\/schema\\\/logo\\\/image\\\/\",\"url\":\"https:\\\/\\\/badtunnor.se\\\/wp-content\\\/uploads\\\/2022\\\/12\\\/sotarns_logo-morkgron-scaled.png\",\"contentUrl\":\"https:\\\/\\\/badtunnor.se\\\/wp-content\\\/uploads\\\/2022\\\/12\\\/sotarns_logo-morkgron-scaled.png\",\"width\":2560,\"height\":1260,\"caption\":\"Sotarns Badtunnor\"},\"image\":{\"@id\":\"https:\\\/\\\/badtunnor.se\\\/#\\\/schema\\\/logo\\\/image\\\/\"},\"sameAs\":[\"https:\\\/\\\/www.facebook.com\\\/SotarnsBadtunnor\\\/\"]}]}<\/script>\n<!-- \/ Yoast SEO plugin. -->","yoast_head_json":{"title":"Kundservice | Sotarns Badtunnor","robots":{"index":"index","follow":"follow","max-snippet":"max-snippet:-1","max-image-preview":"max-image-preview:large","max-video-preview":"max-video-preview:-1"},"canonical":"https:\/\/badtunnor.se\/en\/kundservice\/","og_locale":"en_US","og_type":"article","og_title":"Kundservice | Sotarns Badtunnor","og_description":"Personlig Service Allt \u00e4r inte b\u00e4st via en dator. Vi tror fortfarande p\u00e5 m\u00e4nsklig kontakt. Vi vill g\u00e4rna prata med kunden. Vi har d\u00e4rf\u00f6r alltid ringt upp de som best\u00e4llt. P\u00e5 s\u00e5 vis f\u00e5r ni personlig kontakt med oss. Ni f\u00e5r \u201dr\u00e4tt\u201d vara och blir en n\u00f6jdare kund. Ni kan best\u00e4lla p\u00e5 hemsidan eller ringa [&hellip;]","og_url":"https:\/\/badtunnor.se\/en\/kundservice\/","og_site_name":"Sotarns Badtunnor","article_publisher":"https:\/\/www.facebook.com\/SotarnsBadtunnor\/","article_modified_time":"2024-09-17T12:37:12+00:00","og_image":[{"width":1920,"height":1080,"url":"https:\/\/badtunnor.se\/wp-content\/uploads\/2024\/09\/bc-badtunnor-kundservice.jpg","type":"image\/jpeg"}],"twitter_card":"summary_large_image","twitter_misc":{"Est. reading time":"2 minutes"},"schema":{"@context":"https:\/\/schema.org","@graph":[{"@type":"WebPage","@id":"https:\/\/badtunnor.se\/kundservice\/","url":"https:\/\/badtunnor.se\/kundservice\/","name":"Kundservice | Sotarns Badtunnor","isPartOf":{"@id":"https:\/\/badtunnor.se\/#website"},"primaryImageOfPage":{"@id":"https:\/\/badtunnor.se\/kundservice\/#primaryimage"},"image":{"@id":"https:\/\/badtunnor.se\/kundservice\/#primaryimage"},"thumbnailUrl":"https:\/\/badtunnor.se\/wp-content\/uploads\/2024\/09\/bc-badtunnor-kundservice.jpg","datePublished":"2022-11-22T11:22:57+00:00","dateModified":"2024-09-17T12:37:12+00:00","breadcrumb":{"@id":"https:\/\/badtunnor.se\/kundservice\/#breadcrumb"},"inLanguage":"en-US","potentialAction":[{"@type":"ReadAction","target":["https:\/\/badtunnor.se\/kundservice\/"]}]},{"@type":"ImageObject","inLanguage":"en-US","@id":"https:\/\/badtunnor.se\/kundservice\/#primaryimage","url":"https:\/\/badtunnor.se\/wp-content\/uploads\/2024\/09\/bc-badtunnor-kundservice.jpg","contentUrl":"https:\/\/badtunnor.se\/wp-content\/uploads\/2024\/09\/bc-badtunnor-kundservice.jpg","width":1920,"height":1080,"caption":"Kundservice f\u00f6r k\u00f6p av badtunnor"},{"@type":"BreadcrumbList","@id":"https:\/\/badtunnor.se\/kundservice\/#breadcrumb","itemListElement":[{"@type":"ListItem","position":1,"name":"Hem","item":"https:\/\/badtunnor.se\/"},{"@type":"ListItem","position":2,"name":"Kundservice"}]},{"@type":"WebSite","@id":"https:\/\/badtunnor.se\/#website","url":"https:\/\/badtunnor.se\/","name":"Sotarns Badtunnor","description":"Svensktillverkade Vedeldade Badtunnor","publisher":{"@id":"https:\/\/badtunnor.se\/#organization"},"potentialAction":[{"@type":"SearchAction","target":{"@type":"EntryPoint","urlTemplate":"https:\/\/badtunnor.se\/?s={search_term_string}"},"query-input":{"@type":"PropertyValueSpecification","valueRequired":true,"valueName":"search_term_string"}}],"inLanguage":"en-US"},{"@type":"Organization","@id":"https:\/\/badtunnor.se\/#organization","name":"Sotarns Badtunnor","url":"https:\/\/badtunnor.se\/","logo":{"@type":"ImageObject","inLanguage":"en-US","@id":"https:\/\/badtunnor.se\/#\/schema\/logo\/image\/","url":"https:\/\/badtunnor.se\/wp-content\/uploads\/2022\/12\/sotarns_logo-morkgron-scaled.png","contentUrl":"https:\/\/badtunnor.se\/wp-content\/uploads\/2022\/12\/sotarns_logo-morkgron-scaled.png","width":2560,"height":1260,"caption":"Sotarns Badtunnor"},"image":{"@id":"https:\/\/badtunnor.se\/#\/schema\/logo\/image\/"},"sameAs":["https:\/\/www.facebook.com\/SotarnsBadtunnor\/"]}]}},"_links":{"self":[{"href":"https:\/\/badtunnor.se\/en\/wp-json\/wp\/v2\/pages\/20733","targetHints":{"allow":["GET"]}}],"collection":[{"href":"https:\/\/badtunnor.se\/en\/wp-json\/wp\/v2\/pages"}],"about":[{"href":"https:\/\/badtunnor.se\/en\/wp-json\/wp\/v2\/types\/page"}],"author":[{"embeddable":true,"href":"https:\/\/badtunnor.se\/en\/wp-json\/wp\/v2\/users\/6"}],"replies":[{"embeddable":true,"href":"https:\/\/badtunnor.se\/en\/wp-json\/wp\/v2\/comments?post=20733"}],"version-history":[{"count":19,"href":"https:\/\/badtunnor.se\/en\/wp-json\/wp\/v2\/pages\/20733\/revisions"}],"predecessor-version":[{"id":22847,"href":"https:\/\/badtunnor.se\/en\/wp-json\/wp\/v2\/pages\/20733\/revisions\/22847"}],"wp:featuredmedia":[{"embeddable":true,"href":"https:\/\/badtunnor.se\/en\/wp-json\/wp\/v2\/media\/22846"}],"wp:attachment":[{"href":"https:\/\/badtunnor.se\/en\/wp-json\/wp\/v2\/media?parent=20733"}],"curies":[{"name":"wp","href":"https:\/\/api.w.org\/{rel}","templated":true}]}}