{"id":13813,"date":"2020-04-10T20:25:25","date_gmt":"2020-04-10T18:25:25","guid":{"rendered":"http:\/\/badtunnor.local\/?page_id=13813"},"modified":"2021-03-01T09:19:27","modified_gmt":"2021-03-01T08:19:27","slug":"kampanj","status":"publish","type":"page","link":"https:\/\/badtunnor.se\/en\/kampanj\/","title":{"rendered":"Campaign"},"content":{"rendered":"<div data-elementor-type=\"wp-page\" data-elementor-id=\"13813\" class=\"elementor elementor-13813\" data-elementor-post-type=\"page\">\n\t\t\t\t\t\t<section class=\"elementor-section elementor-top-section elementor-element elementor-element-f6c8595 elementor-section-boxed elementor-section-height-default elementor-section-height-default\" data-id=\"f6c8595\" data-element_type=\"section\" data-e-type=\"section\">\n\t\t\t\t\t\t<div class=\"elementor-container elementor-column-gap-default\">\n\t\t\t\t\t<div class=\"elementor-column elementor-col-50 elementor-top-column elementor-element elementor-element-87cb60e\" data-id=\"87cb60e\" data-element_type=\"column\" data-e-type=\"column\">\n\t\t\t<div class=\"elementor-widget-wrap elementor-element-populated\">\n\t\t\t\t\t\t<div class=\"elementor-element elementor-element-9be427e elementor-widget elementor-widget-text-editor\" data-id=\"9be427e\" data-element_type=\"widget\" data-e-type=\"widget\" data-widget_type=\"text-editor.default\">\n\t\t\t\t<div class=\"elementor-widget-container\">\n\t\t\t\t\t\t\t\t\t<p><img fetchpriority=\"high\" decoding=\"async\" class=\"alignnone wp-image-13815\" src=\"http:\/\/badtunnor.se\/wp-content\/uploads\/2020\/04\/karusellbilder-300x75.jpg\" alt=\"\" width=\"508\" height=\"128\" srcset=\"https:\/\/badtunnor.se\/wp-content\/uploads\/2020\/04\/karusellbilder-300x75.jpg 300w, https:\/\/badtunnor.se\/wp-content\/uploads\/2020\/04\/karusellbilder-400x100.jpg 400w, https:\/\/badtunnor.se\/wp-content\/uploads\/2020\/04\/karusellbilder.jpg 402w\" sizes=\"(max-width: 508px) 100vw, 508px\" \/><\/p><p>LOCK-Kampanj p\u00e5 v\u00e5ra Royal Badtunnor<\/p><p><br><\/p>\t\t\t\t\t\t\t\t<\/div>\n\t\t\t\t<\/div>\n\t\t\t\t\t<\/div>\n\t\t<\/div>\n\t\t\t\t<div class=\"elementor-column elementor-col-50 elementor-top-column elementor-element elementor-element-ecb2413\" data-id=\"ecb2413\" data-element_type=\"column\" data-e-type=\"column\">\n\t\t\t<div class=\"elementor-widget-wrap elementor-element-populated\">\n\t\t\t\t\t\t<div class=\"elementor-element elementor-element-85dc34b elementor-widget elementor-widget-text-editor\" data-id=\"85dc34b\" data-element_type=\"widget\" data-e-type=\"widget\" data-widget_type=\"text-editor.default\">\n\t\t\t\t<div class=\"elementor-widget-container\">\n\t\t\t\t\t\t\t\t\t<p><span style=\"color: #ff0000;\"><br><\/span><\/p>\n<p><a href=\"http:\/\/badtunnor.se\/en\/product\/badtunna-royal\/\"><img decoding=\"async\" src=\"http:\/\/badtunnor.se\/wp-content\/uploads\/2019\/05\/royal-meny-liten-300x266.jpg\" alt=\"\" width=\"168\" height=\"149\"><\/a><\/p>\n<p><strong>K\u00f6p en badtunna Royal Guld v\u00e4lj till ett lock<br>f\u00f6r bara 2900 kr (ordinarie pris 5000 kr)<\/strong><\/p>\n<p><span style=\"font-size: 15px; font-style: normal; font-weight: 400;\">&nbsp;Rostfri skorsten med V\u00e4rmeskydd och gnistskydd ing\u00e5r.<\/span><\/p>\n<p><a href=\"http:\/\/badtunnor.se\/en\/product\/badtunna-royal-silver\/\"><img decoding=\"async\" src=\"http:\/\/badtunnor.se\/wp-content\/uploads\/2019\/11\/IMG_2641-e1573052021286-300x300.jpg\" alt=\"\" width=\"173\" height=\"173\"><\/a><\/p>\n<p><span style=\"font-size: 15px; font-style: normal; font-weight: bold;\">K\u00f6p en badtunna Royal Silver v\u00e4lj till ett lock<br>f\u00f6r bara 2900 kr (ordinarie pris 5000 kr)<\/span><\/p>\n<p>K\u00f6p v\u00e5r nya badtunna Royal Silver som snabbt blivit en favorit. Samma fina glasfiberinsats som Royal Guld i en riktig tr\u00e4tunna. Det enda som skiljer \u00e4r att den har en n\u00e5got enklare kamin och \u00e4r d\u00e4rf\u00f6r mycket prisv\u00e4rd.&nbsp;<\/p>\n<p>&nbsp;Rostfri skorsten med V\u00e4rmeskydd och gnistskydd ing\u00e5r.<\/p>\n<p><a href=\"http:\/\/badtunnor.se\/en\/product\/badtunna-extern-kamin\/\"><img loading=\"lazy\" decoding=\"async\" class=\"alignnone wp-image-10312\" src=\"http:\/\/badtunnor.se\/wp-content\/uploads\/2019\/11\/externvinter-300x200.jpg\" alt=\"\" width=\"184\" height=\"123\" srcset=\"https:\/\/badtunnor.se\/wp-content\/uploads\/2019\/11\/externvinter-300x200.jpg 300w, https:\/\/badtunnor.se\/wp-content\/uploads\/2019\/11\/externvinter-600x400.jpg 600w, https:\/\/badtunnor.se\/wp-content\/uploads\/2019\/11\/externvinter-768x512.jpg 768w, https:\/\/badtunnor.se\/wp-content\/uploads\/2019\/11\/externvinter.jpg 800w\" sizes=\"(max-width: 184px) 100vw, 184px\" \/><\/a><\/p>\n<p><strong>K\u00f6p en badtunna med extern kamin, v\u00e4lj till ett lock f\u00f6r bara 2900kr (ordinarie pris 5000kr)<\/strong><\/p>\n<p style=\"font-size: 15px; font-style: normal; font-weight: 400;\">\n<\/p>\t\t\t\t\t\t\t\t<\/div>\n\t\t\t\t<\/div>\n\t\t\t\t\t<\/div>\n\t\t<\/div>\n\t\t\t\t\t<\/div>\n\t\t<\/section>\n\t\t\t\t<\/div>","protected":false},"excerpt":{"rendered":"<p>LOCK-Kampanj p\u00e5 v\u00e5ra Royal Badtunnor K\u00f6p en badtunna Royal Guld v\u00e4lj till ett lockf\u00f6r bara 2900 kr (ordinarie pris 5000 kr) &nbsp;Rostfri skorsten med V\u00e4rmeskydd och gnistskydd ing\u00e5r. K\u00f6p en badtunna Royal Silver v\u00e4lj till ett lockf\u00f6r bara 2900 kr (ordinarie pris 5000 kr) K\u00f6p v\u00e5r nya badtunna Royal Silver som snabbt blivit en favorit. [&hellip;]<\/p>\n","protected":false},"author":2,"featured_media":0,"parent":0,"menu_order":0,"comment_status":"closed","ping_status":"closed","template":"","meta":{"site-sidebar-layout":"no-sidebar","site-content-layout":"page-builder","ast-site-content-layout":"default","site-content-style":"default","site-sidebar-style":"default","ast-global-header-display":"","ast-banner-title-visibility":"","ast-main-header-display":"","ast-hfb-above-header-display":"","ast-hfb-below-header-display":"","ast-hfb-mobile-header-display":"","site-post-title":"disabled","ast-breadcrumbs-content":"","ast-featured-img":"disabled","footer-sml-layout":"","ast-disable-related-posts":"","theme-transparent-header-meta":"default","adv-header-id-meta":"","stick-header-meta":"","header-above-stick-meta":"","header-main-stick-meta":"","header-below-stick-meta":"","astra-migrate-meta-layouts":"default","ast-page-background-enabled":"default","ast-page-background-meta":{"desktop":{"background-color":"var(--ast-global-color-4)","background-image":"","background-repeat":"repeat","background-position":"center center","background-size":"auto","background-attachment":"scroll","background-type":"","background-media":"","overlay-type":"","overlay-color":"","overlay-opacity":"","overlay-gradient":""},"tablet":{"background-color":"","background-image":"","background-repeat":"repeat","background-position":"center center","background-size":"auto","background-attachment":"scroll","background-type":"","background-media":"","overlay-type":"","overlay-color":"","overlay-opacity":"","overlay-gradient":""},"mobile":{"background-color":"","background-image":"","background-repeat":"repeat","background-position":"center center","background-size":"auto","background-attachment":"scroll","background-type":"","background-media":"","overlay-type":"","overlay-color":"","overlay-opacity":"","overlay-gradient":""}},"ast-content-background-meta":{"desktop":{"background-color":"var(--ast-global-color-5)","background-image":"","background-repeat":"repeat","background-position":"center center","background-size":"auto","background-attachment":"scroll","background-type":"","background-media":"","overlay-type":"","overlay-color":"","overlay-opacity":"","overlay-gradient":""},"tablet":{"background-color":"var(--ast-global-color-5)","background-image":"","background-repeat":"repeat","background-position":"center center","background-size":"auto","background-attachment":"scroll","background-type":"","background-media":"","overlay-type":"","overlay-color":"","overlay-opacity":"","overlay-gradient":""},"mobile":{"background-color":"var(--ast-global-color-5)","background-image":"","background-repeat":"repeat","background-position":"center center","background-size":"auto","background-attachment":"scroll","background-type":"","background-media":"","overlay-type":"","overlay-color":"","overlay-opacity":"","overlay-gradient":""}},"footnotes":""},"class_list":["post-13813","page","type-page","status-publish","hentry"],"yoast_head":"<!-- This site is optimized with the Yoast SEO plugin v27.3 - https:\/\/yoast.com\/product\/yoast-seo-wordpress\/ -->\n<title>Kampanj | Sotarns Badtunnor<\/title>\n<meta name=\"robots\" content=\"index, follow, max-snippet:-1, max-image-preview:large, max-video-preview:-1\" \/>\n<link rel=\"canonical\" href=\"https:\/\/badtunnor.se\/en\/kampanj\/\" \/>\n<meta property=\"og:locale\" content=\"en_US\" \/>\n<meta property=\"og:type\" content=\"article\" \/>\n<meta property=\"og:title\" content=\"Kampanj | Sotarns Badtunnor\" \/>\n<meta property=\"og:description\" content=\"LOCK-Kampanj p\u00e5 v\u00e5ra Royal Badtunnor K\u00f6p en badtunna Royal Guld v\u00e4lj till ett lockf\u00f6r bara 2900 kr (ordinarie pris 5000 kr) &nbsp;Rostfri skorsten med V\u00e4rmeskydd och gnistskydd ing\u00e5r. K\u00f6p en badtunna Royal Silver v\u00e4lj till ett lockf\u00f6r bara 2900 kr (ordinarie pris 5000 kr) K\u00f6p v\u00e5r nya badtunna Royal Silver som snabbt blivit en favorit. [&hellip;]\" \/>\n<meta property=\"og:url\" content=\"https:\/\/badtunnor.se\/en\/kampanj\/\" \/>\n<meta property=\"og:site_name\" content=\"Sotarns Badtunnor\" \/>\n<meta property=\"article:publisher\" content=\"https:\/\/www.facebook.com\/SotarnsBadtunnor\/\" \/>\n<meta property=\"article:modified_time\" content=\"2021-03-01T08:19:27+00:00\" \/>\n<meta property=\"og:image\" content=\"http:\/\/badtunnor.se\/wp-content\/uploads\/2020\/04\/karusellbilder-300x75.jpg\" \/>\n<meta name=\"twitter:card\" content=\"summary_large_image\" \/>\n<meta name=\"twitter:label1\" content=\"Est. reading time\" \/>\n\t<meta name=\"twitter:data1\" content=\"1 minute\" \/>\n<script type=\"application\/ld+json\" class=\"yoast-schema-graph\">{\"@context\":\"https:\\\/\\\/schema.org\",\"@graph\":[{\"@type\":\"WebPage\",\"@id\":\"https:\\\/\\\/badtunnor.se\\\/kampanj\\\/\",\"url\":\"https:\\\/\\\/badtunnor.se\\\/kampanj\\\/\",\"name\":\"Kampanj | Sotarns Badtunnor\",\"isPartOf\":{\"@id\":\"https:\\\/\\\/badtunnor.se\\\/#website\"},\"primaryImageOfPage\":{\"@id\":\"https:\\\/\\\/badtunnor.se\\\/kampanj\\\/#primaryimage\"},\"image\":{\"@id\":\"https:\\\/\\\/badtunnor.se\\\/kampanj\\\/#primaryimage\"},\"thumbnailUrl\":\"http:\\\/\\\/badtunnor.se\\\/wp-content\\\/uploads\\\/2020\\\/04\\\/karusellbilder-300x75.jpg\",\"datePublished\":\"2020-04-10T18:25:25+00:00\",\"dateModified\":\"2021-03-01T08:19:27+00:00\",\"breadcrumb\":{\"@id\":\"https:\\\/\\\/badtunnor.se\\\/kampanj\\\/#breadcrumb\"},\"inLanguage\":\"en-US\",\"potentialAction\":[{\"@type\":\"ReadAction\",\"target\":[\"https:\\\/\\\/badtunnor.se\\\/kampanj\\\/\"]}]},{\"@type\":\"ImageObject\",\"inLanguage\":\"en-US\",\"@id\":\"https:\\\/\\\/badtunnor.se\\\/kampanj\\\/#primaryimage\",\"url\":\"http:\\\/\\\/badtunnor.se\\\/wp-content\\\/uploads\\\/2020\\\/04\\\/karusellbilder-300x75.jpg\",\"contentUrl\":\"http:\\\/\\\/badtunnor.se\\\/wp-content\\\/uploads\\\/2020\\\/04\\\/karusellbilder-300x75.jpg\"},{\"@type\":\"BreadcrumbList\",\"@id\":\"https:\\\/\\\/badtunnor.se\\\/kampanj\\\/#breadcrumb\",\"itemListElement\":[{\"@type\":\"ListItem\",\"position\":1,\"name\":\"Hem\",\"item\":\"https:\\\/\\\/badtunnor.se\\\/\"},{\"@type\":\"ListItem\",\"position\":2,\"name\":\"Kampanj\"}]},{\"@type\":\"WebSite\",\"@id\":\"https:\\\/\\\/badtunnor.se\\\/#website\",\"url\":\"https:\\\/\\\/badtunnor.se\\\/\",\"name\":\"Sotarns Badtunnor\",\"description\":\"Svensktillverkade Vedeldade Badtunnor\",\"publisher\":{\"@id\":\"https:\\\/\\\/badtunnor.se\\\/#organization\"},\"potentialAction\":[{\"@type\":\"SearchAction\",\"target\":{\"@type\":\"EntryPoint\",\"urlTemplate\":\"https:\\\/\\\/badtunnor.se\\\/?s={search_term_string}\"},\"query-input\":{\"@type\":\"PropertyValueSpecification\",\"valueRequired\":true,\"valueName\":\"search_term_string\"}}],\"inLanguage\":\"en-US\"},{\"@type\":\"Organization\",\"@id\":\"https:\\\/\\\/badtunnor.se\\\/#organization\",\"name\":\"Sotarns Badtunnor\",\"url\":\"https:\\\/\\\/badtunnor.se\\\/\",\"logo\":{\"@type\":\"ImageObject\",\"inLanguage\":\"en-US\",\"@id\":\"https:\\\/\\\/badtunnor.se\\\/#\\\/schema\\\/logo\\\/image\\\/\",\"url\":\"https:\\\/\\\/badtunnor.se\\\/wp-content\\\/uploads\\\/2022\\\/12\\\/sotarns_logo-morkgron-scaled.png\",\"contentUrl\":\"https:\\\/\\\/badtunnor.se\\\/wp-content\\\/uploads\\\/2022\\\/12\\\/sotarns_logo-morkgron-scaled.png\",\"width\":2560,\"height\":1260,\"caption\":\"Sotarns Badtunnor\"},\"image\":{\"@id\":\"https:\\\/\\\/badtunnor.se\\\/#\\\/schema\\\/logo\\\/image\\\/\"},\"sameAs\":[\"https:\\\/\\\/www.facebook.com\\\/SotarnsBadtunnor\\\/\"]}]}<\/script>\n<!-- \/ Yoast SEO plugin. -->","yoast_head_json":{"title":"Kampanj | Sotarns Badtunnor","robots":{"index":"index","follow":"follow","max-snippet":"max-snippet:-1","max-image-preview":"max-image-preview:large","max-video-preview":"max-video-preview:-1"},"canonical":"https:\/\/badtunnor.se\/en\/kampanj\/","og_locale":"en_US","og_type":"article","og_title":"Kampanj | Sotarns Badtunnor","og_description":"LOCK-Kampanj p\u00e5 v\u00e5ra Royal Badtunnor K\u00f6p en badtunna Royal Guld v\u00e4lj till ett lockf\u00f6r bara 2900 kr (ordinarie pris 5000 kr) &nbsp;Rostfri skorsten med V\u00e4rmeskydd och gnistskydd ing\u00e5r. K\u00f6p en badtunna Royal Silver v\u00e4lj till ett lockf\u00f6r bara 2900 kr (ordinarie pris 5000 kr) K\u00f6p v\u00e5r nya badtunna Royal Silver som snabbt blivit en favorit. [&hellip;]","og_url":"https:\/\/badtunnor.se\/en\/kampanj\/","og_site_name":"Sotarns Badtunnor","article_publisher":"https:\/\/www.facebook.com\/SotarnsBadtunnor\/","article_modified_time":"2021-03-01T08:19:27+00:00","og_image":[{"url":"http:\/\/badtunnor.se\/wp-content\/uploads\/2020\/04\/karusellbilder-300x75.jpg","type":"","width":"","height":""}],"twitter_card":"summary_large_image","twitter_misc":{"Est. reading time":"1 minute"},"schema":{"@context":"https:\/\/schema.org","@graph":[{"@type":"WebPage","@id":"https:\/\/badtunnor.se\/kampanj\/","url":"https:\/\/badtunnor.se\/kampanj\/","name":"Kampanj | Sotarns Badtunnor","isPartOf":{"@id":"https:\/\/badtunnor.se\/#website"},"primaryImageOfPage":{"@id":"https:\/\/badtunnor.se\/kampanj\/#primaryimage"},"image":{"@id":"https:\/\/badtunnor.se\/kampanj\/#primaryimage"},"thumbnailUrl":"http:\/\/badtunnor.se\/wp-content\/uploads\/2020\/04\/karusellbilder-300x75.jpg","datePublished":"2020-04-10T18:25:25+00:00","dateModified":"2021-03-01T08:19:27+00:00","breadcrumb":{"@id":"https:\/\/badtunnor.se\/kampanj\/#breadcrumb"},"inLanguage":"en-US","potentialAction":[{"@type":"ReadAction","target":["https:\/\/badtunnor.se\/kampanj\/"]}]},{"@type":"ImageObject","inLanguage":"en-US","@id":"https:\/\/badtunnor.se\/kampanj\/#primaryimage","url":"http:\/\/badtunnor.se\/wp-content\/uploads\/2020\/04\/karusellbilder-300x75.jpg","contentUrl":"http:\/\/badtunnor.se\/wp-content\/uploads\/2020\/04\/karusellbilder-300x75.jpg"},{"@type":"BreadcrumbList","@id":"https:\/\/badtunnor.se\/kampanj\/#breadcrumb","itemListElement":[{"@type":"ListItem","position":1,"name":"Hem","item":"https:\/\/badtunnor.se\/"},{"@type":"ListItem","position":2,"name":"Kampanj"}]},{"@type":"WebSite","@id":"https:\/\/badtunnor.se\/#website","url":"https:\/\/badtunnor.se\/","name":"Sotarns Badtunnor","description":"Svensktillverkade Vedeldade Badtunnor","publisher":{"@id":"https:\/\/badtunnor.se\/#organization"},"potentialAction":[{"@type":"SearchAction","target":{"@type":"EntryPoint","urlTemplate":"https:\/\/badtunnor.se\/?s={search_term_string}"},"query-input":{"@type":"PropertyValueSpecification","valueRequired":true,"valueName":"search_term_string"}}],"inLanguage":"en-US"},{"@type":"Organization","@id":"https:\/\/badtunnor.se\/#organization","name":"Sotarns Badtunnor","url":"https:\/\/badtunnor.se\/","logo":{"@type":"ImageObject","inLanguage":"en-US","@id":"https:\/\/badtunnor.se\/#\/schema\/logo\/image\/","url":"https:\/\/badtunnor.se\/wp-content\/uploads\/2022\/12\/sotarns_logo-morkgron-scaled.png","contentUrl":"https:\/\/badtunnor.se\/wp-content\/uploads\/2022\/12\/sotarns_logo-morkgron-scaled.png","width":2560,"height":1260,"caption":"Sotarns Badtunnor"},"image":{"@id":"https:\/\/badtunnor.se\/#\/schema\/logo\/image\/"},"sameAs":["https:\/\/www.facebook.com\/SotarnsBadtunnor\/"]}]}},"_links":{"self":[{"href":"https:\/\/badtunnor.se\/en\/wp-json\/wp\/v2\/pages\/13813","targetHints":{"allow":["GET"]}}],"collection":[{"href":"https:\/\/badtunnor.se\/en\/wp-json\/wp\/v2\/pages"}],"about":[{"href":"https:\/\/badtunnor.se\/en\/wp-json\/wp\/v2\/types\/page"}],"author":[{"embeddable":true,"href":"https:\/\/badtunnor.se\/en\/wp-json\/wp\/v2\/users\/2"}],"replies":[{"embeddable":true,"href":"https:\/\/badtunnor.se\/en\/wp-json\/wp\/v2\/comments?post=13813"}],"version-history":[{"count":1,"href":"https:\/\/badtunnor.se\/en\/wp-json\/wp\/v2\/pages\/13813\/revisions"}],"predecessor-version":[{"id":22751,"href":"https:\/\/badtunnor.se\/en\/wp-json\/wp\/v2\/pages\/13813\/revisions\/22751"}],"wp:attachment":[{"href":"https:\/\/badtunnor.se\/en\/wp-json\/wp\/v2\/media?parent=13813"}],"curies":[{"name":"wp","href":"https:\/\/api.w.org\/{rel}","templated":true}]}}