{"id":13626,"date":"2020-04-04T17:20:12","date_gmt":"2020-04-04T15:20:12","guid":{"rendered":"http:\/\/badtunnor.local\/?page_id=13626"},"modified":"2022-11-15T14:59:46","modified_gmt":"2022-11-15T13:59:46","slug":"ullared","status":"publish","type":"page","link":"https:\/\/badtunnor.se\/en\/ullared\/","title":{"rendered":"Ullared"},"content":{"rendered":"<div data-elementor-type=\"wp-page\" data-elementor-id=\"13626\" class=\"elementor elementor-13626\" data-elementor-post-type=\"page\">\n\t\t\t\t\t\t<section class=\"elementor-section elementor-top-section elementor-element elementor-element-b502afa elementor-section-boxed elementor-section-height-default elementor-section-height-default\" data-id=\"b502afa\" data-element_type=\"section\" data-e-type=\"section\">\n\t\t\t\t\t\t<div class=\"elementor-container elementor-column-gap-default\">\n\t\t\t\t\t<div class=\"elementor-column elementor-col-100 elementor-top-column elementor-element elementor-element-a5e6bc9\" data-id=\"a5e6bc9\" data-element_type=\"column\" data-e-type=\"column\">\n\t\t\t<div class=\"elementor-widget-wrap elementor-element-populated\">\n\t\t\t\t\t\t<section class=\"elementor-section elementor-inner-section elementor-element elementor-element-17cdd00 elementor-section-boxed elementor-section-height-default elementor-section-height-default\" data-id=\"17cdd00\" data-element_type=\"section\" data-e-type=\"section\">\n\t\t\t\t\t\t<div class=\"elementor-container elementor-column-gap-wider\">\n\t\t\t\t\t<div class=\"elementor-column elementor-col-50 elementor-inner-column elementor-element elementor-element-5e6b5fd\" data-id=\"5e6b5fd\" data-element_type=\"column\" data-e-type=\"column\">\n\t\t\t<div class=\"elementor-widget-wrap elementor-element-populated\">\n\t\t\t\t\t\t<div class=\"elementor-element elementor-element-163767a elementor-widget elementor-widget-video\" data-id=\"163767a\" data-element_type=\"widget\" data-e-type=\"widget\" data-settings=\"{&quot;youtube_url&quot;:&quot;https:\\\/\\\/youtu.be\\\/hUWevyFZfEU&quot;,&quot;video_type&quot;:&quot;youtube&quot;,&quot;controls&quot;:&quot;yes&quot;}\" data-widget_type=\"video.default\">\n\t\t\t\t<div class=\"elementor-widget-container\">\n\t\t\t\t\t\t\t<div class=\"elementor-wrapper elementor-open-inline\">\n\t\t\t<div class=\"elementor-video\"><\/div>\t\t<\/div>\n\t\t\t\t\t\t<\/div>\n\t\t\t\t<\/div>\n\t\t\t\t\t<\/div>\n\t\t<\/div>\n\t\t\t\t<div class=\"elementor-column elementor-col-50 elementor-inner-column elementor-element elementor-element-e241a55\" data-id=\"e241a55\" data-element_type=\"column\" data-e-type=\"column\">\n\t\t\t<div class=\"elementor-widget-wrap elementor-element-populated\">\n\t\t\t\t\t\t<div class=\"elementor-element elementor-element-bce54b5 elementor-widget elementor-widget-text-editor\" data-id=\"bce54b5\" data-element_type=\"widget\" data-e-type=\"widget\" data-widget_type=\"text-editor.default\">\n\t\t\t\t<div class=\"elementor-widget-container\">\n\t\t\t\t\t\t\t\t\t<h3><span style=\"font-weight: 400;\">ULLARED VALDE V\u00c5RA BADTUNNOR<\/span><\/h3><p>Gek\u00e5s Ullared bygger en badtunnepark i anslutning till sin camping. De valde v\u00e5r badtunna Royal Guld. De har extra breda trappor s\u00e5 att alla enkelt kommer i och ur badtunnan. 12 st badtunnor gick fr\u00e5n v\u00e5r fabrik i Norrland till Ullared. Parken kommer att invigas under v\u00e5ren.<br \/>Vi \u00e5terkommer snart med bilder fr\u00e5n den f\u00e4rdiga badtunneparken.<br \/>P\u00e5 TV kommer ni s\u00e4kert att f\u00e5 se Ullareds k\u00e4ndisarna bada i Royal Guld tunnor.<br \/><br \/>Vill \u00e4ven du ha det b\u00e4sta? V\u00e4lj en Helsvensk badtunna fr\u00e5n Sotarns Badtunnor.<br \/><span style=\"font-weight: 400;\"><img decoding=\"async\" class=\"alignright wp-image-13631\" src=\"http:\/\/badtunnor.se\/wp-content\/uploads\/2020\/04\/nedladdning-300x113.png\" alt=\"\" width=\"120\" height=\"45\" srcset=\"https:\/\/badtunnor.se\/wp-content\/uploads\/2020\/04\/nedladdning-300x113.png 300w, https:\/\/badtunnor.se\/wp-content\/uploads\/2020\/04\/nedladdning.png 365w\" sizes=\"(max-width: 120px) 100vw, 120px\" \/> <\/span><\/p>\t\t\t\t\t\t\t\t<\/div>\n\t\t\t\t<\/div>\n\t\t\t\t\t<\/div>\n\t\t<\/div>\n\t\t\t\t\t<\/div>\n\t\t<\/section>\n\t\t\t\t<section class=\"elementor-section elementor-inner-section elementor-element elementor-element-949d89a elementor-section-boxed elementor-section-height-default elementor-section-height-default\" data-id=\"949d89a\" data-element_type=\"section\" data-e-type=\"section\">\n\t\t\t\t\t\t<div class=\"elementor-container elementor-column-gap-wider\">\n\t\t\t\t\t<div class=\"elementor-column elementor-col-50 elementor-inner-column elementor-element elementor-element-b65f184\" data-id=\"b65f184\" data-element_type=\"column\" data-e-type=\"column\">\n\t\t\t<div class=\"elementor-widget-wrap elementor-element-populated\">\n\t\t\t\t\t\t<div class=\"elementor-element elementor-element-24e6100 elementor-widget elementor-widget-image\" data-id=\"24e6100\" data-element_type=\"widget\" data-e-type=\"widget\" data-widget_type=\"image.default\">\n\t\t\t\t<div class=\"elementor-widget-container\">\n\t\t\t\t\t\t\t\t\t\t\t\t\t\t\t<img fetchpriority=\"high\" decoding=\"async\" width=\"1024\" height=\"768\" src=\"https:\/\/badtunnor.se\/wp-content\/uploads\/2020\/08\/IMG_3094-1024x768.jpg\" class=\"attachment-large size-large wp-image-17529\" alt=\"\" srcset=\"https:\/\/badtunnor.se\/wp-content\/uploads\/2020\/08\/IMG_3094-scaled-e1598727877738.jpg 1024w, https:\/\/badtunnor.se\/wp-content\/uploads\/2020\/08\/IMG_3094-600x450.jpg 600w, https:\/\/badtunnor.se\/wp-content\/uploads\/2020\/08\/IMG_3094-300x225.jpg 300w, https:\/\/badtunnor.se\/wp-content\/uploads\/2020\/08\/IMG_3094-768x576.jpg 768w, https:\/\/badtunnor.se\/wp-content\/uploads\/2020\/08\/IMG_3094-1536x1152.jpg 1536w, https:\/\/badtunnor.se\/wp-content\/uploads\/2020\/08\/IMG_3094-2048x1536.jpg 2048w\" sizes=\"(max-width: 1024px) 100vw, 1024px\" \/>\t\t\t\t\t\t\t\t\t\t\t\t\t\t\t<\/div>\n\t\t\t\t<\/div>\n\t\t\t\t\t<\/div>\n\t\t<\/div>\n\t\t\t\t<div class=\"elementor-column elementor-col-50 elementor-inner-column elementor-element elementor-element-6ec9de9\" data-id=\"6ec9de9\" data-element_type=\"column\" data-e-type=\"column\">\n\t\t\t<div class=\"elementor-widget-wrap elementor-element-populated\">\n\t\t\t\t\t\t<div class=\"elementor-element elementor-element-de3f61c elementor-widget elementor-widget-image\" data-id=\"de3f61c\" data-element_type=\"widget\" data-e-type=\"widget\" data-widget_type=\"image.default\">\n\t\t\t\t<div class=\"elementor-widget-container\">\n\t\t\t\t\t\t\t\t\t\t\t\t\t\t\t<img decoding=\"async\" width=\"1024\" height=\"768\" src=\"https:\/\/badtunnor.se\/wp-content\/uploads\/2020\/08\/IMG_3087-1024x768.jpg\" class=\"attachment-large size-large wp-image-17528\" alt=\"\" srcset=\"https:\/\/badtunnor.se\/wp-content\/uploads\/2020\/08\/IMG_3087-scaled-e1598727756593.jpg 1024w, https:\/\/badtunnor.se\/wp-content\/uploads\/2020\/08\/IMG_3087-600x450.jpg 600w, https:\/\/badtunnor.se\/wp-content\/uploads\/2020\/08\/IMG_3087-300x225.jpg 300w, https:\/\/badtunnor.se\/wp-content\/uploads\/2020\/08\/IMG_3087-768x576.jpg 768w, https:\/\/badtunnor.se\/wp-content\/uploads\/2020\/08\/IMG_3087-1536x1152.jpg 1536w, https:\/\/badtunnor.se\/wp-content\/uploads\/2020\/08\/IMG_3087-2048x1536.jpg 2048w\" sizes=\"(max-width: 1024px) 100vw, 1024px\" \/>\t\t\t\t\t\t\t\t\t\t\t\t\t\t\t<\/div>\n\t\t\t\t<\/div>\n\t\t\t\t\t<\/div>\n\t\t<\/div>\n\t\t\t\t\t<\/div>\n\t\t<\/section>\n\t\t\t\t\t<\/div>\n\t\t<\/div>\n\t\t\t\t\t<\/div>\n\t\t<\/section>\n\t\t\t\t<\/div>","protected":false},"excerpt":{"rendered":"<p>ULLARED VALDE V\u00c5RA BADTUNNOR Gek\u00e5s Ullared bygger en badtunnepark i anslutning till sin camping. De valde v\u00e5r badtunna Royal Guld. De har extra breda trappor s\u00e5 att alla enkelt kommer i och ur badtunnan. 12 st badtunnor gick fr\u00e5n v\u00e5r fabrik i Norrland till Ullared. Parken kommer att invigas under v\u00e5ren. Vi \u00e5terkommer snart med [&hellip;]<\/p>\n","protected":false},"author":2,"featured_media":17529,"parent":0,"menu_order":0,"comment_status":"closed","ping_status":"closed","template":"","meta":{"site-sidebar-layout":"no-sidebar","site-content-layout":"page-builder","ast-site-content-layout":"default","site-content-style":"default","site-sidebar-style":"default","ast-global-header-display":"","ast-banner-title-visibility":"","ast-main-header-display":"","ast-hfb-above-header-display":"","ast-hfb-below-header-display":"","ast-hfb-mobile-header-display":"","site-post-title":"disabled","ast-breadcrumbs-content":"","ast-featured-img":"disabled","footer-sml-layout":"","ast-disable-related-posts":"","theme-transparent-header-meta":"default","adv-header-id-meta":"","stick-header-meta":"default","header-above-stick-meta":"","header-main-stick-meta":"","header-below-stick-meta":"","astra-migrate-meta-layouts":"default","ast-page-background-enabled":"default","ast-page-background-meta":{"desktop":{"background-color":"var(--ast-global-color-4)","background-image":"","background-repeat":"repeat","background-position":"center center","background-size":"auto","background-attachment":"scroll","background-type":"","background-media":"","overlay-type":"","overlay-color":"","overlay-opacity":"","overlay-gradient":""},"tablet":{"background-color":"","background-image":"","background-repeat":"repeat","background-position":"center center","background-size":"auto","background-attachment":"scroll","background-type":"","background-media":"","overlay-type":"","overlay-color":"","overlay-opacity":"","overlay-gradient":""},"mobile":{"background-color":"","background-image":"","background-repeat":"repeat","background-position":"center center","background-size":"auto","background-attachment":"scroll","background-type":"","background-media":"","overlay-type":"","overlay-color":"","overlay-opacity":"","overlay-gradient":""}},"ast-content-background-meta":{"desktop":{"background-color":"var(--ast-global-color-5)","background-image":"","background-repeat":"repeat","background-position":"center center","background-size":"auto","background-attachment":"scroll","background-type":"","background-media":"","overlay-type":"","overlay-color":"","overlay-opacity":"","overlay-gradient":""},"tablet":{"background-color":"var(--ast-global-color-5)","background-image":"","background-repeat":"repeat","background-position":"center center","background-size":"auto","background-attachment":"scroll","background-type":"","background-media":"","overlay-type":"","overlay-color":"","overlay-opacity":"","overlay-gradient":""},"mobile":{"background-color":"var(--ast-global-color-5)","background-image":"","background-repeat":"repeat","background-position":"center center","background-size":"auto","background-attachment":"scroll","background-type":"","background-media":"","overlay-type":"","overlay-color":"","overlay-opacity":"","overlay-gradient":""}},"footnotes":""},"class_list":["post-13626","page","type-page","status-publish","has-post-thumbnail","hentry"],"yoast_head":"<!-- This site is optimized with the Yoast SEO plugin v27.3 - https:\/\/yoast.com\/product\/yoast-seo-wordpress\/ -->\n<title>Ullared | Sotarns Badtunnor<\/title>\n<meta name=\"robots\" content=\"index, follow, max-snippet:-1, max-image-preview:large, max-video-preview:-1\" \/>\n<link rel=\"canonical\" href=\"https:\/\/badtunnor.se\/en\/ullared\/\" \/>\n<meta property=\"og:locale\" content=\"en_US\" \/>\n<meta property=\"og:type\" content=\"article\" \/>\n<meta property=\"og:title\" content=\"Ullared | Sotarns Badtunnor\" \/>\n<meta property=\"og:description\" content=\"ULLARED VALDE V\u00c5RA BADTUNNOR Gek\u00e5s Ullared bygger en badtunnepark i anslutning till sin camping. De valde v\u00e5r badtunna Royal Guld. De har extra breda trappor s\u00e5 att alla enkelt kommer i och ur badtunnan. 12 st badtunnor gick fr\u00e5n v\u00e5r fabrik i Norrland till Ullared. Parken kommer att invigas under v\u00e5ren. Vi \u00e5terkommer snart med [&hellip;]\" \/>\n<meta property=\"og:url\" content=\"https:\/\/badtunnor.se\/en\/ullared\/\" \/>\n<meta property=\"og:site_name\" content=\"Sotarns Badtunnor\" \/>\n<meta property=\"article:publisher\" content=\"https:\/\/www.facebook.com\/SotarnsBadtunnor\/\" \/>\n<meta property=\"article:modified_time\" content=\"2022-11-15T13:59:46+00:00\" \/>\n<meta property=\"og:image\" content=\"https:\/\/badtunnor.se\/wp-content\/uploads\/2020\/08\/IMG_3094-scaled-e1598727877738.jpg\" \/>\n\t<meta property=\"og:image:width\" content=\"1024\" \/>\n\t<meta property=\"og:image:height\" content=\"768\" \/>\n\t<meta property=\"og:image:type\" content=\"image\/jpeg\" \/>\n<meta name=\"twitter:card\" content=\"summary_large_image\" \/>\n<meta name=\"twitter:label1\" content=\"Est. reading time\" \/>\n\t<meta name=\"twitter:data1\" content=\"2 minutes\" \/>\n<script type=\"application\/ld+json\" class=\"yoast-schema-graph\">{\"@context\":\"https:\\\/\\\/schema.org\",\"@graph\":[{\"@type\":\"WebPage\",\"@id\":\"https:\\\/\\\/badtunnor.se\\\/ullared\\\/\",\"url\":\"https:\\\/\\\/badtunnor.se\\\/ullared\\\/\",\"name\":\"Ullared | Sotarns Badtunnor\",\"isPartOf\":{\"@id\":\"https:\\\/\\\/badtunnor.se\\\/#website\"},\"primaryImageOfPage\":{\"@id\":\"https:\\\/\\\/badtunnor.se\\\/ullared\\\/#primaryimage\"},\"image\":{\"@id\":\"https:\\\/\\\/badtunnor.se\\\/ullared\\\/#primaryimage\"},\"thumbnailUrl\":\"https:\\\/\\\/badtunnor.se\\\/wp-content\\\/uploads\\\/2020\\\/08\\\/IMG_3094-scaled-e1598727877738.jpg\",\"datePublished\":\"2020-04-04T15:20:12+00:00\",\"dateModified\":\"2022-11-15T13:59:46+00:00\",\"breadcrumb\":{\"@id\":\"https:\\\/\\\/badtunnor.se\\\/ullared\\\/#breadcrumb\"},\"inLanguage\":\"en-US\",\"potentialAction\":[{\"@type\":\"ReadAction\",\"target\":[\"https:\\\/\\\/badtunnor.se\\\/ullared\\\/\"]}]},{\"@type\":\"ImageObject\",\"inLanguage\":\"en-US\",\"@id\":\"https:\\\/\\\/badtunnor.se\\\/ullared\\\/#primaryimage\",\"url\":\"https:\\\/\\\/badtunnor.se\\\/wp-content\\\/uploads\\\/2020\\\/08\\\/IMG_3094-scaled-e1598727877738.jpg\",\"contentUrl\":\"https:\\\/\\\/badtunnor.se\\\/wp-content\\\/uploads\\\/2020\\\/08\\\/IMG_3094-scaled-e1598727877738.jpg\",\"width\":1024,\"height\":768},{\"@type\":\"BreadcrumbList\",\"@id\":\"https:\\\/\\\/badtunnor.se\\\/ullared\\\/#breadcrumb\",\"itemListElement\":[{\"@type\":\"ListItem\",\"position\":1,\"name\":\"Hem\",\"item\":\"https:\\\/\\\/badtunnor.se\\\/\"},{\"@type\":\"ListItem\",\"position\":2,\"name\":\"Ullared\"}]},{\"@type\":\"WebSite\",\"@id\":\"https:\\\/\\\/badtunnor.se\\\/#website\",\"url\":\"https:\\\/\\\/badtunnor.se\\\/\",\"name\":\"Sotarns Badtunnor\",\"description\":\"Svensktillverkade Vedeldade Badtunnor\",\"publisher\":{\"@id\":\"https:\\\/\\\/badtunnor.se\\\/#organization\"},\"potentialAction\":[{\"@type\":\"SearchAction\",\"target\":{\"@type\":\"EntryPoint\",\"urlTemplate\":\"https:\\\/\\\/badtunnor.se\\\/?s={search_term_string}\"},\"query-input\":{\"@type\":\"PropertyValueSpecification\",\"valueRequired\":true,\"valueName\":\"search_term_string\"}}],\"inLanguage\":\"en-US\"},{\"@type\":\"Organization\",\"@id\":\"https:\\\/\\\/badtunnor.se\\\/#organization\",\"name\":\"Sotarns Badtunnor\",\"url\":\"https:\\\/\\\/badtunnor.se\\\/\",\"logo\":{\"@type\":\"ImageObject\",\"inLanguage\":\"en-US\",\"@id\":\"https:\\\/\\\/badtunnor.se\\\/#\\\/schema\\\/logo\\\/image\\\/\",\"url\":\"https:\\\/\\\/badtunnor.se\\\/wp-content\\\/uploads\\\/2022\\\/12\\\/sotarns_logo-morkgron-scaled.png\",\"contentUrl\":\"https:\\\/\\\/badtunnor.se\\\/wp-content\\\/uploads\\\/2022\\\/12\\\/sotarns_logo-morkgron-scaled.png\",\"width\":2560,\"height\":1260,\"caption\":\"Sotarns Badtunnor\"},\"image\":{\"@id\":\"https:\\\/\\\/badtunnor.se\\\/#\\\/schema\\\/logo\\\/image\\\/\"},\"sameAs\":[\"https:\\\/\\\/www.facebook.com\\\/SotarnsBadtunnor\\\/\"]}]}<\/script>\n<!-- \/ Yoast SEO plugin. -->","yoast_head_json":{"title":"Ullared | Sotarns Badtunnor","robots":{"index":"index","follow":"follow","max-snippet":"max-snippet:-1","max-image-preview":"max-image-preview:large","max-video-preview":"max-video-preview:-1"},"canonical":"https:\/\/badtunnor.se\/en\/ullared\/","og_locale":"en_US","og_type":"article","og_title":"Ullared | Sotarns Badtunnor","og_description":"ULLARED VALDE V\u00c5RA BADTUNNOR Gek\u00e5s Ullared bygger en badtunnepark i anslutning till sin camping. De valde v\u00e5r badtunna Royal Guld. De har extra breda trappor s\u00e5 att alla enkelt kommer i och ur badtunnan. 12 st badtunnor gick fr\u00e5n v\u00e5r fabrik i Norrland till Ullared. Parken kommer att invigas under v\u00e5ren. Vi \u00e5terkommer snart med [&hellip;]","og_url":"https:\/\/badtunnor.se\/en\/ullared\/","og_site_name":"Sotarns Badtunnor","article_publisher":"https:\/\/www.facebook.com\/SotarnsBadtunnor\/","article_modified_time":"2022-11-15T13:59:46+00:00","og_image":[{"width":1024,"height":768,"url":"https:\/\/badtunnor.se\/wp-content\/uploads\/2020\/08\/IMG_3094-scaled-e1598727877738.jpg","type":"image\/jpeg"}],"twitter_card":"summary_large_image","twitter_misc":{"Est. reading time":"2 minutes"},"schema":{"@context":"https:\/\/schema.org","@graph":[{"@type":"WebPage","@id":"https:\/\/badtunnor.se\/ullared\/","url":"https:\/\/badtunnor.se\/ullared\/","name":"Ullared | Sotarns Badtunnor","isPartOf":{"@id":"https:\/\/badtunnor.se\/#website"},"primaryImageOfPage":{"@id":"https:\/\/badtunnor.se\/ullared\/#primaryimage"},"image":{"@id":"https:\/\/badtunnor.se\/ullared\/#primaryimage"},"thumbnailUrl":"https:\/\/badtunnor.se\/wp-content\/uploads\/2020\/08\/IMG_3094-scaled-e1598727877738.jpg","datePublished":"2020-04-04T15:20:12+00:00","dateModified":"2022-11-15T13:59:46+00:00","breadcrumb":{"@id":"https:\/\/badtunnor.se\/ullared\/#breadcrumb"},"inLanguage":"en-US","potentialAction":[{"@type":"ReadAction","target":["https:\/\/badtunnor.se\/ullared\/"]}]},{"@type":"ImageObject","inLanguage":"en-US","@id":"https:\/\/badtunnor.se\/ullared\/#primaryimage","url":"https:\/\/badtunnor.se\/wp-content\/uploads\/2020\/08\/IMG_3094-scaled-e1598727877738.jpg","contentUrl":"https:\/\/badtunnor.se\/wp-content\/uploads\/2020\/08\/IMG_3094-scaled-e1598727877738.jpg","width":1024,"height":768},{"@type":"BreadcrumbList","@id":"https:\/\/badtunnor.se\/ullared\/#breadcrumb","itemListElement":[{"@type":"ListItem","position":1,"name":"Hem","item":"https:\/\/badtunnor.se\/"},{"@type":"ListItem","position":2,"name":"Ullared"}]},{"@type":"WebSite","@id":"https:\/\/badtunnor.se\/#website","url":"https:\/\/badtunnor.se\/","name":"Sotarns Badtunnor","description":"Svensktillverkade Vedeldade Badtunnor","publisher":{"@id":"https:\/\/badtunnor.se\/#organization"},"potentialAction":[{"@type":"SearchAction","target":{"@type":"EntryPoint","urlTemplate":"https:\/\/badtunnor.se\/?s={search_term_string}"},"query-input":{"@type":"PropertyValueSpecification","valueRequired":true,"valueName":"search_term_string"}}],"inLanguage":"en-US"},{"@type":"Organization","@id":"https:\/\/badtunnor.se\/#organization","name":"Sotarns Badtunnor","url":"https:\/\/badtunnor.se\/","logo":{"@type":"ImageObject","inLanguage":"en-US","@id":"https:\/\/badtunnor.se\/#\/schema\/logo\/image\/","url":"https:\/\/badtunnor.se\/wp-content\/uploads\/2022\/12\/sotarns_logo-morkgron-scaled.png","contentUrl":"https:\/\/badtunnor.se\/wp-content\/uploads\/2022\/12\/sotarns_logo-morkgron-scaled.png","width":2560,"height":1260,"caption":"Sotarns Badtunnor"},"image":{"@id":"https:\/\/badtunnor.se\/#\/schema\/logo\/image\/"},"sameAs":["https:\/\/www.facebook.com\/SotarnsBadtunnor\/"]}]}},"_links":{"self":[{"href":"https:\/\/badtunnor.se\/en\/wp-json\/wp\/v2\/pages\/13626","targetHints":{"allow":["GET"]}}],"collection":[{"href":"https:\/\/badtunnor.se\/en\/wp-json\/wp\/v2\/pages"}],"about":[{"href":"https:\/\/badtunnor.se\/en\/wp-json\/wp\/v2\/types\/page"}],"author":[{"embeddable":true,"href":"https:\/\/badtunnor.se\/en\/wp-json\/wp\/v2\/users\/2"}],"replies":[{"embeddable":true,"href":"https:\/\/badtunnor.se\/en\/wp-json\/wp\/v2\/comments?post=13626"}],"version-history":[{"count":0,"href":"https:\/\/badtunnor.se\/en\/wp-json\/wp\/v2\/pages\/13626\/revisions"}],"wp:featuredmedia":[{"embeddable":true,"href":"https:\/\/badtunnor.se\/en\/wp-json\/wp\/v2\/media\/17529"}],"wp:attachment":[{"href":"https:\/\/badtunnor.se\/en\/wp-json\/wp\/v2\/media?parent=13626"}],"curies":[{"name":"wp","href":"https:\/\/api.w.org\/{rel}","templated":true}]}}