{"id":22250,"date":"2023-08-23T11:11:19","date_gmt":"2023-08-23T09:11:19","guid":{"rendered":"http:\/\/badtunnor.se\/?post_type=product&#038;p=22250"},"modified":"2025-12-25T18:38:58","modified_gmt":"2025-12-25T17:38:58","slug":"grillplats","status":"publish","type":"product","link":"http:\/\/badtunnor.se\/en\/product\/grillplats\/","title":{"rendered":"Barbecue area"},"content":{"rendered":"","protected":false},"excerpt":{"rendered":"<p><strong>Naturbunden Grillplats fr\u00e5n Norrland<\/strong><\/p>\n<p>L\u00e5t naturen ta plats i din tr\u00e4dg\u00e5rd. T\u00e4nd en eld, koppla av och k\u00e4nn lugnet fr\u00e5n norrl\u00e4ndska skogar.<\/p>\n<ul>\n<li><strong>Autentisk kvalitet<\/strong>: Tillverkad av \u00e4kta norrl\u00e4ndskt tr\u00e4 i dimensionerna 45&#215;145.<\/li>\n<li><strong>Komplett upplevelse<\/strong>: Levereras med en pl\u00e5tkl\u00e4dd eldstad och tre robusta b\u00e4nkar. Grillgallret inklusive f\u00e4ste garanterar en optimal grillupplevelse.<\/li>\n<li><strong>Flexibel design<\/strong>: Inkluderar ett mobilt avlastningsbord f\u00f6r extra bekv\u00e4mlighet.<\/li>\n<li><strong>Naturskydd<\/strong>: Eldstaden rekommenderas fyllas med singel, natursten eller marksten som brandskydd. Observera: Ett direkt eldande p\u00e5 pl\u00e5ten rekommenderas ej.<\/li>\n<li><strong>Tillval<\/strong>: V\u00e4lj mellan obehandlad eller tryckimpregnerad (notera: tryckimpregnerad tillverkas p\u00e5 best\u00e4llning vilket p\u00e5verkar leveranstiden).<\/li>\n<\/ul>","protected":false},"featured_media":23370,"template":"","meta":{"site-sidebar-layout":"no-sidebar","site-content-layout":"page-builder","ast-site-content-layout":"full-width-container","site-content-style":"unboxed","site-sidebar-style":"unboxed","ast-global-header-display":"","ast-banner-title-visibility":"","ast-main-header-display":"","ast-hfb-above-header-display":"","ast-hfb-below-header-display":"","ast-hfb-mobile-header-display":"","site-post-title":"","ast-breadcrumbs-content":"","ast-featured-img":"disabled","footer-sml-layout":"","ast-disable-related-posts":"","theme-transparent-header-meta":"default","adv-header-id-meta":"","stick-header-meta":"default","header-above-stick-meta":"","header-main-stick-meta":"","header-below-stick-meta":"","astra-migrate-meta-layouts":"set","ast-page-background-enabled":"default","ast-page-background-meta":{"desktop":{"background-color":"var(--ast-global-color-4)","background-image":"","background-repeat":"repeat","background-position":"center center","background-size":"auto","background-attachment":"scroll","background-type":"","background-media":"","overlay-type":"","overlay-color":"","overlay-opacity":"","overlay-gradient":""},"tablet":{"background-color":"","background-image":"","background-repeat":"repeat","background-position":"center center","background-size":"auto","background-attachment":"scroll","background-type":"","background-media":"","overlay-type":"","overlay-color":"","overlay-opacity":"","overlay-gradient":""},"mobile":{"background-color":"","background-image":"","background-repeat":"repeat","background-position":"center center","background-size":"auto","background-attachment":"scroll","background-type":"","background-media":"","overlay-type":"","overlay-color":"","overlay-opacity":"","overlay-gradient":""}},"ast-content-background-meta":{"desktop":{"background-color":"var(--ast-global-color-5)","background-image":"","background-repeat":"repeat","background-position":"center center","background-size":"auto","background-attachment":"scroll","background-type":"","background-media":"","overlay-type":"","overlay-color":"","overlay-opacity":"","overlay-gradient":""},"tablet":{"background-color":"var(--ast-global-color-5)","background-image":"","background-repeat":"repeat","background-position":"center center","background-size":"auto","background-attachment":"scroll","background-type":"","background-media":"","overlay-type":"","overlay-color":"","overlay-opacity":"","overlay-gradient":""},"mobile":{"background-color":"var(--ast-global-color-5)","background-image":"","background-repeat":"repeat","background-position":"center center","background-size":"auto","background-attachment":"scroll","background-type":"","background-media":"","overlay-type":"","overlay-color":"","overlay-opacity":"","overlay-gradient":""}}},"product_brand":[],"product_cat":[84],"product_tag":[],"class_list":{"0":"post-22250","1":"product","2":"type-product","3":"status-publish","4":"has-post-thumbnail","6":"product_cat-grillplatser","7":"product_shipping_class-insatser","8":"desktop-align-center","9":"tablet-align-center","10":"mobile-align-center","11":"ast-product-gallery-layout-vertical-slider","12":"ast-product-gallery-with-no-image","13":"ast-product-single-variable","14":"ast-product-tabs-layout-horizontal","16":"first","17":"instock","18":"sale","19":"taxable","20":"shipping-taxable","21":"purchasable","22":"product-type-variable","23":"has-default-attributes"},"yoast_head":"<!-- This site is optimized with the Yoast SEO plugin v27.3 - https:\/\/yoast.com\/product\/yoast-seo-wordpress\/ -->\n<title>K\u00f6p Svensktillverkad Grillplats Online | Sotarns Badtunnor<\/title>\n<meta name=\"description\" content=\"K\u00f6p svensktillverkad grillplats online hos Sotarns Badtunnor. \u00c4kta norrl\u00e4ndskt tr\u00e4. Pl\u00e5tkl\u00e4dd eldstad och tre robusta b\u00e4nkar. V\u00e4lkommen!\" \/>\n<meta name=\"robots\" content=\"index, follow, max-snippet:-1, max-image-preview:large, max-video-preview:-1\" \/>\n<link rel=\"canonical\" href=\"https:\/\/badtunnor.se\/en\/product\/grillplats\/\" \/>\n<meta property=\"og:locale\" content=\"en_US\" \/>\n<meta property=\"og:type\" content=\"article\" \/>\n<meta property=\"og:title\" content=\"K\u00f6p Svensktillverkad Grillplats Online | Sotarns Badtunnor\" \/>\n<meta property=\"og:description\" content=\"K\u00f6p svensktillverkad grillplats online hos Sotarns Badtunnor. \u00c4kta norrl\u00e4ndskt tr\u00e4. Pl\u00e5tkl\u00e4dd eldstad och tre robusta b\u00e4nkar. V\u00e4lkommen!\" \/>\n<meta property=\"og:url\" content=\"https:\/\/badtunnor.se\/en\/product\/grillplats\/\" \/>\n<meta property=\"og:site_name\" content=\"Sotarns Badtunnor\" \/>\n<meta property=\"article:publisher\" content=\"https:\/\/www.facebook.com\/SotarnsBadtunnor\/\" \/>\n<meta property=\"article:modified_time\" content=\"2025-12-25T17:38:58+00:00\" \/>\n<meta property=\"og:image\" content=\"https:\/\/badtunnor.se\/wp-content\/uploads\/2023\/08\/IMG_7983-scaled-1.jpg\" \/>\n\t<meta property=\"og:image:width\" content=\"2560\" \/>\n\t<meta property=\"og:image:height\" content=\"1920\" \/>\n\t<meta property=\"og:image:type\" content=\"image\/jpeg\" \/>\n<meta name=\"twitter:card\" content=\"summary_large_image\" \/>\n<meta name=\"twitter:label1\" content=\"Est. reading time\" \/>\n\t<meta name=\"twitter:data1\" content=\"1 minute\" \/>\n<script type=\"application\/ld+json\" class=\"yoast-schema-graph\">{\"@context\":\"https:\\\/\\\/schema.org\",\"@graph\":[{\"@type\":\"WebPage\",\"@id\":\"https:\\\/\\\/badtunnor.se\\\/produkt\\\/grillplats\\\/\",\"url\":\"https:\\\/\\\/badtunnor.se\\\/produkt\\\/grillplats\\\/\",\"name\":\"K\u00f6p Svensktillverkad Grillplats Online | Sotarns Badtunnor\",\"isPartOf\":{\"@id\":\"https:\\\/\\\/badtunnor.se\\\/#website\"},\"primaryImageOfPage\":{\"@id\":\"https:\\\/\\\/badtunnor.se\\\/produkt\\\/grillplats\\\/#primaryimage\"},\"image\":{\"@id\":\"https:\\\/\\\/badtunnor.se\\\/produkt\\\/grillplats\\\/#primaryimage\"},\"thumbnailUrl\":\"https:\\\/\\\/badtunnor.se\\\/wp-content\\\/uploads\\\/2023\\\/08\\\/IMG_7983-scaled-1.jpg\",\"datePublished\":\"2023-08-23T09:11:19+00:00\",\"dateModified\":\"2025-12-25T17:38:58+00:00\",\"description\":\"K\u00f6p svensktillverkad grillplats online hos Sotarns Badtunnor. \u00c4kta norrl\u00e4ndskt tr\u00e4. Pl\u00e5tkl\u00e4dd eldstad och tre robusta b\u00e4nkar. V\u00e4lkommen!\",\"breadcrumb\":{\"@id\":\"https:\\\/\\\/badtunnor.se\\\/produkt\\\/grillplats\\\/#breadcrumb\"},\"inLanguage\":\"en-US\",\"potentialAction\":[{\"@type\":\"ReadAction\",\"target\":[\"https:\\\/\\\/badtunnor.se\\\/produkt\\\/grillplats\\\/\"]}]},{\"@type\":\"ImageObject\",\"inLanguage\":\"en-US\",\"@id\":\"https:\\\/\\\/badtunnor.se\\\/produkt\\\/grillplats\\\/#primaryimage\",\"url\":\"https:\\\/\\\/badtunnor.se\\\/wp-content\\\/uploads\\\/2023\\\/08\\\/IMG_7983-scaled-1.jpg\",\"contentUrl\":\"https:\\\/\\\/badtunnor.se\\\/wp-content\\\/uploads\\\/2023\\\/08\\\/IMG_7983-scaled-1.jpg\",\"width\":2560,\"height\":1920},{\"@type\":\"BreadcrumbList\",\"@id\":\"https:\\\/\\\/badtunnor.se\\\/produkt\\\/grillplats\\\/#breadcrumb\",\"itemListElement\":[{\"@type\":\"ListItem\",\"position\":1,\"name\":\"Hem\",\"item\":\"https:\\\/\\\/badtunnor.se\\\/\"},{\"@type\":\"ListItem\",\"position\":2,\"name\":\"Webbutik\",\"item\":\"https:\\\/\\\/badtunnor.se\\\/butik\\\/\"},{\"@type\":\"ListItem\",\"position\":3,\"name\":\"Grillplats\"}]},{\"@type\":\"WebSite\",\"@id\":\"https:\\\/\\\/badtunnor.se\\\/#website\",\"url\":\"https:\\\/\\\/badtunnor.se\\\/\",\"name\":\"Sotarns Badtunnor\",\"description\":\"Svensktillverkade Vedeldade Badtunnor\",\"publisher\":{\"@id\":\"https:\\\/\\\/badtunnor.se\\\/#organization\"},\"potentialAction\":[{\"@type\":\"SearchAction\",\"target\":{\"@type\":\"EntryPoint\",\"urlTemplate\":\"https:\\\/\\\/badtunnor.se\\\/?s={search_term_string}\"},\"query-input\":{\"@type\":\"PropertyValueSpecification\",\"valueRequired\":true,\"valueName\":\"search_term_string\"}}],\"inLanguage\":\"en-US\"},{\"@type\":\"Organization\",\"@id\":\"https:\\\/\\\/badtunnor.se\\\/#organization\",\"name\":\"Sotarns Badtunnor\",\"url\":\"https:\\\/\\\/badtunnor.se\\\/\",\"logo\":{\"@type\":\"ImageObject\",\"inLanguage\":\"en-US\",\"@id\":\"https:\\\/\\\/badtunnor.se\\\/#\\\/schema\\\/logo\\\/image\\\/\",\"url\":\"https:\\\/\\\/badtunnor.se\\\/wp-content\\\/uploads\\\/2022\\\/12\\\/sotarns_logo-morkgron-scaled.png\",\"contentUrl\":\"https:\\\/\\\/badtunnor.se\\\/wp-content\\\/uploads\\\/2022\\\/12\\\/sotarns_logo-morkgron-scaled.png\",\"width\":2560,\"height\":1260,\"caption\":\"Sotarns Badtunnor\"},\"image\":{\"@id\":\"https:\\\/\\\/badtunnor.se\\\/#\\\/schema\\\/logo\\\/image\\\/\"},\"sameAs\":[\"https:\\\/\\\/www.facebook.com\\\/SotarnsBadtunnor\\\/\"]}]}<\/script>\n<!-- \/ Yoast SEO plugin. -->","yoast_head_json":{"title":"K\u00f6p Svensktillverkad Grillplats Online | Sotarns Badtunnor","description":"K\u00f6p svensktillverkad grillplats online hos Sotarns Badtunnor. \u00c4kta norrl\u00e4ndskt tr\u00e4. Pl\u00e5tkl\u00e4dd eldstad och tre robusta b\u00e4nkar. V\u00e4lkommen!","robots":{"index":"index","follow":"follow","max-snippet":"max-snippet:-1","max-image-preview":"max-image-preview:large","max-video-preview":"max-video-preview:-1"},"canonical":"https:\/\/badtunnor.se\/en\/product\/grillplats\/","og_locale":"en_US","og_type":"article","og_title":"K\u00f6p Svensktillverkad Grillplats Online | Sotarns Badtunnor","og_description":"K\u00f6p svensktillverkad grillplats online hos Sotarns Badtunnor. \u00c4kta norrl\u00e4ndskt tr\u00e4. Pl\u00e5tkl\u00e4dd eldstad och tre robusta b\u00e4nkar. V\u00e4lkommen!","og_url":"https:\/\/badtunnor.se\/en\/product\/grillplats\/","og_site_name":"Sotarns Badtunnor","article_publisher":"https:\/\/www.facebook.com\/SotarnsBadtunnor\/","article_modified_time":"2025-12-25T17:38:58+00:00","og_image":[{"width":2560,"height":1920,"url":"https:\/\/badtunnor.se\/wp-content\/uploads\/2023\/08\/IMG_7983-scaled-1.jpg","type":"image\/jpeg"}],"twitter_card":"summary_large_image","twitter_misc":{"Est. reading time":"1 minute"},"schema":{"@context":"https:\/\/schema.org","@graph":[{"@type":"WebPage","@id":"https:\/\/badtunnor.se\/produkt\/grillplats\/","url":"https:\/\/badtunnor.se\/produkt\/grillplats\/","name":"K\u00f6p Svensktillverkad Grillplats Online | Sotarns Badtunnor","isPartOf":{"@id":"https:\/\/badtunnor.se\/#website"},"primaryImageOfPage":{"@id":"https:\/\/badtunnor.se\/produkt\/grillplats\/#primaryimage"},"image":{"@id":"https:\/\/badtunnor.se\/produkt\/grillplats\/#primaryimage"},"thumbnailUrl":"https:\/\/badtunnor.se\/wp-content\/uploads\/2023\/08\/IMG_7983-scaled-1.jpg","datePublished":"2023-08-23T09:11:19+00:00","dateModified":"2025-12-25T17:38:58+00:00","description":"K\u00f6p svensktillverkad grillplats online hos Sotarns Badtunnor. \u00c4kta norrl\u00e4ndskt tr\u00e4. Pl\u00e5tkl\u00e4dd eldstad och tre robusta b\u00e4nkar. V\u00e4lkommen!","breadcrumb":{"@id":"https:\/\/badtunnor.se\/produkt\/grillplats\/#breadcrumb"},"inLanguage":"en-US","potentialAction":[{"@type":"ReadAction","target":["https:\/\/badtunnor.se\/produkt\/grillplats\/"]}]},{"@type":"ImageObject","inLanguage":"en-US","@id":"https:\/\/badtunnor.se\/produkt\/grillplats\/#primaryimage","url":"https:\/\/badtunnor.se\/wp-content\/uploads\/2023\/08\/IMG_7983-scaled-1.jpg","contentUrl":"https:\/\/badtunnor.se\/wp-content\/uploads\/2023\/08\/IMG_7983-scaled-1.jpg","width":2560,"height":1920},{"@type":"BreadcrumbList","@id":"https:\/\/badtunnor.se\/produkt\/grillplats\/#breadcrumb","itemListElement":[{"@type":"ListItem","position":1,"name":"Hem","item":"https:\/\/badtunnor.se\/"},{"@type":"ListItem","position":2,"name":"Webbutik","item":"https:\/\/badtunnor.se\/butik\/"},{"@type":"ListItem","position":3,"name":"Grillplats"}]},{"@type":"WebSite","@id":"https:\/\/badtunnor.se\/#website","url":"https:\/\/badtunnor.se\/","name":"Sotarns Badtunnor","description":"Svensktillverkade Vedeldade Badtunnor","publisher":{"@id":"https:\/\/badtunnor.se\/#organization"},"potentialAction":[{"@type":"SearchAction","target":{"@type":"EntryPoint","urlTemplate":"https:\/\/badtunnor.se\/?s={search_term_string}"},"query-input":{"@type":"PropertyValueSpecification","valueRequired":true,"valueName":"search_term_string"}}],"inLanguage":"en-US"},{"@type":"Organization","@id":"https:\/\/badtunnor.se\/#organization","name":"Sotarns Badtunnor","url":"https:\/\/badtunnor.se\/","logo":{"@type":"ImageObject","inLanguage":"en-US","@id":"https:\/\/badtunnor.se\/#\/schema\/logo\/image\/","url":"https:\/\/badtunnor.se\/wp-content\/uploads\/2022\/12\/sotarns_logo-morkgron-scaled.png","contentUrl":"https:\/\/badtunnor.se\/wp-content\/uploads\/2022\/12\/sotarns_logo-morkgron-scaled.png","width":2560,"height":1260,"caption":"Sotarns Badtunnor"},"image":{"@id":"https:\/\/badtunnor.se\/#\/schema\/logo\/image\/"},"sameAs":["https:\/\/www.facebook.com\/SotarnsBadtunnor\/"]}]}},"_links":{"self":[{"href":"http:\/\/badtunnor.se\/en\/wp-json\/wp\/v2\/product\/22250","targetHints":{"allow":["GET"]}}],"collection":[{"href":"http:\/\/badtunnor.se\/en\/wp-json\/wp\/v2\/product"}],"about":[{"href":"http:\/\/badtunnor.se\/en\/wp-json\/wp\/v2\/types\/product"}],"version-history":[{"count":3,"href":"http:\/\/badtunnor.se\/en\/wp-json\/wp\/v2\/product\/22250\/revisions"}],"predecessor-version":[{"id":22258,"href":"http:\/\/badtunnor.se\/en\/wp-json\/wp\/v2\/product\/22250\/revisions\/22258"}],"wp:featuredmedia":[{"embeddable":true,"href":"http:\/\/badtunnor.se\/en\/wp-json\/wp\/v2\/media\/23370"}],"wp:attachment":[{"href":"http:\/\/badtunnor.se\/en\/wp-json\/wp\/v2\/media?parent=22250"}],"wp:term":[{"taxonomy":"product_brand","embeddable":true,"href":"http:\/\/badtunnor.se\/en\/wp-json\/wp\/v2\/product_brand?post=22250"},{"taxonomy":"product_cat","embeddable":true,"href":"http:\/\/badtunnor.se\/en\/wp-json\/wp\/v2\/product_cat?post=22250"},{"taxonomy":"product_tag","embeddable":true,"href":"http:\/\/badtunnor.se\/en\/wp-json\/wp\/v2\/product_tag?post=22250"}],"curies":[{"name":"wp","href":"https:\/\/api.w.org\/{rel}","templated":true}]}}