{"id":6506,"date":"2019-07-02T02:17:27","date_gmt":"2019-07-02T00:17:27","guid":{"rendered":"http:\/\/badtunnor.local\/?page_id=6506"},"modified":"2024-09-17T15:52:06","modified_gmt":"2024-09-17T13:52:06","slug":"vildbad","status":"publish","type":"page","link":"http:\/\/badtunnor.se\/en\/vildbad\/","title":{"rendered":"Vildmarksbad"},"content":{"rendered":"<div data-elementor-type=\"wp-post\" data-elementor-id=\"6506\" class=\"elementor elementor-6506\" data-elementor-post-type=\"page\">\n\t\t\t\t\t\t<section class=\"elementor-section elementor-top-section elementor-element elementor-element-8f1f8e5 elementor-section-full_width elementor-section-height-default elementor-section-height-default\" data-id=\"8f1f8e5\" data-element_type=\"section\" data-e-type=\"section\">\n\t\t\t\t\t\t<div class=\"elementor-container elementor-column-gap-no\">\n\t\t\t\t\t<div class=\"elementor-column elementor-col-100 elementor-top-column elementor-element elementor-element-2c1be04\" data-id=\"2c1be04\" data-element_type=\"column\" data-e-type=\"column\">\n\t\t\t<div class=\"elementor-widget-wrap elementor-element-populated\">\n\t\t\t\t\t\t<section class=\"elementor-section elementor-inner-section elementor-element elementor-element-e5ff82d elementor-reverse-mobile elementor-section-boxed elementor-section-height-default elementor-section-height-default\" data-id=\"e5ff82d\" data-element_type=\"section\" data-e-type=\"section\">\n\t\t\t\t\t\t<div class=\"elementor-container elementor-column-gap-wider\">\n\t\t\t\t\t<div class=\"elementor-column elementor-col-50 elementor-inner-column elementor-element elementor-element-d869245\" data-id=\"d869245\" data-element_type=\"column\" data-e-type=\"column\">\n\t\t\t<div class=\"elementor-widget-wrap elementor-element-populated\">\n\t\t\t\t\t\t<div class=\"elementor-element elementor-element-8fa83fe elementor-widget elementor-widget-text-editor\" data-id=\"8fa83fe\" data-element_type=\"widget\" data-e-type=\"widget\" data-widget_type=\"text-editor.default\">\n\t\t\t\t<div class=\"elementor-widget-container\">\n\t\t\t\t\t\t\t\t\t<h2>Vildmarksbad till Svenska priser<\/h2><p>Vi erbjuder kompletta vildmarksbad med kamin, b\u00e4nkar och sarg. V\u00e5ra vildmarksbad s\u00e4ljs alltid f\u00e4rdigmonterade och \u00e4r klara att anv\u00e4nda. Vildmarksbadet \u00e4r byggt i 36 mm gran, har syrafasta skruvar och rostfria band. Kaminen \u00e4r av aluminium och den \u00e4r monterad i Vildmarksbadet f\u00f6r b\u00e4sta effekt. Kaminen \u00e4r vetenskapligt framtagen, tillverkas i Sverige och \u00e4r s\u00e5ld i \u00f6ver 15 000 exemplar.<\/p><p>Vildmarksbadet finns i 3 storlekar: 1,6 meter i diameter f\u00f6r 4-6 personer, 1,8 meter f\u00f6r 6-8 personer och 2,0 meter i diameter f\u00f6r 8-10 personer.<\/p>\t\t\t\t\t\t\t\t<\/div>\n\t\t\t\t<\/div>\n\t\t\t\t\t<\/div>\n\t\t<\/div>\n\t\t\t\t<div class=\"elementor-column elementor-col-50 elementor-inner-column elementor-element elementor-element-84d4e51\" data-id=\"84d4e51\" data-element_type=\"column\" data-e-type=\"column\">\n\t\t\t<div class=\"elementor-widget-wrap elementor-element-populated\">\n\t\t\t\t\t\t<div class=\"elementor-element elementor-element-5ed62e6 aspect-ratio elementor-widget elementor-widget-image\" data-id=\"5ed62e6\" data-element_type=\"widget\" data-e-type=\"widget\" data-widget_type=\"image.default\">\n\t\t\t\t<div class=\"elementor-widget-container\">\n\t\t\t\t\t\t\t\t\t\t\t\t\t\t\t<img fetchpriority=\"high\" decoding=\"async\" width=\"1024\" height=\"768\" src=\"https:\/\/badtunnor.se\/wp-content\/uploads\/2019\/07\/lagerBerghem-1024x768.jpg\" class=\"attachment-large size-large wp-image-6469\" alt=\"\" srcset=\"https:\/\/badtunnor.se\/wp-content\/uploads\/2019\/07\/lagerBerghem-e1561991820987.jpg 1024w, https:\/\/badtunnor.se\/wp-content\/uploads\/2019\/07\/lagerBerghem-600x450.jpg 600w, https:\/\/badtunnor.se\/wp-content\/uploads\/2019\/07\/lagerBerghem-300x225.jpg 300w, https:\/\/badtunnor.se\/wp-content\/uploads\/2019\/07\/lagerBerghem-768x576.jpg 768w\" sizes=\"(max-width: 1024px) 100vw, 1024px\" \/>\t\t\t\t\t\t\t\t\t\t\t\t\t\t\t<\/div>\n\t\t\t\t<\/div>\n\t\t\t\t\t<\/div>\n\t\t<\/div>\n\t\t\t\t\t<\/div>\n\t\t<\/section>\n\t\t\t\t<section class=\"elementor-section elementor-inner-section elementor-element elementor-element-6e04e47 elementor-section-content-middle elementor-section-boxed elementor-section-height-default elementor-section-height-default\" data-id=\"6e04e47\" data-element_type=\"section\" data-e-type=\"section\" data-settings=\"{&quot;background_background&quot;:&quot;classic&quot;}\">\n\t\t\t\t\t\t<div class=\"elementor-container elementor-column-gap-wider\">\n\t\t\t\t\t<div class=\"elementor-column elementor-col-50 elementor-inner-column elementor-element elementor-element-7b7dab7\" data-id=\"7b7dab7\" data-element_type=\"column\" data-e-type=\"column\">\n\t\t\t<div class=\"elementor-widget-wrap elementor-element-populated\">\n\t\t\t\t\t\t<div class=\"elementor-element elementor-element-e8aabc8 aspect-ratio elementor-widget elementor-widget-image\" data-id=\"e8aabc8\" data-element_type=\"widget\" data-e-type=\"widget\" data-widget_type=\"image.default\">\n\t\t\t\t<div class=\"elementor-widget-container\">\n\t\t\t\t\t\t\t\t\t\t\t\t\t\t\t<img decoding=\"async\" width=\"1024\" height=\"768\" src=\"https:\/\/badtunnor.se\/wp-content\/uploads\/2022\/11\/badtunna-efter-bild-1024x768.jpg\" class=\"attachment-large size-large wp-image-19506\" alt=\"\" srcset=\"https:\/\/badtunnor.se\/wp-content\/uploads\/2022\/11\/badtunna-efter-bild-1024x768.jpg 1024w, https:\/\/badtunnor.se\/wp-content\/uploads\/2022\/11\/badtunna-efter-bild-300x225.jpg 300w, https:\/\/badtunnor.se\/wp-content\/uploads\/2022\/11\/badtunna-efter-bild-768x576.jpg 768w, https:\/\/badtunnor.se\/wp-content\/uploads\/2022\/11\/badtunna-efter-bild-600x450.jpg 600w, https:\/\/badtunnor.se\/wp-content\/uploads\/2022\/11\/badtunna-efter-bild.jpg 1200w\" sizes=\"(max-width: 1024px) 100vw, 1024px\" \/>\t\t\t\t\t\t\t\t\t\t\t\t\t\t\t<\/div>\n\t\t\t\t<\/div>\n\t\t\t\t\t<\/div>\n\t\t<\/div>\n\t\t\t\t<div class=\"elementor-column elementor-col-50 elementor-inner-column elementor-element elementor-element-1503091\" data-id=\"1503091\" data-element_type=\"column\" data-e-type=\"column\">\n\t\t\t<div class=\"elementor-widget-wrap elementor-element-populated\">\n\t\t\t\t\t\t<div class=\"elementor-element elementor-element-d54bf95 elementor-widget elementor-widget-text-editor\" data-id=\"d54bf95\" data-element_type=\"widget\" data-e-type=\"widget\" data-widget_type=\"text-editor.default\">\n\t\t\t\t<div class=\"elementor-widget-container\">\n\t\t\t\t\t\t\t\t\t<h2>Vildmarksbad med plastinsats<\/h2><p>Storlek 2,0 finns med glasfiberinsats. Storlek 1,8 har insats av HD-PE h\u00e5rd plast F\u00f6rdelen med insats \u00e4r att vildmarksbadet alltid \u00e4r klart att anv\u00e4nda, tar mindre ved, blir fortare varmt, l\u00e4ttare att g\u00f6ra rent och har l\u00e4ngre h\u00e5llbarhet.<\/p>\t\t\t\t\t\t\t\t<\/div>\n\t\t\t\t<\/div>\n\t\t\t\t\t<\/div>\n\t\t<\/div>\n\t\t\t\t\t<\/div>\n\t\t<\/section>\n\t\t\t\t<section class=\"elementor-section elementor-inner-section elementor-element elementor-element-a400c87 elementor-section-content-middle elementor-reverse-mobile elementor-section-boxed elementor-section-height-default elementor-section-height-default\" data-id=\"a400c87\" data-element_type=\"section\" data-e-type=\"section\">\n\t\t\t\t\t\t<div class=\"elementor-container elementor-column-gap-wider\">\n\t\t\t\t\t<div class=\"elementor-column elementor-col-50 elementor-inner-column elementor-element elementor-element-035dc81\" data-id=\"035dc81\" data-element_type=\"column\" data-e-type=\"column\">\n\t\t\t<div class=\"elementor-widget-wrap elementor-element-populated\">\n\t\t\t\t\t\t<div class=\"elementor-element elementor-element-53a74f7 elementor-widget elementor-widget-text-editor\" data-id=\"53a74f7\" data-element_type=\"widget\" data-e-type=\"widget\" data-widget_type=\"text-editor.default\">\n\t\t\t\t<div class=\"elementor-widget-container\">\n\t\t\t\t\t\t\t\t\t<h3>Frakt av vildmarksbad till Danmark<\/h3><p>Vi s\u00e4nder vildmarksbad direkt hem till kund i Danmark.Ring f\u00f6r frakt offert. <span style=\"font-size: 16px;\">Det g\u00e5r \u00e4ven bra att h\u00e4mta vildmarksbadet fr\u00e5n v\u00e5rt lager i Berghem. Berghem ligger 45 km fr\u00e5n Varberg. <\/span><a style=\"font-size: 16px; background-color: #ffffff;\" href=\"http:\/\/badtunnor.se\/en\/berghem\/\">I Berghem har vi Sveriges st\u00f6rsta butik och lager f\u00f6r Vildmarksbad<\/a><span style=\"font-size: 16px;\">. H\u00e4mtar du direkt fr\u00e5n butik \u00e4r det ingen fraktkostnad som tillkommer. Du tar enkelt hem badet p\u00e5 en vanlig trailer efter bilen. Butiken i Berghem \u00e4r \u00f6ppen efter \u00f6verenskommelse p\u00e5 telefon +46 935 410 00 eller kontakta oss.<\/span><\/p><p>Vi \u00e4r ett av Europas ledande tillverkare av vildmarksbad och har mer \u00e4n 22 \u00e5rs erfarenhet. Under den tiden har vi tillverkat \u00f6ver 15 000 vildmarksbad<\/p>\t\t\t\t\t\t\t\t<\/div>\n\t\t\t\t<\/div>\n\t\t\t\t\t<\/div>\n\t\t<\/div>\n\t\t\t\t<div class=\"elementor-column elementor-col-50 elementor-inner-column elementor-element elementor-element-e0e276f\" data-id=\"e0e276f\" data-element_type=\"column\" data-e-type=\"column\">\n\t\t\t<div class=\"elementor-widget-wrap elementor-element-populated\">\n\t\t\t\t\t\t<div class=\"elementor-element elementor-element-eb36f35 aspect-ratio elementor-widget elementor-widget-image\" data-id=\"eb36f35\" data-element_type=\"widget\" data-e-type=\"widget\" data-widget_type=\"image.default\">\n\t\t\t\t<div class=\"elementor-widget-container\">\n\t\t\t\t\t\t\t\t\t\t\t\t\t\t\t<img decoding=\"async\" width=\"1024\" height=\"679\" src=\"https:\/\/badtunnor.se\/wp-content\/uploads\/2022\/11\/badtunna-efter-lastbil-1024x679.jpg\" class=\"attachment-large size-large wp-image-19529\" alt=\"\" srcset=\"https:\/\/badtunnor.se\/wp-content\/uploads\/2022\/11\/badtunna-efter-lastbil-1024x679.jpg 1024w, https:\/\/badtunnor.se\/wp-content\/uploads\/2022\/11\/badtunna-efter-lastbil-300x199.jpg 300w, https:\/\/badtunnor.se\/wp-content\/uploads\/2022\/11\/badtunna-efter-lastbil-768x509.jpg 768w, https:\/\/badtunnor.se\/wp-content\/uploads\/2022\/11\/badtunna-efter-lastbil-600x398.jpg 600w, https:\/\/badtunnor.se\/wp-content\/uploads\/2022\/11\/badtunna-efter-lastbil.jpg 1200w\" sizes=\"(max-width: 1024px) 100vw, 1024px\" \/>\t\t\t\t\t\t\t\t\t\t\t\t\t\t\t<\/div>\n\t\t\t\t<\/div>\n\t\t\t\t\t<\/div>\n\t\t<\/div>\n\t\t\t\t\t<\/div>\n\t\t<\/section>\n\t\t\t\t\t<\/div>\n\t\t<\/div>\n\t\t\t\t\t<\/div>\n\t\t<\/section>\n\t\t\t\t<\/div>","protected":false},"excerpt":{"rendered":"<p>Vildmarksbad till Svenska priser Vi erbjuder kompletta vildmarksbad med kamin, b\u00e4nkar och sarg. V\u00e5ra vildmarksbad s\u00e4ljs alltid f\u00e4rdigmonterade och \u00e4r klara att anv\u00e4nda. Vildmarksbadet \u00e4r byggt i 36 mm gran, har syrafasta skruvar och rostfria band. Kaminen \u00e4r av aluminium och den \u00e4r monterad i Vildmarksbadet f\u00f6r b\u00e4sta effekt. Kaminen \u00e4r vetenskapligt framtagen, tillverkas i [&hellip;]<\/p>\n","protected":false},"author":2,"featured_media":22857,"parent":0,"menu_order":0,"comment_status":"closed","ping_status":"closed","template":"","meta":{"site-sidebar-layout":"no-sidebar","site-content-layout":"page-builder","ast-site-content-layout":"full-width-container","site-content-style":"unboxed","site-sidebar-style":"unboxed","ast-global-header-display":"","ast-banner-title-visibility":"","ast-main-header-display":"","ast-hfb-above-header-display":"","ast-hfb-below-header-display":"","ast-hfb-mobile-header-display":"","site-post-title":"disabled","ast-breadcrumbs-content":"","ast-featured-img":"disabled","footer-sml-layout":"","ast-disable-related-posts":"","theme-transparent-header-meta":"default","adv-header-id-meta":"18597","stick-header-meta":"default","header-above-stick-meta":"","header-main-stick-meta":"","header-below-stick-meta":"","astra-migrate-meta-layouts":"set","ast-page-background-enabled":"default","ast-page-background-meta":{"desktop":{"background-color":"var(--ast-global-color-4)","background-image":"","background-repeat":"repeat","background-position":"center center","background-size":"auto","background-attachment":"scroll","background-type":"","background-media":"","overlay-type":"","overlay-color":"","overlay-opacity":"","overlay-gradient":""},"tablet":{"background-color":"","background-image":"","background-repeat":"repeat","background-position":"center center","background-size":"auto","background-attachment":"scroll","background-type":"","background-media":"","overlay-type":"","overlay-color":"","overlay-opacity":"","overlay-gradient":""},"mobile":{"background-color":"","background-image":"","background-repeat":"repeat","background-position":"center center","background-size":"auto","background-attachment":"scroll","background-type":"","background-media":"","overlay-type":"","overlay-color":"","overlay-opacity":"","overlay-gradient":""}},"ast-content-background-meta":{"desktop":{"background-color":"var(--ast-global-color-5)","background-image":"","background-repeat":"repeat","background-position":"center center","background-size":"auto","background-attachment":"scroll","background-type":"","background-media":"","overlay-type":"","overlay-color":"","overlay-opacity":"","overlay-gradient":""},"tablet":{"background-color":"var(--ast-global-color-5)","background-image":"","background-repeat":"repeat","background-position":"center center","background-size":"auto","background-attachment":"scroll","background-type":"","background-media":"","overlay-type":"","overlay-color":"","overlay-opacity":"","overlay-gradient":""},"mobile":{"background-color":"var(--ast-global-color-5)","background-image":"","background-repeat":"repeat","background-position":"center center","background-size":"auto","background-attachment":"scroll","background-type":"","background-media":"","overlay-type":"","overlay-color":"","overlay-opacity":"","overlay-gradient":""}},"footnotes":""},"class_list":["post-6506","page","type-page","status-publish","has-post-thumbnail","hentry"],"yoast_head":"<!-- This site is optimized with the Yoast SEO plugin v27.3 - https:\/\/yoast.com\/product\/yoast-seo-wordpress\/ -->\n<title>Vildmarksbad | Sotarns Badtunnor<\/title>\n<meta name=\"description\" content=\"Best\u00e4ll svenskproducerade vildmarksbad med h\u00f6g kvalit\u00e9 fr\u00e5n Sotarns Badtunnor. Snabb leverans \u00f6ver hela Sverige. G\u00f6r din best\u00e4llning idag!\" \/>\n<meta name=\"robots\" content=\"index, follow, max-snippet:-1, max-image-preview:large, max-video-preview:-1\" \/>\n<link rel=\"canonical\" href=\"https:\/\/badtunnor.se\/en\/vildbad\/\" \/>\n<meta property=\"og:locale\" content=\"en_US\" \/>\n<meta property=\"og:type\" content=\"article\" \/>\n<meta property=\"og:title\" content=\"Vildmarksbad | Sotarns Badtunnor\" \/>\n<meta property=\"og:description\" content=\"Best\u00e4ll svenskproducerade vildmarksbad med h\u00f6g kvalit\u00e9 fr\u00e5n Sotarns Badtunnor. Snabb leverans \u00f6ver hela Sverige. G\u00f6r din best\u00e4llning idag!\" \/>\n<meta property=\"og:url\" content=\"https:\/\/badtunnor.se\/en\/vildbad\/\" \/>\n<meta property=\"og:site_name\" content=\"Sotarns Badtunnor\" \/>\n<meta property=\"article:publisher\" content=\"https:\/\/www.facebook.com\/SotarnsBadtunnor\/\" \/>\n<meta property=\"article:modified_time\" content=\"2024-09-17T13:52:06+00:00\" \/>\n<meta property=\"og:image\" content=\"https:\/\/badtunnor.se\/wp-content\/uploads\/2024\/09\/bc-vildmarksbad.jpg\" \/>\n\t<meta property=\"og:image:width\" content=\"1920\" \/>\n\t<meta property=\"og:image:height\" content=\"1080\" \/>\n\t<meta property=\"og:image:type\" content=\"image\/jpeg\" \/>\n<meta name=\"twitter:card\" content=\"summary_large_image\" \/>\n<meta name=\"twitter:label1\" content=\"Est. reading time\" \/>\n\t<meta name=\"twitter:data1\" content=\"2 minutes\" \/>\n<script type=\"application\/ld+json\" class=\"yoast-schema-graph\">{\"@context\":\"https:\\\/\\\/schema.org\",\"@graph\":[{\"@type\":\"WebPage\",\"@id\":\"https:\\\/\\\/badtunnor.se\\\/vildbad\\\/\",\"url\":\"https:\\\/\\\/badtunnor.se\\\/vildbad\\\/\",\"name\":\"Vildmarksbad | Sotarns Badtunnor\",\"isPartOf\":{\"@id\":\"https:\\\/\\\/badtunnor.se\\\/#website\"},\"primaryImageOfPage\":{\"@id\":\"https:\\\/\\\/badtunnor.se\\\/vildbad\\\/#primaryimage\"},\"image\":{\"@id\":\"https:\\\/\\\/badtunnor.se\\\/vildbad\\\/#primaryimage\"},\"thumbnailUrl\":\"https:\\\/\\\/badtunnor.se\\\/wp-content\\\/uploads\\\/2024\\\/09\\\/bc-vildmarksbad.jpg\",\"datePublished\":\"2019-07-02T00:17:27+00:00\",\"dateModified\":\"2024-09-17T13:52:06+00:00\",\"description\":\"Best\u00e4ll svenskproducerade vildmarksbad med h\u00f6g kvalit\u00e9 fr\u00e5n Sotarns Badtunnor. Snabb leverans \u00f6ver hela Sverige. G\u00f6r din best\u00e4llning idag!\",\"breadcrumb\":{\"@id\":\"https:\\\/\\\/badtunnor.se\\\/vildbad\\\/#breadcrumb\"},\"inLanguage\":\"en-US\",\"potentialAction\":[{\"@type\":\"ReadAction\",\"target\":[\"https:\\\/\\\/badtunnor.se\\\/vildbad\\\/\"]}]},{\"@type\":\"ImageObject\",\"inLanguage\":\"en-US\",\"@id\":\"https:\\\/\\\/badtunnor.se\\\/vildbad\\\/#primaryimage\",\"url\":\"https:\\\/\\\/badtunnor.se\\\/wp-content\\\/uploads\\\/2024\\\/09\\\/bc-vildmarksbad.jpg\",\"contentUrl\":\"https:\\\/\\\/badtunnor.se\\\/wp-content\\\/uploads\\\/2024\\\/09\\\/bc-vildmarksbad.jpg\",\"width\":1920,\"height\":1080,\"caption\":\"Best\u00e4ll vildmarksbad\"},{\"@type\":\"BreadcrumbList\",\"@id\":\"https:\\\/\\\/badtunnor.se\\\/vildbad\\\/#breadcrumb\",\"itemListElement\":[{\"@type\":\"ListItem\",\"position\":1,\"name\":\"Hem\",\"item\":\"https:\\\/\\\/badtunnor.se\\\/\"},{\"@type\":\"ListItem\",\"position\":2,\"name\":\"Vildmarksbad\"}]},{\"@type\":\"WebSite\",\"@id\":\"https:\\\/\\\/badtunnor.se\\\/#website\",\"url\":\"https:\\\/\\\/badtunnor.se\\\/\",\"name\":\"Sotarns Badtunnor\",\"description\":\"Svensktillverkade Vedeldade Badtunnor\",\"publisher\":{\"@id\":\"https:\\\/\\\/badtunnor.se\\\/#organization\"},\"potentialAction\":[{\"@type\":\"SearchAction\",\"target\":{\"@type\":\"EntryPoint\",\"urlTemplate\":\"https:\\\/\\\/badtunnor.se\\\/?s={search_term_string}\"},\"query-input\":{\"@type\":\"PropertyValueSpecification\",\"valueRequired\":true,\"valueName\":\"search_term_string\"}}],\"inLanguage\":\"en-US\"},{\"@type\":\"Organization\",\"@id\":\"https:\\\/\\\/badtunnor.se\\\/#organization\",\"name\":\"Sotarns Badtunnor\",\"url\":\"https:\\\/\\\/badtunnor.se\\\/\",\"logo\":{\"@type\":\"ImageObject\",\"inLanguage\":\"en-US\",\"@id\":\"https:\\\/\\\/badtunnor.se\\\/#\\\/schema\\\/logo\\\/image\\\/\",\"url\":\"https:\\\/\\\/badtunnor.se\\\/wp-content\\\/uploads\\\/2022\\\/12\\\/sotarns_logo-morkgron-scaled.png\",\"contentUrl\":\"https:\\\/\\\/badtunnor.se\\\/wp-content\\\/uploads\\\/2022\\\/12\\\/sotarns_logo-morkgron-scaled.png\",\"width\":2560,\"height\":1260,\"caption\":\"Sotarns Badtunnor\"},\"image\":{\"@id\":\"https:\\\/\\\/badtunnor.se\\\/#\\\/schema\\\/logo\\\/image\\\/\"},\"sameAs\":[\"https:\\\/\\\/www.facebook.com\\\/SotarnsBadtunnor\\\/\"]}]}<\/script>\n<!-- \/ Yoast SEO plugin. -->","yoast_head_json":{"title":"Vildmarksbad | Sotarns Badtunnor","description":"Best\u00e4ll svenskproducerade vildmarksbad med h\u00f6g kvalit\u00e9 fr\u00e5n Sotarns Badtunnor. Snabb leverans \u00f6ver hela Sverige. G\u00f6r din best\u00e4llning idag!","robots":{"index":"index","follow":"follow","max-snippet":"max-snippet:-1","max-image-preview":"max-image-preview:large","max-video-preview":"max-video-preview:-1"},"canonical":"https:\/\/badtunnor.se\/en\/vildbad\/","og_locale":"en_US","og_type":"article","og_title":"Vildmarksbad | Sotarns Badtunnor","og_description":"Best\u00e4ll svenskproducerade vildmarksbad med h\u00f6g kvalit\u00e9 fr\u00e5n Sotarns Badtunnor. Snabb leverans \u00f6ver hela Sverige. G\u00f6r din best\u00e4llning idag!","og_url":"https:\/\/badtunnor.se\/en\/vildbad\/","og_site_name":"Sotarns Badtunnor","article_publisher":"https:\/\/www.facebook.com\/SotarnsBadtunnor\/","article_modified_time":"2024-09-17T13:52:06+00:00","og_image":[{"width":1920,"height":1080,"url":"https:\/\/badtunnor.se\/wp-content\/uploads\/2024\/09\/bc-vildmarksbad.jpg","type":"image\/jpeg"}],"twitter_card":"summary_large_image","twitter_misc":{"Est. reading time":"2 minutes"},"schema":{"@context":"https:\/\/schema.org","@graph":[{"@type":"WebPage","@id":"https:\/\/badtunnor.se\/vildbad\/","url":"https:\/\/badtunnor.se\/vildbad\/","name":"Vildmarksbad | Sotarns Badtunnor","isPartOf":{"@id":"https:\/\/badtunnor.se\/#website"},"primaryImageOfPage":{"@id":"https:\/\/badtunnor.se\/vildbad\/#primaryimage"},"image":{"@id":"https:\/\/badtunnor.se\/vildbad\/#primaryimage"},"thumbnailUrl":"https:\/\/badtunnor.se\/wp-content\/uploads\/2024\/09\/bc-vildmarksbad.jpg","datePublished":"2019-07-02T00:17:27+00:00","dateModified":"2024-09-17T13:52:06+00:00","description":"Best\u00e4ll svenskproducerade vildmarksbad med h\u00f6g kvalit\u00e9 fr\u00e5n Sotarns Badtunnor. Snabb leverans \u00f6ver hela Sverige. G\u00f6r din best\u00e4llning idag!","breadcrumb":{"@id":"https:\/\/badtunnor.se\/vildbad\/#breadcrumb"},"inLanguage":"en-US","potentialAction":[{"@type":"ReadAction","target":["https:\/\/badtunnor.se\/vildbad\/"]}]},{"@type":"ImageObject","inLanguage":"en-US","@id":"https:\/\/badtunnor.se\/vildbad\/#primaryimage","url":"https:\/\/badtunnor.se\/wp-content\/uploads\/2024\/09\/bc-vildmarksbad.jpg","contentUrl":"https:\/\/badtunnor.se\/wp-content\/uploads\/2024\/09\/bc-vildmarksbad.jpg","width":1920,"height":1080,"caption":"Best\u00e4ll vildmarksbad"},{"@type":"BreadcrumbList","@id":"https:\/\/badtunnor.se\/vildbad\/#breadcrumb","itemListElement":[{"@type":"ListItem","position":1,"name":"Hem","item":"https:\/\/badtunnor.se\/"},{"@type":"ListItem","position":2,"name":"Vildmarksbad"}]},{"@type":"WebSite","@id":"https:\/\/badtunnor.se\/#website","url":"https:\/\/badtunnor.se\/","name":"Sotarns Badtunnor","description":"Svensktillverkade Vedeldade Badtunnor","publisher":{"@id":"https:\/\/badtunnor.se\/#organization"},"potentialAction":[{"@type":"SearchAction","target":{"@type":"EntryPoint","urlTemplate":"https:\/\/badtunnor.se\/?s={search_term_string}"},"query-input":{"@type":"PropertyValueSpecification","valueRequired":true,"valueName":"search_term_string"}}],"inLanguage":"en-US"},{"@type":"Organization","@id":"https:\/\/badtunnor.se\/#organization","name":"Sotarns Badtunnor","url":"https:\/\/badtunnor.se\/","logo":{"@type":"ImageObject","inLanguage":"en-US","@id":"https:\/\/badtunnor.se\/#\/schema\/logo\/image\/","url":"https:\/\/badtunnor.se\/wp-content\/uploads\/2022\/12\/sotarns_logo-morkgron-scaled.png","contentUrl":"https:\/\/badtunnor.se\/wp-content\/uploads\/2022\/12\/sotarns_logo-morkgron-scaled.png","width":2560,"height":1260,"caption":"Sotarns Badtunnor"},"image":{"@id":"https:\/\/badtunnor.se\/#\/schema\/logo\/image\/"},"sameAs":["https:\/\/www.facebook.com\/SotarnsBadtunnor\/"]}]}},"_links":{"self":[{"href":"http:\/\/badtunnor.se\/en\/wp-json\/wp\/v2\/pages\/6506","targetHints":{"allow":["GET"]}}],"collection":[{"href":"http:\/\/badtunnor.se\/en\/wp-json\/wp\/v2\/pages"}],"about":[{"href":"http:\/\/badtunnor.se\/en\/wp-json\/wp\/v2\/types\/page"}],"author":[{"embeddable":true,"href":"http:\/\/badtunnor.se\/en\/wp-json\/wp\/v2\/users\/2"}],"replies":[{"embeddable":true,"href":"http:\/\/badtunnor.se\/en\/wp-json\/wp\/v2\/comments?post=6506"}],"version-history":[{"count":7,"href":"http:\/\/badtunnor.se\/en\/wp-json\/wp\/v2\/pages\/6506\/revisions"}],"predecessor-version":[{"id":22858,"href":"http:\/\/badtunnor.se\/en\/wp-json\/wp\/v2\/pages\/6506\/revisions\/22858"}],"wp:featuredmedia":[{"embeddable":true,"href":"http:\/\/badtunnor.se\/en\/wp-json\/wp\/v2\/media\/22857"}],"wp:attachment":[{"href":"http:\/\/badtunnor.se\/en\/wp-json\/wp\/v2\/media?parent=6506"}],"curies":[{"name":"wp","href":"https:\/\/api.w.org\/{rel}","templated":true}]}}