{"id":19875,"date":"2022-11-15T15:24:33","date_gmt":"2022-11-15T14:24:33","guid":{"rendered":"https:\/\/sotarnsbadtunnor.chillimedia.site\/?page_id=19875"},"modified":"2022-11-15T16:29:06","modified_gmt":"2022-11-15T15:29:06","slug":"skotselrad","status":"publish","type":"page","link":"http:\/\/badtunnor.se\/en\/skotselrad\/","title":{"rendered":"Hot Tub Care Guide"},"content":{"rendered":"<div data-elementor-type=\"wp-post\" data-elementor-id=\"19875\" class=\"elementor elementor-19875\" data-elementor-post-type=\"page\">\n\t\t\t\t\t\t<section class=\"elementor-section elementor-top-section elementor-element elementor-element-7402899 elementor-section-content-middle elementor-section-boxed elementor-section-height-default elementor-section-height-default\" data-id=\"7402899\" data-element_type=\"section\" data-e-type=\"section\">\n\t\t\t\t\t\t<div class=\"elementor-container elementor-column-gap-wider\">\n\t\t\t\t\t<div class=\"elementor-column elementor-col-100 elementor-top-column elementor-element elementor-element-28bc17f\" data-id=\"28bc17f\" data-element_type=\"column\" data-e-type=\"column\" data-settings=\"{&quot;background_background&quot;:&quot;classic&quot;}\">\n\t\t\t<div class=\"elementor-widget-wrap elementor-element-populated\">\n\t\t\t\t\t\t<section class=\"elementor-section elementor-inner-section elementor-element elementor-element-a5512c0 elementor-section-boxed elementor-section-height-default elementor-section-height-default\" data-id=\"a5512c0\" data-element_type=\"section\" data-e-type=\"section\">\n\t\t\t\t\t\t<div class=\"elementor-container elementor-column-gap-default\">\n\t\t\t\t\t<div class=\"elementor-column elementor-col-100 elementor-inner-column elementor-element elementor-element-8fbc93a\" data-id=\"8fbc93a\" data-element_type=\"column\" data-e-type=\"column\">\n\t\t\t<div class=\"elementor-widget-wrap elementor-element-populated\">\n\t\t\t\t\t\t<div class=\"elementor-element elementor-element-49dcbf8 elementor-widget elementor-widget-text-editor\" data-id=\"49dcbf8\" data-element_type=\"widget\" data-e-type=\"widget\" data-widget_type=\"text-editor.default\">\n\t\t\t\t<div class=\"elementor-widget-container\">\n\t\t\t\t\t\t\t\t\t<h2>Sk\u00f6tselr\u00e5d &#8211; Badtunnor<\/h2><p>H\u00e4r finner du sk\u00f6tselr\u00e5d till alla v\u00e5ra badtunnor. Vi rekommenderar att du l\u00e4ser igenom och f\u00f6ljer dessa r\u00e5d, f\u00f6r att f\u00e5 en s\u00e5 bra upplevelse som m\u00f6jligt.<\/p><p><a href=\"http:\/\/badtunnor.se\/en\/skotselrad-badtunna-royal\/\">Sk\u00f6tselr\u00e5d &#8211; Badtunna Royal<\/a><br \/><a href=\"http:\/\/badtunnor.se\/en\/skotselrad-badtunna-med-insats\/\">Sk\u00f6tselr\u00e5d &#8211; Badtunna med insats<\/a><br \/><a href=\"http:\/\/badtunnor.se\/en\/skotselrad-badtunna-extern\/\">Sk\u00f6tselr\u00e5d &#8211; Badtunna Extern<br \/><\/a><a href=\"http:\/\/badtunnor.se\/en\/skotselrad-badtunna-i-tra\/\">Sk\u00f6tselr\u00e5d &#8211; Badtunna i tr\u00e4<\/a><\/p>\t\t\t\t\t\t\t\t<\/div>\n\t\t\t\t<\/div>\n\t\t\t\t\t<\/div>\n\t\t<\/div>\n\t\t\t\t\t<\/div>\n\t\t<\/section>\n\t\t\t\t\t<\/div>\n\t\t<\/div>\n\t\t\t\t\t<\/div>\n\t\t<\/section>\n\t\t\t\t<\/div>","protected":false},"excerpt":{"rendered":"<p>Sk\u00f6tselr\u00e5d &#8211; Badtunnor H\u00e4r finner du sk\u00f6tselr\u00e5d till alla v\u00e5ra badtunnor. Vi rekommenderar att du l\u00e4ser igenom och f\u00f6ljer dessa r\u00e5d, f\u00f6r att f\u00e5 en s\u00e5 bra upplevelse som m\u00f6jligt. Sk\u00f6tselr\u00e5d &#8211; Badtunna RoyalSk\u00f6tselr\u00e5d &#8211; Badtunna med insatsSk\u00f6tselr\u00e5d &#8211; Badtunna ExternSk\u00f6tselr\u00e5d &#8211; Badtunna i tr\u00e4<\/p>","protected":false},"author":6,"featured_media":0,"parent":0,"menu_order":0,"comment_status":"closed","ping_status":"closed","template":"","meta":{"site-sidebar-layout":"no-sidebar","site-content-layout":"page-builder","ast-site-content-layout":"default","site-content-style":"default","site-sidebar-style":"default","ast-global-header-display":"","ast-banner-title-visibility":"","ast-main-header-display":"","ast-hfb-above-header-display":"","ast-hfb-below-header-display":"","ast-hfb-mobile-header-display":"","site-post-title":"disabled","ast-breadcrumbs-content":"","ast-featured-img":"disabled","footer-sml-layout":"","ast-disable-related-posts":"","theme-transparent-header-meta":"default","adv-header-id-meta":"","stick-header-meta":"default","header-above-stick-meta":"","header-main-stick-meta":"","header-below-stick-meta":"","astra-migrate-meta-layouts":"default","ast-page-background-enabled":"default","ast-page-background-meta":{"desktop":{"background-color":"var(--ast-global-color-4)","background-image":"","background-repeat":"repeat","background-position":"center center","background-size":"auto","background-attachment":"scroll","background-type":"","background-media":"","overlay-type":"","overlay-color":"","overlay-opacity":"","overlay-gradient":""},"tablet":{"background-color":"","background-image":"","background-repeat":"repeat","background-position":"center center","background-size":"auto","background-attachment":"scroll","background-type":"","background-media":"","overlay-type":"","overlay-color":"","overlay-opacity":"","overlay-gradient":""},"mobile":{"background-color":"","background-image":"","background-repeat":"repeat","background-position":"center center","background-size":"auto","background-attachment":"scroll","background-type":"","background-media":"","overlay-type":"","overlay-color":"","overlay-opacity":"","overlay-gradient":""}},"ast-content-background-meta":{"desktop":{"background-color":"var(--ast-global-color-5)","background-image":"","background-repeat":"repeat","background-position":"center center","background-size":"auto","background-attachment":"scroll","background-type":"","background-media":"","overlay-type":"","overlay-color":"","overlay-opacity":"","overlay-gradient":""},"tablet":{"background-color":"var(--ast-global-color-5)","background-image":"","background-repeat":"repeat","background-position":"center center","background-size":"auto","background-attachment":"scroll","background-type":"","background-media":"","overlay-type":"","overlay-color":"","overlay-opacity":"","overlay-gradient":""},"mobile":{"background-color":"var(--ast-global-color-5)","background-image":"","background-repeat":"repeat","background-position":"center center","background-size":"auto","background-attachment":"scroll","background-type":"","background-media":"","overlay-type":"","overlay-color":"","overlay-opacity":"","overlay-gradient":""}},"footnotes":""},"class_list":["post-19875","page","type-page","status-publish","hentry"],"yoast_head":"<!-- This site is optimized with the Yoast SEO plugin v27.3 - https:\/\/yoast.com\/product\/yoast-seo-wordpress\/ -->\n<title>FAQ - Uppv\u00e4rmning av badtunna, sk\u00f6tselr\u00e5d &amp; anv\u00e4ndning p\u00e5 vinter mm<\/title>\n<meta name=\"description\" content=\"Sotarn svarar p\u00e5 fr\u00e5gor om badtunnor t.ex. varf\u00f6r en vedeldad badtunna \u00e4r att f\u00f6redra framf\u00f6r en eluppv\u00e4rmd &amp; vad man g\u00f6r med badtunnan p\u00e5 vintern.\" \/>\n<meta name=\"robots\" content=\"index, follow, max-snippet:-1, max-image-preview:large, max-video-preview:-1\" \/>\n<link rel=\"canonical\" href=\"https:\/\/badtunnor.se\/en\/skotselrad\/\" \/>\n<meta property=\"og:locale\" content=\"en_US\" \/>\n<meta property=\"og:type\" content=\"article\" \/>\n<meta property=\"og:title\" content=\"FAQ - Uppv\u00e4rmning av badtunna, sk\u00f6tselr\u00e5d &amp; anv\u00e4ndning p\u00e5 vinter mm\" \/>\n<meta property=\"og:description\" content=\"Sotarn svarar p\u00e5 fr\u00e5gor om badtunnor t.ex. varf\u00f6r en vedeldad badtunna \u00e4r att f\u00f6redra framf\u00f6r en eluppv\u00e4rmd &amp; vad man g\u00f6r med badtunnan p\u00e5 vintern.\" \/>\n<meta property=\"og:url\" content=\"https:\/\/badtunnor.se\/en\/skotselrad\/\" \/>\n<meta property=\"og:site_name\" content=\"Sotarns Badtunnor\" \/>\n<meta property=\"article:publisher\" content=\"https:\/\/www.facebook.com\/SotarnsBadtunnor\/\" \/>\n<meta property=\"article:modified_time\" content=\"2022-11-15T15:29:06+00:00\" \/>\n<meta property=\"og:image\" content=\"https:\/\/badtunnor.se\/wp-content\/uploads\/2022\/11\/Sotarns-Badtunnor_48.jpg\" \/>\n\t<meta property=\"og:image:width\" content=\"2000\" \/>\n\t<meta property=\"og:image:height\" content=\"1331\" \/>\n\t<meta property=\"og:image:type\" content=\"image\/jpeg\" \/>\n<meta name=\"twitter:card\" content=\"summary_large_image\" \/>\n<meta name=\"twitter:label1\" content=\"Est. reading time\" \/>\n\t<meta name=\"twitter:data1\" content=\"1 minute\" \/>\n<script type=\"application\/ld+json\" class=\"yoast-schema-graph\">{\"@context\":\"https:\\\/\\\/schema.org\",\"@graph\":[{\"@type\":\"WebPage\",\"@id\":\"https:\\\/\\\/badtunnor.se\\\/skotselrad\\\/\",\"url\":\"https:\\\/\\\/badtunnor.se\\\/skotselrad\\\/\",\"name\":\"FAQ - Uppv\u00e4rmning av badtunna, sk\u00f6tselr\u00e5d & anv\u00e4ndning p\u00e5 vinter mm\",\"isPartOf\":{\"@id\":\"https:\\\/\\\/badtunnor.se\\\/#website\"},\"datePublished\":\"2022-11-15T14:24:33+00:00\",\"dateModified\":\"2022-11-15T15:29:06+00:00\",\"description\":\"Sotarn svarar p\u00e5 fr\u00e5gor om badtunnor t.ex. varf\u00f6r en vedeldad badtunna \u00e4r att f\u00f6redra framf\u00f6r en eluppv\u00e4rmd & vad man g\u00f6r med badtunnan p\u00e5 vintern.\",\"breadcrumb\":{\"@id\":\"https:\\\/\\\/badtunnor.se\\\/skotselrad\\\/#breadcrumb\"},\"inLanguage\":\"en-US\",\"potentialAction\":[{\"@type\":\"ReadAction\",\"target\":[\"https:\\\/\\\/badtunnor.se\\\/skotselrad\\\/\"]}]},{\"@type\":\"BreadcrumbList\",\"@id\":\"https:\\\/\\\/badtunnor.se\\\/skotselrad\\\/#breadcrumb\",\"itemListElement\":[{\"@type\":\"ListItem\",\"position\":1,\"name\":\"Hem\",\"item\":\"https:\\\/\\\/badtunnor.se\\\/\"},{\"@type\":\"ListItem\",\"position\":2,\"name\":\"Sk\u00f6tselr\u00e5d\"}]},{\"@type\":\"WebSite\",\"@id\":\"https:\\\/\\\/badtunnor.se\\\/#website\",\"url\":\"https:\\\/\\\/badtunnor.se\\\/\",\"name\":\"Sotarns Badtunnor\",\"description\":\"Svensktillverkade Vedeldade Badtunnor\",\"publisher\":{\"@id\":\"https:\\\/\\\/badtunnor.se\\\/#organization\"},\"potentialAction\":[{\"@type\":\"SearchAction\",\"target\":{\"@type\":\"EntryPoint\",\"urlTemplate\":\"https:\\\/\\\/badtunnor.se\\\/?s={search_term_string}\"},\"query-input\":{\"@type\":\"PropertyValueSpecification\",\"valueRequired\":true,\"valueName\":\"search_term_string\"}}],\"inLanguage\":\"en-US\"},{\"@type\":\"Organization\",\"@id\":\"https:\\\/\\\/badtunnor.se\\\/#organization\",\"name\":\"Sotarns Badtunnor\",\"url\":\"https:\\\/\\\/badtunnor.se\\\/\",\"logo\":{\"@type\":\"ImageObject\",\"inLanguage\":\"en-US\",\"@id\":\"https:\\\/\\\/badtunnor.se\\\/#\\\/schema\\\/logo\\\/image\\\/\",\"url\":\"https:\\\/\\\/badtunnor.se\\\/wp-content\\\/uploads\\\/2022\\\/12\\\/sotarns_logo-morkgron-scaled.png\",\"contentUrl\":\"https:\\\/\\\/badtunnor.se\\\/wp-content\\\/uploads\\\/2022\\\/12\\\/sotarns_logo-morkgron-scaled.png\",\"width\":2560,\"height\":1260,\"caption\":\"Sotarns Badtunnor\"},\"image\":{\"@id\":\"https:\\\/\\\/badtunnor.se\\\/#\\\/schema\\\/logo\\\/image\\\/\"},\"sameAs\":[\"https:\\\/\\\/www.facebook.com\\\/SotarnsBadtunnor\\\/\"]}]}<\/script>\n<!-- \/ Yoast SEO plugin. -->","yoast_head_json":{"title":"FAQ - Uppv\u00e4rmning av badtunna, sk\u00f6tselr\u00e5d & anv\u00e4ndning p\u00e5 vinter mm","description":"Sotarn svarar p\u00e5 fr\u00e5gor om badtunnor t.ex. varf\u00f6r en vedeldad badtunna \u00e4r att f\u00f6redra framf\u00f6r en eluppv\u00e4rmd & vad man g\u00f6r med badtunnan p\u00e5 vintern.","robots":{"index":"index","follow":"follow","max-snippet":"max-snippet:-1","max-image-preview":"max-image-preview:large","max-video-preview":"max-video-preview:-1"},"canonical":"https:\/\/badtunnor.se\/en\/skotselrad\/","og_locale":"en_US","og_type":"article","og_title":"FAQ - Uppv\u00e4rmning av badtunna, sk\u00f6tselr\u00e5d & anv\u00e4ndning p\u00e5 vinter mm","og_description":"Sotarn svarar p\u00e5 fr\u00e5gor om badtunnor t.ex. varf\u00f6r en vedeldad badtunna \u00e4r att f\u00f6redra framf\u00f6r en eluppv\u00e4rmd & vad man g\u00f6r med badtunnan p\u00e5 vintern.","og_url":"https:\/\/badtunnor.se\/en\/skotselrad\/","og_site_name":"Sotarns Badtunnor","article_publisher":"https:\/\/www.facebook.com\/SotarnsBadtunnor\/","article_modified_time":"2022-11-15T15:29:06+00:00","og_image":[{"width":2000,"height":1331,"url":"https:\/\/badtunnor.se\/wp-content\/uploads\/2022\/11\/Sotarns-Badtunnor_48.jpg","type":"image\/jpeg"}],"twitter_card":"summary_large_image","twitter_misc":{"Est. reading time":"1 minute"},"schema":{"@context":"https:\/\/schema.org","@graph":[{"@type":"WebPage","@id":"https:\/\/badtunnor.se\/skotselrad\/","url":"https:\/\/badtunnor.se\/skotselrad\/","name":"FAQ - Uppv\u00e4rmning av badtunna, sk\u00f6tselr\u00e5d & anv\u00e4ndning p\u00e5 vinter mm","isPartOf":{"@id":"https:\/\/badtunnor.se\/#website"},"datePublished":"2022-11-15T14:24:33+00:00","dateModified":"2022-11-15T15:29:06+00:00","description":"Sotarn svarar p\u00e5 fr\u00e5gor om badtunnor t.ex. varf\u00f6r en vedeldad badtunna \u00e4r att f\u00f6redra framf\u00f6r en eluppv\u00e4rmd & vad man g\u00f6r med badtunnan p\u00e5 vintern.","breadcrumb":{"@id":"https:\/\/badtunnor.se\/skotselrad\/#breadcrumb"},"inLanguage":"en-US","potentialAction":[{"@type":"ReadAction","target":["https:\/\/badtunnor.se\/skotselrad\/"]}]},{"@type":"BreadcrumbList","@id":"https:\/\/badtunnor.se\/skotselrad\/#breadcrumb","itemListElement":[{"@type":"ListItem","position":1,"name":"Hem","item":"https:\/\/badtunnor.se\/"},{"@type":"ListItem","position":2,"name":"Sk\u00f6tselr\u00e5d"}]},{"@type":"WebSite","@id":"https:\/\/badtunnor.se\/#website","url":"https:\/\/badtunnor.se\/","name":"Sotarns Badtunnor","description":"Svensktillverkade Vedeldade Badtunnor","publisher":{"@id":"https:\/\/badtunnor.se\/#organization"},"potentialAction":[{"@type":"SearchAction","target":{"@type":"EntryPoint","urlTemplate":"https:\/\/badtunnor.se\/?s={search_term_string}"},"query-input":{"@type":"PropertyValueSpecification","valueRequired":true,"valueName":"search_term_string"}}],"inLanguage":"en-US"},{"@type":"Organization","@id":"https:\/\/badtunnor.se\/#organization","name":"Sotarns Badtunnor","url":"https:\/\/badtunnor.se\/","logo":{"@type":"ImageObject","inLanguage":"en-US","@id":"https:\/\/badtunnor.se\/#\/schema\/logo\/image\/","url":"https:\/\/badtunnor.se\/wp-content\/uploads\/2022\/12\/sotarns_logo-morkgron-scaled.png","contentUrl":"https:\/\/badtunnor.se\/wp-content\/uploads\/2022\/12\/sotarns_logo-morkgron-scaled.png","width":2560,"height":1260,"caption":"Sotarns Badtunnor"},"image":{"@id":"https:\/\/badtunnor.se\/#\/schema\/logo\/image\/"},"sameAs":["https:\/\/www.facebook.com\/SotarnsBadtunnor\/"]}]}},"_links":{"self":[{"href":"http:\/\/badtunnor.se\/en\/wp-json\/wp\/v2\/pages\/19875","targetHints":{"allow":["GET"]}}],"collection":[{"href":"http:\/\/badtunnor.se\/en\/wp-json\/wp\/v2\/pages"}],"about":[{"href":"http:\/\/badtunnor.se\/en\/wp-json\/wp\/v2\/types\/page"}],"author":[{"embeddable":true,"href":"http:\/\/badtunnor.se\/en\/wp-json\/wp\/v2\/users\/6"}],"replies":[{"embeddable":true,"href":"http:\/\/badtunnor.se\/en\/wp-json\/wp\/v2\/comments?post=19875"}],"version-history":[{"count":0,"href":"http:\/\/badtunnor.se\/en\/wp-json\/wp\/v2\/pages\/19875\/revisions"}],"wp:attachment":[{"href":"http:\/\/badtunnor.se\/en\/wp-json\/wp\/v2\/media?parent=19875"}],"curies":[{"name":"wp","href":"https:\/\/api.w.org\/{rel}","templated":true}]}}